{"id":959,"date":"2025-09-29T13:51:11","date_gmt":"2025-09-29T10:51:11","guid":{"rendered":"https:\/\/dev.mvg.mruni.eu\/?post_type=product&#038;p=959"},"modified":"2026-01-23T10:41:49","modified_gmt":"2026-01-23T08:41:49","slug":"ar-gali-draugauti-steam-ir-istorijos-dalykas-3-akad-val","status":"publish","type":"product","link":"https:\/\/dev.mvg.mruni.eu\/?product=ar-gali-draugauti-steam-ir-istorijos-dalykas-3-akad-val","title":{"rendered":"AR GALI DRAUGAUTI STEAM IR ISTORIJOS DALYKAS? (3 akad. val.) Lekt. Vaida Pitu\u0161kien\u0117"},"content":{"rendered":"<p><strong>,,Ar gali draugauti STEAM ir istorijos dalykas?\u201c <\/strong><\/p>\n<p><strong>Trukm\u0117:<\/strong> 3 akad. val.<\/p>\n<p><strong>APIE LEKTOR\u0118<\/strong><\/p>\n<p>Vaida Pitu\u0161kien\u0117. Marijampol\u0117s STEAM atviros prieigos centro vadov\u0117.<\/p>\n<p><strong>APIE MOKYMUS<\/strong><\/p>\n<p><strong>Mokym\u0173 tikslas &#8211;<\/strong> supa\u017eindinti istorijos mokytojus su STEAM d\u0117stymo metodika bei STEAM centro veikl\u0173 galimyb\u0117mis, kurios prasmingai prisid\u0117t\u0173 prie istorijos dalyko d\u0117stymo per patyrimin\u012f bei problemin\u012f ugdym\u0105.<\/p>\n<p>2023 m. rugs\u0117jo 1 d. startavus atnaujintoms ugdymo programoms, kuriose daug d\u0117mesio skiriama kompetencijomis gr\u012fstam ugdymui ir dalyk\u0173 integracijai, atsirado poreikis pla\u010diau pergalvoti atskir\u0173 dalyk\u0173 d\u0117stymo galimybes bei integracij\u0105 ne vien per turin\u012f, bet per kompetencijas ir j\u0173 ugdym\u0105. \u0160is seminaras pad\u0117s atrasti bendras ugdymo galimybes derinant STEAM metodik\u0105 bei laboratorijas ir istorijos d\u0117stymo didaktik\u0105.<\/p>\n<p><strong>Programos u\u017edaviniai:<\/strong><br \/>\n<strong>\ud83d\udfe0 <\/strong>\u00a0Supa\u017eindinti istorijos mokytojus su STEAM metodika ir STEAM centro galimyb\u0117mis.<br \/>\n<strong>\ud83d\udfe0 <\/strong>\u00a0Pateikti konkre\u010dius pavyzd\u017eius integruotoms istorijos pamokoms, kurios gali vykti STEAM<br \/>\ncentre.<br \/>\n<strong>\ud83d\udfe0 <\/strong>\u00a0Aptarti kompetencijomis gr\u012fsto ugdymo pamokose metodus ir integracijos su kitais dalykais<br \/>\ngalimybes.<\/p>\n<p><strong>Kompetencijos, kurias \u012fgis mokym\u0173 dalyviai:<\/strong><br \/>\n<strong>\ud83d\udfe0 <\/strong>\u017dinos apie istorijos atnaujint\u0105 program\u0105 ir integracijos galimybes.<br \/>\n<strong>\ud83d\udfe0 <\/strong>Geb\u0117s formuluoti mokymosi veiklos tikslus, analizuoti, planuoti, organizuoti ir vertinti mokymo (si) veiklas.<br \/>\n<strong>\ud83d\udfe0 <\/strong>Geb\u0117s organizuoti mokymosi proces\u0105 atsi\u017evelgiant \u012f pagrindinius \u0161iuolaikin\u0117s pedagogikos principus.<\/p>\n<p>&nbsp;<\/p>\n<p>&nbsp;<\/p>\n<p><strong>PRAKTIN\u0116 INFORMACIJA<\/strong><\/p>\n<p><strong>Vieta:<\/strong> visi miestai (kontaktiniai arba nuotoliniai mokymai)<\/p>\n<p><strong>Dalyviams i\u0161duodami kvalifikacijos pa\u017eym\u0117jimai.<\/strong><\/p>\n<p>&nbsp;<\/p>\n<p><strong>D\u0116L MOKYM\u0172 TEIRAUTIS<\/strong><\/p>\n<div class=\"location-map block\"><strong>El. pa\u0161tu:<\/strong> sonata.urbone@mruni.eu<\/div>\n<div class=\"location-map block\"><strong>mob. tel.<\/strong> +370 600 69018<\/div>\n<div><\/div>\n<div><img loading=\"lazy\" decoding=\"async\" class=\"alignnone wp-image-552\" src=\"https:\/\/dev.mvg.mruni.eu\/wp-content\/uploads\/2025\/09\/Orange-White-Simple-Circle-Rice-Bowl-Logo-300x125.png\" alt=\"\" width=\"197\" height=\"82\" srcset=\"https:\/\/dev.mvg.mruni.eu\/wp-content\/uploads\/2025\/09\/Orange-White-Simple-Circle-Rice-Bowl-Logo-300x125.png 300w, https:\/\/dev.mvg.mruni.eu\/wp-content\/uploads\/2025\/09\/Orange-White-Simple-Circle-Rice-Bowl-Logo.png 359w\" sizes=\"auto, (max-width: 197px) 100vw, 197px\" \/><\/div>\n","protected":false},"excerpt":{"rendered":"<p>,,Ar gali draugauti STEAM ir istorijos dalykas?\u201c Trukm\u0117: 3 akad. val. APIE LEKTOR\u0118 Vaida Pitu\u0161kien\u0117. Marijampol\u0117s STEAM atviros prieigos centro vadov\u0117. APIE MOKYMUS Mokym\u0173 tikslas &#8211; supa\u017eindinti istorijos mokytojus su STEAM d\u0117stymo metodika bei STEAM centro veikl\u0173 galimyb\u0117mis, kurios prasmingai prisid\u0117t\u0173 prie istorijos dalyko d\u0117stymo per patyrimin\u012f bei problemin\u012f ugdym\u0105. 2023 m. rugs\u0117jo 1 d. [&hellip;]<\/p>\n","protected":false},"featured_media":962,"comment_status":"open","ping_status":"closed","template":"","meta":[],"product_brand":[],"product_cat":[49],"product_tag":[],"class_list":{"0":"post-959","1":"product","2":"type-product","3":"status-publish","4":"has-post-thumbnail","6":"product_cat-svietimo-mokymai-pedagogika","8":"first","9":"instock","10":"sold-individually","11":"taxable","12":"shipping-taxable","13":"product-type-simple"},"_links":{"self":[{"href":"https:\/\/dev.mvg.mruni.eu\/index.php?rest_route=\/wp\/v2\/product\/959","targetHints":{"allow":["GET"]}}],"collection":[{"href":"https:\/\/dev.mvg.mruni.eu\/index.php?rest_route=\/wp\/v2\/product"}],"about":[{"href":"https:\/\/dev.mvg.mruni.eu\/index.php?rest_route=\/wp\/v2\/types\/product"}],"replies":[{"embeddable":true,"href":"https:\/\/dev.mvg.mruni.eu\/index.php?rest_route=%2Fwp%2Fv2%2Fcomments&post=959"}],"wp:featuredmedia":[{"embeddable":true,"href":"https:\/\/dev.mvg.mruni.eu\/index.php?rest_route=\/wp\/v2\/media\/962"}],"wp:attachment":[{"href":"https:\/\/dev.mvg.mruni.eu\/index.php?rest_route=%2Fwp%2Fv2%2Fmedia&parent=959"}],"wp:term":[{"taxonomy":"product_brand","embeddable":true,"href":"https:\/\/dev.mvg.mruni.eu\/index.php?rest_route=%2Fwp%2Fv2%2Fproduct_brand&post=959"},{"taxonomy":"product_cat","embeddable":true,"href":"https:\/\/dev.mvg.mruni.eu\/index.php?rest_route=%2Fwp%2Fv2%2Fproduct_cat&post=959"},{"taxonomy":"product_tag","embeddable":true,"href":"https:\/\/dev.mvg.mruni.eu\/index.php?rest_route=%2Fwp%2Fv2%2Fproduct_tag&post=959"}],"curies":[{"name":"wp","href":"https:\/\/api.w.org\/{rel}","templated":true}]}}