{"id":952,"date":"2025-09-29T12:29:56","date_gmt":"2025-09-29T09:29:56","guid":{"rendered":"https:\/\/dev.mvg.mruni.eu\/?post_type=product&#038;p=952"},"modified":"2026-01-23T10:43:38","modified_gmt":"2026-01-23T08:43:38","slug":"dvimates-grafikos-taikymai-it-technologiju-pamokoje-40-akad-val","status":"publish","type":"product","link":"https:\/\/dev.mvg.mruni.eu\/?product=dvimates-grafikos-taikymai-it-technologiju-pamokoje-40-akad-val","title":{"rendered":"DVIMAT\u0116S GRAFIKOS TAIKYMAI IT, TECHNOLOGIJ\u0172 PAMOKOJE (40 akad. val.) Lekt. Vilma Ri\u0161kevi\u010dien\u0117"},"content":{"rendered":"<p><strong>\u201eDvimat\u0117s grafikos taikymai IT, technologij\u0173 pamokoje\u201c<\/strong><\/p>\n<p><strong>Trukm\u0117:<\/strong> 40 akad. val. (i\u0161 j\u0173 \u2013 30 kontaktin\u0117s, 10 \u2013 savaranki\u0161ko darbo)<\/p>\n<p><strong>Programos forma \u2013<\/strong> kontaktinis mokymas kompiuteri\u0173 klas\u0117je, STEAM klas\u0117je.<\/p>\n<p><strong>APIE LEKTOR\u0118<\/strong><\/p>\n<p>Vilma Ri\u0161kevi\u010dien\u0117 &#8211; MRU S\u016bduvos akademijos vadybos, finans\u0173 ir IT instituto lektor\u0117.<\/p>\n<p><strong>APIE MOKYMUS<\/strong><\/p>\n<p><strong>Mokym\u0173 tikslas &#8211;<\/strong> suteikti besimokantiems pagrindini\u0173 grafinio dizaino \u017eini\u0173, \u012fgyti praktinius geb\u0117jimus brai\u017eyti, redaguoti, transformuoti dvimat\u0117s grafikos modelius.<\/p>\n<p>Vektorin\u0117s grafikos programa CorelDraw yra greitas ir efektyvus b\u016bdas spausdinti ant \u012fvairi\u0173 pavir\u0161i\u0173. \u0160i mokymo programa skirta ugdyti k\u016brybi\u0161kum\u0105, \u012fgyti kompiuterin\u0117s grafikos \u012fg\u016bd\u017ei\u0173 ir i\u0161mokti naudotis vektorin\u0117s grafikos programa CorelDraw.<\/p>\n<p><strong>Programos u\u017edaviniai:<\/strong><br \/>\n<strong>\ud83d\udfe0\u00a0 <\/strong>Susipa\u017einti su kompiuterin\u0117s grafikos tipais ir kompozicijos principais.<br \/>\n<strong>\ud83d\udfe0\u00a0 <\/strong>I\u0161mokti dirbti su vektorin\u0117s grafikos programa CorelDraw.<br \/>\n<strong>\ud83d\udfe0 <\/strong>\u00a0Parengti maketus, skirtus lazerinei \u012frangai, bei sublimacinei spaudai.<\/p>\n<p><strong>Kompetencijos, kurias \u012fgis mokym\u0173 dalyviai:<\/strong><\/p>\n<p><strong>\ud83d\udfe0 <\/strong>\u00a0Matematin\u0117 kompetencija ir gamtos moksl\u0173, technologij\u0173 ir in\u017einerijos kompetencija.<\/p>\n<p><strong>\ud83d\udfe0 <\/strong>\u00a0Skaitmenin\u0117 kompetencija.<\/p>\n<p><strong>\ud83d\udfe0 <\/strong>\u00a0Asmenin\u0117, socialin\u0117 ir mokymosi mokytis kompetencija.<\/p>\n<p><strong>\ud83d\udfe0 <\/strong>\u00a0Profesin\u0117s kompetencijos: brai\u017eyti br\u0117\u017einius CorelDraw pagalba, parengti maketus pjaustymui, ploteriavimui, termopresui.<\/p>\n<p><strong>Tem\u0173 ir turinio apra\u0161ymas:<\/strong><\/p>\n<p><strong>\ud83d\udfe0 <\/strong>\u00a0Vektorin\u0117 ir ta\u0161kin\u0117 grafika, spalv\u0173 modeliai. Vektorin\u0117s ir ta\u0161kin\u0117s grafikos privalumai ir tr\u016bkumai, spalv\u0173 taikymas, spalv\u0173 modeliai CMYK, RGB, PANTONE, HSB, LAB, Grayscale<br \/>\nProgramos CorelDraw aplinka. Darbo aplinka, \u012frankiai, puslapio nustatymas ir pagalbin\u0117s linijos, mastelio keitimas, per\u017ei\u016bra.<\/p>\n<p><strong>\ud83d\udfe0\u00a0 <\/strong>Pagrindiniai elementai. Geometrini\u0173 fig\u016br\u0173 brai\u017eymas, pie\u0161imo \u012frankiai, u\u017epildymas spalva, maketo rengimas: grafini\u0173 objekt\u0173 \u017eym\u0117jimas, pa\u017eym\u0117t\u0173 objekt\u0173 redagavimas<br \/>\nObjekt\u0173 tvarkymas. Objekt\u0173 i\u0161lygiavimas, tikslios transformacijos, objekt\u0173 komponavimas (weld, intersect, combine, trim).<\/p>\n<p><strong>\ud83d\udfe0 <\/strong>Tekstas dokumente. Teksto ir grafikos importavimas, teksto ir grafikos derinimas. Special\u016bs efektai. Efektai lens, extrude, blend, envelope, perspective. Maketo parengimas ir pjaustymas ir \/arba graviravimas lazeriu. Sumaketuojamas br\u0117\u017einys, kuris lazerio pagalba i\u0161pjaustomas.<\/p>\n<p><strong>\ud83d\udfe0\u00a0 <\/strong>Maketo parengimas, perk\u0117limas ant termopl\u0117vel\u0117s ir atspausdinimas. Parengiamas br\u0117\u017einys, kuris naudojant sublimacij\u0105 yra perkeliamas ant pasirinkto tekstil\u0117s ar keramikos produkto.<\/p>\n<p>&nbsp;<\/p>\n<p>&nbsp;<\/p>\n<p><strong>PRAKTIN\u0116 INFORMACIJA<\/strong><\/p>\n<p><strong>Vieta:<\/strong> visi miestai (kontaktiniai arba nuotoliniai mokymai)<\/p>\n<p><strong>Dalyviams i\u0161duodami kvalifikacijos pa\u017eym\u0117jimai.<\/strong><\/p>\n<p>&nbsp;<\/p>\n<p><strong>D\u0116L MOKYM\u0172 TEIRAUTIS<\/strong><\/p>\n<div class=\"location-map block\"><strong>El. pa\u0161tu:<\/strong> sonata.urbone@mruni.eu<\/div>\n<div class=\"location-map block\"><strong>mob. tel.<\/strong> +370 600 69018<\/div>\n<div><\/div>\n<div><img loading=\"lazy\" decoding=\"async\" class=\"alignnone wp-image-552\" src=\"https:\/\/dev.mvg.mruni.eu\/wp-content\/uploads\/2025\/09\/Orange-White-Simple-Circle-Rice-Bowl-Logo-300x125.png\" alt=\"\" width=\"197\" height=\"82\" srcset=\"https:\/\/dev.mvg.mruni.eu\/wp-content\/uploads\/2025\/09\/Orange-White-Simple-Circle-Rice-Bowl-Logo-300x125.png 300w, https:\/\/dev.mvg.mruni.eu\/wp-content\/uploads\/2025\/09\/Orange-White-Simple-Circle-Rice-Bowl-Logo.png 359w\" sizes=\"auto, (max-width: 197px) 100vw, 197px\" \/><\/div>\n","protected":false},"excerpt":{"rendered":"<p>\u201eDvimat\u0117s grafikos taikymai IT, technologij\u0173 pamokoje\u201c Trukm\u0117: 40 akad. val. (i\u0161 j\u0173 \u2013 30 kontaktin\u0117s, 10 \u2013 savaranki\u0161ko darbo) Programos forma \u2013 kontaktinis mokymas kompiuteri\u0173 klas\u0117je, STEAM klas\u0117je. APIE LEKTOR\u0118 Vilma Ri\u0161kevi\u010dien\u0117 &#8211; MRU S\u016bduvos akademijos vadybos, finans\u0173 ir IT instituto lektor\u0117. APIE MOKYMUS Mokym\u0173 tikslas &#8211; suteikti besimokantiems pagrindini\u0173 grafinio dizaino \u017eini\u0173, \u012fgyti praktinius [&hellip;]<\/p>\n","protected":false},"featured_media":954,"comment_status":"open","ping_status":"closed","template":"","meta":[],"product_brand":[],"product_cat":[59,61],"product_tag":[],"class_list":{"0":"post-952","1":"product","2":"type-product","3":"status-publish","4":"has-post-thumbnail","6":"product_cat-it-mokymai","7":"product_cat-grafikos-mokymai","9":"first","10":"outofstock","11":"taxable","12":"shipping-taxable","13":"product-type-simple"},"_links":{"self":[{"href":"https:\/\/dev.mvg.mruni.eu\/index.php?rest_route=\/wp\/v2\/product\/952","targetHints":{"allow":["GET"]}}],"collection":[{"href":"https:\/\/dev.mvg.mruni.eu\/index.php?rest_route=\/wp\/v2\/product"}],"about":[{"href":"https:\/\/dev.mvg.mruni.eu\/index.php?rest_route=\/wp\/v2\/types\/product"}],"replies":[{"embeddable":true,"href":"https:\/\/dev.mvg.mruni.eu\/index.php?rest_route=%2Fwp%2Fv2%2Fcomments&post=952"}],"wp:featuredmedia":[{"embeddable":true,"href":"https:\/\/dev.mvg.mruni.eu\/index.php?rest_route=\/wp\/v2\/media\/954"}],"wp:attachment":[{"href":"https:\/\/dev.mvg.mruni.eu\/index.php?rest_route=%2Fwp%2Fv2%2Fmedia&parent=952"}],"wp:term":[{"taxonomy":"product_brand","embeddable":true,"href":"https:\/\/dev.mvg.mruni.eu\/index.php?rest_route=%2Fwp%2Fv2%2Fproduct_brand&post=952"},{"taxonomy":"product_cat","embeddable":true,"href":"https:\/\/dev.mvg.mruni.eu\/index.php?rest_route=%2Fwp%2Fv2%2Fproduct_cat&post=952"},{"taxonomy":"product_tag","embeddable":true,"href":"https:\/\/dev.mvg.mruni.eu\/index.php?rest_route=%2Fwp%2Fv2%2Fproduct_tag&post=952"}],"curies":[{"name":"wp","href":"https:\/\/api.w.org\/{rel}","templated":true}]}}