{"id":949,"date":"2025-09-29T12:20:51","date_gmt":"2025-09-29T09:20:51","guid":{"rendered":"https:\/\/dev.mvg.mruni.eu\/?post_type=product&#038;p=949"},"modified":"2026-01-23T10:44:05","modified_gmt":"2026-01-23T08:44:05","slug":"programavimo-pagrindai-programuoti-gali-visi-40-akad-val","status":"publish","type":"product","link":"https:\/\/dev.mvg.mruni.eu\/?product=programavimo-pagrindai-programuoti-gali-visi-40-akad-val","title":{"rendered":"PROGRAMAVIMO PAGRINDAI &#8222;PROGRAMUOTI GALI VISI&#8221; (40 akad. val.) Lekt. Evaldas Ple\u010dkaitis"},"content":{"rendered":"<p><strong>Programavimo pagrindai &#8222;Programuoti gali visi&#8221;<\/strong><\/p>\n<p><strong>Trukm\u0117: <\/strong>\u00a040 akad. val.<\/p>\n<p><strong>APIE LEKTORI\u0172<\/strong><\/p>\n<p>Evaldas Ple\u010dkaitis &#8211; Mykolo Romerio universiteto Informacini\u0173 technologij\u0173 ir elektronini\u0173 studij\u0173 centras, S\u016bduvos skyrius.<\/p>\n<p><strong>APIE MOKYMUS<\/strong><\/p>\n<p>\u017dengiant i\u0161 ketvirtosios \u012f penkt\u0105j\u0105 pramon\u0117s revoliucij\u0105, programavimas tampa ne svarbia, bet b\u016btina gyvenimo dalis, siekiant neatsilikti informacijos analiz\u0117je ir sraut\u0173 valdyme. Nepaisant to, kad ugdymo \u012fstaigos nuolat ruo\u0161ia IT specialistus, j\u0173 poreikis nuolat auga. \u0160iuolaikin\u0117je informacin\u0117je visuomen\u0117je kiekvienas asmuo turi tur\u0117ti ne tik bendr\u0105 supratim\u0105 apie informacines technologijas, bet ir tur\u0117ti programavimo pradmenis. Programavimas skatina k\u016brybi\u0161kum\u0105, lavina problem\u0173 sprendimo \u012fg\u016bd\u017eius, padeda sud\u0117tingas u\u017eduotis i\u0161skaidyti \u012f ma\u017eesnes ir daug lengviau \u012fveikiamas.<\/p>\n<p>Nepaisant tiesiogini\u0173 programos rezultat\u0173, siekiame suburti ir dalyvi\u0173 virtuali\u0105 bendruomen\u0119, kurioje \u012fvairaus am\u017eiaus ir patirties \u017emon\u0117s dalinsis patirtimi, gal\u0117s u\u017emegzti naujus kontaktus. &#8222;Programuoti gali visi!&#8221; teikiama nuotoliniu sinchroniniu b\u016bdu, tod\u0117l dalyviai gal\u0117s jungtis i\u0161 patogios vietos sutartu laiku, gyvai sureaguoti ir u\u017eduoti r\u016bpimus klausimus. Sukurta virtuali mokymosi aplinka pad\u0117s dalyviams siekti programavimo \u017eini\u0173 ir atlikti u\u017eduotis jiems patogiu laiku ir tempu.<\/p>\n<p><strong>Mokym\u0173 u\u017edaviniai:<\/strong><br \/>\n<strong>\ud83d\udfe0 <\/strong>Supa\u017eindinti dalyvius su pagrindin\u0117mis programavimo s\u0105vokomis (kintamieji, ciklai, s\u0105lygos, funkcijos).<br \/>\n<strong>\ud83d\udfe0<\/strong> Paai\u0161kinti, kaip programavimas yra naudojamas kasdieniame gyvenime ir koki\u0105 vert\u0119 jis suteikia.<br \/>\n<strong>\ud83d\udfe0<\/strong> Sukurti \u017eaismingas ir interaktyvias programas naudojant pagrindinius programavimo principus.<\/p>\n<p><strong>\ud83d\udfe0<\/strong> I\u0161spr\u0119sti kasdienius gyvenimo u\u017edavinius naudojant Scratch programavimo aplink\u0105.<br \/>\n<strong>\ud83d\udfe0<\/strong> I\u0161spr\u0119sti kasdienius gyvenimo u\u017edavinius naudojant Python programavimo kalb\u0105.<br \/>\n<strong>\ud83d\udfe0<\/strong> Ugdyti dalyvi\u0173 k\u016brybi\u0161kum\u0105, suteikiant galimybes kurti savo projektus ir eksperimentuoti su naujomis id\u0117jomis Scratch ir Python aplinkose.<br \/>\n<strong>\ud83d\udfe0<\/strong> Skatinti dalyvi\u0173 bendradarbiavim\u0105 ir mokym\u0105si vieniems i\u0161 kit\u0173, dalijantis \u017einiomis ir patirtimi.<br \/>\n<strong>\ud83d\udfe0<\/strong> Parengti ir pristatyti baigiam\u0105j\u012f projekt\u0105 naudojant pasirinkt\u0105 programavimo aplink\u0105 ar kalb\u0105.<\/p>\n<p>&nbsp;<\/p>\n<p>&nbsp;<\/p>\n<p><strong>PRAKTIN\u0116 INFORMACIJA<\/strong><\/p>\n<p><strong>Vieta:<\/strong> visi miestai (kontaktiniai arba nuotoliniai mokymai)<\/p>\n<p><strong>Dalyviams i\u0161duodami kvalifikacijos pa\u017eym\u0117jimai.<\/strong><\/p>\n<p>&nbsp;<\/p>\n<p><strong>D\u0116L MOKYM\u0172 TEIRAUTIS<\/strong><\/p>\n<div class=\"location-map block\"><strong>El. pa\u0161tu:<\/strong> sonata.urbone@mruni.eu<\/div>\n<div class=\"location-map block\"><strong>mob. tel.<\/strong> +370 600 69018<\/div>\n<div><\/div>\n<div><img loading=\"lazy\" decoding=\"async\" class=\"alignnone wp-image-552\" src=\"https:\/\/dev.mvg.mruni.eu\/wp-content\/uploads\/2025\/09\/Orange-White-Simple-Circle-Rice-Bowl-Logo-300x125.png\" alt=\"\" width=\"197\" height=\"82\" srcset=\"https:\/\/dev.mvg.mruni.eu\/wp-content\/uploads\/2025\/09\/Orange-White-Simple-Circle-Rice-Bowl-Logo-300x125.png 300w, https:\/\/dev.mvg.mruni.eu\/wp-content\/uploads\/2025\/09\/Orange-White-Simple-Circle-Rice-Bowl-Logo.png 359w\" sizes=\"auto, (max-width: 197px) 100vw, 197px\" \/><\/div>\n","protected":false},"excerpt":{"rendered":"<p>Programavimo pagrindai &#8222;Programuoti gali visi&#8221; Trukm\u0117: \u00a040 akad. val. APIE LEKTORI\u0172 Evaldas Ple\u010dkaitis &#8211; Mykolo Romerio universiteto Informacini\u0173 technologij\u0173 ir elektronini\u0173 studij\u0173 centras, S\u016bduvos skyrius. APIE MOKYMUS \u017dengiant i\u0161 ketvirtosios \u012f penkt\u0105j\u0105 pramon\u0117s revoliucij\u0105, programavimas tampa ne svarbia, bet b\u016btina gyvenimo dalis, siekiant neatsilikti informacijos analiz\u0117je ir sraut\u0173 valdyme. Nepaisant to, kad ugdymo \u012fstaigos nuolat [&hellip;]<\/p>\n","protected":false},"featured_media":951,"comment_status":"open","ping_status":"closed","template":"","meta":[],"product_brand":[],"product_cat":[59,60],"product_tag":[],"class_list":{"0":"post-949","1":"product","2":"type-product","3":"status-publish","4":"has-post-thumbnail","6":"product_cat-it-mokymai","7":"product_cat-programavimo-mokymai","9":"first","10":"instock","11":"taxable","12":"shipping-taxable","13":"product-type-simple"},"_links":{"self":[{"href":"https:\/\/dev.mvg.mruni.eu\/index.php?rest_route=\/wp\/v2\/product\/949","targetHints":{"allow":["GET"]}}],"collection":[{"href":"https:\/\/dev.mvg.mruni.eu\/index.php?rest_route=\/wp\/v2\/product"}],"about":[{"href":"https:\/\/dev.mvg.mruni.eu\/index.php?rest_route=\/wp\/v2\/types\/product"}],"replies":[{"embeddable":true,"href":"https:\/\/dev.mvg.mruni.eu\/index.php?rest_route=%2Fwp%2Fv2%2Fcomments&post=949"}],"wp:featuredmedia":[{"embeddable":true,"href":"https:\/\/dev.mvg.mruni.eu\/index.php?rest_route=\/wp\/v2\/media\/951"}],"wp:attachment":[{"href":"https:\/\/dev.mvg.mruni.eu\/index.php?rest_route=%2Fwp%2Fv2%2Fmedia&parent=949"}],"wp:term":[{"taxonomy":"product_brand","embeddable":true,"href":"https:\/\/dev.mvg.mruni.eu\/index.php?rest_route=%2Fwp%2Fv2%2Fproduct_brand&post=949"},{"taxonomy":"product_cat","embeddable":true,"href":"https:\/\/dev.mvg.mruni.eu\/index.php?rest_route=%2Fwp%2Fv2%2Fproduct_cat&post=949"},{"taxonomy":"product_tag","embeddable":true,"href":"https:\/\/dev.mvg.mruni.eu\/index.php?rest_route=%2Fwp%2Fv2%2Fproduct_tag&post=949"}],"curies":[{"name":"wp","href":"https:\/\/api.w.org\/{rel}","templated":true}]}}