{"id":946,"date":"2025-09-29T12:13:44","date_gmt":"2025-09-29T09:13:44","guid":{"rendered":"https:\/\/dev.mvg.mruni.eu\/?post_type=product&#038;p=946"},"modified":"2026-01-23T10:44:30","modified_gmt":"2026-01-23T08:44:30","slug":"sinergija-steam-ugdyme-nuo-teorijos-iki-praktikos-40-akad-val","status":"publish","type":"product","link":"https:\/\/dev.mvg.mruni.eu\/?product=sinergija-steam-ugdyme-nuo-teorijos-iki-praktikos-40-akad-val","title":{"rendered":"SINERGIJA STEAM UGDYME: NUO TEORIJOS IKI PRAKTIKOS (40 akad. val.) Lekt. Andrius Bir\u0161tonas"},"content":{"rendered":"<p><strong>,,Sinergija steam ugdyme: nuo teorijos iki praktikos\u201c<\/strong><\/p>\n<p>Trukm\u0117: 40 akad. val.<\/p>\n<p><strong>APIE LEKTORI\u0172<\/strong><\/p>\n<p>Andrius Bir\u0161tonas\u00a0&#8211; Marijampol\u0117s regioninio STEAM atviros prieigos centro k\u016brybi\u0161kumo ir medij\u0173 metodininkas, fotografas, neformalaus \u0161vietimo mokytojas.<\/p>\n<p><strong>APIE MOKYMUS<\/strong><\/p>\n<p><strong>Mokym\u0173 tikslas \u2013<\/strong>\u00a0supa\u017eindinti dalyvius su STEAM ugdymo esme, principais ir metodais. Suteikti praktini\u0173 \u012fg\u016bd\u017ei\u0173, reikaling\u0173 integruojant STEAM elementus \u012f ugdymo proces\u0105.<\/p>\n<p>Skatinti dalyvi\u0173 k\u016brybi\u0161kum\u0105 ir inovatyvum\u0105, kuriant STEAM veiklas.<\/p>\n<p><strong>Mokymai skirti ikimokyklinio ugdymo pedagogams, neformaliojo \u0161vietimo specialistams, \u0161vietimo pagalbos specialistams bei \u0161vietimo srities darbuotojams.<\/strong><\/p>\n<p><strong>Mokym\u0173 turinys:<\/strong><\/p>\n<p><strong>\ud83d\udfe0<\/strong>\u00a0 STEAM ugdymo teoriniai pagrindai: samprata, istorija ir raida, nauda, ugdymo principai ir metodai bei integracija \u012f ugdymo programas.<\/p>\n<p><strong>\ud83d\udfe0<\/strong>\u00a0 STEAM ugdymo praktiniai aspektai: STEAM veikl\u0173 k\u016brimo ir planavimo metodai ir priemoni\u0173 naudojimas ugdymo procese, bei praktin\u0117s STEAM veiklos, skirtos skirtingoms am\u017eiaus grup\u0117ms.<\/p>\n<p><strong>\ud83d\udfe0<\/strong>\u00a0 STEAM ugdymo sinergija: STEAM ugdymo ir neformaliojo ugdymo sinergijai ir verslo bendradarbiavimas.<\/p>\n<p><strong>\ud83d\udfe0<\/strong>\u00a0STEAM ugdymo vertinimas ir refleksija: STEAM ugdymo veiksmingumo vertinimo metodai. Dalyvi\u0173 refleksija apie STEAM ugdymo patirt\u012f. Ateities STEAM ugdymo tendencijos.<\/p>\n<p>&nbsp;<\/p>\n<p>&nbsp;<\/p>\n<p><strong>PRAKTIN\u0116 INFORMACIJA<\/strong><\/p>\n<p><strong>Vieta:<\/strong> visi miestai (kontaktiniai arba nuotoliniai mokymai)<\/p>\n<p><strong>Dalyviams i\u0161duodami kvalifikacijos pa\u017eym\u0117jimai.<\/strong><\/p>\n<p>&nbsp;<\/p>\n<p><strong>D\u0116L MOKYM\u0172 TEIRAUTIS<\/strong><\/p>\n<div class=\"location-map block\"><strong>El. pa\u0161tu:<\/strong> sonata.urbone@mruni.eu<\/div>\n<div class=\"location-map block\"><strong>mob. tel.<\/strong> +370 600 69018<\/div>\n<div><\/div>\n<div><img loading=\"lazy\" decoding=\"async\" class=\"alignnone wp-image-552\" src=\"https:\/\/dev.mvg.mruni.eu\/wp-content\/uploads\/2025\/09\/Orange-White-Simple-Circle-Rice-Bowl-Logo-300x125.png\" alt=\"\" width=\"197\" height=\"82\" srcset=\"https:\/\/dev.mvg.mruni.eu\/wp-content\/uploads\/2025\/09\/Orange-White-Simple-Circle-Rice-Bowl-Logo-300x125.png 300w, https:\/\/dev.mvg.mruni.eu\/wp-content\/uploads\/2025\/09\/Orange-White-Simple-Circle-Rice-Bowl-Logo.png 359w\" sizes=\"auto, (max-width: 197px) 100vw, 197px\" \/><\/div>\n","protected":false},"excerpt":{"rendered":"<p>,,Sinergija steam ugdyme: nuo teorijos iki praktikos\u201c Trukm\u0117: 40 akad. val. APIE LEKTORI\u0172 Andrius Bir\u0161tonas\u00a0&#8211; Marijampol\u0117s regioninio STEAM atviros prieigos centro k\u016brybi\u0161kumo ir medij\u0173 metodininkas, fotografas, neformalaus \u0161vietimo mokytojas. APIE MOKYMUS Mokym\u0173 tikslas \u2013\u00a0supa\u017eindinti dalyvius su STEAM ugdymo esme, principais ir metodais. Suteikti praktini\u0173 \u012fg\u016bd\u017ei\u0173, reikaling\u0173 integruojant STEAM elementus \u012f ugdymo proces\u0105. Skatinti dalyvi\u0173 k\u016brybi\u0161kum\u0105 [&hellip;]<\/p>\n","protected":false},"featured_media":948,"comment_status":"open","ping_status":"closed","template":"","meta":[],"product_brand":[],"product_cat":[48,49],"product_tag":[],"class_list":{"0":"post-946","1":"product","2":"type-product","3":"status-publish","4":"has-post-thumbnail","6":"product_cat-pedagogika","7":"product_cat-svietimo-mokymai-pedagogika","9":"first","10":"instock","11":"taxable","12":"shipping-taxable","13":"product-type-simple"},"_links":{"self":[{"href":"https:\/\/dev.mvg.mruni.eu\/index.php?rest_route=\/wp\/v2\/product\/946","targetHints":{"allow":["GET"]}}],"collection":[{"href":"https:\/\/dev.mvg.mruni.eu\/index.php?rest_route=\/wp\/v2\/product"}],"about":[{"href":"https:\/\/dev.mvg.mruni.eu\/index.php?rest_route=\/wp\/v2\/types\/product"}],"replies":[{"embeddable":true,"href":"https:\/\/dev.mvg.mruni.eu\/index.php?rest_route=%2Fwp%2Fv2%2Fcomments&post=946"}],"wp:featuredmedia":[{"embeddable":true,"href":"https:\/\/dev.mvg.mruni.eu\/index.php?rest_route=\/wp\/v2\/media\/948"}],"wp:attachment":[{"href":"https:\/\/dev.mvg.mruni.eu\/index.php?rest_route=%2Fwp%2Fv2%2Fmedia&parent=946"}],"wp:term":[{"taxonomy":"product_brand","embeddable":true,"href":"https:\/\/dev.mvg.mruni.eu\/index.php?rest_route=%2Fwp%2Fv2%2Fproduct_brand&post=946"},{"taxonomy":"product_cat","embeddable":true,"href":"https:\/\/dev.mvg.mruni.eu\/index.php?rest_route=%2Fwp%2Fv2%2Fproduct_cat&post=946"},{"taxonomy":"product_tag","embeddable":true,"href":"https:\/\/dev.mvg.mruni.eu\/index.php?rest_route=%2Fwp%2Fv2%2Fproduct_tag&post=946"}],"curies":[{"name":"wp","href":"https:\/\/api.w.org\/{rel}","templated":true}]}}