{"id":784,"date":"2025-09-24T12:55:53","date_gmt":"2025-09-24T09:55:53","guid":{"rendered":"https:\/\/dev.mvg.mruni.eu\/?post_type=product&#038;p=784"},"modified":"2026-01-23T10:47:43","modified_gmt":"2026-01-23T08:47:43","slug":"prancuzu-kalba-lygis-b2-c1-c2-30-akad-val","status":"publish","type":"product","link":"https:\/\/dev.mvg.mruni.eu\/?product=prancuzu-kalba-lygis-b2-c1-c2-30-akad-val","title":{"rendered":"PRANC\u016aZ\u0172 KALBA (Lygis B2-C1-C2) (30 akad. val.) Dr. Eug\u00e9nie Bonner"},"content":{"rendered":"<p><strong>,,Pranc\u016bz\u0173 kalba (lygis B2-C1-C2)\u201c<\/strong><\/p>\n<p><strong>Trukm\u0117: <\/strong>30\u00a0akad. val.<\/p>\n<p><strong>APIE LEKTOR\u0118<\/strong><\/p>\n<p>Dr. Eug\u00e9nie Bonner &#8211; pranc\u016bz\u0173 ir angl\u0173 kalbos profesor\u0117, DELF\/DALF ir TCF egzaminuotoja, turinti daugiau nei 20 met\u0173 mokymo patirties, \u0161iuo metu dirba Mykolo Romerio universitete, taip pat yra d\u0117s\u010diusi Paris Ouest la D\u00e9fense University ir University of Caen Normandy.<\/p>\n<p><strong>APIE MOKYMUS<\/strong><\/p>\n<p>Panc\u016bz\u0173 kalbos (30 ak. val.) kursai skirti besimokantiems, norintiems \u012fgyti arba patobulinti bendrosios pranc\u016bz\u0173 kalbos kalbos \u012fg\u016bd\u017eius, apiman\u010dius kasdienes temas ir situacijas. Juose pagrindinis d\u0117mesys skiriamas keturi\u0173 bendravimo \u012fg\u016bd\u017ei\u0173 ugdymui: klausymui, kalb\u0117jimui, skaitymui ir ra\u0161ymui. Pagrindinis d\u0117mesys bus skiriamas kalb\u0117jimui ir klausymo \u012fvairiose kasdien\u0117se situacijose gerinimui. Nagrin\u0117jami dalykai: aktualus \u017eodynas, gramatini\u0173 strukt\u016br\u0173 studijos, tarimo ir klausymo \u012fg\u016bd\u017eiai, socialiniai \u012fg\u016bd\u017eiai, kult\u016brinis s\u0105moningumas, skaitymo ir ra\u0161ymo \u012fg\u016bd\u017eiai, pokalbiai pranc\u016bz\u0173 kalba.<br \/>\nM\u016bs\u0173 mokymo metodas pagr\u012fstas psicholingvistiniu po\u017ei\u016briu ir autenti\u0161kos akademin\u0117s med\u017eiagos naudojimu. Kvie\u010diame tyrin\u0117ti pranc\u016bz\u0173 kult\u016br\u0105 ir civilizacij\u0105 naudojant autenti\u0161k\u0105 med\u017eiag\u0105.<\/p>\n<p><strong>Pranc\u016bz\u0173 kalbos B2-C1-2 kursas skirtas i\u0161mokti:<\/strong><\/p>\n<p><strong>\ud83d\udfe0<\/strong> Argumentuoti.<\/p>\n<p><strong>\ud83d\udfe0<\/strong> Keistis nuomon\u0117mis.<\/p>\n<p><strong>\ud83d\udfe0<\/strong> Kalb\u0117tis apie ekologij\u0105 ir aplink\u0105.<\/p>\n<p><strong>\ud83d\udfe0<\/strong> I\u0161reik\u0161ti tiksl\u0105.<\/p>\n<p><strong>\ud83d\udfe0<\/strong> Kalb\u0117tis apie skaitmenin\u012f pasaul\u012f.<\/p>\n<p><strong>\ud83d\udfe0<\/strong> Pateikti skaitinius duomenis.<\/p>\n<p><strong>\ud83d\udfe0<\/strong> Kalb\u0117tis apie istorij\u0105 \/ praeities laik\u0105.<\/p>\n<p><strong>\ud83d\udfe0<\/strong> Kalb\u0117tis apie geografij\u0105.<\/p>\n<p><strong>\ud83d\udfe0<\/strong> Kalb\u0117tis apie einamuosius \u012fvykius.<\/p>\n<p><strong>\ud83d\udfe0<\/strong> Kalb\u0117tis apie medicin\u0105, sveikatos sistem\u0105.<\/p>\n<p><strong>\ud83d\udfe0<\/strong> Naudoti veiksma\u017eod\u017ei\u0173 formas.<\/p>\n<p><strong>\ud83d\udfe0<\/strong> Kalb\u0117tis apie technologijas ir pa\u017eang\u0105.<\/p>\n<p><strong>\ud83d\udfe0<\/strong> Kalb\u0117ti apie savo jausmus.<\/p>\n<p><strong>\ud83d\udfe0<\/strong> Toki\u0173 \u012fg\u016bd\u017ei\u0173 kaip identifikavimas \/ suvokimas \/ \u012fra\u0161ymas \/ diagnozavimas \/ vertinimas \/ analizavimas \/ gilinimasis \/ numatymas \/ apibr\u0117\u017eimas \/ pristatymas \/ liudijimas \/ dalijimasis \/ \u012fsivaizduojimas \/ diskutavimas \/\u00a0 pagilinimas.<\/p>\n<p><strong> \ud83d\udfe0 <\/strong>Prane\u0161imo \/es\u0117\/ prezentacijos \/ disertacijos \/ santraukos ra\u0161ymo \u012fg\u016bd\u017ei\u0173 tobulinimas.<\/p>\n<p><strong>Ne\u017einote, kok\u012f lyg\u012f pasirinkti? Si\u016blome atlikti nemokam\u0105 kalbos nustatymo test\u0105 \u010dia:\u00a0<\/strong> <a href=\"https:\/\/docs.google.com\/forms\/d\/e\/1FAIpQLSf1aTH4ve4Dqw9Hl7Wa_F1o8ceDrcrK9Cr5PAquyVAkTeoxZQ\/viewform?usp=header\">https:\/\/docs.google.com\/forms\/d\/e\/1FAIpQLSf1aTH4ve4Dqw9Hl7Wa_F1o8ceDrcrK9Cr5PAquyVAkTeoxZQ\/viewform?usp=header<\/a><\/p>\n<p><strong>Atsakym\u0105 gausite automati\u0161kai:<\/strong><\/p>\n<p>0 bal\u0173 &#8211; A0<br \/>\n1-2 balai &#8211; A1<br \/>\n3-4 balai &#8211; A2<br \/>\n5-6 balai- B1<br \/>\n7-8 balai &#8211; B2<br \/>\n9 &#8211; balai &#8211; C1-C2<\/p>\n<p>&nbsp;<\/p>\n<p>&nbsp;<\/p>\n<p><strong>PRAKTIN\u0116 INFORMACIJA<\/strong><\/p>\n<p><strong>Vieta:<\/strong> visi miestai (kontaktiniai arba nuotoliniai mokymai)<\/p>\n<p><strong>Dalyviams i\u0161duodami kvalifikacijos pa\u017eym\u0117jimai.<\/strong><\/p>\n<p>&nbsp;<\/p>\n<p><strong>D\u0116L MOKYM\u0172 TEIRAUTIS<\/strong><\/p>\n<div class=\"location-map block\"><strong>El. pa\u0161tu:<\/strong> sonata.urbone@mruni.eu<\/div>\n<div class=\"location-map block\"><strong>mob. tel.<\/strong> +370 600 69018<\/div>\n<div><\/div>\n<div><img loading=\"lazy\" decoding=\"async\" class=\"alignnone wp-image-552\" src=\"https:\/\/dev.mvg.mruni.eu\/wp-content\/uploads\/2025\/09\/Orange-White-Simple-Circle-Rice-Bowl-Logo-300x125.png\" alt=\"\" width=\"197\" height=\"82\" srcset=\"https:\/\/dev.mvg.mruni.eu\/wp-content\/uploads\/2025\/09\/Orange-White-Simple-Circle-Rice-Bowl-Logo-300x125.png 300w, https:\/\/dev.mvg.mruni.eu\/wp-content\/uploads\/2025\/09\/Orange-White-Simple-Circle-Rice-Bowl-Logo.png 359w\" sizes=\"auto, (max-width: 197px) 100vw, 197px\" \/><\/div>\n","protected":false},"excerpt":{"rendered":"<p>,,Pranc\u016bz\u0173 kalba (lygis B2-C1-C2)\u201c Trukm\u0117: 30\u00a0akad. val. APIE LEKTOR\u0118 Dr. Eug\u00e9nie Bonner &#8211; pranc\u016bz\u0173 ir angl\u0173 kalbos profesor\u0117, DELF\/DALF ir TCF egzaminuotoja, turinti daugiau nei 20 met\u0173 mokymo patirties, \u0161iuo metu dirba Mykolo Romerio universitete, taip pat yra d\u0117s\u010diusi Paris Ouest la D\u00e9fense University ir University of Caen Normandy. APIE MOKYMUS Panc\u016bz\u0173 kalbos (30 ak. [&hellip;]<\/p>\n","protected":false},"featured_media":794,"comment_status":"open","ping_status":"closed","template":"","meta":[],"product_brand":[],"product_cat":[37],"product_tag":[],"class_list":{"0":"post-784","1":"product","2":"type-product","3":"status-publish","4":"has-post-thumbnail","6":"product_cat-kalbu-mokymai","8":"first","9":"outofstock","10":"taxable","11":"shipping-taxable","12":"product-type-simple"},"_links":{"self":[{"href":"https:\/\/dev.mvg.mruni.eu\/index.php?rest_route=\/wp\/v2\/product\/784","targetHints":{"allow":["GET"]}}],"collection":[{"href":"https:\/\/dev.mvg.mruni.eu\/index.php?rest_route=\/wp\/v2\/product"}],"about":[{"href":"https:\/\/dev.mvg.mruni.eu\/index.php?rest_route=\/wp\/v2\/types\/product"}],"replies":[{"embeddable":true,"href":"https:\/\/dev.mvg.mruni.eu\/index.php?rest_route=%2Fwp%2Fv2%2Fcomments&post=784"}],"wp:featuredmedia":[{"embeddable":true,"href":"https:\/\/dev.mvg.mruni.eu\/index.php?rest_route=\/wp\/v2\/media\/794"}],"wp:attachment":[{"href":"https:\/\/dev.mvg.mruni.eu\/index.php?rest_route=%2Fwp%2Fv2%2Fmedia&parent=784"}],"wp:term":[{"taxonomy":"product_brand","embeddable":true,"href":"https:\/\/dev.mvg.mruni.eu\/index.php?rest_route=%2Fwp%2Fv2%2Fproduct_brand&post=784"},{"taxonomy":"product_cat","embeddable":true,"href":"https:\/\/dev.mvg.mruni.eu\/index.php?rest_route=%2Fwp%2Fv2%2Fproduct_cat&post=784"},{"taxonomy":"product_tag","embeddable":true,"href":"https:\/\/dev.mvg.mruni.eu\/index.php?rest_route=%2Fwp%2Fv2%2Fproduct_tag&post=784"}],"curies":[{"name":"wp","href":"https:\/\/api.w.org\/{rel}","templated":true}]}}