{"id":772,"date":"2025-09-24T09:33:36","date_gmt":"2025-09-24T06:33:36","guid":{"rendered":"https:\/\/dev.mvg.mruni.eu\/?post_type=product&#038;p=772"},"modified":"2026-02-20T09:46:32","modified_gmt":"2026-02-20T07:46:32","slug":"prancuzu-kalba-lygis-a0-30-akad-val","status":"publish","type":"product","link":"https:\/\/dev.mvg.mruni.eu\/?product=prancuzu-kalba-lygis-a0-30-akad-val","title":{"rendered":"PRANC\u016aZ\u0172 KALBA (Lygis A0) (30 akad. val.) Dr. Eug\u00e9nie Bonner"},"content":{"rendered":"<p><strong>,,Pranc\u016bz\u0173 kalba (lygis A0)\u201c<\/strong><\/p>\n<p><strong>Trukm\u0117: <\/strong>30\u00a0akad. val.<\/p>\n<p><strong>APIE LEKTOR\u0118<\/strong><\/p>\n<p>Dr. Eug\u00e9nie Bonner &#8211; Pranc\u016bz\u0173 ir angl\u0173 kalbos profesor\u0117, DELF\/DALF and TCF egzaminuotoja, turinti daugiau nei 20 met\u0173 mokymo patirties, \u0161iuo metu dirba Mykolo Romerio universitete, taip pat yra d\u0117s\u010diusi Paris Ouest la D\u00e9fense University ir University of Caen Normandy.<\/p>\n<p><strong>APIE MOKYMUS<\/strong><\/p>\n<p>Panc\u016bz\u0173 kalbos (30 ak. val.) kursai skirti besimokantiems, norintiems \u012fgyti arba patobulinti bendrosios pranc\u016bz\u0173 kalbos \u012fg\u016bd\u017eius, apiman\u010dius kasdienes temas ir situacijas. Juose pagrindinis d\u0117mesys skiriamas keturi\u0173 bendravimo \u012fg\u016bd\u017ei\u0173 ugdymui: klausymui, kalb\u0117jimui, skaitymui ir ra\u0161ymui. Pagrindinis d\u0117mesys bus skiriamas kalb\u0117jimui ir klausymo \u012fvairiose kasdien\u0117se situacijose gerinimui. Nagrin\u0117jami dalykai: aktualus \u017eodynas, gramatini\u0173 strukt\u016br\u0173 studijos, tarimo ir klausymo \u012fg\u016bd\u017eiai, socialiniai \u012fg\u016bd\u017eiai, kult\u016brinis s\u0105moningumas, skaitymo ir ra\u0161ymo \u012fg\u016bd\u017eiai, pokalbiai pranc\u016bz\u0173 kalba.<br \/>\nM\u016bs\u0173 mokymo metodas pagr\u012fstas psicholingvistiniu po\u017ei\u016briu ir autenti\u0161kos akademin\u0117s med\u017eiagos naudojimu. Kvie\u010diame tyrin\u0117ti pranc\u016bz\u0173 kult\u016br\u0105 ir civilizacij\u0105 naudojant autenti\u0161k\u0105 med\u017eiag\u0105.<\/p>\n<p><strong>Pranc\u016bz\u0173 kalbos A0-A1 kurs\u0173 metu i\u0161moksite:<\/strong><\/p>\n<p><strong>\ud83d\udfe0<\/strong> Prisistatyti.<\/p>\n<p><strong>\ud83d\udfe0 <\/strong>I\u0161reik\u0161ti savo norus.<\/p>\n<p><strong>\ud83d\udfe0<\/strong> Kalb\u0117ti apie savo \u0161eim\u0105.<\/p>\n<p><strong>\ud83d\udfe0<\/strong> Kaip bendrauti apsiperkant.<\/p>\n<p><strong>\ud83d\udfe0<\/strong> Pateikti \u012fvertinim\u0105.<\/p>\n<p><strong>\ud83d\udfe0<\/strong> U\u017eduoti \u012fvairius klausimus.<\/p>\n<p><strong>\ud83d\udfe0<\/strong> U\u017esisakyti maisto restorane.<\/p>\n<p><strong>\ud83d\udfe0<\/strong> Pristatyti savo miest\u0105\/rajon\u0105.<\/p>\n<p><strong>\ud83d\udfe0<\/strong> Bendravimo subtilybi\u0173 keliaujant vie\u0161uoju transportu.<\/p>\n<p><strong>\ud83d\udfe0<\/strong> Klausti\/duoti nurodymus.<\/p>\n<p><strong>\ud83d\udfe0<\/strong> Kalb\u0117ti apie met\u0173 laik\u0105.<\/p>\n<p><strong>\ud83d\udfe0<\/strong> Kalb\u0117ti apie or\u0105.<\/p>\n<p><strong>\ud83d\udfe0<\/strong> Apib\u016bdinti objekt\u0105.<\/p>\n<p><strong>\ud83d\udfe0<\/strong> Apib\u016bdinti asmen\u012f.<\/p>\n<p><strong>\ud83d\udfe0<\/strong> Kalb\u0117ti apie savo kasdien\u0119 veikl\u0105.<\/p>\n<p><strong>\ud83d\udfe0<\/strong> Paklausti kiek dabar valand\u0173\/pasakyti laik\u0105.<\/p>\n<p><strong>\ud83d\udfe0<\/strong> Pasi\u016blyti\/priimti\/atsisakyti kelion\u0119 (-\u0117s)\/i\u0161vyk\u0105 (-os).<\/p>\n<p><strong>\ud83d\udfe0<\/strong> Su\u017einoti apie apgyvendinim\u0105.<\/p>\n<p><strong>\ud83d\udfe0<\/strong> Ra\u0161yti paprastas \u017einutes.<\/p>\n<p><strong>\ud83d\udfe0<\/strong> Paai\u0161kinti buitin\u0119 problem\u0105.<\/p>\n<p><strong>\ud83d\udfe0<\/strong> I\u0161reik\u0161ti teigiamas arba neigiamas emocijas.<\/p>\n<p><strong>\ud83d\udfe0<\/strong> Kalb\u0117ti apie savo sveikat\u0105 ir sport\u0105.<\/p>\n<p><strong>\ud83d\udfe0<\/strong> I\u0161reik\u0161ti savo sutikim\u0105 arba nesutikim\u0105.<\/p>\n<p><strong>\ud83d\udfe0<\/strong> I\u0161reik\u0161ti \u012fsipareigojim\u0105, draudim\u0105.<\/p>\n<p><strong>\ud83d\udfe0<\/strong> Duoti patarimus.<\/p>\n<p><strong>\ud83d\udfe0<\/strong> Pasiruo\u0161ti kelionei.<\/p>\n<p><strong>\ud83d\udfe0<\/strong> Apib\u016bdinti kra\u0161tovaizd\u012f.<\/p>\n<p><strong>\ud83d\udfe0<\/strong>\u00a0 I\u0161reik\u0161ti pageidavim\u0105.<\/p>\n<p><strong>\ud83d\udfe0<\/strong> Kalb\u0117ti apie savo studijas.<\/p>\n<p><strong>\ud83d\udfe0<\/strong> papasakoti apie savo \u012fg\u016bd\u017eius \/ profesij\u0105 \/ darb\u0105.<\/p>\n<p><strong>Ne\u017einote, kok\u012f lyg\u012f pasirinkti? Si\u016blome atlikti nemokam\u0105 kalbos nustatymo test\u0105 \u010dia:\u00a0<\/strong> <a href=\"https:\/\/docs.google.com\/forms\/d\/e\/1FAIpQLSf1aTH4ve4Dqw9Hl7Wa_F1o8ceDrcrK9Cr5PAquyVAkTeoxZQ\/viewform?usp=header\">https:\/\/docs.google.com\/forms\/d\/e\/1FAIpQLSf1aTH4ve4Dqw9Hl7Wa_F1o8ceDrcrK9Cr5PAquyVAkTeoxZQ\/viewform?usp=header<\/a><\/p>\n<p><strong>Atsakym\u0105 gausite automati\u0161kai:<\/strong><\/p>\n<p>0 bal\u0173 &#8211; A0<br \/>\n1-2 balai &#8211; A1<br \/>\n3-4 balai &#8211; A2<br \/>\n5-6 balai- B1<br \/>\n7-8 balai &#8211; B2<br \/>\n9 &#8211; balai &#8211; C1-C2<\/p>\n<p>&nbsp;<\/p>\n<p>&nbsp;<\/p>\n<p><strong>PRAKTIN\u0116 INFORMACIJA<\/strong><\/p>\n<p><strong>Vieta:<\/strong> visi miestai (kontaktiniai arba nuotoliniai mokymai)<\/p>\n<p><strong>Dalyviams i\u0161duodami kvalifikacijos pa\u017eym\u0117jimai.<\/strong><\/p>\n<p>&nbsp;<\/p>\n<p><strong>D\u0116L MOKYM\u0172 TEIRAUTIS<\/strong><\/p>\n<div class=\"location-map block\"><strong>El. pa\u0161tu:<\/strong> sonata.urbone@mruni.eu<\/div>\n<div class=\"location-map block\"><strong>mob. tel.<\/strong> +370 600 69018<\/div>\n<div><\/div>\n<div><img loading=\"lazy\" decoding=\"async\" class=\"alignnone wp-image-552\" src=\"https:\/\/dev.mvg.mruni.eu\/wp-content\/uploads\/2025\/09\/Orange-White-Simple-Circle-Rice-Bowl-Logo-300x125.png\" alt=\"\" width=\"197\" height=\"82\" srcset=\"https:\/\/dev.mvg.mruni.eu\/wp-content\/uploads\/2025\/09\/Orange-White-Simple-Circle-Rice-Bowl-Logo-300x125.png 300w, https:\/\/dev.mvg.mruni.eu\/wp-content\/uploads\/2025\/09\/Orange-White-Simple-Circle-Rice-Bowl-Logo.png 359w\" sizes=\"auto, (max-width: 197px) 100vw, 197px\" \/><\/div>\n","protected":false},"excerpt":{"rendered":"<p>,,Pranc\u016bz\u0173 kalba (lygis A0)\u201c Trukm\u0117: 30\u00a0akad. val. APIE LEKTOR\u0118 Dr. Eug\u00e9nie Bonner &#8211; Pranc\u016bz\u0173 ir angl\u0173 kalbos profesor\u0117, DELF\/DALF and TCF egzaminuotoja, turinti daugiau nei 20 met\u0173 mokymo patirties, \u0161iuo metu dirba Mykolo Romerio universitete, taip pat yra d\u0117s\u010diusi Paris Ouest la D\u00e9fense University ir University of Caen Normandy. APIE MOKYMUS Panc\u016bz\u0173 kalbos (30 ak. [&hellip;]<\/p>\n","protected":false},"featured_media":798,"comment_status":"open","ping_status":"closed","template":"","meta":[],"product_brand":[],"product_cat":[37],"product_tag":[],"class_list":{"0":"post-772","1":"product","2":"type-product","3":"status-publish","4":"has-post-thumbnail","6":"product_cat-kalbu-mokymai","8":"first","9":"outofstock","10":"taxable","11":"shipping-taxable","12":"product-type-simple"},"_links":{"self":[{"href":"https:\/\/dev.mvg.mruni.eu\/index.php?rest_route=\/wp\/v2\/product\/772","targetHints":{"allow":["GET"]}}],"collection":[{"href":"https:\/\/dev.mvg.mruni.eu\/index.php?rest_route=\/wp\/v2\/product"}],"about":[{"href":"https:\/\/dev.mvg.mruni.eu\/index.php?rest_route=\/wp\/v2\/types\/product"}],"replies":[{"embeddable":true,"href":"https:\/\/dev.mvg.mruni.eu\/index.php?rest_route=%2Fwp%2Fv2%2Fcomments&post=772"}],"wp:featuredmedia":[{"embeddable":true,"href":"https:\/\/dev.mvg.mruni.eu\/index.php?rest_route=\/wp\/v2\/media\/798"}],"wp:attachment":[{"href":"https:\/\/dev.mvg.mruni.eu\/index.php?rest_route=%2Fwp%2Fv2%2Fmedia&parent=772"}],"wp:term":[{"taxonomy":"product_brand","embeddable":true,"href":"https:\/\/dev.mvg.mruni.eu\/index.php?rest_route=%2Fwp%2Fv2%2Fproduct_brand&post=772"},{"taxonomy":"product_cat","embeddable":true,"href":"https:\/\/dev.mvg.mruni.eu\/index.php?rest_route=%2Fwp%2Fv2%2Fproduct_cat&post=772"},{"taxonomy":"product_tag","embeddable":true,"href":"https:\/\/dev.mvg.mruni.eu\/index.php?rest_route=%2Fwp%2Fv2%2Fproduct_tag&post=772"}],"curies":[{"name":"wp","href":"https:\/\/api.w.org\/{rel}","templated":true}]}}