{"id":707,"date":"2025-09-23T09:14:18","date_gmt":"2025-09-23T06:14:18","guid":{"rendered":"https:\/\/dev.mvg.mruni.eu\/?post_type=product&#038;p=707"},"modified":"2026-01-23T10:55:29","modified_gmt":"2026-01-23T08:55:29","slug":"bendravimas-su-psichologines-traumas-patyrusiais-vaikais-6-akad-val","status":"publish","type":"product","link":"https:\/\/dev.mvg.mruni.eu\/?product=bendravimas-su-psichologines-traumas-patyrusiais-vaikais-6-akad-val","title":{"rendered":"BENDRAVIMAS SU PSICHOLOGINES TRAUMAS PATYRUSIAIS VAIKAIS (6 akad. val.) Prof. dr. Aist\u0117 Dir\u017eyt\u0117"},"content":{"rendered":"<p><strong>,,Bendravimas su psichologines traumas patyrusiais vaikais\u201c<\/strong><\/p>\n<p><strong>Trukm\u0117:<\/strong> 6 akad. val.<\/p>\n<p><strong>APIE LEKTOR\u0118<\/strong><\/p>\n<p><strong>Prof. dr. Aist\u0117 Dir\u017eyt\u0117<\/strong> \u2013 klinikin\u0117 psicholog\u0117 (nuo 1997 m.), socialini\u0173 moksl\u0173 daktar\u0117 psichologijos srityje (nuo 2001 m.), Psichologin\u0117s gerov\u0117s tyrim\u0173 laboratorijos vadov\u0117 Mykolo Romerio universitete (nuo 2015 m.). Taip pat ji yra Amerikos Psicholog\u0173 Aociacijos nar\u0117 ir Tarptautin\u0117s Pozityviosios Psichologijos Asociacijos nar\u0117. Prof. Dr. Aist\u0117 Dir\u017eyt\u0117 prad\u0117jo mokslini\u0173 tyrim\u0173 veikl\u0105 1996 metais, kai buvo atsakinga u\u017e Pasaulin\u0117s Sveikatos Organizacijos projekt\u0105 \u2013 moksleivi\u0173 sveikatos elgesio ir gyvensenos tyrim\u0105 (HBSC \u2013 Health Behavior in School Age Children) Lietuvoje, vadovaujant prof. Apolinarui Zaborskiui. Paskutinius penkiolika met\u0173 ji d\u0117sto kognityvin\u0119 \u2013 elgesio terapij\u0105 universitete. Viena arba su bendraautoriais paskelb\u0117 daugiau kaip penkiasde\u0161imt mokslini\u0173 publikacij\u0173.<\/p>\n<p><strong>APIE MOKYMUS<\/strong><\/p>\n<p>\ud83d\udfe0\u00a0 Tai \u012fvadas \u012f vaik\u0173 ir paaugli\u0173 \u012f traum\u0105 fokusuot\u0105 kognityvin\u0119 elgesio terapij\u0105 (TF-CBT) ir pozityvi\u0105j\u0105 psichoterapij\u0105.<\/p>\n<p>\ud83d\udfe0\u00a0 Mokym\u0173 tikslin\u0117 grup\u0117 &#8211; psichologai, socialiniai pedagogai, socialiniai darbuotojai, medicinos darbuotojai.<\/p>\n<p>&nbsp;<\/p>\n<p>&nbsp;<\/p>\n<p><strong>PRAKTIN\u0116 INFORMACIJA<\/strong><\/p>\n<p><strong>Vieta:<\/strong> visi miestai (kontaktiniai arba nuotoliniai mokymai)<\/p>\n<p><strong>Dalyviams i\u0161duodami kvalifikacijos pa\u017eym\u0117jimai.<\/strong><\/p>\n<p>&nbsp;<\/p>\n<p><strong>D\u0116L MOKYM\u0172 TEIRAUTIS<\/strong><\/p>\n<div class=\"location-map block\"><strong>El. pa\u0161tu:<\/strong> sonata.urbone@mruni.eu<\/div>\n<div class=\"location-map block\"><strong>mob. tel.<\/strong> +370 600 69018<\/div>\n<div><\/div>\n<div><img loading=\"lazy\" decoding=\"async\" class=\"alignnone wp-image-552\" src=\"https:\/\/dev.mvg.mruni.eu\/wp-content\/uploads\/2025\/09\/Orange-White-Simple-Circle-Rice-Bowl-Logo-300x125.png\" alt=\"\" width=\"197\" height=\"82\" srcset=\"https:\/\/dev.mvg.mruni.eu\/wp-content\/uploads\/2025\/09\/Orange-White-Simple-Circle-Rice-Bowl-Logo-300x125.png 300w, https:\/\/dev.mvg.mruni.eu\/wp-content\/uploads\/2025\/09\/Orange-White-Simple-Circle-Rice-Bowl-Logo.png 359w\" sizes=\"auto, (max-width: 197px) 100vw, 197px\" \/><\/div>\n","protected":false},"excerpt":{"rendered":"<p>,,Bendravimas su psichologines traumas patyrusiais vaikais\u201c Trukm\u0117: 6 akad. val. APIE LEKTOR\u0118 Prof. dr. Aist\u0117 Dir\u017eyt\u0117 \u2013 klinikin\u0117 psicholog\u0117 (nuo 1997 m.), socialini\u0173 moksl\u0173 daktar\u0117 psichologijos srityje (nuo 2001 m.), Psichologin\u0117s gerov\u0117s tyrim\u0173 laboratorijos vadov\u0117 Mykolo Romerio universitete (nuo 2015 m.). Taip pat ji yra Amerikos Psicholog\u0173 Aociacijos nar\u0117 ir Tarptautin\u0117s Pozityviosios Psichologijos Asociacijos nar\u0117. [&hellip;]<\/p>\n","protected":false},"featured_media":809,"comment_status":"open","ping_status":"closed","template":"","meta":[],"product_brand":[],"product_cat":[36],"product_tag":[],"class_list":{"0":"post-707","1":"product","2":"type-product","3":"status-publish","4":"has-post-thumbnail","6":"product_cat-psichologijos-mokymai","8":"first","9":"instock","10":"taxable","11":"shipping-taxable","12":"product-type-simple"},"_links":{"self":[{"href":"https:\/\/dev.mvg.mruni.eu\/index.php?rest_route=\/wp\/v2\/product\/707","targetHints":{"allow":["GET"]}}],"collection":[{"href":"https:\/\/dev.mvg.mruni.eu\/index.php?rest_route=\/wp\/v2\/product"}],"about":[{"href":"https:\/\/dev.mvg.mruni.eu\/index.php?rest_route=\/wp\/v2\/types\/product"}],"replies":[{"embeddable":true,"href":"https:\/\/dev.mvg.mruni.eu\/index.php?rest_route=%2Fwp%2Fv2%2Fcomments&post=707"}],"wp:featuredmedia":[{"embeddable":true,"href":"https:\/\/dev.mvg.mruni.eu\/index.php?rest_route=\/wp\/v2\/media\/809"}],"wp:attachment":[{"href":"https:\/\/dev.mvg.mruni.eu\/index.php?rest_route=%2Fwp%2Fv2%2Fmedia&parent=707"}],"wp:term":[{"taxonomy":"product_brand","embeddable":true,"href":"https:\/\/dev.mvg.mruni.eu\/index.php?rest_route=%2Fwp%2Fv2%2Fproduct_brand&post=707"},{"taxonomy":"product_cat","embeddable":true,"href":"https:\/\/dev.mvg.mruni.eu\/index.php?rest_route=%2Fwp%2Fv2%2Fproduct_cat&post=707"},{"taxonomy":"product_tag","embeddable":true,"href":"https:\/\/dev.mvg.mruni.eu\/index.php?rest_route=%2Fwp%2Fv2%2Fproduct_tag&post=707"}],"curies":[{"name":"wp","href":"https:\/\/api.w.org\/{rel}","templated":true}]}}