{"id":701,"date":"2025-09-23T08:57:28","date_gmt":"2025-09-23T05:57:28","guid":{"rendered":"https:\/\/dev.mvg.mruni.eu\/?post_type=product&#038;p=701"},"modified":"2026-01-23T10:57:04","modified_gmt":"2026-01-23T08:57:04","slug":"efektyviu-iprociu-ugdymas-kaip-pasiekti-balansa-8-akad-val","status":"publish","type":"product","link":"https:\/\/dev.mvg.mruni.eu\/?product=efektyviu-iprociu-ugdymas-kaip-pasiekti-balansa-8-akad-val","title":{"rendered":"EFEKTYVI\u0172 \u012ePRO\u010cI\u0172 UGDYMAS: KAIP PASIEKTI BALANS\u0104? (8 akad.val.) Lekt. Justina Rybakovait\u0117"},"content":{"rendered":"<p><strong>,,Efektyvi\u0173 \u012fpro\u010di\u0173 ugdymas: kaip pasiekti balans\u0105?\u201c<\/strong><\/p>\n<p><strong>Trukm\u0117:<\/strong> 8 akad.val.<\/p>\n<p><strong>APIE MOKYMUS<\/strong><\/p>\n<p>Spartus tempas kasdienyb\u0117je gali privesti prie nuolat jau\u010diamo nuovargio, motyvacijos stokos, nenoro k\u0105 nors daryti, laim\u0117s jausmo praradimo ar net psichologinio perdegimo.<\/p>\n<p><strong>\u0160i\u0173 mokym\u0173 tikslas \u2013<\/strong> supa\u017eindinti dalyvius su efektyvi\u0173 \u012fpro\u010di\u0173 svarba skirtingose gyvenimo srityse siekiant i\u0161laikyti balans\u0105, energij\u0105 ir psichologin\u0119 bei fizin\u0119 sveikat\u0105.<\/p>\n<p><strong>Mokym\u0173 metu palie\u010diamos \u0161ios temos:<\/strong><\/p>\n<p>\ud83d\udfe0 Svarbiausi\u0173 asmenini\u0173 \u012fpro\u010di\u0173, b\u016btin\u0173 efektyviam gyvenimui, ugdymas.<\/p>\n<p>\ud83d\udfe0 Kod\u0117l efektyviai veikiantis \u017emogus turi daugiau laiko ir energijos?<\/p>\n<p>\ud83d\udfe0 Kaip nusistatyti kuriose gyvenimo srityse tr\u016bksta efektyvumo?<\/p>\n<p>\ud83d\udfe0Kaip kelti tikslus ir j\u0173 siekti.<\/p>\n<p>&nbsp;<\/p>\n<p>&nbsp;<\/p>\n<p><strong>PRAKTIN\u0116 INFORMACIJA<\/strong><\/p>\n<p><strong>Vieta:<\/strong> visi miestai (kontaktiniai arba nuotoliniai mokymai)<\/p>\n<p><strong>Dalyviams i\u0161duodami kvalifikacijos pa\u017eym\u0117jimai.<\/strong><\/p>\n<p>&nbsp;<\/p>\n<p><strong>D\u0116L MOKYM\u0172 TEIRAUTIS<\/strong><\/p>\n<div class=\"location-map block\"><strong>El. pa\u0161tu:<\/strong> sonata.urbone@mruni.eu<\/div>\n<div class=\"location-map block\"><strong>mob. tel.<\/strong> +370 600 69018<\/div>\n<div><\/div>\n<div><img loading=\"lazy\" decoding=\"async\" class=\"alignnone wp-image-552\" src=\"https:\/\/dev.mvg.mruni.eu\/wp-content\/uploads\/2025\/09\/Orange-White-Simple-Circle-Rice-Bowl-Logo-300x125.png\" alt=\"\" width=\"197\" height=\"82\" srcset=\"https:\/\/dev.mvg.mruni.eu\/wp-content\/uploads\/2025\/09\/Orange-White-Simple-Circle-Rice-Bowl-Logo-300x125.png 300w, https:\/\/dev.mvg.mruni.eu\/wp-content\/uploads\/2025\/09\/Orange-White-Simple-Circle-Rice-Bowl-Logo.png 359w\" sizes=\"auto, (max-width: 197px) 100vw, 197px\" \/><\/div>\n","protected":false},"excerpt":{"rendered":"<p>,,Efektyvi\u0173 \u012fpro\u010di\u0173 ugdymas: kaip pasiekti balans\u0105?\u201c Trukm\u0117: 8 akad.val. APIE MOKYMUS Spartus tempas kasdienyb\u0117je gali privesti prie nuolat jau\u010diamo nuovargio, motyvacijos stokos, nenoro k\u0105 nors daryti, laim\u0117s jausmo praradimo ar net psichologinio perdegimo. \u0160i\u0173 mokym\u0173 tikslas \u2013 supa\u017eindinti dalyvius su efektyvi\u0173 \u012fpro\u010di\u0173 svarba skirtingose gyvenimo srityse siekiant i\u0161laikyti balans\u0105, energij\u0105 ir psichologin\u0119 bei fizin\u0119 sveikat\u0105. [&hellip;]<\/p>\n","protected":false},"featured_media":812,"comment_status":"open","ping_status":"closed","template":"","meta":[],"product_brand":[],"product_cat":[36],"product_tag":[],"class_list":{"0":"post-701","1":"product","2":"type-product","3":"status-publish","4":"has-post-thumbnail","6":"product_cat-psichologijos-mokymai","8":"first","9":"instock","10":"taxable","11":"shipping-taxable","12":"product-type-simple"},"_links":{"self":[{"href":"https:\/\/dev.mvg.mruni.eu\/index.php?rest_route=\/wp\/v2\/product\/701","targetHints":{"allow":["GET"]}}],"collection":[{"href":"https:\/\/dev.mvg.mruni.eu\/index.php?rest_route=\/wp\/v2\/product"}],"about":[{"href":"https:\/\/dev.mvg.mruni.eu\/index.php?rest_route=\/wp\/v2\/types\/product"}],"replies":[{"embeddable":true,"href":"https:\/\/dev.mvg.mruni.eu\/index.php?rest_route=%2Fwp%2Fv2%2Fcomments&post=701"}],"wp:featuredmedia":[{"embeddable":true,"href":"https:\/\/dev.mvg.mruni.eu\/index.php?rest_route=\/wp\/v2\/media\/812"}],"wp:attachment":[{"href":"https:\/\/dev.mvg.mruni.eu\/index.php?rest_route=%2Fwp%2Fv2%2Fmedia&parent=701"}],"wp:term":[{"taxonomy":"product_brand","embeddable":true,"href":"https:\/\/dev.mvg.mruni.eu\/index.php?rest_route=%2Fwp%2Fv2%2Fproduct_brand&post=701"},{"taxonomy":"product_cat","embeddable":true,"href":"https:\/\/dev.mvg.mruni.eu\/index.php?rest_route=%2Fwp%2Fv2%2Fproduct_cat&post=701"},{"taxonomy":"product_tag","embeddable":true,"href":"https:\/\/dev.mvg.mruni.eu\/index.php?rest_route=%2Fwp%2Fv2%2Fproduct_tag&post=701"}],"curies":[{"name":"wp","href":"https:\/\/api.w.org\/{rel}","templated":true}]}}