{"id":693,"date":"2025-09-23T08:37:05","date_gmt":"2025-09-23T05:37:05","guid":{"rendered":"https:\/\/dev.mvg.mruni.eu\/?post_type=product&#038;p=693"},"modified":"2026-01-23T10:58:30","modified_gmt":"2026-01-23T08:58:30","slug":"saviugdos-organizaciniu-pokyciu-metu-pagrindai-8-akad-val","status":"publish","type":"product","link":"https:\/\/dev.mvg.mruni.eu\/?product=saviugdos-organizaciniu-pokyciu-metu-pagrindai-8-akad-val","title":{"rendered":"SAVIUGDOS ORGANIZACINI\u0172 POKY\u010cI\u0172 METU PAGRINDAI (8 akad.val.) Dr. Au\u0161ra Kolbergyt\u0117"},"content":{"rendered":"<p><strong>,,Saviugdos organizacini\u0173 poky\u010di\u0173 metu pagrindai\u201c<\/strong><\/p>\n<p><strong>Trukm\u0117:<\/strong> 8 akad.val.<\/p>\n<p><strong>APIE LEKTOR\u0118<\/strong><\/p>\n<p>Dr. Au\u0161ra Kolbergyt\u0117 yra saviugdos tyr\u0117ja ir praktik\u0117, socialini\u0173 moksl\u0173 daktar\u0117, edukolog\u0117, socialinio darbo magistr\u0117, universiteto lektor\u0117 ir neurodidaktikos projekt\u0173 vadov\u0117, sertifikuota kou\u010dingo, terapini\u0173 metaforini\u0173-asociatyvini\u0173 ir kit\u0173 s\u0105moningumo ugdymo metod\u0173 specialist\u0117.<\/p>\n<p><strong>APIE MOKYMUS<\/strong><\/p>\n<p>Mokymai skirti vidurin\u0117s grandies vadovams, organizacini\u0173 poky\u010di\u0173 vadybininkams, \u012fvairi\u0173 projekt\u0173 koordinatoriams, auk\u0161\u010diausiems \u012fstaig\u0173 vadovams, personalo specialistams ir kitiems asmenims, kurie domisi, patiria ar planuoja \u012fgyvendinti organizacinius poky\u010dius. Mokym\u0173 dalyviai gaus pagrindines \u017einias ir labiausiai ugdys verslumo ir asmenin\u0117s\/socialin\u0117s\/mokymosi mokytis kompetencijas: \u012fgis bazin\u012f teorin\u012f ir psichologin\u012f pasirengim\u0105 organizacini\u0173 transformacij\u0173 periodu, taip pat i\u0161sigrynins asmenin\u0119 motyvacij\u0105 ir numatys pagalbos sau bei \u012fgalinimo strategijas, kaip ma\u017eesn\u0117mis s\u0105naudomis pereiti planuojamus poky\u010dius organizacijoje asmeniniu ir kolektyvo lygmeniu siekiant i\u0161vengti profesinio perdegimo. Mokymai taip pat turi terapin\u012f poveik\u012f tiems, kurie tur\u0117jo arba \u0161iuo metu i\u0161gyvena poky\u010dius organizacijoje.<\/p>\n<p><strong>Tikslas: <\/strong>suteikti teorini\u0173 ir praktini\u0173 \u017eini\u0173, paskatinti psichologin\u012f pasirengim\u0105 ir numatyti pagalbos sau b\u016bdus organizacini\u0173 poky\u010di\u0173 metu, siekiant i\u0161laikyti darbo efektyvum\u0105, ta\u010diau i\u0161vengti profesinio perdegimo.<\/p>\n<p><strong>U\u017edaviniai:<\/strong><\/p>\n<ol>\n<li>Suteikti teorini\u0173 ir praktini\u0173 \u017eini\u0173 apie organizacini\u0173 poky\u010di\u0173 kontekst\u0105 vadybiniu, socialiniu ir psichologiniu aspektais.<\/li>\n<li>Aptarti vadovams kylan\u010dius i\u0161\u0161\u016bkius dirbant su kolektyvu organizacini\u0173 poky\u010di\u0173 metu bei numatyti problem\u0173 sprendimo b\u016bdus, siekiant darnos ir efektyvumo.<\/li>\n<li>Aptarti esmines naudas, kurias gali suteikti organizacini\u0173 poky\u010di\u0173 patirtis, ir i\u0161sigryninti asmenin\u0119 motyvacij\u0105 veikti.<\/li>\n<li>Aptarti pagalbos sau b\u016bdus ir numatyti individualias \u012fgalinimo strategijas, kaip i\u0161laikyti produktyvum\u0105 bei stipri\u0105 sveikat\u0105.<\/li>\n<\/ol>\n<p><strong>Mokym\u0173 temos:<\/strong><\/p>\n<p>\ud83d\udfe0<em> 1 tema. <strong>\u012eVADAS. ORGANIZACINI\u0172 POKY\u010cI\u0172 KONTEKSTAS<\/strong>: ypatumai, psichologin\u0117 dinamika, i\u0161\u0161\u016bkiai, sprendimai. <\/em>Pristatomos bazin\u0117s teorijos, atskleid\u017eian\u010dios organizacini\u0173 poky\u010di\u0173 kontekst\u0105 vadybiniu, socialiniu ir psichologiniu aspektais. \u017dinios apima organizacijos, grup\u0117s ir individo lygmenis.<\/p>\n<p>\ud83d\udfe0 <em>2 tema. <strong>PROFESINIO AUGIMO I\u0160\u0160\u016aKIAI IR NAUDA<\/strong>: savo kaip vadovo identiteto k\u016brimas.<\/em> I\u0161\u0161\u016bkiai ir atspirties ta\u0161kai pasiekti efektyvum\u0105 organizacini\u0173 poky\u010di\u0173 metu. Asmenin\u0117s motyvacijos kryptys. Vadovavimo norm\u0173 konstravimas. Asmeninio tobul\u0117jimo plano apsibr\u0117\u017eimas.<\/p>\n<p>\ud83d\udfe0 <em>3 tema. <strong>SANTYKIAI<\/strong>: bendravimas ir bendradarbiavimas patiriant socialin\u0119 \u012fvairov\u0119.<\/em> Pagrindiniai aspektai apie \u017emogi\u0161k\u0105j\u0105 prigimt\u012f, kurie i\u0161ry\u0161k\u0117ja poky\u010di\u0173 metu. Sprendim\u0173 paie\u0161ka efektyviam darbui ir rib\u0173 nustatymo gair\u0117s santykyje su destruktyviai besielgian\u010diais asmenimis.<\/p>\n<p>\ud83d\udfe0\u00a0 <em>4 tema. <\/em><em><strong>PAGALBA SAU<\/strong>: asmeninio \u012fgalinimo \u012frankiai poky\u010di\u0173 chaose. <\/em><\/p>\n<p>\ud83d\udfe0 <em>5 tema.<\/em> <strong><em>U\u017dBAIGIMAS.<\/em><\/strong> Profesinio perdegimo prielaidos ir asmenini\u0173 resurs\u0173 paie\u0161ka. M\u0105stymo poky\u010diai ir vertybi\u0173 i\u0161sigryninimas. Galios rib\u0173 \u012fsis\u0105moninimas ir alternatyv\u0173 paie\u0161ka. Emocin\u0117s savireguliacijos b\u016bdai. R\u016bpinimasis k\u016bnu.<\/p>\n<p><strong>Kompetencijos, kurias \u012fgis mokym\u0173 dalyviai: <\/strong><\/p>\n<p>\ud83d\udfe0 Asmenin\u0117, socialin\u0117 ir mokymosi kompetencija.<\/p>\n<p>\ud83d\udfe0 Verslumo kompetencija; skaitmenin\u0117 kompetencija.<\/p>\n<p>&nbsp;<\/p>\n<p>&nbsp;<\/p>\n<p><strong>PRAKTIN\u0116 INFORMACIJA<\/strong><\/p>\n<p><strong>Vieta:<\/strong> visi miestai (kontaktiniai arba nuotoliniai mokymai)<\/p>\n<p><strong>Dalyviams i\u0161duodami kvalifikacijos pa\u017eym\u0117jimai.<\/strong><\/p>\n<p>&nbsp;<\/p>\n<p><strong>D\u0116L MOKYM\u0172 TEIRAUTIS<\/strong><\/p>\n<div class=\"location-map block\"><strong>El. pa\u0161tu:<\/strong> sonata.urbone@mruni.eu<\/div>\n<div class=\"location-map block\"><strong>mob. tel.<\/strong> +370 600 69018<\/div>\n<div><\/div>\n<div><img loading=\"lazy\" decoding=\"async\" class=\"alignnone wp-image-552\" src=\"https:\/\/dev.mvg.mruni.eu\/wp-content\/uploads\/2025\/09\/Orange-White-Simple-Circle-Rice-Bowl-Logo-300x125.png\" alt=\"\" width=\"197\" height=\"82\" srcset=\"https:\/\/dev.mvg.mruni.eu\/wp-content\/uploads\/2025\/09\/Orange-White-Simple-Circle-Rice-Bowl-Logo-300x125.png 300w, https:\/\/dev.mvg.mruni.eu\/wp-content\/uploads\/2025\/09\/Orange-White-Simple-Circle-Rice-Bowl-Logo.png 359w\" sizes=\"auto, (max-width: 197px) 100vw, 197px\" \/><\/div>\n","protected":false},"excerpt":{"rendered":"<p>,,Saviugdos organizacini\u0173 poky\u010di\u0173 metu pagrindai\u201c Trukm\u0117: 8 akad.val. APIE LEKTOR\u0118 Dr. Au\u0161ra Kolbergyt\u0117 yra saviugdos tyr\u0117ja ir praktik\u0117, socialini\u0173 moksl\u0173 daktar\u0117, edukolog\u0117, socialinio darbo magistr\u0117, universiteto lektor\u0117 ir neurodidaktikos projekt\u0173 vadov\u0117, sertifikuota kou\u010dingo, terapini\u0173 metaforini\u0173-asociatyvini\u0173 ir kit\u0173 s\u0105moningumo ugdymo metod\u0173 specialist\u0117. APIE MOKYMUS Mokymai skirti vidurin\u0117s grandies vadovams, organizacini\u0173 poky\u010di\u0173 vadybininkams, \u012fvairi\u0173 projekt\u0173 koordinatoriams, auk\u0161\u010diausiems [&hellip;]<\/p>\n","protected":false},"featured_media":815,"comment_status":"open","ping_status":"closed","template":"","meta":[],"product_brand":[],"product_cat":[43],"product_tag":[],"class_list":{"0":"post-693","1":"product","2":"type-product","3":"status-publish","4":"has-post-thumbnail","6":"product_cat-vadyba-ir-organizacine-psichologija","8":"first","9":"instock","10":"taxable","11":"shipping-taxable","12":"product-type-simple"},"_links":{"self":[{"href":"https:\/\/dev.mvg.mruni.eu\/index.php?rest_route=\/wp\/v2\/product\/693","targetHints":{"allow":["GET"]}}],"collection":[{"href":"https:\/\/dev.mvg.mruni.eu\/index.php?rest_route=\/wp\/v2\/product"}],"about":[{"href":"https:\/\/dev.mvg.mruni.eu\/index.php?rest_route=\/wp\/v2\/types\/product"}],"replies":[{"embeddable":true,"href":"https:\/\/dev.mvg.mruni.eu\/index.php?rest_route=%2Fwp%2Fv2%2Fcomments&post=693"}],"wp:featuredmedia":[{"embeddable":true,"href":"https:\/\/dev.mvg.mruni.eu\/index.php?rest_route=\/wp\/v2\/media\/815"}],"wp:attachment":[{"href":"https:\/\/dev.mvg.mruni.eu\/index.php?rest_route=%2Fwp%2Fv2%2Fmedia&parent=693"}],"wp:term":[{"taxonomy":"product_brand","embeddable":true,"href":"https:\/\/dev.mvg.mruni.eu\/index.php?rest_route=%2Fwp%2Fv2%2Fproduct_brand&post=693"},{"taxonomy":"product_cat","embeddable":true,"href":"https:\/\/dev.mvg.mruni.eu\/index.php?rest_route=%2Fwp%2Fv2%2Fproduct_cat&post=693"},{"taxonomy":"product_tag","embeddable":true,"href":"https:\/\/dev.mvg.mruni.eu\/index.php?rest_route=%2Fwp%2Fv2%2Fproduct_tag&post=693"}],"curies":[{"name":"wp","href":"https:\/\/api.w.org\/{rel}","templated":true}]}}