{"id":691,"date":"2025-09-23T08:29:10","date_gmt":"2025-09-23T05:29:10","guid":{"rendered":"https:\/\/dev.mvg.mruni.eu\/?post_type=product&#038;p=691"},"modified":"2026-02-11T09:38:14","modified_gmt":"2026-02-11T07:38:14","slug":"emocines-sveikatos-stiprinimas-8-akad-val","status":"publish","type":"product","link":"https:\/\/dev.mvg.mruni.eu\/?product=emocines-sveikatos-stiprinimas-8-akad-val","title":{"rendered":"EMOCIN\u0116S SVEIKATOS STIPRINIMAS (8 akad. val.) Prof. dr. Vida Gud\u017einskien\u0117"},"content":{"rendered":"<p><strong>,,Emocin\u0117s sveikatos stiprinimas\u201c<\/strong><\/p>\n<p><strong>Trukm\u0117:<\/strong> 8 akad. val.<\/p>\n<p><strong>APIE LEKTOR\u0118<\/strong><\/p>\n<p>Prof. dr. Vida Gud\u017einskien\u0117, Mykolo Romerio universiteto profesor\u0117, Lietuvos socialinio darbo mokykl\u0173 asociacijos prezident\u0117. Nuo 2000 m. veda Emocin\u0117s sveikatos stiprinimo seminarus mokytojams, t\u0117vams, mokiniams, o nuo 2007 m. socialinio darbo profesionalams. 2013 m. i\u0161leidusi monografij\u0105 Jaunimo emocin\u0117s sveikatos ugdymas. Emocin\u0117s sveikatos stiprinimo kurs\u0105 studentams d\u0117sto nuo 2000. Lektor\u0117 yra mokslini\u0173 publikacij\u0173 apie \u012fvairi\u0173 socialini\u0173 grupi\u0173 asmen\u0173 emocin\u0117s sveikatos stiprinim\u0105, profesinio perdegimo prevencij\u0105,\u00a0 jo s\u0105sajas su asmenine ir profesine s\u0117kme autor\u0117.<\/p>\n<p><strong>APIE MOKYMUS<\/strong><\/p>\n<p>Mokym\u0173 metu pateikiama emocin\u0117s sveikatos samprata, ap\u017evelgiami emocin\u0119 sveikat\u0105 lemiantys veiksniai, prakti\u0161kai i\u0161bandomi sav\u0119s pa\u017einimo metodai ir pasitik\u0117jimo savimi ugdymo(si) metodai, aptariamas j\u0173 taikymas. Aptariama, kaip pasirengti skland\u017eiam pasikeitim\u0173 vyksmui, kaip i\u0161vengti profesinio perdegimo sindromo ir pozityvaus m\u0105stymo svarba emocinei sveikatai ir profesinei s\u0117mei.<\/p>\n<p><strong>Tikslas <\/strong>\u2013 kartu su mokym\u0173 dalyviais aptarti socialin\u0117s srities profesional\u0173 emocin\u0119 sveikat\u0105 s\u0105lygojan\u010dius veiksnius, emocin\u0117s sveikatos samprat\u0105, b\u016bdus j\u0105 i\u0161saugoti ir stiprinti siekiant i\u0161vengti profesinio perdegimo.<\/p>\n<p><strong>Kompetencijos, kurias \u012fgis mokym\u0173 dalyviai:<\/strong><\/p>\n<p>\ud83d\udfe0\u00a0 Geb\u0117s paai\u0161kinti emocin\u0117s sveikatos samprat\u0105.<\/p>\n<p>\ud83d\udfe0\u00a0 Geb\u0117s \u012fvardinti emoci\u0161kai sveiko \u017emogaus po\u017eymius bei veiksnius, susijusius su nerimu bei profesinio perdegimo gr\u0117sme individo lygmeniu.<\/p>\n<p>\ud83d\udfe0\u00a0 Geb\u0117s paai\u0161kinti nerimo \u012fveikos b\u016bdus.<\/p>\n<p>\ud83d\udfe0 Geb\u0117s reflektuoti asmenin\u0119 emocin\u0117s sveikatos u\u017etikrinimo, sav\u0119s vertinimo bei teigiamo sav\u0119s vertinimo patirt\u012f grup\u0117je.<\/p>\n<p>\ud83d\udfe0 Geb\u0117s mokytis bendradarbiaujant su kitais mokymosi dalyviais.<\/p>\n<p>&nbsp;<\/p>\n<p>&nbsp;<\/p>\n<p><strong>PRAKTIN\u0116 INFORMACIJA<\/strong><\/p>\n<p><strong>Vieta:<\/strong> visi miestai (kontaktiniai arba nuotoliniai mokymai)<\/p>\n<p><strong>Dalyviams i\u0161duodami kvalifikacijos pa\u017eym\u0117jimai.<\/strong><\/p>\n<p>&nbsp;<\/p>\n<p><strong>D\u0116L MOKYM\u0172 TEIRAUTIS<\/strong><\/p>\n<div class=\"location-map block\"><strong>El. pa\u0161tu:<\/strong> sonata.urbone@mruni.eu<\/div>\n<div class=\"location-map block\"><strong>mob. tel.<\/strong> +370 600 69018<\/div>\n<div><\/div>\n<div><img loading=\"lazy\" decoding=\"async\" class=\"alignnone wp-image-552\" src=\"https:\/\/dev.mvg.mruni.eu\/wp-content\/uploads\/2025\/09\/Orange-White-Simple-Circle-Rice-Bowl-Logo-300x125.png\" alt=\"\" width=\"197\" height=\"82\" srcset=\"https:\/\/dev.mvg.mruni.eu\/wp-content\/uploads\/2025\/09\/Orange-White-Simple-Circle-Rice-Bowl-Logo-300x125.png 300w, https:\/\/dev.mvg.mruni.eu\/wp-content\/uploads\/2025\/09\/Orange-White-Simple-Circle-Rice-Bowl-Logo.png 359w\" sizes=\"auto, (max-width: 197px) 100vw, 197px\" \/><\/div>\n","protected":false},"excerpt":{"rendered":"<p>,,Emocin\u0117s sveikatos stiprinimas\u201c Trukm\u0117: 8 akad. val. APIE LEKTOR\u0118 Prof. dr. Vida Gud\u017einskien\u0117, Mykolo Romerio universiteto profesor\u0117, Lietuvos socialinio darbo mokykl\u0173 asociacijos prezident\u0117. Nuo 2000 m. veda Emocin\u0117s sveikatos stiprinimo seminarus mokytojams, t\u0117vams, mokiniams, o nuo 2007 m. socialinio darbo profesionalams. 2013 m. i\u0161leidusi monografij\u0105 Jaunimo emocin\u0117s sveikatos ugdymas. Emocin\u0117s sveikatos stiprinimo kurs\u0105 studentams d\u0117sto [&hellip;]<\/p>\n","protected":false},"featured_media":816,"comment_status":"open","ping_status":"closed","template":"","meta":[],"product_brand":[],"product_cat":[35,36,27],"product_tag":[],"class_list":{"0":"post-691","1":"product","2":"type-product","3":"status-publish","4":"has-post-thumbnail","6":"product_cat-socialines-ir-humanitarines-sritys","7":"product_cat-psichologijos-mokymai","8":"product_cat-socialinio-darbo-mokymai","10":"first","11":"outofstock","12":"taxable","13":"shipping-taxable","14":"product-type-simple"},"_links":{"self":[{"href":"https:\/\/dev.mvg.mruni.eu\/index.php?rest_route=\/wp\/v2\/product\/691","targetHints":{"allow":["GET"]}}],"collection":[{"href":"https:\/\/dev.mvg.mruni.eu\/index.php?rest_route=\/wp\/v2\/product"}],"about":[{"href":"https:\/\/dev.mvg.mruni.eu\/index.php?rest_route=\/wp\/v2\/types\/product"}],"replies":[{"embeddable":true,"href":"https:\/\/dev.mvg.mruni.eu\/index.php?rest_route=%2Fwp%2Fv2%2Fcomments&post=691"}],"wp:featuredmedia":[{"embeddable":true,"href":"https:\/\/dev.mvg.mruni.eu\/index.php?rest_route=\/wp\/v2\/media\/816"}],"wp:attachment":[{"href":"https:\/\/dev.mvg.mruni.eu\/index.php?rest_route=%2Fwp%2Fv2%2Fmedia&parent=691"}],"wp:term":[{"taxonomy":"product_brand","embeddable":true,"href":"https:\/\/dev.mvg.mruni.eu\/index.php?rest_route=%2Fwp%2Fv2%2Fproduct_brand&post=691"},{"taxonomy":"product_cat","embeddable":true,"href":"https:\/\/dev.mvg.mruni.eu\/index.php?rest_route=%2Fwp%2Fv2%2Fproduct_cat&post=691"},{"taxonomy":"product_tag","embeddable":true,"href":"https:\/\/dev.mvg.mruni.eu\/index.php?rest_route=%2Fwp%2Fv2%2Fproduct_tag&post=691"}],"curies":[{"name":"wp","href":"https:\/\/api.w.org\/{rel}","templated":true}]}}