{"id":682,"date":"2025-09-22T14:41:20","date_gmt":"2025-09-22T11:41:20","guid":{"rendered":"https:\/\/dev.mvg.mruni.eu\/?post_type=product&#038;p=682"},"modified":"2026-01-23T11:00:51","modified_gmt":"2026-01-23T09:00:51","slug":"bendravimo-su-konfliktiskomis-asmenybemis-psichologiniai-ypatumai-8-akad-val","status":"publish","type":"product","link":"https:\/\/dev.mvg.mruni.eu\/?product=bendravimo-su-konfliktiskomis-asmenybemis-psichologiniai-ypatumai-8-akad-val","title":{"rendered":"BENDRAVIMO SU KONFLIKTI\u0160KOMIS ASMENYB\u0116MIS PSICHOLOGINIAI YPATUMAI (8 akad. val.) Lekt. Roberta Petkevi\u010di\u016bt\u0117"},"content":{"rendered":"<p><strong>,,Bendravimo su konflikti\u0161komis asmenyb\u0117mis psichologiniai ypatumai\u201c<\/strong><\/p>\n<p><strong>Trukm\u0117:<\/strong> 8 akad. val.<\/p>\n<p><strong>APIE LEKTOR\u0118<\/strong><\/p>\n<p>Roberta Petkevi\u010di\u016bt\u0117, Lietuvos policijos departamento prie LR VRM psicholog\u0117, anks\u010diau \u0117jusi Lietuvos probacijos tarnybos mediator\u0117s pareigas, teis\u0117s psicholog\u0117, MRU lektor\u0117, Lietuvos mediatori\u0173 r\u016bm\u0173 nar\u0117. Teikia mediacijos paslaugas baud\u017eiamosios teis\u0117s srityje,neteismin\u0117je mediacijoje, \u0161eimos gin\u010duose, konsultuoja organizacijas psichologin\u0117mis temomis. Turi 7 met\u0173patirt\u012f mediacijos veikloje. Mediacij\u0105 taik\u0117 daugiau nei 900 gin\u010d\u0173. Nuolat kelia kompetencij\u0105 mediacijos ir psichologijos srityse.<\/p>\n<p><strong>APIE MOKYMUS<\/strong><\/p>\n<p>Bendraujant su klientais kartais pasitaiko sud\u0117ting\u0173 situacij\u0173. \u0160ios situacijos da\u017enai susidaro d\u0117l konflikt\u0161k\u0173 asmenybi\u0173, tod\u0117l \u0161iuolaikinis psichologijos mokslas prisideda prie edukacijos, kuri padeda susikalb\u0117ti ir atrasti tam tikras galimybes, ribas bendraujant ir teikiant paslaug\u0105 \u0161ioms konflikti\u0161koms asmenybi\u0173 grup\u0117ms.<\/p>\n<p><strong>Tikslas <\/strong><\/p>\n<p>Suvokti konflikti\u0161k\u0173 asmenybi\u0173 tipus ir kaip su skirtingomis grup\u0117mis bendrauti.<\/p>\n<p><strong>U\u017edaviniai <\/strong><\/p>\n<p>\ud83d\udfe0 I\u0161siai\u0161kinti konflikti\u0161k\u0173 \u017emoni\u0173 tipus.<\/p>\n<p>\ud83d\udfe0 Supa\u017eindinti su skirtingomis technikomis bendraujant su konflikti\u0161kai asmenimis.<\/p>\n<p>\ud83d\udfe0 Prakti\u0161kai i\u0161bandyti bendravimo strategijas.<\/p>\n<p><strong>Kompetencijos, kurias \u012fgis mokym\u0173 dalyviai<\/strong><\/p>\n<p>\ud83d\udfe0 Atpa\u017einti konflikti\u0161kas asmenybes.<\/p>\n<p>\ud83d\udfe0 Stabilizuoti savo b\u016bsenas bendraujant su konflikti\u0161komis asmenyb\u0117mis.<\/p>\n<p>\ud83d\udfe0 Taikyti skirtingas bendravimo technikas bendraujant su konflikti\u0161kais amenimis.<\/p>\n<p>&nbsp;<\/p>\n<p>&nbsp;<\/p>\n<p><strong>PRAKTIN\u0116 INFORMACIJA<\/strong><\/p>\n<p><strong>Vieta:<\/strong> visi miestai (kontaktiniai arba nuotoliniai mokymai)<\/p>\n<p><strong>Dalyviams i\u0161duodami kvalifikacijos pa\u017eym\u0117jimai.<\/strong><\/p>\n<p>&nbsp;<\/p>\n<p><strong>D\u0116L MOKYM\u0172 TEIRAUTIS<\/strong><\/p>\n<div class=\"location-map block\"><strong>El. pa\u0161tu:<\/strong> sonata.urbone@mruni.eu<\/div>\n<div class=\"location-map block\"><strong>mob. tel.<\/strong> +370 600 69018<\/div>\n<div><\/div>\n<div><img loading=\"lazy\" decoding=\"async\" class=\"alignnone wp-image-552\" src=\"https:\/\/dev.mvg.mruni.eu\/wp-content\/uploads\/2025\/09\/Orange-White-Simple-Circle-Rice-Bowl-Logo-300x125.png\" alt=\"\" width=\"197\" height=\"82\" srcset=\"https:\/\/dev.mvg.mruni.eu\/wp-content\/uploads\/2025\/09\/Orange-White-Simple-Circle-Rice-Bowl-Logo-300x125.png 300w, https:\/\/dev.mvg.mruni.eu\/wp-content\/uploads\/2025\/09\/Orange-White-Simple-Circle-Rice-Bowl-Logo.png 359w\" sizes=\"auto, (max-width: 197px) 100vw, 197px\" \/><\/div>\n","protected":false},"excerpt":{"rendered":"<p>,,Bendravimo su konflikti\u0161komis asmenyb\u0117mis psichologiniai ypatumai\u201c Trukm\u0117: 8 akad. val. APIE LEKTOR\u0118 Roberta Petkevi\u010di\u016bt\u0117, Lietuvos policijos departamento prie LR VRM psicholog\u0117, anks\u010diau \u0117jusi Lietuvos probacijos tarnybos mediator\u0117s pareigas, teis\u0117s psicholog\u0117, MRU lektor\u0117, Lietuvos mediatori\u0173 r\u016bm\u0173 nar\u0117. Teikia mediacijos paslaugas baud\u017eiamosios teis\u0117s srityje,neteismin\u0117je mediacijoje, \u0161eimos gin\u010duose, konsultuoja organizacijas psichologin\u0117mis temomis. Turi 7 met\u0173patirt\u012f mediacijos veikloje. Mediacij\u0105 [&hellip;]<\/p>\n","protected":false},"featured_media":820,"comment_status":"open","ping_status":"closed","template":"","meta":[],"product_brand":[],"product_cat":[36],"product_tag":[],"class_list":{"0":"post-682","1":"product","2":"type-product","3":"status-publish","4":"has-post-thumbnail","6":"product_cat-psichologijos-mokymai","8":"first","9":"instock","10":"taxable","11":"shipping-taxable","12":"product-type-simple"},"_links":{"self":[{"href":"https:\/\/dev.mvg.mruni.eu\/index.php?rest_route=\/wp\/v2\/product\/682","targetHints":{"allow":["GET"]}}],"collection":[{"href":"https:\/\/dev.mvg.mruni.eu\/index.php?rest_route=\/wp\/v2\/product"}],"about":[{"href":"https:\/\/dev.mvg.mruni.eu\/index.php?rest_route=\/wp\/v2\/types\/product"}],"replies":[{"embeddable":true,"href":"https:\/\/dev.mvg.mruni.eu\/index.php?rest_route=%2Fwp%2Fv2%2Fcomments&post=682"}],"wp:featuredmedia":[{"embeddable":true,"href":"https:\/\/dev.mvg.mruni.eu\/index.php?rest_route=\/wp\/v2\/media\/820"}],"wp:attachment":[{"href":"https:\/\/dev.mvg.mruni.eu\/index.php?rest_route=%2Fwp%2Fv2%2Fmedia&parent=682"}],"wp:term":[{"taxonomy":"product_brand","embeddable":true,"href":"https:\/\/dev.mvg.mruni.eu\/index.php?rest_route=%2Fwp%2Fv2%2Fproduct_brand&post=682"},{"taxonomy":"product_cat","embeddable":true,"href":"https:\/\/dev.mvg.mruni.eu\/index.php?rest_route=%2Fwp%2Fv2%2Fproduct_cat&post=682"},{"taxonomy":"product_tag","embeddable":true,"href":"https:\/\/dev.mvg.mruni.eu\/index.php?rest_route=%2Fwp%2Fv2%2Fproduct_tag&post=682"}],"curies":[{"name":"wp","href":"https:\/\/api.w.org\/{rel}","templated":true}]}}