{"id":676,"date":"2025-09-22T13:53:56","date_gmt":"2025-09-22T10:53:56","guid":{"rendered":"https:\/\/dev.mvg.mruni.eu\/?post_type=product&#038;p=676"},"modified":"2026-01-23T11:01:45","modified_gmt":"2026-01-23T09:01:45","slug":"problemos-organizacijose-ir-efektyvus-ju-sprendimu-budai-8-akad-val","status":"publish","type":"product","link":"https:\/\/dev.mvg.mruni.eu\/?product=problemos-organizacijose-ir-efektyvus-ju-sprendimu-budai-8-akad-val","title":{"rendered":"PROBLEMOS ORGANIZACIJOSE IR EFEKTYV\u016aS J\u0172 SPRENDIM\u0172 B\u016aDAI (8 akad.val.) Lekt. Laura Dau\u010di\u016bnien\u0117"},"content":{"rendered":"<p><strong>\u201eProblemos organizacijose ir efektyv\u016bs j\u0173 sprendim\u0173 b\u016bdai\u201c<\/strong><\/p>\n<p><strong>Trukm\u0117:<\/strong> 8 akad. val.<\/p>\n<p><strong>APIE LEKTOR\u0118<\/strong><\/p>\n<p>Laura Dau\u010di\u016bnien\u0117 yra \u017emogi\u0161k\u0173j\u0173 i\u0161tekli\u0173 valdymo profesional\u0117, kurios pagrindinis tikslas \u2013 pad\u0117ti vadovams ir tuo pa\u010diu organizacijoms pasiekti u\u017esibr\u0117\u017et\u0173 tiksl\u0173, \u012fgalinant ir sutelkiant jose dirban\u010dius \u017emones.<\/p>\n<p>\ud83d\udfe0 Vadovavimo, personalo valdymo ir poky\u010di\u0173 valdymo ekspert\u0117.<\/p>\n<p>\ud83d\udfe0 17+ met\u0173 patirtis personalo valdymo srityje.<\/p>\n<p>\ud83d\udfe0 Patirtis spar\u010diai augan\u010diose \u012fmon\u0117se.<\/p>\n<p>\ud83d\udfe0 Patirtis dirbant su auk\u0161\u010diausio lygio vadovais.<\/p>\n<p>\ud83d\udfe0 Lyderyst\u0117s ir personalo valdymo d\u0117stytoja (MRU).<\/p>\n<p>\ud83d\udfe0 Keliautoja ir piligrimini\u0173 \u017eygi\u0173 dalyv\u0117.<\/p>\n<p><strong>APIE MOKYMUS<\/strong><\/p>\n<p>Mokym\u0173 metu susipa\u017einsime su gerosiomis praktikomis ir da\u017eniausiai pasitaikan\u010diomis klaidomis, identifikuojant problemas organizacijose. Praktiniuose u\u017esi\u0117mimuose i\u0161moksime, kaip atpa\u017einti dar tik kylan\u010dias problemas ir kokios galimos prevencin\u0117s priemon\u0117s j\u0173 i\u0161vengimui. Susipa\u017einsime su skirtingomis technikomis, kurios padeda i\u0161spr\u0119sti jau i\u0161kilusias problemas, atsi\u017evelgiant \u012f j\u0173 pob\u016bd\u012f.<\/p>\n<p><strong>Tikslas <\/strong>\u2013 stiprinti mokym\u0173 dalyvi\u0173 kompetencijas identifikuojant ir sprend\u017eiant i\u0161kylan\u010dias problemas organizacijose.<\/p>\n<p><strong>U\u017edaviniai <\/strong>\u2013 i\u0161mokti pozityviai ir efektyviai i\u0161spr\u0119sti kylan\u010dias problemas organizacijose.<\/p>\n<p>&nbsp;<\/p>\n<p>&nbsp;<\/p>\n<p><strong>PRAKTIN\u0116 INFORMACIJA<\/strong><\/p>\n<p><strong>Vieta:<\/strong> visi miestai (kontaktiniai arba nuotoliniai mokymai)<\/p>\n<p><strong>Dalyviams i\u0161duodami kvalifikacijos pa\u017eym\u0117jimai.<\/strong><\/p>\n<p>&nbsp;<\/p>\n<p><strong>D\u0116L MOKYM\u0172 TEIRAUTIS<\/strong><\/p>\n<div class=\"location-map block\"><strong>El. pa\u0161tu:<\/strong> sonata.urbone@mruni.eu<\/div>\n<div class=\"location-map block\"><strong>mob. tel.<\/strong> +370 600 69018<\/div>\n<div><\/div>\n<div><img loading=\"lazy\" decoding=\"async\" class=\"alignnone wp-image-552\" src=\"https:\/\/dev.mvg.mruni.eu\/wp-content\/uploads\/2025\/09\/Orange-White-Simple-Circle-Rice-Bowl-Logo-300x125.png\" alt=\"\" width=\"197\" height=\"82\" srcset=\"https:\/\/dev.mvg.mruni.eu\/wp-content\/uploads\/2025\/09\/Orange-White-Simple-Circle-Rice-Bowl-Logo-300x125.png 300w, https:\/\/dev.mvg.mruni.eu\/wp-content\/uploads\/2025\/09\/Orange-White-Simple-Circle-Rice-Bowl-Logo.png 359w\" sizes=\"auto, (max-width: 197px) 100vw, 197px\" \/><\/div>\n","protected":false},"excerpt":{"rendered":"<p>\u201eProblemos organizacijose ir efektyv\u016bs j\u0173 sprendim\u0173 b\u016bdai\u201c Trukm\u0117: 8 akad. val. APIE LEKTOR\u0118 Laura Dau\u010di\u016bnien\u0117 yra \u017emogi\u0161k\u0173j\u0173 i\u0161tekli\u0173 valdymo profesional\u0117, kurios pagrindinis tikslas \u2013 pad\u0117ti vadovams ir tuo pa\u010diu organizacijoms pasiekti u\u017esibr\u0117\u017et\u0173 tiksl\u0173, \u012fgalinant ir sutelkiant jose dirban\u010dius \u017emones. \ud83d\udfe0 Vadovavimo, personalo valdymo ir poky\u010di\u0173 valdymo ekspert\u0117. \ud83d\udfe0 17+ met\u0173 patirtis personalo valdymo srityje. \ud83d\udfe0 [&hellip;]<\/p>\n","protected":false},"featured_media":823,"comment_status":"open","ping_status":"closed","template":"","meta":[],"product_brand":[],"product_cat":[44],"product_tag":[],"class_list":{"0":"post-676","1":"product","2":"type-product","3":"status-publish","4":"has-post-thumbnail","6":"product_cat-vadybos-ir-verslo-mokymai","8":"first","9":"outofstock","10":"taxable","11":"shipping-taxable","12":"product-type-simple"},"_links":{"self":[{"href":"https:\/\/dev.mvg.mruni.eu\/index.php?rest_route=\/wp\/v2\/product\/676","targetHints":{"allow":["GET"]}}],"collection":[{"href":"https:\/\/dev.mvg.mruni.eu\/index.php?rest_route=\/wp\/v2\/product"}],"about":[{"href":"https:\/\/dev.mvg.mruni.eu\/index.php?rest_route=\/wp\/v2\/types\/product"}],"replies":[{"embeddable":true,"href":"https:\/\/dev.mvg.mruni.eu\/index.php?rest_route=%2Fwp%2Fv2%2Fcomments&post=676"}],"wp:featuredmedia":[{"embeddable":true,"href":"https:\/\/dev.mvg.mruni.eu\/index.php?rest_route=\/wp\/v2\/media\/823"}],"wp:attachment":[{"href":"https:\/\/dev.mvg.mruni.eu\/index.php?rest_route=%2Fwp%2Fv2%2Fmedia&parent=676"}],"wp:term":[{"taxonomy":"product_brand","embeddable":true,"href":"https:\/\/dev.mvg.mruni.eu\/index.php?rest_route=%2Fwp%2Fv2%2Fproduct_brand&post=676"},{"taxonomy":"product_cat","embeddable":true,"href":"https:\/\/dev.mvg.mruni.eu\/index.php?rest_route=%2Fwp%2Fv2%2Fproduct_cat&post=676"},{"taxonomy":"product_tag","embeddable":true,"href":"https:\/\/dev.mvg.mruni.eu\/index.php?rest_route=%2Fwp%2Fv2%2Fproduct_tag&post=676"}],"curies":[{"name":"wp","href":"https:\/\/api.w.org\/{rel}","templated":true}]}}