{"id":674,"date":"2025-09-22T10:59:35","date_gmt":"2025-09-22T07:59:35","guid":{"rendered":"https:\/\/dev.mvg.mruni.eu\/?post_type=product&#038;p=674"},"modified":"2026-02-11T10:24:02","modified_gmt":"2026-02-11T08:24:02","slug":"nediskriminavimo-kursas-vadovams-4-akad-val","status":"publish","type":"product","link":"https:\/\/dev.mvg.mruni.eu\/?product=nediskriminavimo-kursas-vadovams-4-akad-val","title":{"rendered":"NEDISKRIMINAVIMO KURSAS VADOVAMS (4 akad. val.) Prof. dr. Gintaras \u010cernius"},"content":{"rendered":"<p><strong>,,Nediskriminavimo kursas vadovams\u201c<\/strong><\/p>\n<p><strong>Trukm\u0117:<\/strong> 4 akad. val.<\/p>\n<p><strong>APIE LEKTORI\u0172<\/strong><\/p>\n<p>Prof. dr. Gintaras \u010cernius yra Mykolo Romerio universiteto Ekonomikos ir finans\u0173 valdymo fakulteto dekanas. Gintaras \u010cernius skaito paskaitas ir veda seminarus buhalterin\u0117s apskaitos temomis jau 24 metus. 9 metus jis d\u0117st\u0117 Vilniaus universiteto Ekonomikos fakulteto Buhalterin\u0117s apskaitos katedroje. Buvo valstyb\u0117s patar\u0117jas apskaitos, mokes\u010di\u0173 ir audito klausimais, Apskaitos ir audito instituto tarybos pirmininkas, Auditori\u0173 garb\u0117s teismo pirmininkas, Apskaitos instituto Standart\u0173 tarybos pirmininkas. Yra 3 knyg\u0173 (\u201eFinansin\u0117 ir mened\u017emento apskaita\u201c, 1993; \u201eApskaitos vadovas\u201c (3 dalys), 1994; \u201eBuhalterio \u017einynas\u201c, 2000) bendraautoris ir dviej\u0173 vadov\u0117li\u0173 (\u201eNam\u0173 \u016bkio finans\u0173 valdymas\u201c, 2011; \u201e\u012emon\u0117s finans\u0173 valdymo pagrindai\u201c, 2014) autorius. Nuo 1999 m. iki \u0161iol dirba kaip buhalterin\u0117s apskaitos, \u012fmoni\u0173 finans\u0173 valdymo konsultantas ir asmenini\u0173 finans\u0173 treneris.<\/p>\n<p><strong>APIE MOKYMUS<\/strong><\/p>\n<p>Nediskriminavimas \u2013 vienas kertini\u0173 Europos S\u0105jungos \u012fk\u016brimo ir gyvavimo princip\u0173. Suvokimas apie nediskriminavim\u0105 ypa\u010d b\u016btinas mokymo \u012fstaig\u0173 vadovams, pedagogams bei darbuotojams, kadangi b\u016btent mokykloje formuojasi (-ma) \u017emogaus pasaul\u0117\u017ei\u016bra, \u010dia pilietis parengiamas gyvenimui. \u017dinios apie lygias galimybes b\u016btinos visiems \u0161vietimo \u012fstaigose dirbantiems specialistams \u2013 nuo vadovo iki pedagogo ir socialinio darbuotojo. Tyrimai rodo, jog vadov\u0117liuose vis dar da\u017enai pasitaiko netinkam\u0173 stereotip\u0173 bei netolerancijos aprai\u0161k\u0173, mokyklose fiksuojami tiesiogin\u0117s ir netiesiogin\u0117s diskriminacijos, priekabiavimo, nurodym\u0173 diskriminuoti atvejai. \u0160iuolaikiniame pasaulyje institucij\u0173 vadovai yra atsakingi ne tik u\u017e savo paties toleranti\u0161k\u0105 elges\u012f, bet apskritai u\u017e tai, kad institucijoje niekas nepatirt\u0173 diskriminacijos.<\/p>\n<p><strong>Mokym\u0173 turinys:\u00a0<\/strong><\/p>\n<p>\ud83d\udfe0 Trumpai pristatomas nediskriminavimo reglamentavimas tarptautiniuose bei nacionaliniuose teis\u0117s aktuose.<\/p>\n<p>\ud83d\udfe0 Ap\u017evelgiami charakteringi lygi\u0173 galimybi\u0173 pa\u017eeidim\u0173 atvejai, analizuojama \u0161iais atvejais tenkanti atsakomyb\u0117 vadovams.<\/p>\n<p>\ud83d\udfe0 Susiejama paty\u010dios, i\u0161ankstiniai \u012fsitikinimai, netolerancija, diskriminacija.<\/p>\n<p>\ud83d\udfe0 Aptariamos sankcijos u\u017e diskriminacij\u0105 bei b\u016bdai, kaip galima i\u0161vengti diskriminacijos.<\/p>\n<p>\ud83d\udfe0 Nagrin\u0117jamos darbo, preki\u0173-paslaug\u0173 bei \u0161vietimo-mokslo sritys.<\/p>\n<p>\ud83d\udfe0 Paai\u0161kinamos tiesiogin\u0117s, netiesiogin\u0117s diskriminacijos, priekabiavimo, seksualinio priekabiavimo ir nurodymo diskriminuoti s\u0105vokos, aptariama diskriminacini\u0173 darbo skelbim\u0173 problema.<\/p>\n<p>&nbsp;<\/p>\n<p>&nbsp;<\/p>\n<p><strong>PRAKTIN\u0116 INFORMACIJA<\/strong><\/p>\n<p><strong>Vieta:<\/strong> visi miestai (kontaktiniai arba nuotoliniai mokymai)<\/p>\n<p><strong>Dalyviams i\u0161duodami kvalifikacijos pa\u017eym\u0117jimai.<\/strong><\/p>\n<p>&nbsp;<\/p>\n<p><strong>D\u0116L MOKYM\u0172 TEIRAUTIS<\/strong><\/p>\n<div class=\"location-map block\"><strong>El. pa\u0161tu:<\/strong> sonata.urbone@mruni.eu<\/div>\n<div class=\"location-map block\"><strong>mob. tel.<\/strong> +370 600 69018<\/div>\n<div><\/div>\n<div><img loading=\"lazy\" decoding=\"async\" class=\"alignnone wp-image-552\" src=\"https:\/\/dev.mvg.mruni.eu\/wp-content\/uploads\/2025\/09\/Orange-White-Simple-Circle-Rice-Bowl-Logo-300x125.png\" alt=\"\" width=\"197\" height=\"82\" srcset=\"https:\/\/dev.mvg.mruni.eu\/wp-content\/uploads\/2025\/09\/Orange-White-Simple-Circle-Rice-Bowl-Logo-300x125.png 300w, https:\/\/dev.mvg.mruni.eu\/wp-content\/uploads\/2025\/09\/Orange-White-Simple-Circle-Rice-Bowl-Logo.png 359w\" sizes=\"auto, (max-width: 197px) 100vw, 197px\" \/><\/div>\n","protected":false},"excerpt":{"rendered":"<p>,,Nediskriminavimo kursas vadovams\u201c Trukm\u0117: 4 akad. val. APIE LEKTORI\u0172 Prof. dr. Gintaras \u010cernius yra Mykolo Romerio universiteto Ekonomikos ir finans\u0173 valdymo fakulteto dekanas. Gintaras \u010cernius skaito paskaitas ir veda seminarus buhalterin\u0117s apskaitos temomis jau 24 metus. 9 metus jis d\u0117st\u0117 Vilniaus universiteto Ekonomikos fakulteto Buhalterin\u0117s apskaitos katedroje. Buvo valstyb\u0117s patar\u0117jas apskaitos, mokes\u010di\u0173 ir audito klausimais, [&hellip;]<\/p>\n","protected":false},"featured_media":825,"comment_status":"open","ping_status":"closed","template":"","meta":[],"product_brand":[],"product_cat":[42,44],"product_tag":[],"class_list":{"0":"post-674","1":"product","2":"type-product","3":"status-publish","4":"has-post-thumbnail","6":"product_cat-verslui","7":"product_cat-vadybos-ir-verslo-mokymai","9":"first","10":"instock","11":"taxable","12":"shipping-taxable","13":"product-type-simple"},"_links":{"self":[{"href":"https:\/\/dev.mvg.mruni.eu\/index.php?rest_route=\/wp\/v2\/product\/674","targetHints":{"allow":["GET"]}}],"collection":[{"href":"https:\/\/dev.mvg.mruni.eu\/index.php?rest_route=\/wp\/v2\/product"}],"about":[{"href":"https:\/\/dev.mvg.mruni.eu\/index.php?rest_route=\/wp\/v2\/types\/product"}],"replies":[{"embeddable":true,"href":"https:\/\/dev.mvg.mruni.eu\/index.php?rest_route=%2Fwp%2Fv2%2Fcomments&post=674"}],"wp:featuredmedia":[{"embeddable":true,"href":"https:\/\/dev.mvg.mruni.eu\/index.php?rest_route=\/wp\/v2\/media\/825"}],"wp:attachment":[{"href":"https:\/\/dev.mvg.mruni.eu\/index.php?rest_route=%2Fwp%2Fv2%2Fmedia&parent=674"}],"wp:term":[{"taxonomy":"product_brand","embeddable":true,"href":"https:\/\/dev.mvg.mruni.eu\/index.php?rest_route=%2Fwp%2Fv2%2Fproduct_brand&post=674"},{"taxonomy":"product_cat","embeddable":true,"href":"https:\/\/dev.mvg.mruni.eu\/index.php?rest_route=%2Fwp%2Fv2%2Fproduct_cat&post=674"},{"taxonomy":"product_tag","embeddable":true,"href":"https:\/\/dev.mvg.mruni.eu\/index.php?rest_route=%2Fwp%2Fv2%2Fproduct_tag&post=674"}],"curies":[{"name":"wp","href":"https:\/\/api.w.org\/{rel}","templated":true}]}}