{"id":672,"date":"2025-09-22T10:51:42","date_gmt":"2025-09-22T07:51:42","guid":{"rendered":"https:\/\/dev.mvg.mruni.eu\/?post_type=product&#038;p=672"},"modified":"2026-01-23T11:05:50","modified_gmt":"2026-01-23T09:05:50","slug":"seniuno-vaidmuo-stiprinant-socialini-kapitala-8-akad-val","status":"publish","type":"product","link":"https:\/\/dev.mvg.mruni.eu\/?product=seniuno-vaidmuo-stiprinant-socialini-kapitala-8-akad-val","title":{"rendered":"SENI\u016aNO VAIDMUO STIPRINANT SOCIALIN\u012e KAPITAL\u0104 (8 akad. val.)"},"content":{"rendered":"<p><strong>,,Seni\u016bno vaidmuo stiprinant socialin\u012f kapital\u0105\u201c<\/strong><\/p>\n<p><strong>Trukm\u0117:<\/strong> 8 akad. val.<\/p>\n<p><strong>APIE LEKTORI\u0172<\/strong><\/p>\n<p>Dr. Saulius Nefas yra Mykolo Romerio universiteto Vie\u0161ojo administravimo instituto docentas, kurio tyrim\u0173 tema yra vietos bendruomeni\u0161kumas, vietos demokratija savivaldoje. Jis yra Pasaulio banko ir Jungtini\u0173 vystymosi taut\u0173 ekspertas savivaldos, pilie\u010di\u0173 dalyvavimo, vietos bendruomeni\u0173 vystymo, stratreginio planavimo ir d\u0117stytoj\u0173 rengimo klausimais. Dirbo Tad\u017eikistane, Kirgistane, Kazachstane, Turkm\u0117nistane, Baltarusijoje, Rusijoje. Turi politinio darbo patirties nes 1995 \u2013 2000 buvo Anyk\u0161\u010di\u0173 rajono meras, o 1995 \u2013 1997 \u2013 Lietuvos savivaldybi\u0173 asociasijos viceprezidentas ir prezidentas, bei Vietos ir region\u0173 vald\u017ei\u0173 kongreso Strasb\u016bre narys (1997-2000).<\/p>\n<p><strong>APIE MOKYMUS<\/strong><\/p>\n<p><strong>Mokym\u0173 temos:<\/strong><\/p>\n<p>\ud83d\udfe0 Gyventoj\u0173 aktyvumas &#8211; socialinio kapitalo dalis;<\/p>\n<p>\ud83d\udfe0 Kas yra geras valdymas?<\/p>\n<p>\ud83d\udfe0Kaip aktyvinti seni\u016bnij\u0173 bendruomeni\u0173 atstovus, seni\u016bnai\u010dius dalyvauti vie\u0161ojo sektoriaus valdyme?<\/p>\n<p>\ud83d\udfe0 Seni\u016bnijos gyventoj\u0173 poreiki\u0173 tyrimai, apklaus\u0173 organizavimo b\u016bdai;<\/p>\n<p>\ud83d\udfe0 Seni\u016bnai\u010di\u0173 ir seni\u016bnijos ry\u0161ys sprend\u017eiant vietos bendruomenei aktualias problemas;<\/p>\n<p>\ud83d\udfe0 Savivaldyb\u0117s motyvacin\u0117s priemon\u0117s vietos bendruomeni\u0173 ir seni\u016bnai\u010di\u0173 veikloje.<\/p>\n<p>&nbsp;<\/p>\n<p>&nbsp;<\/p>\n<p><strong>PRAKTIN\u0116 INFORMACIJA<\/strong><\/p>\n<p><strong>Vieta: visi miestai (nuotoliniai mokymai)<\/strong><\/p>\n<p><strong>Dalyviams i\u0161duodami kvalifikacijos pa\u017eym\u0117jimai.<\/strong><\/p>\n<p>&nbsp;<\/p>\n<p><strong>D\u0116L MOKYM\u0172 TEIRAUTIS<\/strong><\/p>\n<p><strong>El. pa\u0161tu: <\/strong><a href=\"mailto:mokymai@mruini.eu\">mokymai@mruini.eu<\/a><\/p>\n<p><strong>mob. tel. +37068985555<\/strong><\/p>\n<p>&nbsp;<\/p>\n<p>&nbsp;<\/p>\n<div><\/div>\n<div><img loading=\"lazy\" decoding=\"async\" class=\"alignnone wp-image-552\" src=\"https:\/\/dev.mvg.mruni.eu\/wp-content\/uploads\/2025\/09\/Orange-White-Simple-Circle-Rice-Bowl-Logo-300x125.png\" alt=\"\" width=\"197\" height=\"82\" srcset=\"https:\/\/dev.mvg.mruni.eu\/wp-content\/uploads\/2025\/09\/Orange-White-Simple-Circle-Rice-Bowl-Logo-300x125.png 300w, https:\/\/dev.mvg.mruni.eu\/wp-content\/uploads\/2025\/09\/Orange-White-Simple-Circle-Rice-Bowl-Logo.png 359w\" sizes=\"auto, (max-width: 197px) 100vw, 197px\" \/><\/div>\n","protected":false},"excerpt":{"rendered":"<p>,,Seni\u016bno vaidmuo stiprinant socialin\u012f kapital\u0105\u201c Trukm\u0117: 8 akad. val. APIE LEKTORI\u0172 Dr. Saulius Nefas yra Mykolo Romerio universiteto Vie\u0161ojo administravimo instituto docentas, kurio tyrim\u0173 tema yra vietos bendruomeni\u0161kumas, vietos demokratija savivaldoje. Jis yra Pasaulio banko ir Jungtini\u0173 vystymosi taut\u0173 ekspertas savivaldos, pilie\u010di\u0173 dalyvavimo, vietos bendruomeni\u0173 vystymo, stratreginio planavimo ir d\u0117stytoj\u0173 rengimo klausimais. Dirbo Tad\u017eikistane, Kirgistane, [&hellip;]<\/p>\n","protected":false},"featured_media":826,"comment_status":"open","ping_status":"closed","template":"","meta":[],"product_brand":[],"product_cat":[38],"product_tag":[],"class_list":{"0":"post-672","1":"product","2":"type-product","3":"status-publish","4":"has-post-thumbnail","6":"product_cat-viesojo-administravimo-mokymai","8":"first","9":"outofstock","10":"taxable","11":"shipping-taxable","12":"product-type-simple"},"_links":{"self":[{"href":"https:\/\/dev.mvg.mruni.eu\/index.php?rest_route=\/wp\/v2\/product\/672","targetHints":{"allow":["GET"]}}],"collection":[{"href":"https:\/\/dev.mvg.mruni.eu\/index.php?rest_route=\/wp\/v2\/product"}],"about":[{"href":"https:\/\/dev.mvg.mruni.eu\/index.php?rest_route=\/wp\/v2\/types\/product"}],"replies":[{"embeddable":true,"href":"https:\/\/dev.mvg.mruni.eu\/index.php?rest_route=%2Fwp%2Fv2%2Fcomments&post=672"}],"wp:featuredmedia":[{"embeddable":true,"href":"https:\/\/dev.mvg.mruni.eu\/index.php?rest_route=\/wp\/v2\/media\/826"}],"wp:attachment":[{"href":"https:\/\/dev.mvg.mruni.eu\/index.php?rest_route=%2Fwp%2Fv2%2Fmedia&parent=672"}],"wp:term":[{"taxonomy":"product_brand","embeddable":true,"href":"https:\/\/dev.mvg.mruni.eu\/index.php?rest_route=%2Fwp%2Fv2%2Fproduct_brand&post=672"},{"taxonomy":"product_cat","embeddable":true,"href":"https:\/\/dev.mvg.mruni.eu\/index.php?rest_route=%2Fwp%2Fv2%2Fproduct_cat&post=672"},{"taxonomy":"product_tag","embeddable":true,"href":"https:\/\/dev.mvg.mruni.eu\/index.php?rest_route=%2Fwp%2Fv2%2Fproduct_tag&post=672"}],"curies":[{"name":"wp","href":"https:\/\/api.w.org\/{rel}","templated":true}]}}