{"id":667,"date":"2025-09-22T10:33:17","date_gmt":"2025-09-22T07:33:17","guid":{"rendered":"https:\/\/dev.mvg.mruni.eu\/?post_type=product&#038;p=667"},"modified":"2026-01-23T11:07:13","modified_gmt":"2026-01-23T09:07:13","slug":"imones-finansu-esme-ir-valdymo-modelis-4-akad-val","status":"publish","type":"product","link":"https:\/\/dev.mvg.mruni.eu\/?product=imones-finansu-esme-ir-valdymo-modelis-4-akad-val","title":{"rendered":"\u012eMON\u0116S FINANS\u0172 ESM\u0116 IR VALDYMO MODELIS (4 akad. val.) Prof. dr. Gintaras \u010cernius"},"content":{"rendered":"<p><strong>,,\u012emon\u0117s finans\u0173 esm\u0117 ir valdymo modelis\u201c<\/strong><\/p>\n<p><strong>Trukm\u0117:<\/strong> 4 akad. val.<\/p>\n<p><strong>APIE LEKTORI\u0172<\/strong><\/p>\n<p>Prof. dr. Gintaras \u010cernius yra Mykolo Romerio universiteto Ekonomikos ir finans\u0173 valdymo fakulteto dekanas. Prof. dr. Gintaras \u010cernius skaito paskaitas ir veda seminarus buhalterin\u0117s apskaitos temomis jau 24 metus. 9 metus jis d\u0117st\u0117 Vilniaus universiteto Ekonomikos fakulteto Buhalterin\u0117s apskaitos katedroje. Buvo valstyb\u0117s patar\u0117jas apskaitos, mokes\u010di\u0173 ir audito klausimais, Apskaitos ir audito instituto tarybos pirmininkas, Auditori\u0173 garb\u0117s teismo pirmininkas, Apskaitos instituto Standart\u0173 tarybos pirmininkas. Yra 3 knyg\u0173 (\u201eFinansin\u0117 ir mened\u017emento apskaita\u201c, 1993; \u201eApskaitos vadovas\u201c (3 dalys), 1994; \u201eBuhalterio \u017einynas\u201c, 2000) bendraautoris ir dviej\u0173 vadov\u0117li\u0173 (\u201eNam\u0173 \u016bkio finans\u0173 valdymas\u201c, 2011; \u201e\u012emon\u0117s finans\u0173 valdymo pagrindai\u201c, 2014) autorius. Nuo 1999 m. iki \u0161iol dirba kaip buhalterin\u0117s apskaitos, \u012fmoni\u0173 finans\u0173 valdymo konsultantas ir asmenini\u0173 finans\u0173 treneris.<\/p>\n<p><strong>APIE MOKYMUS<\/strong><\/p>\n<p><strong>Temos:<\/strong><\/p>\n<p>\ud83d\udfe0 \u012emon\u0117s finans\u0173 tikslas ir jo s\u0105saja su savinink\u0173 investavimo strategija.<\/p>\n<p>\ud83d\udfe0 \u00a0\u012emon\u0117s finans\u0173 modelis ir jo funkcionavimo esm\u0117.<\/p>\n<p>\ud83d\udfe0 Galimyb\u0117s \u012fmon\u0117s finans\u0173 model\u012f panaudoti sprendim\u0173 pri\u0117mimui.<\/p>\n<p>&nbsp;<\/p>\n<p>&nbsp;<\/p>\n<p><strong>PRAKTIN\u0116 INFORMACIJA<\/strong><\/p>\n<p><strong>Vieta:<\/strong> visi miestai (kontaktiniai arba nuotoliniai mokymai)<\/p>\n<p><strong>Dalyviams i\u0161duodami kvalifikacijos pa\u017eym\u0117jimai.<\/strong><\/p>\n<p>&nbsp;<\/p>\n<p><strong>D\u0116L MOKYM\u0172 TEIRAUTIS<\/strong><\/p>\n<div class=\"location-map block\"><strong>El. pa\u0161tu:<\/strong> sonata.urbone@mruni.eu<\/div>\n<div class=\"location-map block\"><strong>mob. tel.<\/strong> +370 600 69018<\/div>\n<div><\/div>\n<div><img loading=\"lazy\" decoding=\"async\" class=\"alignnone wp-image-552\" src=\"https:\/\/dev.mvg.mruni.eu\/wp-content\/uploads\/2025\/09\/Orange-White-Simple-Circle-Rice-Bowl-Logo-300x125.png\" alt=\"\" width=\"197\" height=\"82\" srcset=\"https:\/\/dev.mvg.mruni.eu\/wp-content\/uploads\/2025\/09\/Orange-White-Simple-Circle-Rice-Bowl-Logo-300x125.png 300w, https:\/\/dev.mvg.mruni.eu\/wp-content\/uploads\/2025\/09\/Orange-White-Simple-Circle-Rice-Bowl-Logo.png 359w\" sizes=\"auto, (max-width: 197px) 100vw, 197px\" \/><\/div>\n","protected":false},"excerpt":{"rendered":"<p>,,\u012emon\u0117s finans\u0173 esm\u0117 ir valdymo modelis\u201c Trukm\u0117: 4 akad. val. APIE LEKTORI\u0172 Prof. dr. Gintaras \u010cernius yra Mykolo Romerio universiteto Ekonomikos ir finans\u0173 valdymo fakulteto dekanas. Prof. dr. Gintaras \u010cernius skaito paskaitas ir veda seminarus buhalterin\u0117s apskaitos temomis jau 24 metus. 9 metus jis d\u0117st\u0117 Vilniaus universiteto Ekonomikos fakulteto Buhalterin\u0117s apskaitos katedroje. Buvo valstyb\u0117s patar\u0117jas [&hellip;]<\/p>\n","protected":false},"featured_media":828,"comment_status":"open","ping_status":"closed","template":"","meta":[],"product_brand":[],"product_cat":[56],"product_tag":[],"class_list":{"0":"post-667","1":"product","2":"type-product","3":"status-publish","4":"has-post-thumbnail","6":"product_cat-finansai","8":"first","9":"outofstock","10":"taxable","11":"shipping-taxable","12":"product-type-simple"},"_links":{"self":[{"href":"https:\/\/dev.mvg.mruni.eu\/index.php?rest_route=\/wp\/v2\/product\/667","targetHints":{"allow":["GET"]}}],"collection":[{"href":"https:\/\/dev.mvg.mruni.eu\/index.php?rest_route=\/wp\/v2\/product"}],"about":[{"href":"https:\/\/dev.mvg.mruni.eu\/index.php?rest_route=\/wp\/v2\/types\/product"}],"replies":[{"embeddable":true,"href":"https:\/\/dev.mvg.mruni.eu\/index.php?rest_route=%2Fwp%2Fv2%2Fcomments&post=667"}],"wp:featuredmedia":[{"embeddable":true,"href":"https:\/\/dev.mvg.mruni.eu\/index.php?rest_route=\/wp\/v2\/media\/828"}],"wp:attachment":[{"href":"https:\/\/dev.mvg.mruni.eu\/index.php?rest_route=%2Fwp%2Fv2%2Fmedia&parent=667"}],"wp:term":[{"taxonomy":"product_brand","embeddable":true,"href":"https:\/\/dev.mvg.mruni.eu\/index.php?rest_route=%2Fwp%2Fv2%2Fproduct_brand&post=667"},{"taxonomy":"product_cat","embeddable":true,"href":"https:\/\/dev.mvg.mruni.eu\/index.php?rest_route=%2Fwp%2Fv2%2Fproduct_cat&post=667"},{"taxonomy":"product_tag","embeddable":true,"href":"https:\/\/dev.mvg.mruni.eu\/index.php?rest_route=%2Fwp%2Fv2%2Fproduct_tag&post=667"}],"curies":[{"name":"wp","href":"https:\/\/api.w.org\/{rel}","templated":true}]}}