{"id":664,"date":"2025-09-22T10:28:06","date_gmt":"2025-09-22T07:28:06","guid":{"rendered":"https:\/\/dev.mvg.mruni.eu\/?post_type=product&#038;p=664"},"modified":"2026-01-23T11:07:44","modified_gmt":"2026-01-23T09:07:44","slug":"finansai-verslo-vadovams-ir-savininkams-16-akad-val","status":"publish","type":"product","link":"https:\/\/dev.mvg.mruni.eu\/?product=finansai-verslo-vadovams-ir-savininkams-16-akad-val","title":{"rendered":"FINANSAI VERSLO VADOVAMS IR SAVININKAMS (16 akad. val.) Prof. dr. Gintaras \u010cernius"},"content":{"rendered":"<p><strong>,,Finansai verslo vadovams ir savininkams\u201c<\/strong><\/p>\n<p><strong>Trukm\u0117:<\/strong> 16 akad. val.<\/p>\n<p><strong>APIE LEKTORI\u0172<\/strong><\/p>\n<p>Prof. dr. Gintaras \u010cernius yra Mykolo Romerio universiteto Ekonomikos ir finans\u0173 valdymo fakulteto dekanas. Prof. dr. Gintaras \u010cernius skaito paskaitas ir veda seminarus buhalterin\u0117s apskaitos temomis jau 24 metus. 9 metus jis d\u0117st\u0117 Vilniaus universiteto Ekonomikos fakulteto Buhalterin\u0117s apskaitos katedroje. Buvo valstyb\u0117s patar\u0117jas apskaitos, mokes\u010di\u0173 ir audito klausimais, Apskaitos ir audito instituto tarybos pirmininkas, Auditori\u0173 garb\u0117s teismo pirmininkas, Apskaitos instituto Standart\u0173 tarybos pirmininkas. Yra 3 knyg\u0173 (\u201eFinansin\u0117 ir mened\u017emento apskaita\u201c, 1993; \u201eApskaitos vadovas\u201c (3 dalys), 1994; \u201eBuhalterio \u017einynas\u201c, 2000) bendraautoris ir dviej\u0173 vadov\u0117li\u0173 (\u201eNam\u0173 \u016bkio finans\u0173 valdymas\u201c, 2011; \u201e\u012emon\u0117s finans\u0173 valdymo pagrindai\u201c, 2014) autorius. Nuo 1999 m. iki \u0161iol dirba kaip buhalterin\u0117s apskaitos, \u012fmoni\u0173 finans\u0173 valdymo konsultantas ir asmenini\u0173 finans\u0173 treneris.<\/p>\n<p><strong>APIE MOKYMUS<\/strong><\/p>\n<p><strong>Seminar\u0173 ciklas apie:<\/strong><\/p>\n<p>\ud83d\udfe0 Verslo finans\u0173 esm\u0119, j\u0173 modeliavimo ir suvokimo pricipus naudojant buhalterin\u0119 apskait\u0105 ir finansines ataskaitas.<\/p>\n<p>\ud83d\udfe0 Indikatorius \u012fgalinan\u010dius \u201eu\u017e\u010diuopti\u201c svarbiausius verslo aspektus bei numatyti kritinius jo ta\u0161kus.<\/p>\n<p>\ud83d\udfe0 Finansin\u0117s informacijos panaudojim\u0105 verslo valdymui siekiant maksimali\u0173 tiksl\u0173 ir u\u017etikrinant verslo funkcionavim\u0105 ilg\u0105 laik\u0105.<\/p>\n<p>\ud83d\udfe0 Galimybes optimizuoti mokes\u010di\u0173 pinig\u0173 srautus.<\/p>\n<p><strong>Mokym\u0173 programa:<\/strong><\/p>\n<p><strong>I Seminaras. \u012emon\u0117s finans\u0173 esm\u0117 ir valdymo modelis (4 val.)<\/strong><\/p>\n<p>\ud83d\udfe0 \u012emon\u0117s finans\u0173 tikslas ir jo s\u0105saja su savinink\u0173 investavimo strategija.<\/p>\n<p>\ud83d\udfe0 \u012emon\u0117s finans\u0173 modelis ir jo funkcionavimo esm\u0117.<\/p>\n<p>\ud83d\udfe0 Galimyb\u0117s \u012fmon\u0117s finans\u0173 model\u012f panaudoti sprendim\u0173 pri\u0117mimui.<\/p>\n<p><strong>II Seminaras. \u012emon\u0117s veiklos finansiniai indikatoriai (rodikliai) ir j\u0173 panaudojimo valdymui galimyb\u0117s (4 val.)<\/strong><\/p>\n<p>\ud83d\udfe0 Veiklos rezultatai (Pelningumas).<\/p>\n<p>\ud83d\udfe0 Finansin\u0117 b\u016bkl\u0117.<\/p>\n<p>\ud83d\udfe0 Resurs\u0173 panaudojimo efektyvumas.<\/p>\n<p>\ud83d\udfe0 Rodikli\u0173 sistema.<\/p>\n<p>\ud83d\udfe0 I\u0161orinio vertinimo rodikliai.<\/p>\n<p><strong>III Seminaras. \u012emon\u0117s veiklos ir b\u016bkl\u0117s finansinis valdymas (4 val.)<\/strong><\/p>\n<p>\ud83d\udfe0 Reikaling\u0173 vidinio finansavimo (pardavimo) apim\u010di\u0173 nustatymas. Finansinio atsparumo rezervas.<\/p>\n<p>\ud83d\udfe0 Pelningumo valdymas.<\/p>\n<p>\ud83d\udfe0 Turto valdymas.<\/p>\n<p><strong>IV Seminaras. Apskaitos ir mokes\u010di\u0173 po\u017ei\u016brio derinimas optimizuojant mokes\u010di\u0173 pinig\u0173 srautus (4 val.)<\/strong><\/p>\n<p>\ud83d\udfe0 Derinimo esm\u0117, principai, nauda ir problemos.<\/p>\n<p>\ud83d\udfe0 Ilgalaikio turto derinimo galimyb\u0117s.<\/p>\n<p>\ud83d\udfe0 Trumpalaikio turto derinimo galimyb\u0117s.<\/p>\n<p>&nbsp;<\/p>\n<p>&nbsp;<\/p>\n<div>\n<p><strong>PRAKTIN\u0116 INFORMACIJA<\/strong><\/p>\n<p><strong>Vieta:<\/strong> visi miestai (kontaktiniai arba nuotoliniai mokymai)<\/p>\n<p><strong>Dalyviams i\u0161duodami kvalifikacijos pa\u017eym\u0117jimai.<\/strong><\/p>\n<p>&nbsp;<\/p>\n<p><strong>D\u0116L MOKYM\u0172 TEIRAUTIS<\/strong><\/p>\n<div class=\"location-map block\"><strong>El. pa\u0161tu:<\/strong> sonata.urbone@mruni.eu<\/div>\n<div class=\"location-map block\"><strong>mob. tel.<\/strong> +370 600 69018<\/div>\n<div><\/div>\n<div><img loading=\"lazy\" decoding=\"async\" class=\"alignnone wp-image-552\" src=\"https:\/\/dev.mvg.mruni.eu\/wp-content\/uploads\/2025\/09\/Orange-White-Simple-Circle-Rice-Bowl-Logo-300x125.png\" alt=\"\" width=\"197\" height=\"82\" srcset=\"https:\/\/dev.mvg.mruni.eu\/wp-content\/uploads\/2025\/09\/Orange-White-Simple-Circle-Rice-Bowl-Logo-300x125.png 300w, https:\/\/dev.mvg.mruni.eu\/wp-content\/uploads\/2025\/09\/Orange-White-Simple-Circle-Rice-Bowl-Logo.png 359w\" sizes=\"auto, (max-width: 197px) 100vw, 197px\" \/><\/div>\n<\/div>\n","protected":false},"excerpt":{"rendered":"<p>,,Finansai verslo vadovams ir savininkams\u201c Trukm\u0117: 16 akad. val. APIE LEKTORI\u0172 Prof. dr. Gintaras \u010cernius yra Mykolo Romerio universiteto Ekonomikos ir finans\u0173 valdymo fakulteto dekanas. Prof. dr. Gintaras \u010cernius skaito paskaitas ir veda seminarus buhalterin\u0117s apskaitos temomis jau 24 metus. 9 metus jis d\u0117st\u0117 Vilniaus universiteto Ekonomikos fakulteto Buhalterin\u0117s apskaitos katedroje. Buvo valstyb\u0117s patar\u0117jas apskaitos, [&hellip;]<\/p>\n","protected":false},"featured_media":829,"comment_status":"open","ping_status":"closed","template":"","meta":[],"product_brand":[],"product_cat":[56],"product_tag":[],"class_list":{"0":"post-664","1":"product","2":"type-product","3":"status-publish","4":"has-post-thumbnail","6":"product_cat-finansai","8":"first","9":"instock","10":"taxable","11":"shipping-taxable","12":"product-type-simple"},"_links":{"self":[{"href":"https:\/\/dev.mvg.mruni.eu\/index.php?rest_route=\/wp\/v2\/product\/664","targetHints":{"allow":["GET"]}}],"collection":[{"href":"https:\/\/dev.mvg.mruni.eu\/index.php?rest_route=\/wp\/v2\/product"}],"about":[{"href":"https:\/\/dev.mvg.mruni.eu\/index.php?rest_route=\/wp\/v2\/types\/product"}],"replies":[{"embeddable":true,"href":"https:\/\/dev.mvg.mruni.eu\/index.php?rest_route=%2Fwp%2Fv2%2Fcomments&post=664"}],"wp:featuredmedia":[{"embeddable":true,"href":"https:\/\/dev.mvg.mruni.eu\/index.php?rest_route=\/wp\/v2\/media\/829"}],"wp:attachment":[{"href":"https:\/\/dev.mvg.mruni.eu\/index.php?rest_route=%2Fwp%2Fv2%2Fmedia&parent=664"}],"wp:term":[{"taxonomy":"product_brand","embeddable":true,"href":"https:\/\/dev.mvg.mruni.eu\/index.php?rest_route=%2Fwp%2Fv2%2Fproduct_brand&post=664"},{"taxonomy":"product_cat","embeddable":true,"href":"https:\/\/dev.mvg.mruni.eu\/index.php?rest_route=%2Fwp%2Fv2%2Fproduct_cat&post=664"},{"taxonomy":"product_tag","embeddable":true,"href":"https:\/\/dev.mvg.mruni.eu\/index.php?rest_route=%2Fwp%2Fv2%2Fproduct_tag&post=664"}],"curies":[{"name":"wp","href":"https:\/\/api.w.org\/{rel}","templated":true}]}}