{"id":624,"date":"2025-09-19T09:52:53","date_gmt":"2025-09-19T06:52:53","guid":{"rendered":"https:\/\/dev.mvg.mruni.eu\/?post_type=product&#038;p=624"},"modified":"2026-01-23T11:15:51","modified_gmt":"2026-01-23T09:15:51","slug":"privalomoji-mediacija-seimos-gincuose-8-akad-val","status":"publish","type":"product","link":"https:\/\/dev.mvg.mruni.eu\/?product=privalomoji-mediacija-seimos-gincuose-8-akad-val","title":{"rendered":"PRIVALOMOJI MEDIACIJA \u0160EIMOS GIN\u010cUOSE (8 akad. val.) Lekt. Odeta Int\u0117"},"content":{"rendered":"<p><strong>Kvie\u010diame \u012f nuotolinius mokymus ,,Privalomoji mediacija \u0161eimos gin\u010duose\u201c.<\/strong><\/p>\n<p><strong>Trukm\u0117:<\/strong> 8 akad. val.<\/p>\n<p><strong>APIE MOKYMUS<\/strong><\/p>\n<p><strong>Mokym\u0173 potem\u0117s:<\/strong><\/p>\n<p>\ud83d\udfe0 Privalomosios mediacijos samprata, tikslas ir modeliai.<\/p>\n<p>\ud83d\udfe0 Gin\u010dai, sprend\u017eiami privalomosios mediacijos b\u016bdu.<\/p>\n<p>\ud83d\udfe0 Privalomosios mediacijos formalieji klausimai.<\/p>\n<p>\ud83d\udfe0 Darbo su TEISIS informacin\u0117s sistemos Mediacijos posisteme ypatumai.<\/p>\n<p>\ud83d\udfe0 VGTPT administruojamos privalomosios mediacijos proceso ypatumai ir i\u0161\u0161\u016bkiai.<\/p>\n<p>\ud83d\udfe0 Priva\u010diosios privalomosios mediacijos ypatumai.<\/p>\n<p>\ud83d\udfe0 Praktiniai patarimai efektyvesniam privalomosios mediacijos paslaug\u0173 teikimui: pasiruo\u0161imas mediacijai, mediacijos vykdymas, taikos sutarties rengimas ir kt.<\/p>\n<p>\ud83d\udfe0 Nuotoliniu b\u016bdu vykdomos mediacijos ypatumai, tr\u016bkumai ir privalumui.<\/p>\n<p>\ud83d\udfe0 Pasiruo\u0161imas nuotoliniu b\u016bdu vykdomai mediacijai. Tinkamos platformos, reikalinga \u012franga ir priemon\u0117s.<\/p>\n<p>\ud83d\udfe0 Konfidencialumo u\u017etikrinimas nuotolin\u0117s mediacijos metu.<\/p>\n<p>\ud83d\udfe0 Mediacijos susitikimo ZOOM platformoje vykdymas: organizavimas, praktiniai patarimai, vizualizacijos \u012franki\u0173 naudojimas.<\/p>\n<p><strong>\ud83d\udfe0 Praktin\u0117 u\u017eduotis:<\/strong> privalomosios mediacijos \u0161eimos gin\u010de nuotoliniu b\u016bdu inscenizacija, mediacijoje naudojam\u0173 \u012franki\u0173 aptarimas.<\/p>\n<p>&nbsp;<\/p>\n<p>&nbsp;<\/p>\n<p><strong>PRAKTIN\u0116 INFORMACIJA<\/strong><\/p>\n<p><strong>Vieta:<\/strong> visi miestai (kontaktiniai arba nuotoliniai mokymai)<\/p>\n<p><strong>Dalyviams i\u0161duodami kvalifikacijos pa\u017eym\u0117jimai.<\/strong><\/p>\n<p>&nbsp;<\/p>\n<p><strong>D\u0116L MOKYM\u0172 TEIRAUTIS<\/strong><\/p>\n<div class=\"location-map block\"><strong>El. pa\u0161tu:<\/strong> ugne.balt@mruni.eu<\/div>\n<div class=\"location-map block\"><strong>mob. tel.<\/strong> +3706 253 9429<\/div>\n<div><\/div>\n<div><img loading=\"lazy\" decoding=\"async\" class=\"alignnone wp-image-552\" src=\"https:\/\/dev.mvg.mruni.eu\/wp-content\/uploads\/2025\/09\/Orange-White-Simple-Circle-Rice-Bowl-Logo-300x125.png\" alt=\"\" width=\"197\" height=\"82\" srcset=\"https:\/\/dev.mvg.mruni.eu\/wp-content\/uploads\/2025\/09\/Orange-White-Simple-Circle-Rice-Bowl-Logo-300x125.png 300w, https:\/\/dev.mvg.mruni.eu\/wp-content\/uploads\/2025\/09\/Orange-White-Simple-Circle-Rice-Bowl-Logo.png 359w\" sizes=\"auto, (max-width: 197px) 100vw, 197px\" \/><\/div>\n","protected":false},"excerpt":{"rendered":"<p>Kvie\u010diame \u012f nuotolinius mokymus ,,Privalomoji mediacija \u0161eimos gin\u010duose\u201c. Trukm\u0117: 8 akad. val. APIE MOKYMUS Mokym\u0173 potem\u0117s: \ud83d\udfe0 Privalomosios mediacijos samprata, tikslas ir modeliai. \ud83d\udfe0 Gin\u010dai, sprend\u017eiami privalomosios mediacijos b\u016bdu. \ud83d\udfe0 Privalomosios mediacijos formalieji klausimai. \ud83d\udfe0 Darbo su TEISIS informacin\u0117s sistemos Mediacijos posisteme ypatumai. \ud83d\udfe0 VGTPT administruojamos privalomosios mediacijos proceso ypatumai ir i\u0161\u0161\u016bkiai. \ud83d\udfe0 Priva\u010diosios privalomosios [&hellip;]<\/p>\n","protected":false},"featured_media":850,"comment_status":"open","ping_status":"closed","template":"","meta":[],"product_brand":[],"product_cat":[31],"product_tag":[],"class_list":{"0":"post-624","1":"product","2":"type-product","3":"status-publish","4":"has-post-thumbnail","6":"product_cat-mediacijos-mokymai","8":"first","9":"instock","10":"taxable","11":"shipping-taxable","12":"product-type-simple"},"_links":{"self":[{"href":"https:\/\/dev.mvg.mruni.eu\/index.php?rest_route=\/wp\/v2\/product\/624","targetHints":{"allow":["GET"]}}],"collection":[{"href":"https:\/\/dev.mvg.mruni.eu\/index.php?rest_route=\/wp\/v2\/product"}],"about":[{"href":"https:\/\/dev.mvg.mruni.eu\/index.php?rest_route=\/wp\/v2\/types\/product"}],"replies":[{"embeddable":true,"href":"https:\/\/dev.mvg.mruni.eu\/index.php?rest_route=%2Fwp%2Fv2%2Fcomments&post=624"}],"wp:featuredmedia":[{"embeddable":true,"href":"https:\/\/dev.mvg.mruni.eu\/index.php?rest_route=\/wp\/v2\/media\/850"}],"wp:attachment":[{"href":"https:\/\/dev.mvg.mruni.eu\/index.php?rest_route=%2Fwp%2Fv2%2Fmedia&parent=624"}],"wp:term":[{"taxonomy":"product_brand","embeddable":true,"href":"https:\/\/dev.mvg.mruni.eu\/index.php?rest_route=%2Fwp%2Fv2%2Fproduct_brand&post=624"},{"taxonomy":"product_cat","embeddable":true,"href":"https:\/\/dev.mvg.mruni.eu\/index.php?rest_route=%2Fwp%2Fv2%2Fproduct_cat&post=624"},{"taxonomy":"product_tag","embeddable":true,"href":"https:\/\/dev.mvg.mruni.eu\/index.php?rest_route=%2Fwp%2Fv2%2Fproduct_tag&post=624"}],"curies":[{"name":"wp","href":"https:\/\/api.w.org\/{rel}","templated":true}]}}