{"id":621,"date":"2025-09-19T09:44:41","date_gmt":"2025-09-19T06:44:41","guid":{"rendered":"https:\/\/dev.mvg.mruni.eu\/?post_type=product&#038;p=621"},"modified":"2026-01-23T11:16:06","modified_gmt":"2026-01-23T09:16:06","slug":"ivadas-i-transformuojamaja-mediacija-8-akad-val","status":"publish","type":"product","link":"https:\/\/dev.mvg.mruni.eu\/?product=ivadas-i-transformuojamaja-mediacija-8-akad-val","title":{"rendered":"\u012eVADAS \u012e TRANSFORMUOJAM\u0104J\u0104 MEDIACIJ\u0104 (8 akad. val.) Prof. dr. Jolanta Sondait\u0117"},"content":{"rendered":"<p><strong>Kvie\u010diame \u012f mokymus tema\u00a0 ,,\u012evadas \u012f transformuojam\u0105j\u0105 \u012f mediacij\u0105\u201c<\/strong><\/p>\n<p><strong>Trukm\u0117:<\/strong> 8 ak. val.<\/p>\n<p><strong>APIE LEKTOR\u0118<\/strong><\/p>\n<p><strong>Prof. dr. Jolanta Sondait\u0117<\/strong> &#8211; MRU \u017dmogaus ir visuomen\u0117s studij\u0173 fakulteto, Psichologijos instituto profesor\u0117, nuo 2002 m. d\u0117stanti dalykus, susijusius su mediacija, derybomis. Nuo 2012 m. yra Tarpvalstybini\u0173 \u0161eimos mediatori\u0173 tinklo nar\u0117, reguliariai dalyvaujanti \u0161io tinklo mokymuose ir supervizijose. Nuo 2012 m. atlieka mediacijas \u0161eimos gin\u010duose.<\/p>\n<p>Lektor\u0117 transformuojamosios mediacijos 2013 m. mok\u0117si pas \u0161io stiliaus mediacijos pradinink\u0105 Joseph P. Folger. Yra teikusi mediacijos paslaugas tarptautin\u012f element\u0105 turin\u010diuose \u0160eimos gin\u010duose ne tik Lietuvoje, bet ir Vokietijoje (2013 m.), Belgijoje (2017 m.). Nuolat ra\u0161o mokslines publikacijas ir skaito prane\u0161imus konferencijose susijusiose su konfliktais, mediacija ir kt. Yra vedusi daug mokym\u0173 konflikt\u0173, mediacijos, streso valdymo klausimais. Yra populiariosios knygos \u201cMyliu ir mam\u0105, ir t\u0117t\u012f. Knyga t\u0117vams, i\u0161gyvenantiems skyrybas\u201d (Alma littera, 2019) autor\u0117.<\/p>\n<p><strong>APIE MOKYMUS<\/strong><\/p>\n<p>\ud83d\udfe0 \u0160ie mokymai gali b\u016bti naudingi: mediatoriams, norintiems prapl\u0117sti savo turimas \u017einias ir \u012fg\u016bd\u017eius bei tobulinti savo kvalifikacij\u0105; Specialistams, kurie sprend\u017eia santyki\u0173 konfliktus.<\/p>\n<p>\ud83d\udfe0 Mokym\u0173 metu dalyviai susipa\u017eins su pagrindin\u0117mis transfomuojamosios mediacijos teorin\u0117mis prielaidomis, \u0161io stiliaus mediatoriaus vaidmens ypatumais, pagrindiniais transformuojamosios mediacijos \u012frankiais bei tur\u0117s galimyb\u0119 taikyti \u017einias ir \u012frankius mediacijos simuliacijoje.<\/p>\n<p>&nbsp;<\/p>\n<p>&nbsp;<\/p>\n<p><strong>PRAKTIN\u0116 INFORMACIJA<\/strong><\/p>\n<p><strong>Vieta:<\/strong> visi miestai (kontaktiniai arba nuotoliniai mokymai)<\/p>\n<p><strong>Dalyviams i\u0161duodami kvalifikacijos pa\u017eym\u0117jimai.<\/strong><\/p>\n<p>&nbsp;<\/p>\n<p><strong>D\u0116L MOKYM\u0172 TEIRAUTIS<\/strong><\/p>\n<div class=\"location-map block\"><strong>El. pa\u0161tu:<\/strong> ugne.balt@mruni.eu<\/div>\n<div class=\"location-map block\"><strong>mob. tel.<\/strong> +3706 253 9429<\/div>\n<div><\/div>\n<div><img loading=\"lazy\" decoding=\"async\" class=\"alignnone wp-image-552\" src=\"https:\/\/dev.mvg.mruni.eu\/wp-content\/uploads\/2025\/09\/Orange-White-Simple-Circle-Rice-Bowl-Logo-300x125.png\" alt=\"\" width=\"197\" height=\"82\" srcset=\"https:\/\/dev.mvg.mruni.eu\/wp-content\/uploads\/2025\/09\/Orange-White-Simple-Circle-Rice-Bowl-Logo-300x125.png 300w, https:\/\/dev.mvg.mruni.eu\/wp-content\/uploads\/2025\/09\/Orange-White-Simple-Circle-Rice-Bowl-Logo.png 359w\" sizes=\"auto, (max-width: 197px) 100vw, 197px\" \/><\/div>\n","protected":false},"excerpt":{"rendered":"<p>Kvie\u010diame \u012f mokymus tema\u00a0 ,,\u012evadas \u012f transformuojam\u0105j\u0105 \u012f mediacij\u0105\u201c Trukm\u0117: 8 ak. val. APIE LEKTOR\u0118 Prof. dr. Jolanta Sondait\u0117 &#8211; MRU \u017dmogaus ir visuomen\u0117s studij\u0173 fakulteto, Psichologijos instituto profesor\u0117, nuo 2002 m. d\u0117stanti dalykus, susijusius su mediacija, derybomis. Nuo 2012 m. yra Tarpvalstybini\u0173 \u0161eimos mediatori\u0173 tinklo nar\u0117, reguliariai dalyvaujanti \u0161io tinklo mokymuose ir supervizijose. Nuo [&hellip;]<\/p>\n","protected":false},"featured_media":851,"comment_status":"open","ping_status":"closed","template":"","meta":[],"product_brand":[],"product_cat":[31],"product_tag":[],"class_list":{"0":"post-621","1":"product","2":"type-product","3":"status-publish","4":"has-post-thumbnail","6":"product_cat-mediacijos-mokymai","8":"first","9":"instock","10":"taxable","11":"shipping-taxable","12":"product-type-simple"},"_links":{"self":[{"href":"https:\/\/dev.mvg.mruni.eu\/index.php?rest_route=\/wp\/v2\/product\/621","targetHints":{"allow":["GET"]}}],"collection":[{"href":"https:\/\/dev.mvg.mruni.eu\/index.php?rest_route=\/wp\/v2\/product"}],"about":[{"href":"https:\/\/dev.mvg.mruni.eu\/index.php?rest_route=\/wp\/v2\/types\/product"}],"replies":[{"embeddable":true,"href":"https:\/\/dev.mvg.mruni.eu\/index.php?rest_route=%2Fwp%2Fv2%2Fcomments&post=621"}],"wp:featuredmedia":[{"embeddable":true,"href":"https:\/\/dev.mvg.mruni.eu\/index.php?rest_route=\/wp\/v2\/media\/851"}],"wp:attachment":[{"href":"https:\/\/dev.mvg.mruni.eu\/index.php?rest_route=%2Fwp%2Fv2%2Fmedia&parent=621"}],"wp:term":[{"taxonomy":"product_brand","embeddable":true,"href":"https:\/\/dev.mvg.mruni.eu\/index.php?rest_route=%2Fwp%2Fv2%2Fproduct_brand&post=621"},{"taxonomy":"product_cat","embeddable":true,"href":"https:\/\/dev.mvg.mruni.eu\/index.php?rest_route=%2Fwp%2Fv2%2Fproduct_cat&post=621"},{"taxonomy":"product_tag","embeddable":true,"href":"https:\/\/dev.mvg.mruni.eu\/index.php?rest_route=%2Fwp%2Fv2%2Fproduct_tag&post=621"}],"curies":[{"name":"wp","href":"https:\/\/api.w.org\/{rel}","templated":true}]}}