{"id":619,"date":"2025-09-19T09:39:16","date_gmt":"2025-09-19T06:39:16","guid":{"rendered":"https:\/\/dev.mvg.mruni.eu\/?post_type=product&#038;p=619"},"modified":"2026-02-03T11:15:27","modified_gmt":"2026-02-03T09:15:27","slug":"teisines-derybos-8-akad-val","status":"publish","type":"product","link":"https:\/\/dev.mvg.mruni.eu\/?product=teisines-derybos-8-akad-val","title":{"rendered":"TEISIN\u0116S DERYBOS (8 akad. val.) Prof. dr. Natalija Kaminskien\u0117"},"content":{"rendered":"<p><strong>Kvie\u010diame u\u017esisakyti mokymus ,,Teisin\u0117s derybos\u201c.<\/strong><\/p>\n<p><strong>Trukm\u0117:<\/strong> 8 akad. val.<\/p>\n<p><strong>APIE LEKTOR\u0118<\/strong><\/p>\n<p>Dr. Natalija Kaminskien\u0117 &#8211; Teis\u0117s fakulteto Privatin\u0117s teis\u0117s instituto profesor\u0117, teis\u0117s moksl\u0173 daktar\u0117. CEDR (Did\u017eioji Britanija) akredituota mediator\u0117, Lietuvos Respublikos mediatori\u0173 s\u0105ra\u0161o mediator\u0117. Populiarios knygos \u201eTeisin\u0117s derybos\u201c (2019 m.) autor\u0117. 2019 m. metodinio leidinio \u201eMediatoriaus vadovas\u201c ir 2013 m. i\u0161leisto vadov\u0117lio \u201eMediacija\u201c bendraautor\u0117, daugelio mokslini\u0173 publikacij\u0173 mediacijos, deryb\u0173 ir kit\u0173 alternatyvi\u0173 gin\u010d\u0173 sprendimo b\u016bd\u0173 tematika autor\u0117. Nuo 2011 m. nuolat veda mokymus teisini\u0173 deryb\u0173 ir mediacijos tematika teis\u0117s profesionalams ir studentams. Specializacijos sritys \u2013 verslo gin\u010d\u0173 sprendimas (derybos, mediacija, arbitra\u017eas, civilinis procesas).<\/p>\n<p><strong>APIE MOKYMUS<\/strong><\/p>\n<p>\ud83d\udfe0\u00a0 Mokymai yra apie derybas teis\u0117je ir, skirtingai nuo verslo deryb\u0173, apie teisininko-derybininko funkcijas bei vaidmen\u012f derantis kliento interesais. \u012e pagrindinius deryb\u0173 principus yra \u017evelgiama i\u0161 teisininko perspektyvos ir teis\u0117s kontekste.<\/p>\n<p>\ud83d\udfe0\u00a0Mokym\u0173 metu deryb\u0173 procesas dekonstruojamas iki atskir\u0173 stadij\u0173: nuo pasiruo\u0161imo deryboms plano sudarymo, pradinio pasi\u016blymo formulavimo ir deryb\u0173 rib\u0173 nustatymo iki likusio skirtumo dalyb\u0173 ir deryb\u0173 u\u017ebaigimo metod\u0173 taikymo. Atskiras d\u0117mesys mokym\u0173 metu yra skiriamas deryb\u0173 technikoms (manipuliacijoms), j\u0173 panaudojimui ir neutralizavimui.<\/p>\n<p>\ud83d\udfe0 Mokymai rekomenduojami teisininkams, derybininkams, mediatoriams ir visiems, kuriuos domina teisini\u0173 deryb\u0173 ypatumai.<\/p>\n<p>&nbsp;<\/p>\n<p>&nbsp;<\/p>\n<p><strong>PRAKTIN\u0116 INFORMACIJA<\/strong><\/p>\n<p><strong>Vieta:<\/strong> visi miestai (kontaktiniai arba nuotoliniai mokymai)<\/p>\n<p><strong>Dalyviams i\u0161duodami kvalifikacijos pa\u017eym\u0117jimai.<\/strong><\/p>\n<p>&nbsp;<\/p>\n<p><strong>D\u0116L MOKYM\u0172 TEIRAUTIS<\/strong><\/p>\n<div class=\"location-map block\"><strong>El. pa\u0161tu:<\/strong> ugne.balt@mruni.eu<\/div>\n<div class=\"location-map block\"><strong>mob. tel.<\/strong> +3706 253 9429<\/div>\n<div><\/div>\n<div><img loading=\"lazy\" decoding=\"async\" class=\"alignnone wp-image-552\" src=\"https:\/\/dev.mvg.mruni.eu\/wp-content\/uploads\/2025\/09\/Orange-White-Simple-Circle-Rice-Bowl-Logo-300x125.png\" alt=\"\" width=\"197\" height=\"82\" srcset=\"https:\/\/dev.mvg.mruni.eu\/wp-content\/uploads\/2025\/09\/Orange-White-Simple-Circle-Rice-Bowl-Logo-300x125.png 300w, https:\/\/dev.mvg.mruni.eu\/wp-content\/uploads\/2025\/09\/Orange-White-Simple-Circle-Rice-Bowl-Logo.png 359w\" sizes=\"auto, (max-width: 197px) 100vw, 197px\" \/><\/div>\n","protected":false},"excerpt":{"rendered":"<p>Kvie\u010diame u\u017esisakyti mokymus ,,Teisin\u0117s derybos\u201c. Trukm\u0117: 8 akad. val. APIE LEKTOR\u0118 Dr. Natalija Kaminskien\u0117 &#8211; Teis\u0117s fakulteto Privatin\u0117s teis\u0117s instituto profesor\u0117, teis\u0117s moksl\u0173 daktar\u0117. CEDR (Did\u017eioji Britanija) akredituota mediator\u0117, Lietuvos Respublikos mediatori\u0173 s\u0105ra\u0161o mediator\u0117. Populiarios knygos \u201eTeisin\u0117s derybos\u201c (2019 m.) autor\u0117. 2019 m. metodinio leidinio \u201eMediatoriaus vadovas\u201c ir 2013 m. i\u0161leisto vadov\u0117lio \u201eMediacija\u201c bendraautor\u0117, daugelio [&hellip;]<\/p>\n","protected":false},"featured_media":853,"comment_status":"open","ping_status":"closed","template":"","meta":[],"product_brand":[],"product_cat":[28,29],"product_tag":[],"class_list":{"0":"post-619","1":"product","2":"type-product","3":"status-publish","4":"has-post-thumbnail","6":"product_cat-teise-ir-viesasis-saugumas","7":"product_cat-teises-mokymai","9":"first","10":"outofstock","11":"taxable","12":"shipping-taxable","13":"product-type-simple"},"_links":{"self":[{"href":"https:\/\/dev.mvg.mruni.eu\/index.php?rest_route=\/wp\/v2\/product\/619","targetHints":{"allow":["GET"]}}],"collection":[{"href":"https:\/\/dev.mvg.mruni.eu\/index.php?rest_route=\/wp\/v2\/product"}],"about":[{"href":"https:\/\/dev.mvg.mruni.eu\/index.php?rest_route=\/wp\/v2\/types\/product"}],"replies":[{"embeddable":true,"href":"https:\/\/dev.mvg.mruni.eu\/index.php?rest_route=%2Fwp%2Fv2%2Fcomments&post=619"}],"wp:featuredmedia":[{"embeddable":true,"href":"https:\/\/dev.mvg.mruni.eu\/index.php?rest_route=\/wp\/v2\/media\/853"}],"wp:attachment":[{"href":"https:\/\/dev.mvg.mruni.eu\/index.php?rest_route=%2Fwp%2Fv2%2Fmedia&parent=619"}],"wp:term":[{"taxonomy":"product_brand","embeddable":true,"href":"https:\/\/dev.mvg.mruni.eu\/index.php?rest_route=%2Fwp%2Fv2%2Fproduct_brand&post=619"},{"taxonomy":"product_cat","embeddable":true,"href":"https:\/\/dev.mvg.mruni.eu\/index.php?rest_route=%2Fwp%2Fv2%2Fproduct_cat&post=619"},{"taxonomy":"product_tag","embeddable":true,"href":"https:\/\/dev.mvg.mruni.eu\/index.php?rest_route=%2Fwp%2Fv2%2Fproduct_tag&post=619"}],"curies":[{"name":"wp","href":"https:\/\/api.w.org\/{rel}","templated":true}]}}