{"id":617,"date":"2025-09-19T09:31:23","date_gmt":"2025-09-19T06:31:23","guid":{"rendered":"https:\/\/dev.mvg.mruni.eu\/?post_type=product&#038;p=617"},"modified":"2026-01-23T11:16:45","modified_gmt":"2026-01-23T09:16:45","slug":"nuotoline-mediacijos-simuliacija-4-akad-val","status":"publish","type":"product","link":"https:\/\/dev.mvg.mruni.eu\/?product=nuotoline-mediacijos-simuliacija-4-akad-val","title":{"rendered":"NUOTOLIN\u0116 MEDIACIJOS SIMULIACIJA (4 akad.val.) Lekt. Odeta Int\u0117"},"content":{"rendered":"<p><strong>Kvie\u010diame patobulinti praktinius mediacijos \u012fg\u016bd\u017eius nuotolin\u0117je mediacijos simuliacijoje!<\/strong><\/p>\n<p><strong>Trukm\u0117:<\/strong> 4 akad.val.<\/p>\n<p><strong>APIE LEKTORI\u0172<\/strong><\/p>\n<p><strong>Odeta Int\u0117<\/strong> &#8211; mediator\u0117, teisinink\u0117, MRU Teis\u0117s mokyklos lektor\u0117. Veda \u201eMediacija\u201c ir \u201e\u0160eimos mediacija\u201c dalyk\u0173 paskaitas bei seminarus magistro ir bakalauro studentams.<br \/>\nNuo 2008 m. praktikuojanti mediator\u0117, besispecializuojanti \u0161eimos, darbo, verslo ir kit\u0173 gin\u010d\u0173 srityje, mediatori\u0173 supervizor\u0117. MRU Mediacijos ir darnaus gin\u010d\u0173 sprendimo laboratorijos nar\u0117, straipsni\u0173 mediacijos tema autor\u0117 ir bendraautor\u0117, Lietuvos mediatori\u0173 r\u016bm\u0173 pirminink\u0117, V\u0161\u012e Biuras Pactum steig\u0117ja, tarptautini\u0173 mediatori\u0173 tinkl\u0173 nar\u0117, patyrusi mediacijos mokym\u0173 lektor\u0117.<\/p>\n<p><strong>APIE LEKTOR\u0118<\/strong><\/p>\n<p>\ud83d\udfe0\u00a0 Simuliacij\u0105 ves lektor\u0117 Odeta Int\u0117. Mediacijos simuliacija vyks nuotoliniu b\u016bdu Zoom platformoje nedidel\u0117je grup\u0117je (iki 8 asmen\u0173), tod\u0117l kiekvienas dalyvis sulauks asmeninio lektor\u0117s d\u0117mesio ir profesionali\u0173 patarim\u0173, kaip tobulinti turimus mediacijos vedimo \u012fg\u016bd\u017eius.<\/p>\n<p>\ud83d\udfe0\u00a0 Mediacijos simuliacijos dalyviai prie\u0161 mokymus tur\u0117s galimyb\u0119 pasitikrinti teorines \u017einias apie mediacij\u0105 nuotoliniu b\u016bdu atlikdami test\u0105. Su testo rezultatais j\u012f laik\u0119 asmenys bus supa\u017eindinti asmeni\u0161kai. Lektor\u0117 suteiks jiems gr\u012f\u017etam\u0105j\u012f ry\u0161\u012f, esant poreikiui, identifikuos sritis tobul\u0117jimui.<\/p>\n<p>\ud83d\udfe0\u00a0 Simuliacijos metu bus inscenizuojama \u0161eimos gin\u010do mediacija. Jos metu 6 dalyviai atliks mediatoriaus vaidmen\u012f. Gin\u010do \u0161ali\u0173 vaidmenis taip pat atliks kiti 2 dalyviai. Vaidmen\u0173 paskirstymo lentel\u0117 bei bendroji ir konfidencialioji informacija apie atvej\u012f bus pateikiama dalyviams i\u0161 anksto.<\/p>\n<p>\ud83d\udfe0\u00a0 Mediatoriaus vaidmen\u012f atliekantys dalyviai keisis kas 15 min., siekiant u\u017etikrinti, kad simuliacijos met\u0173 bus inscenizuotos visos \u0161e\u0161ios mediacijos stadijos (mediatoriaus \u012fvadas, pirminiai \u0161ali\u0173 pasisakymai, interes\u0173 \u012fvardijimas ir spr\u0119stin\u0173 klausim\u0173 identifikavimas, atskiri susitikimai su abiem gin\u010do \u0161alimis, bendra diskusija). Po kiekvienos stadijos bus trumpai apibendrinti pasiekti rezultatai, suteiktas gr\u012f\u017etamasis ry\u0161ys mediatoriui, bendrai grup\u0117je aptariama galima tolesn\u0117 kito mediatoriaus veiksm\u0173 strategija.<\/p>\n<p>&nbsp;<\/p>\n<p>&nbsp;<\/p>\n<p><strong>PRAKTIN\u0116 INFORMACIJA<\/strong><\/p>\n<p><strong>Vieta:<\/strong> visi miestai (kontaktiniai arba nuotoliniai mokymai)<\/p>\n<p><strong>Dalyviams i\u0161duodami kvalifikacijos pa\u017eym\u0117jimai.<\/strong><\/p>\n<p>&nbsp;<\/p>\n<p><strong>D\u0116L MOKYM\u0172 TEIRAUTIS<\/strong><\/p>\n<div class=\"location-map block\"><strong>El. pa\u0161tu:<\/strong> ugne.balt@mruni.eu<\/div>\n<div class=\"location-map block\"><strong>mob. tel.<\/strong> +3706 253 9429<\/div>\n<div><\/div>\n<div><img loading=\"lazy\" decoding=\"async\" class=\"alignnone wp-image-552\" src=\"https:\/\/dev.mvg.mruni.eu\/wp-content\/uploads\/2025\/09\/Orange-White-Simple-Circle-Rice-Bowl-Logo-300x125.png\" alt=\"\" width=\"197\" height=\"82\" srcset=\"https:\/\/dev.mvg.mruni.eu\/wp-content\/uploads\/2025\/09\/Orange-White-Simple-Circle-Rice-Bowl-Logo-300x125.png 300w, https:\/\/dev.mvg.mruni.eu\/wp-content\/uploads\/2025\/09\/Orange-White-Simple-Circle-Rice-Bowl-Logo.png 359w\" sizes=\"auto, (max-width: 197px) 100vw, 197px\" \/><\/div>\n","protected":false},"excerpt":{"rendered":"<p>Kvie\u010diame patobulinti praktinius mediacijos \u012fg\u016bd\u017eius nuotolin\u0117je mediacijos simuliacijoje! Trukm\u0117: 4 akad.val. APIE LEKTORI\u0172 Odeta Int\u0117 &#8211; mediator\u0117, teisinink\u0117, MRU Teis\u0117s mokyklos lektor\u0117. Veda \u201eMediacija\u201c ir \u201e\u0160eimos mediacija\u201c dalyk\u0173 paskaitas bei seminarus magistro ir bakalauro studentams. Nuo 2008 m. praktikuojanti mediator\u0117, besispecializuojanti \u0161eimos, darbo, verslo ir kit\u0173 gin\u010d\u0173 srityje, mediatori\u0173 supervizor\u0117. MRU Mediacijos ir darnaus gin\u010d\u0173 [&hellip;]<\/p>\n","protected":false},"featured_media":854,"comment_status":"open","ping_status":"closed","template":"","meta":[],"product_brand":[],"product_cat":[31],"product_tag":[],"class_list":{"0":"post-617","1":"product","2":"type-product","3":"status-publish","4":"has-post-thumbnail","6":"product_cat-mediacijos-mokymai","8":"first","9":"instock","10":"taxable","11":"shipping-taxable","12":"product-type-simple"},"_links":{"self":[{"href":"https:\/\/dev.mvg.mruni.eu\/index.php?rest_route=\/wp\/v2\/product\/617","targetHints":{"allow":["GET"]}}],"collection":[{"href":"https:\/\/dev.mvg.mruni.eu\/index.php?rest_route=\/wp\/v2\/product"}],"about":[{"href":"https:\/\/dev.mvg.mruni.eu\/index.php?rest_route=\/wp\/v2\/types\/product"}],"replies":[{"embeddable":true,"href":"https:\/\/dev.mvg.mruni.eu\/index.php?rest_route=%2Fwp%2Fv2%2Fcomments&post=617"}],"wp:featuredmedia":[{"embeddable":true,"href":"https:\/\/dev.mvg.mruni.eu\/index.php?rest_route=\/wp\/v2\/media\/854"}],"wp:attachment":[{"href":"https:\/\/dev.mvg.mruni.eu\/index.php?rest_route=%2Fwp%2Fv2%2Fmedia&parent=617"}],"wp:term":[{"taxonomy":"product_brand","embeddable":true,"href":"https:\/\/dev.mvg.mruni.eu\/index.php?rest_route=%2Fwp%2Fv2%2Fproduct_brand&post=617"},{"taxonomy":"product_cat","embeddable":true,"href":"https:\/\/dev.mvg.mruni.eu\/index.php?rest_route=%2Fwp%2Fv2%2Fproduct_cat&post=617"},{"taxonomy":"product_tag","embeddable":true,"href":"https:\/\/dev.mvg.mruni.eu\/index.php?rest_route=%2Fwp%2Fv2%2Fproduct_tag&post=617"}],"curies":[{"name":"wp","href":"https:\/\/api.w.org\/{rel}","templated":true}]}}