{"id":611,"date":"2025-09-19T08:58:19","date_gmt":"2025-09-19T05:58:19","guid":{"rendered":"https:\/\/dev.mvg.mruni.eu\/?post_type=product&#038;p=611"},"modified":"2026-01-23T11:17:42","modified_gmt":"2026-01-23T09:17:42","slug":"mediacijos-simuliacija-4-akad-val-2","status":"publish","type":"product","link":"https:\/\/dev.mvg.mruni.eu\/?product=mediacijos-simuliacija-4-akad-val-2","title":{"rendered":"MEDIACIJOS SIMULIACIJA (4 akad.val.) Lekt. Inga Ruzgien\u0117"},"content":{"rendered":"<p><strong>Kvie\u010diame patobulinti praktinius mediacijos \u012fg\u016bd\u017eius mediacijos simuliacijoje!<\/strong><\/p>\n<p><strong>Trukm\u0117:<\/strong> 4 akad.val.<\/p>\n<p><strong>APIE LEKTORI\u0172<\/strong><\/p>\n<p><strong>Inga Ruzgien\u0117<\/strong> &#8211; sertifikuota mediator\u0117, supervizor\u0117, daugiau nei de\u0161imtmet\u012f dirbanti su \u0161eimomis ir asmenimis, i\u0161gyvenan\u010diais konfliktus ir krizes. \u0160iuo metu yra Jonavos rajono Socialini\u0173 paslaug\u0173 centro direktoriaus pavaduotoja socialiniams reikalams, aktyviai praktikuoja mediacij\u0105 ir veda supervizijas kolegoms-mediatoriams. Mykolo Romerio universitete d\u0117sto \u0160eimos mediacijos dalyk\u0105. \u012e Lietuvos Respublikos mediatori\u0173 s\u0105ra\u0161\u0105 \u012fra\u0161yta 2020 m.<\/p>\n<p><strong>APIE MOKYMUS<\/strong><\/p>\n<p>Tai puikus b\u016bdas \u012ftvirtintini teorines mediacijos bei konflikt\u0173 sprendimo \u017einias tiems, kurie nori tobul\u0117ti ir tvir\u010diau jaustis mediatoriaus profesiniame kelyje. Dalyvaudami tur\u0117site galimyb\u0119 i\u0161bandyti save mediatoriaus ar gin\u010do \u0161alies vaidmenyje, steb\u0117ti mediacijos proces\u0105 bei \u012fsigilinti \u012f jo vedimo subtilybes.<\/p>\n<p>Simuliacijos metu bus inscenizuojama darbo gin\u010do mediacija. Jos metu dalyviai bent vien\u0105 kart\u0105 atliks mediatoriaus vaidmen\u012f. Gin\u010do \u0161ali\u0173 vaidmenis taip pat atliks paskirti dalyviai. Mediatoriaus vaidmen\u012f atliekantys dalyviai keisis kas 15 min., siekiant u\u017etikrinti, kad simuliacijos met\u0173 bus inscenizuotos visos \u0161e\u0161ios mediacijos stadijos (mediatoriaus \u012fvadas, pirminiai \u0161ali\u0173 pasisakymai, interes\u0173 \u012fvardijimas ir spr\u0119stin\u0173 klausim\u0173 identifikavimas, atskiri susitikimai su abiem gin\u010do \u0161alimis, bendra diskusija). Po kiekvienos stadijos bus trumpai apibendrinti pasiekti rezultatai, suteiktas gr\u012f\u017etamasis ry\u0161ys mediatoriui, bendrai grup\u0117je aptariama galima tolesn\u0117 kito mediatoriaus veiksm\u0173 strategija.<\/p>\n<p>&nbsp;<\/p>\n<p>&nbsp;<\/p>\n<p><strong>PRAKTIN\u0116 INFORMACIJA<\/strong><\/p>\n<p><strong>Vieta:<\/strong> visi miestai (kontaktiniai arba nuotoliniai mokymai)<\/p>\n<p><strong>Dalyviams i\u0161duodami kvalifikacijos pa\u017eym\u0117jimai.<\/strong><\/p>\n<p>&nbsp;<\/p>\n<p><strong>D\u0116L MOKYM\u0172 TEIRAUTIS<\/strong><\/p>\n<div class=\"location-map block\"><strong>El. pa\u0161tu:<\/strong> ugne.balt@mruni.eu<\/div>\n<div class=\"location-map block\"><strong>mob. tel.<\/strong> +3706 253 9429<\/div>\n<div><\/div>\n<div><img loading=\"lazy\" decoding=\"async\" class=\"alignnone wp-image-552\" src=\"https:\/\/dev.mvg.mruni.eu\/wp-content\/uploads\/2025\/09\/Orange-White-Simple-Circle-Rice-Bowl-Logo-300x125.png\" alt=\"\" width=\"197\" height=\"82\" srcset=\"https:\/\/dev.mvg.mruni.eu\/wp-content\/uploads\/2025\/09\/Orange-White-Simple-Circle-Rice-Bowl-Logo-300x125.png 300w, https:\/\/dev.mvg.mruni.eu\/wp-content\/uploads\/2025\/09\/Orange-White-Simple-Circle-Rice-Bowl-Logo.png 359w\" sizes=\"auto, (max-width: 197px) 100vw, 197px\" \/><\/div>\n","protected":false},"excerpt":{"rendered":"<p>Kvie\u010diame patobulinti praktinius mediacijos \u012fg\u016bd\u017eius mediacijos simuliacijoje! Trukm\u0117: 4 akad.val. APIE LEKTORI\u0172 Inga Ruzgien\u0117 &#8211; sertifikuota mediator\u0117, supervizor\u0117, daugiau nei de\u0161imtmet\u012f dirbanti su \u0161eimomis ir asmenimis, i\u0161gyvenan\u010diais konfliktus ir krizes. \u0160iuo metu yra Jonavos rajono Socialini\u0173 paslaug\u0173 centro direktoriaus pavaduotoja socialiniams reikalams, aktyviai praktikuoja mediacij\u0105 ir veda supervizijas kolegoms-mediatoriams. Mykolo Romerio universitete d\u0117sto \u0160eimos mediacijos [&hellip;]<\/p>\n","protected":false},"featured_media":859,"comment_status":"open","ping_status":"closed","template":"","meta":[],"product_brand":[],"product_cat":[31],"product_tag":[],"class_list":{"0":"post-611","1":"product","2":"type-product","3":"status-publish","4":"has-post-thumbnail","6":"product_cat-mediacijos-mokymai","8":"first","9":"outofstock","10":"taxable","11":"shipping-taxable","12":"product-type-simple"},"_links":{"self":[{"href":"https:\/\/dev.mvg.mruni.eu\/index.php?rest_route=\/wp\/v2\/product\/611","targetHints":{"allow":["GET"]}}],"collection":[{"href":"https:\/\/dev.mvg.mruni.eu\/index.php?rest_route=\/wp\/v2\/product"}],"about":[{"href":"https:\/\/dev.mvg.mruni.eu\/index.php?rest_route=\/wp\/v2\/types\/product"}],"replies":[{"embeddable":true,"href":"https:\/\/dev.mvg.mruni.eu\/index.php?rest_route=%2Fwp%2Fv2%2Fcomments&post=611"}],"wp:featuredmedia":[{"embeddable":true,"href":"https:\/\/dev.mvg.mruni.eu\/index.php?rest_route=\/wp\/v2\/media\/859"}],"wp:attachment":[{"href":"https:\/\/dev.mvg.mruni.eu\/index.php?rest_route=%2Fwp%2Fv2%2Fmedia&parent=611"}],"wp:term":[{"taxonomy":"product_brand","embeddable":true,"href":"https:\/\/dev.mvg.mruni.eu\/index.php?rest_route=%2Fwp%2Fv2%2Fproduct_brand&post=611"},{"taxonomy":"product_cat","embeddable":true,"href":"https:\/\/dev.mvg.mruni.eu\/index.php?rest_route=%2Fwp%2Fv2%2Fproduct_cat&post=611"},{"taxonomy":"product_tag","embeddable":true,"href":"https:\/\/dev.mvg.mruni.eu\/index.php?rest_route=%2Fwp%2Fv2%2Fproduct_tag&post=611"}],"curies":[{"name":"wp","href":"https:\/\/api.w.org\/{rel}","templated":true}]}}