{"id":600,"date":"2025-09-18T12:14:49","date_gmt":"2025-09-18T09:14:49","guid":{"rendered":"https:\/\/dev.mvg.mruni.eu\/?post_type=product&#038;p=600"},"modified":"2026-01-23T11:18:18","modified_gmt":"2026-01-23T09:18:18","slug":"vaiku-ir-jaunimo-laisvalaikio-organizavimo-veikla-8-akad-val","status":"publish","type":"product","link":"https:\/\/dev.mvg.mruni.eu\/?product=vaiku-ir-jaunimo-laisvalaikio-organizavimo-veikla-8-akad-val","title":{"rendered":"VAIK\u0172 IR JAUNIMO LAISVALAIKIO ORGANIZAVIMO VEIKLA (8 akad. val.) Doc. dr. Jautr\u0117 Ramut\u0117 \u0160ink\u016bnien\u0117"},"content":{"rendered":"<p><strong>,,Vaik\u0173 ir jaunimo laisvalaikio organizavimo veikla\u201c<\/strong><\/p>\n<p><strong>Trukm\u0117:<\/strong> 8 akad. val.<\/p>\n<p><strong>APIE LEKTOR\u0118<\/strong><\/p>\n<p>Doc. dr. Jautr\u0117 Ramut\u0117 \u0160ink\u016bnien\u0117 &#8211; Mykolo Romerio universiteto, \u017dmogaus ir visuomen\u0117s studij\u0173 fakulteto, Edukologijos ir socialinio darbo instituto docent\u0117.<\/p>\n<p><strong>Laisvalaikio veikla \u2013 <\/strong>vienas i\u0161 paveikiausi\u0173 b\u016bd\u0173, siekiant pozityvios vaiko ar jaunuolio socializacijos. Socialinis darbuotojas atstovauja pa\u017eeist\u0173 jaunuoli\u0173 (turin\u010di\u0173 speciali\u0173 poreiki\u0173, gyvenan\u010di\u0173 rizikos \u0161eimose, turin\u010di\u0173 elgesio problem\u0173 ir kt.) interesus, tod\u0117l mokym\u0173 dalyviai mokysis planuoti laisvalaikio programas, generuoti \u012fvairios tematikos rengini\u0173 id\u0117jas, diskutuos, kaip k\u016brybi\u0161kai naudotis skirtingais metodais ir technikomis, kurios \u012fgalint\u0173 pasiekti \u012fvairesni\u0173 socialini\u0173 ir edukacini\u0173 tiksl\u0173 prakti\u0161kai dirbant su vaikais ir jaunimu.<\/p>\n<p><strong>APIE MOKYMUS<\/strong><\/p>\n<p>Laisvalaikio veikla \u2013 vienas i\u0161 paveikiausi\u0173 b\u016bd\u0173, siekiant pozityvios vaiko ar jaunuolio socializacijos. Socialinis darbuotojas atstovauja pa\u017eeist\u0173 jaunuoli\u0173 (turin\u010di\u0173 speciali\u0173 poreiki\u0173, gyvenan\u010di\u0173 rizikos \u0161eimose, turin\u010di\u0173 elgesio problem\u0173 ir kt.) interesus, tod\u0117l mokym\u0173 dalyviai mokysis planuoti laisvalaikio programas, generuoti \u012fvairios tematikos rengini\u0173 id\u0117jas, diskutuos, kaip k\u016brybi\u0161kai naudotis skirtingais metodais ir technikomis, kurios \u012fgalint\u0173 pasiekti \u012fvairesni\u0173 socialini\u0173 ir edukacini\u0173 tiksl\u0173 prakti\u0161kai dirbant su vaikais ir jaunimu.<\/p>\n<p><strong>Mokym\u0173 temos:<\/strong><\/p>\n<p>\ud83d\udfe0 Laisvalaikio tikslai, veiklos sritys ir k\u016brybi\u0161kumas.<\/p>\n<p>\ud83d\udfe0 Laisvalaikio ir u\u017eimtumo poreikiai bei motyvai.<\/p>\n<p>\ud83d\udfe0 Vaik\u0173 ir jaunuoli\u0173 socialini\u0173 \u012fg\u016bd\u017ei\u0173 ugdymo s\u0105sajos su kryptingai organizuota laisvalaikio veikla.<\/p>\n<p>\ud83d\udfe0 Vaik\u0173 motyvavimo ir aktyvinimo metodai, vaiko socializacijos menu samprata.<\/p>\n<p>\ud83d\udfe0 Diskusija: k\u0105 rei\u0161kia b\u016bti k\u016brybi\u0161ku socialiniu darbuotoju organizuojant laisvalaik\u012f ir pramogas.<\/p>\n<p>\ud83d\udfe0 Koks tur\u0117t\u0173 b\u016bti socialiai prasmingos laisvalaikio programos turinys?<\/p>\n<p>\ud83d\udfe0 Rengini\u0173 organizavimo metodika.<\/p>\n<p>\ud83d\udfe0 Laisvalaikio rengini\u0173 organizavimo \u012fg\u016bd\u017eiai ir socialinio darbuotojo kompetencijos.<\/p>\n<p>\ud83d\udfe0 Id\u0117ja, renginio tema, formos parinkimas ir tiksl\u0173 numatymas.<\/p>\n<p>\ud83d\udfe0 Aktyvo sub\u016brimas ir scenarijaus k\u016brimas.<\/p>\n<p>\ud83d\udfe0 Reklama.<\/p>\n<p>\ud83d\udfe0 Apipavidalinimas.<\/p>\n<p>\ud83d\udfe0 Diskusija: rengini\u0173 scenarij\u0173 analiz\u0117, pasidalinimas ger\u0105ja rengini\u0173 organizavimo patirtimi.<\/p>\n<p><strong>Mokym\u0173 metodai \u2013<\/strong> paskaita, seminaras, interaktyv\u016bs metodai, diskusija, refleksija.<\/p>\n<p>&nbsp;<\/p>\n<p>&nbsp;<\/p>\n<p><strong>PRAKTIN\u0116 INFORMACIJA<\/strong><\/p>\n<p><strong>Vieta:<\/strong> visi miestai (kontaktiniai arba nuotoliniai mokymai)<\/p>\n<p>&nbsp;<\/p>\n<p><strong>D\u0116L MOKYM\u0172 TEIRAUTIS<\/strong><\/p>\n<div class=\"location-map block\"><strong>El. pa\u0161tu:<\/strong> ugne.balt@mruni.eu<\/div>\n<div class=\"location-map block\"><strong>mob. tel.<\/strong> +3706 253 9429<\/div>\n<div><\/div>\n<div><img loading=\"lazy\" decoding=\"async\" class=\"alignnone wp-image-552\" src=\"https:\/\/dev.mvg.mruni.eu\/wp-content\/uploads\/2025\/09\/Orange-White-Simple-Circle-Rice-Bowl-Logo-300x125.png\" alt=\"\" width=\"197\" height=\"82\" srcset=\"https:\/\/dev.mvg.mruni.eu\/wp-content\/uploads\/2025\/09\/Orange-White-Simple-Circle-Rice-Bowl-Logo-300x125.png 300w, https:\/\/dev.mvg.mruni.eu\/wp-content\/uploads\/2025\/09\/Orange-White-Simple-Circle-Rice-Bowl-Logo.png 359w\" sizes=\"auto, (max-width: 197px) 100vw, 197px\" \/><\/div>\n","protected":false},"excerpt":{"rendered":"<p>,,Vaik\u0173 ir jaunimo laisvalaikio organizavimo veikla\u201c Trukm\u0117: 8 akad. val. APIE LEKTOR\u0118 Doc. dr. Jautr\u0117 Ramut\u0117 \u0160ink\u016bnien\u0117 &#8211; Mykolo Romerio universiteto, \u017dmogaus ir visuomen\u0117s studij\u0173 fakulteto, Edukologijos ir socialinio darbo instituto docent\u0117. Laisvalaikio veikla \u2013 vienas i\u0161 paveikiausi\u0173 b\u016bd\u0173, siekiant pozityvios vaiko ar jaunuolio socializacijos. Socialinis darbuotojas atstovauja pa\u017eeist\u0173 jaunuoli\u0173 (turin\u010di\u0173 speciali\u0173 poreiki\u0173, gyvenan\u010di\u0173 rizikos [&hellip;]<\/p>\n","protected":false},"featured_media":863,"comment_status":"open","ping_status":"closed","template":"","meta":[],"product_brand":[],"product_cat":[27],"product_tag":[],"class_list":{"0":"post-600","1":"product","2":"type-product","3":"status-publish","4":"has-post-thumbnail","6":"product_cat-socialinio-darbo-mokymai","8":"first","9":"instock","10":"taxable","11":"shipping-taxable","12":"product-type-simple"},"_links":{"self":[{"href":"https:\/\/dev.mvg.mruni.eu\/index.php?rest_route=\/wp\/v2\/product\/600","targetHints":{"allow":["GET"]}}],"collection":[{"href":"https:\/\/dev.mvg.mruni.eu\/index.php?rest_route=\/wp\/v2\/product"}],"about":[{"href":"https:\/\/dev.mvg.mruni.eu\/index.php?rest_route=\/wp\/v2\/types\/product"}],"replies":[{"embeddable":true,"href":"https:\/\/dev.mvg.mruni.eu\/index.php?rest_route=%2Fwp%2Fv2%2Fcomments&post=600"}],"wp:featuredmedia":[{"embeddable":true,"href":"https:\/\/dev.mvg.mruni.eu\/index.php?rest_route=\/wp\/v2\/media\/863"}],"wp:attachment":[{"href":"https:\/\/dev.mvg.mruni.eu\/index.php?rest_route=%2Fwp%2Fv2%2Fmedia&parent=600"}],"wp:term":[{"taxonomy":"product_brand","embeddable":true,"href":"https:\/\/dev.mvg.mruni.eu\/index.php?rest_route=%2Fwp%2Fv2%2Fproduct_brand&post=600"},{"taxonomy":"product_cat","embeddable":true,"href":"https:\/\/dev.mvg.mruni.eu\/index.php?rest_route=%2Fwp%2Fv2%2Fproduct_cat&post=600"},{"taxonomy":"product_tag","embeddable":true,"href":"https:\/\/dev.mvg.mruni.eu\/index.php?rest_route=%2Fwp%2Fv2%2Fproduct_tag&post=600"}],"curies":[{"name":"wp","href":"https:\/\/api.w.org\/{rel}","templated":true}]}}