{"id":594,"date":"2025-09-18T10:27:20","date_gmt":"2025-09-18T07:27:20","guid":{"rendered":"https:\/\/dev.mvg.mruni.eu\/?post_type=product&#038;p=594"},"modified":"2026-02-11T10:22:58","modified_gmt":"2026-02-11T08:22:58","slug":"savanoriu-motyvavimas-ilgalaikei-veiklai-lekt-n-kurapkaitiene-8-akad-val","status":"publish","type":"product","link":"https:\/\/dev.mvg.mruni.eu\/?product=savanoriu-motyvavimas-ilgalaikei-veiklai-lekt-n-kurapkaitiene-8-akad-val","title":{"rendered":"SAVANORI\u0172 MOTYVAVIMAS ILGALAIKEI VEIKLAI (8 akad. val.) Dr. Neringa Kurapkaitien\u0117"},"content":{"rendered":"<p><strong>,,Savanori\u0173 motyvavimas ilgalaikei veiklai\u201c<\/strong><\/p>\n<p><strong>Trukm\u0117:<\/strong> 8 akad. val.<\/p>\n<p><strong>APIE MOKYMUS<\/strong><\/p>\n<p>\ud83d\udfe0\u00a0 Da\u017enai, nors organizacijos ir pritaukia savanori\u0173, savanoriai nei\u0161lieka arba i\u0161lieka 1-2. Tokiu atveju imama manyti, kad savanoriai tiesiog nenori pas mus savanoriauti. Deja, tyrimai rodo kitk\u0105 \u2013 \u012fstaigos ir organizacijos turi tur\u0117ti savo viduje suk\u016brusios savanori\u0173 motyvavimo sistem\u0105, kurios d\u0117ka siekia savanorius i\u0161laikyti ir motyvuoti kasdien\u0117je veikloje.<\/p>\n<p>\ud83d\udfe0\u00a0 \u0160ie mokymai skirti sukurti motyvacinei sistemai \u012fstaigos viduje, siekiant kurti ilgalaik\u0119 savanoryst\u0119.<\/p>\n<p><strong>Mokym\u0173 temos: <\/strong><\/p>\n<p>\ud83d\udfe0 Savanori\u0173 motyv\u0173 funkcij\u0173 grup\u0117s.<\/p>\n<p>\ud83d\udfe0 Savanorst\u0117s kreiv\u0117s.<\/p>\n<p>\ud83d\udfe0 Savanori\u0173 motyvavimo sritys.<\/p>\n<p>\ud83d\udfe0 Konkre\u010dios \u012fstaigos per\u017evelgimas ir savanori\u0173 motyvacijai kelti \u017eingsni\u0173 atradimas.<\/p>\n<p>\ud83d\udfe0\u00a0 Savanori\u0173 motyvavimui atsakomybi\u0173 tarp darbuotoj\u0173 \u012fsivertinimas ir pasiskirstymas.<\/p>\n<p>&nbsp;<\/p>\n<p>&nbsp;<\/p>\n<p><strong>PRAKTIN\u0116 INFORMACIJA<\/strong><\/p>\n<p><strong>Vieta:<\/strong> visi miestai (kontaktiniai arba nuotoliniai mokymai)<\/p>\n<p><strong>Dalyviams i\u0161duodami kvalifikacijos pa\u017eym\u0117jimai.<\/strong><\/p>\n<p>&nbsp;<\/p>\n<p><strong>D\u0116L MOKYM\u0172 TEIRAUTIS<\/strong><\/p>\n<div class=\"location-map block\"><strong>El. pa\u0161tu:<\/strong> ugne.balt@mruni.eu<\/div>\n<div class=\"location-map block\"><strong>mob. tel.<\/strong> +3706 253 9429<\/div>\n<div><\/div>\n<div><img loading=\"lazy\" decoding=\"async\" class=\"alignnone wp-image-552\" src=\"https:\/\/dev.mvg.mruni.eu\/wp-content\/uploads\/2025\/09\/Orange-White-Simple-Circle-Rice-Bowl-Logo-300x125.png\" alt=\"\" width=\"197\" height=\"82\" srcset=\"https:\/\/dev.mvg.mruni.eu\/wp-content\/uploads\/2025\/09\/Orange-White-Simple-Circle-Rice-Bowl-Logo-300x125.png 300w, https:\/\/dev.mvg.mruni.eu\/wp-content\/uploads\/2025\/09\/Orange-White-Simple-Circle-Rice-Bowl-Logo.png 359w\" sizes=\"auto, (max-width: 197px) 100vw, 197px\" \/><\/div>\n","protected":false},"excerpt":{"rendered":"<p>,,Savanori\u0173 motyvavimas ilgalaikei veiklai\u201c Trukm\u0117: 8 akad. val. APIE MOKYMUS \ud83d\udfe0\u00a0 Da\u017enai, nors organizacijos ir pritaukia savanori\u0173, savanoriai nei\u0161lieka arba i\u0161lieka 1-2. Tokiu atveju imama manyti, kad savanoriai tiesiog nenori pas mus savanoriauti. Deja, tyrimai rodo kitk\u0105 \u2013 \u012fstaigos ir organizacijos turi tur\u0117ti savo viduje suk\u016brusios savanori\u0173 motyvavimo sistem\u0105, kurios d\u0117ka siekia savanorius i\u0161laikyti ir [&hellip;]<\/p>\n","protected":false},"featured_media":865,"comment_status":"open","ping_status":"closed","template":"","meta":[],"product_brand":[],"product_cat":[35,27],"product_tag":[],"class_list":{"0":"post-594","1":"product","2":"type-product","3":"status-publish","4":"has-post-thumbnail","6":"product_cat-socialines-ir-humanitarines-sritys","7":"product_cat-socialinio-darbo-mokymai","9":"first","10":"instock","11":"taxable","12":"shipping-taxable","13":"product-type-simple"},"_links":{"self":[{"href":"https:\/\/dev.mvg.mruni.eu\/index.php?rest_route=\/wp\/v2\/product\/594","targetHints":{"allow":["GET"]}}],"collection":[{"href":"https:\/\/dev.mvg.mruni.eu\/index.php?rest_route=\/wp\/v2\/product"}],"about":[{"href":"https:\/\/dev.mvg.mruni.eu\/index.php?rest_route=\/wp\/v2\/types\/product"}],"replies":[{"embeddable":true,"href":"https:\/\/dev.mvg.mruni.eu\/index.php?rest_route=%2Fwp%2Fv2%2Fcomments&post=594"}],"wp:featuredmedia":[{"embeddable":true,"href":"https:\/\/dev.mvg.mruni.eu\/index.php?rest_route=\/wp\/v2\/media\/865"}],"wp:attachment":[{"href":"https:\/\/dev.mvg.mruni.eu\/index.php?rest_route=%2Fwp%2Fv2%2Fmedia&parent=594"}],"wp:term":[{"taxonomy":"product_brand","embeddable":true,"href":"https:\/\/dev.mvg.mruni.eu\/index.php?rest_route=%2Fwp%2Fv2%2Fproduct_brand&post=594"},{"taxonomy":"product_cat","embeddable":true,"href":"https:\/\/dev.mvg.mruni.eu\/index.php?rest_route=%2Fwp%2Fv2%2Fproduct_cat&post=594"},{"taxonomy":"product_tag","embeddable":true,"href":"https:\/\/dev.mvg.mruni.eu\/index.php?rest_route=%2Fwp%2Fv2%2Fproduct_tag&post=594"}],"curies":[{"name":"wp","href":"https:\/\/api.w.org\/{rel}","templated":true}]}}