{"id":586,"date":"2025-09-18T09:47:14","date_gmt":"2025-09-18T06:47:14","guid":{"rendered":"https:\/\/dev.mvg.mruni.eu\/?post_type=product&#038;p=586"},"modified":"2026-01-23T11:19:46","modified_gmt":"2026-01-23T09:19:46","slug":"muzikos-terapijos-priemoniu-taikymas-socialiniame-darbe-8-akad-val","status":"publish","type":"product","link":"https:\/\/dev.mvg.mruni.eu\/?product=muzikos-terapijos-priemoniu-taikymas-socialiniame-darbe-8-akad-val","title":{"rendered":"MUZIKOS TERAPIJOS PRIEMONI\u0172 TAIKYMAS SOCIALINIAME DARBE (8 akad. val.) Doc. dr. Jautr\u0117 Ramut\u0117 \u0160ink\u016bnien\u0117"},"content":{"rendered":"<p><strong>\u201eMuzikos terapijos priemoni\u0173 taikymas socialiniame darbe\u201c<\/strong><\/p>\n<p><strong>Trukm\u0117:<\/strong> 8 akad. val.<\/p>\n<p><strong>APIE MOKYMUS<\/strong><\/p>\n<p>\ud83d\udfe0 Muzikos terapija \u2013 k\u016brybinis mokslas, planingas muzikos naudojimas su vis\u0173 am\u017eiaus tarpsni\u0173 \u017emon\u0117mis, siekiant nemuzikini\u0173 terapini\u0173 tiksl\u0173, padedant klientui palaikyti ar atgauti fizin\u012f ir dvasin\u012f sveikatingum\u0105, esant socialiniams, emociniams, fiziniams ar intelekto sutrikimams.Mokym\u0173 dalyviai su\u017einos apie psichologin\u012f, emocin\u012f ir dvasin\u012f muzikos poveik\u012f, padedant klientui atgauti psichin\u0119 ir fizin\u0119 pusiausvyr\u0105, prakti\u0161kai patirs, kaip naudojant muzik\u0105 galima pad\u0117ti geriau pa\u017einti ir i\u0161reik\u0161ti save, kurti ir tvirtinti tarpasmeninius ry\u0161ius su kitu asmeniu ar grupe.<\/p>\n<p>\ud83d\udfe0 Mokym\u0173 metu aptarsime, kok\u012f poveik\u012f muzikos terapij\u0105 turi individui, kaip prakti\u0161kai galima j\u0105 naudoti siekiant \u0161i\u0173 pozityvi\u0173 poky\u010di\u0173: \u012fgalinti neverbalinei komunikacijai individualiai ar grup\u0117je; \u017eadinti emocijas, pad\u0117ti jas valdyti, i\u0161reik\u0161ti; lavinti d\u0117mesingum\u0105 ir atmint\u012f; gerinti koordinacij\u0105, pusiausvyr\u0105, raumen\u0173 tonus\u0105; ugdyti klausymo \u012fg\u016bd\u017eius bei kalbos suvokim\u0105; sukelti tam tikras asociacijas ar vaizdinius.<\/p>\n<p>\ud83d\udfe0 <strong>Mokym\u0173 metodai \u2013<\/strong> paskaita, seminaras, interaktyv\u016bs metodai, diskusija, refleksija.<\/p>\n<p>\ud83d\udfe0 <strong>Pastaba:<\/strong> Grup\u0119 gali sudaryti 15-20 \u017emoni\u0173 (muzikin\u0117 klausa ar i\u0161silavinimas neb\u016btini).<\/p>\n<p>&nbsp;<\/p>\n<p>&nbsp;<\/p>\n<p><strong>PRAKTIN\u0116 INFORMACIJA<\/strong><\/p>\n<p><strong>Vieta:<\/strong> visi miestai (kontaktiniai arba nuotoliniai mokymai)<\/p>\n<p><strong>Dalyviams i\u0161duodami kvalifikacijos pa\u017eym\u0117jimai.<\/strong><\/p>\n<p>&nbsp;<\/p>\n<p><strong>D\u0116L MOKYM\u0172 TEIRAUTIS<\/strong><\/p>\n<div class=\"location-map block\"><strong>El. pa\u0161tu:<\/strong> ugne.balt@mruni.eu<\/div>\n<div class=\"location-map block\"><strong>mob. tel.<\/strong> +3706 253 9429<\/div>\n<div><\/div>\n<div><img loading=\"lazy\" decoding=\"async\" class=\"alignnone wp-image-552\" src=\"https:\/\/dev.mvg.mruni.eu\/wp-content\/uploads\/2025\/09\/Orange-White-Simple-Circle-Rice-Bowl-Logo-300x125.png\" alt=\"\" width=\"197\" height=\"82\" srcset=\"https:\/\/dev.mvg.mruni.eu\/wp-content\/uploads\/2025\/09\/Orange-White-Simple-Circle-Rice-Bowl-Logo-300x125.png 300w, https:\/\/dev.mvg.mruni.eu\/wp-content\/uploads\/2025\/09\/Orange-White-Simple-Circle-Rice-Bowl-Logo.png 359w\" sizes=\"auto, (max-width: 197px) 100vw, 197px\" \/><\/div>\n","protected":false},"excerpt":{"rendered":"<p>\u201eMuzikos terapijos priemoni\u0173 taikymas socialiniame darbe\u201c Trukm\u0117: 8 akad. val. APIE MOKYMUS \ud83d\udfe0 Muzikos terapija \u2013 k\u016brybinis mokslas, planingas muzikos naudojimas su vis\u0173 am\u017eiaus tarpsni\u0173 \u017emon\u0117mis, siekiant nemuzikini\u0173 terapini\u0173 tiksl\u0173, padedant klientui palaikyti ar atgauti fizin\u012f ir dvasin\u012f sveikatingum\u0105, esant socialiniams, emociniams, fiziniams ar intelekto sutrikimams.Mokym\u0173 dalyviai su\u017einos apie psichologin\u012f, emocin\u012f ir dvasin\u012f muzikos poveik\u012f, [&hellip;]<\/p>\n","protected":false},"featured_media":916,"comment_status":"open","ping_status":"closed","template":"","meta":[],"product_brand":[],"product_cat":[27],"product_tag":[],"class_list":{"0":"post-586","1":"product","2":"type-product","3":"status-publish","4":"has-post-thumbnail","6":"product_cat-socialinio-darbo-mokymai","8":"first","9":"instock","10":"taxable","11":"shipping-taxable","12":"product-type-simple"},"_links":{"self":[{"href":"https:\/\/dev.mvg.mruni.eu\/index.php?rest_route=\/wp\/v2\/product\/586","targetHints":{"allow":["GET"]}}],"collection":[{"href":"https:\/\/dev.mvg.mruni.eu\/index.php?rest_route=\/wp\/v2\/product"}],"about":[{"href":"https:\/\/dev.mvg.mruni.eu\/index.php?rest_route=\/wp\/v2\/types\/product"}],"replies":[{"embeddable":true,"href":"https:\/\/dev.mvg.mruni.eu\/index.php?rest_route=%2Fwp%2Fv2%2Fcomments&post=586"}],"wp:featuredmedia":[{"embeddable":true,"href":"https:\/\/dev.mvg.mruni.eu\/index.php?rest_route=\/wp\/v2\/media\/916"}],"wp:attachment":[{"href":"https:\/\/dev.mvg.mruni.eu\/index.php?rest_route=%2Fwp%2Fv2%2Fmedia&parent=586"}],"wp:term":[{"taxonomy":"product_brand","embeddable":true,"href":"https:\/\/dev.mvg.mruni.eu\/index.php?rest_route=%2Fwp%2Fv2%2Fproduct_brand&post=586"},{"taxonomy":"product_cat","embeddable":true,"href":"https:\/\/dev.mvg.mruni.eu\/index.php?rest_route=%2Fwp%2Fv2%2Fproduct_cat&post=586"},{"taxonomy":"product_tag","embeddable":true,"href":"https:\/\/dev.mvg.mruni.eu\/index.php?rest_route=%2Fwp%2Fv2%2Fproduct_tag&post=586"}],"curies":[{"name":"wp","href":"https:\/\/api.w.org\/{rel}","templated":true}]}}