{"id":579,"date":"2025-09-18T08:56:33","date_gmt":"2025-09-18T05:56:33","guid":{"rendered":"https:\/\/dev.mvg.mruni.eu\/?post_type=product&#038;p=579"},"modified":"2026-01-23T11:25:54","modified_gmt":"2026-01-23T09:25:54","slug":"socialiniu-darbuotoju-laiko-planavimas-ir-jo-valdymas-8-akad-val","status":"publish","type":"product","link":"https:\/\/dev.mvg.mruni.eu\/?product=socialiniu-darbuotoju-laiko-planavimas-ir-jo-valdymas-8-akad-val","title":{"rendered":"SOCIALINI\u0172 DARBUOTOJ\u0172 LAIKO PLANAVIMAS IR JO VALDYMAS  (8 akad. val.) Prof. dr. Vida Gud\u017einskien\u0117"},"content":{"rendered":"<p><strong>,,Socialini\u0173 darbuotoj\u0173 laiko planavimas ir jo valdymas\u201c<\/strong><\/p>\n<p><strong>Trukm\u0117:<\/strong> 8 akad. val.<\/p>\n<p><strong>APIE MOKYMUS<\/strong><\/p>\n<p>\ud83d\udfe0 Mokym\u0173 metu aptariami socialini\u0173 darbuotoj\u0173 laiko planavim\u0105 s\u0105lygojantys veiksniai, produktyvus ir neproduktyvus laikas, produktyvaus ir neproduktyvaus laiko panaudojimo galimyb\u0117s socialiniame darbe, Eisenhower\u2018io principas, laiko vagys, j\u0173 kategorijos. Taip pat aptariami problem\u0173, susijusi\u0173 su laiko vagimis, sprendimo b\u016bdai, dirbant socialin\u012f darb\u0105.<\/p>\n<p>\ud83d\udfe0 Drauge su seminaro dalyviais analizuojamos planavimo ir laiko valdymo dalin\u0117s u\u017eduotys, Eisenhower\u2018io principas, teorini\u0173 laiko planavimo patarim\u0173 pritaikymo i\u0161\u0161\u016bkiai socialinio darbuotojo veikloje.<\/p>\n<p>\ud83d\udfe0 Kiekvienas seminaro dalyvis prakti\u0161kai i\u0161bando kai kurias laiko planavimo ir valdymo technikas\/strategijas, pasidaro savo darbo laiko apskaitos lap\u0105 arba Dienos &#8222;fotografij\u0105&#8221;; atlieka praktin\u0119 u\u017eduot\u012f, susijusi\u0105 su laiko vagimis, bei u\u017eduot\u012f &#8222;Laiko valdymas ir sav\u0119s pa\u017einimas:.<\/p>\n<p>\ud83d\udfe0 Kiekvienas mokym\u0173 dalyvis \u012fsivertina laiko planavimo ir valdymo \u012fg\u016bd\u017eius, labiau pa\u017e\u012fsta save ir nusistato savo &#8222;laiko vagis&#8221;.<\/p>\n<p>\ud83d\udfe0 Kriti\u0161kai \u012fvertinami laiko planavimo b\u016bdai. Prakti\u0161kai i\u0161bandomos laiko planavimo technikos.<\/p>\n<p><strong>MOKYM\u0172 METODAI:<\/strong><\/p>\n<p>\ud83d\udfe0 Paskaita.<\/p>\n<p>\ud83d\udfe0 Patirties pasidalinimas.<\/p>\n<p>\ud83d\udfe0 Atvej\u0173 aptarimas, diskusijos.<\/p>\n<p>\ud83d\udfe0 U\u017eduo\u010di\u0173 atlikimas individualiai, porose ir ma\u017eose grupel\u0117se.<\/p>\n<p>&nbsp;<\/p>\n<p>&nbsp;<\/p>\n<div>\n<div>\n<div>\n<p><strong>PRAKTIN\u0116 INFORMACIJA<\/strong><\/p>\n<p><strong>Vieta:<\/strong> visi miestai (kontaktiniai arba nuotoliniai mokymai)<\/p>\n<p><strong>I\u0161duodami mokym\u0173\u00a0pa\u017eym\u0117jimai\u00a0tinkami socialini\u0173 darbuotoj\u0173 ir atvejo vadybinink\u0173 kvalifikacijai kelti.<\/strong><\/p>\n<p>&nbsp;<\/p>\n<p><strong>D\u0116L MOKYM\u0172 TEIRAUTIS<\/strong><\/p>\n<div class=\"location-map block\"><strong>El. pa\u0161tu:<\/strong> ugne.balt@mruni.eu<\/div>\n<div class=\"location-map block\"><strong>mob. tel.<\/strong> +3706 253 9429<\/div>\n<\/div>\n<\/div>\n<div><\/div>\n<div><img loading=\"lazy\" decoding=\"async\" class=\"alignnone wp-image-552\" src=\"https:\/\/dev.mvg.mruni.eu\/wp-content\/uploads\/2025\/09\/Orange-White-Simple-Circle-Rice-Bowl-Logo-300x125.png\" alt=\"\" width=\"223\" height=\"93\" srcset=\"https:\/\/dev.mvg.mruni.eu\/wp-content\/uploads\/2025\/09\/Orange-White-Simple-Circle-Rice-Bowl-Logo-300x125.png 300w, https:\/\/dev.mvg.mruni.eu\/wp-content\/uploads\/2025\/09\/Orange-White-Simple-Circle-Rice-Bowl-Logo.png 359w\" sizes=\"auto, (max-width: 223px) 100vw, 223px\" \/><\/div>\n<\/div>\n","protected":false},"excerpt":{"rendered":"<p>,,Socialini\u0173 darbuotoj\u0173 laiko planavimas ir jo valdymas\u201c Trukm\u0117: 8 akad. val. APIE MOKYMUS \ud83d\udfe0 Mokym\u0173 metu aptariami socialini\u0173 darbuotoj\u0173 laiko planavim\u0105 s\u0105lygojantys veiksniai, produktyvus ir neproduktyvus laikas, produktyvaus ir neproduktyvaus laiko panaudojimo galimyb\u0117s socialiniame darbe, Eisenhower\u2018io principas, laiko vagys, j\u0173 kategorijos. Taip pat aptariami problem\u0173, susijusi\u0173 su laiko vagimis, sprendimo b\u016bdai, dirbant socialin\u012f darb\u0105. \ud83d\udfe0 [&hellip;]<\/p>\n","protected":false},"featured_media":874,"comment_status":"open","ping_status":"closed","template":"","meta":[],"product_brand":[],"product_cat":[27],"product_tag":[],"class_list":{"0":"post-579","1":"product","2":"type-product","3":"status-publish","4":"has-post-thumbnail","6":"product_cat-socialinio-darbo-mokymai","8":"first","9":"instock","10":"taxable","11":"shipping-taxable","12":"product-type-simple"},"_links":{"self":[{"href":"https:\/\/dev.mvg.mruni.eu\/index.php?rest_route=\/wp\/v2\/product\/579","targetHints":{"allow":["GET"]}}],"collection":[{"href":"https:\/\/dev.mvg.mruni.eu\/index.php?rest_route=\/wp\/v2\/product"}],"about":[{"href":"https:\/\/dev.mvg.mruni.eu\/index.php?rest_route=\/wp\/v2\/types\/product"}],"replies":[{"embeddable":true,"href":"https:\/\/dev.mvg.mruni.eu\/index.php?rest_route=%2Fwp%2Fv2%2Fcomments&post=579"}],"wp:featuredmedia":[{"embeddable":true,"href":"https:\/\/dev.mvg.mruni.eu\/index.php?rest_route=\/wp\/v2\/media\/874"}],"wp:attachment":[{"href":"https:\/\/dev.mvg.mruni.eu\/index.php?rest_route=%2Fwp%2Fv2%2Fmedia&parent=579"}],"wp:term":[{"taxonomy":"product_brand","embeddable":true,"href":"https:\/\/dev.mvg.mruni.eu\/index.php?rest_route=%2Fwp%2Fv2%2Fproduct_brand&post=579"},{"taxonomy":"product_cat","embeddable":true,"href":"https:\/\/dev.mvg.mruni.eu\/index.php?rest_route=%2Fwp%2Fv2%2Fproduct_cat&post=579"},{"taxonomy":"product_tag","embeddable":true,"href":"https:\/\/dev.mvg.mruni.eu\/index.php?rest_route=%2Fwp%2Fv2%2Fproduct_tag&post=579"}],"curies":[{"name":"wp","href":"https:\/\/api.w.org\/{rel}","templated":true}]}}