{"id":576,"date":"2025-09-18T08:50:38","date_gmt":"2025-09-18T05:50:38","guid":{"rendered":"https:\/\/dev.mvg.mruni.eu\/?post_type=product&#038;p=576"},"modified":"2026-01-23T11:26:11","modified_gmt":"2026-01-23T09:26:11","slug":"socialiniu-problemu-analize-ir-ju-sprendimas-8-akad-val","status":"publish","type":"product","link":"https:\/\/dev.mvg.mruni.eu\/?product=socialiniu-problemu-analize-ir-ju-sprendimas-8-akad-val","title":{"rendered":"SOCIALINI\u0172 PROBLEM\u0172 ANALIZ\u0116 IR J\u0172 SPRENDIMAS (8 akad. val.) Prof. dr. V. Jegelevi\u010dien\u0117"},"content":{"rendered":"<p><strong>\u201e<\/strong><strong>Socialini\u0173 problem\u0173 analiz\u0117 ir j\u0173 sprendimas\u201c<\/strong><\/p>\n<p><strong>Trukm\u0117:<\/strong> 8 akad. val.<\/p>\n<p>\u0160i mokym\u0173 programa yra kvalifikacijos k\u0117limo programa, skirta <strong>socialiniams darbuotojams ir socialini\u0173 darbuotoj\u0173 pad\u0117j\u0117jams,<\/strong> siekiantiems stiprinti geb\u0117jimus tirti socialines problemas, pasirinkti tinkamus metodus, analizuoti duomenis ir kurti praktines rekomendacijas<\/p>\n<p><strong>APIE LEKTOR\u0118<\/strong><\/p>\n<p><strong>Prof. dr. V. Jegelevi\u010dien\u0117<\/strong> &#8211; Mykolo Romerio universiteto, \u017dmogaus ir visuomen\u0117s studij\u0173 fakulteto, Edukologijos ir socialinio darbo instituto docent\u0117.<\/p>\n<p><strong>APIE MOKYMUS<\/strong><\/p>\n<p>Mokymuose bus daugiausiai dirbama stiprinant socialini\u0173 darbuotoj\u0173 ir j\u0173 pad\u0117j\u0117j\u0173 tiriamosios veiklos kompetencij\u0105. Mokym\u0173 metu detaliai analizuojama, kaip suformuluoti ir pagr\u012fsti socialin\u0119 problem\u0105, pasirinkti tinkam\u0105 metod\u0105 problemai spr\u0119sti, sudaryti imt\u012f, reikaling\u0105 konkre\u010diam tyrimui atlikti. Ypatingas d\u0117mesys skiriamas, kaip analizuoti ir interpretuoti gautus tyrim\u0173 duomenis, kriti\u0161kai vertinti gautus rezultatus, rengiant praktines rekomendacijas ir galimus sprendimu.<\/p>\n<p>&nbsp;<\/p>\n<p>&nbsp;<\/p>\n<p><strong>PRAKTIN\u0116 INFORMACIJA<\/strong><\/p>\n<p><strong>Vieta:<\/strong> visi miestai (kontaktiniai arba nuotoliniai mokymai)<\/p>\n<p><strong>Dalyviams i\u0161duodami kvalifikacijos pa\u017eym\u0117jimai.<\/strong><\/p>\n<p>&nbsp;<\/p>\n<p><strong>D\u0116L MOKYM\u0172 TEIRAUTIS<\/strong><\/p>\n<div class=\"location-map block\"><strong>El. pa\u0161tu:<\/strong> ugne.balt@mruni.eu<\/div>\n<div class=\"location-map block\"><strong>mob. tel.<\/strong> +3706 253 9429<\/div>\n<div><\/div>\n<div><img loading=\"lazy\" decoding=\"async\" class=\"alignnone wp-image-552\" src=\"https:\/\/dev.mvg.mruni.eu\/wp-content\/uploads\/2025\/09\/Orange-White-Simple-Circle-Rice-Bowl-Logo-300x125.png\" alt=\"\" width=\"197\" height=\"82\" srcset=\"https:\/\/dev.mvg.mruni.eu\/wp-content\/uploads\/2025\/09\/Orange-White-Simple-Circle-Rice-Bowl-Logo-300x125.png 300w, https:\/\/dev.mvg.mruni.eu\/wp-content\/uploads\/2025\/09\/Orange-White-Simple-Circle-Rice-Bowl-Logo.png 359w\" sizes=\"auto, (max-width: 197px) 100vw, 197px\" \/><\/div>\n","protected":false},"excerpt":{"rendered":"<p>\u201eSocialini\u0173 problem\u0173 analiz\u0117 ir j\u0173 sprendimas\u201c Trukm\u0117: 8 akad. val. \u0160i mokym\u0173 programa yra kvalifikacijos k\u0117limo programa, skirta socialiniams darbuotojams ir socialini\u0173 darbuotoj\u0173 pad\u0117j\u0117jams, siekiantiems stiprinti geb\u0117jimus tirti socialines problemas, pasirinkti tinkamus metodus, analizuoti duomenis ir kurti praktines rekomendacijas APIE LEKTOR\u0118 Prof. dr. V. Jegelevi\u010dien\u0117 &#8211; Mykolo Romerio universiteto, \u017dmogaus ir visuomen\u0117s studij\u0173 fakulteto, Edukologijos [&hellip;]<\/p>\n","protected":false},"featured_media":876,"comment_status":"open","ping_status":"closed","template":"","meta":[],"product_brand":[],"product_cat":[27],"product_tag":[],"class_list":{"0":"post-576","1":"product","2":"type-product","3":"status-publish","4":"has-post-thumbnail","6":"product_cat-socialinio-darbo-mokymai","8":"first","9":"instock","10":"taxable","11":"shipping-taxable","12":"product-type-simple"},"_links":{"self":[{"href":"https:\/\/dev.mvg.mruni.eu\/index.php?rest_route=\/wp\/v2\/product\/576","targetHints":{"allow":["GET"]}}],"collection":[{"href":"https:\/\/dev.mvg.mruni.eu\/index.php?rest_route=\/wp\/v2\/product"}],"about":[{"href":"https:\/\/dev.mvg.mruni.eu\/index.php?rest_route=\/wp\/v2\/types\/product"}],"replies":[{"embeddable":true,"href":"https:\/\/dev.mvg.mruni.eu\/index.php?rest_route=%2Fwp%2Fv2%2Fcomments&post=576"}],"wp:featuredmedia":[{"embeddable":true,"href":"https:\/\/dev.mvg.mruni.eu\/index.php?rest_route=\/wp\/v2\/media\/876"}],"wp:attachment":[{"href":"https:\/\/dev.mvg.mruni.eu\/index.php?rest_route=%2Fwp%2Fv2%2Fmedia&parent=576"}],"wp:term":[{"taxonomy":"product_brand","embeddable":true,"href":"https:\/\/dev.mvg.mruni.eu\/index.php?rest_route=%2Fwp%2Fv2%2Fproduct_brand&post=576"},{"taxonomy":"product_cat","embeddable":true,"href":"https:\/\/dev.mvg.mruni.eu\/index.php?rest_route=%2Fwp%2Fv2%2Fproduct_cat&post=576"},{"taxonomy":"product_tag","embeddable":true,"href":"https:\/\/dev.mvg.mruni.eu\/index.php?rest_route=%2Fwp%2Fv2%2Fproduct_tag&post=576"}],"curies":[{"name":"wp","href":"https:\/\/api.w.org\/{rel}","templated":true}]}}