{"id":569,"date":"2025-09-18T08:25:51","date_gmt":"2025-09-18T05:25:51","guid":{"rendered":"https:\/\/dev.mvg.mruni.eu\/?post_type=product&#038;p=569"},"modified":"2026-02-11T09:40:56","modified_gmt":"2026-02-11T07:40:56","slug":"supervizija-socialiniu-paslaugu-centru-vadovams-ir-pavaduotojams-16-ak-val","status":"publish","type":"product","link":"https:\/\/dev.mvg.mruni.eu\/?product=supervizija-socialiniu-paslaugu-centru-vadovams-ir-pavaduotojams-16-ak-val","title":{"rendered":"SUPERVIZIJA SOCIALINI\u0172 PASLAUG\u0172 CENTR\u0172 VADOVAMS IR PAVADUOTOJAMS (16 akad. val.) Doc. dr. Justinas Sadauskas ir prof. dr. Odeta Merfeldait\u0117"},"content":{"rendered":"<p><strong>Kvie\u010diame \u012f socialini\u0173 paslaug\u0173 centr\u0173 vadovams ir pavaduotojams skirtas grup\u0117s supervizijas, organizuojamas Mykolo Romerio universiteto!<\/strong><\/p>\n<p><strong>Supervizijas veda:<\/strong> doc. dr. Justinas Sadauskas ir prof. dr. Odeta Merfeldait\u0117.<\/p>\n<p><strong>Trukm\u0117:<\/strong> 16 akad. val.<\/p>\n<p><strong>APIE MOKYMUS<\/strong><\/p>\n<p>\ud83d\udfe0\u00a0 Planuojame organizuoti dvi grupes \u2013 vien\u0105 skirt\u0105 vadovam, o kit\u0105 pavaduotojams. Supervizijos vykt\u0173 tuo pa\u010diu metu. Supervizjoje kartu su kolegomis gal\u0117site dalintis Jums aktualiais vadovavimo klausimais. Garantuojame profesional\u0173 supervizijos proces\u0105 ir konfidencialum\u0105.<\/p>\n<p>\ud83d\udfe0\u00a0 Si\u016blomas supervizijos formatas &#8211; 4 susitikimai (vieno susitikimo trukm\u0117 4 akad. val.).<\/p>\n<p>\ud83d\udfe0\u00a0 Supervizijos proceso dalyviams <strong>i\u0161duodami kvalifikacijos tobulinimo pa\u017eym\u0117jimai<u>,<\/u><\/strong> atitinkantys Europinius supervizori\u0173 rengimo standartus.<\/p>\n<p>&nbsp;<\/p>\n<p>&nbsp;<\/p>\n<p><strong>PRAKTIN\u0116 INFORMACIJA<\/strong><\/p>\n<p><strong>Vieta:<\/strong> visi miestai (kontaktiniai arba nuotoliniai mokymai)<\/p>\n<p>&nbsp;<\/p>\n<p><strong>D\u0116L SUPERVIZIJ\u0172 KREIPKIT\u0116S<\/strong><\/p>\n<div class=\"location-map block\"><strong>El. pa\u0161tu:<\/strong> ugne.balt@mruni.eu<\/div>\n<div class=\"location-map block\"><strong>mob. tel.<\/strong> +3706 253 9429<\/div>\n<div><\/div>\n<div><img loading=\"lazy\" decoding=\"async\" class=\"alignnone wp-image-552\" src=\"https:\/\/dev.mvg.mruni.eu\/wp-content\/uploads\/2025\/09\/Orange-White-Simple-Circle-Rice-Bowl-Logo-300x125.png\" alt=\"\" width=\"197\" height=\"82\" srcset=\"https:\/\/dev.mvg.mruni.eu\/wp-content\/uploads\/2025\/09\/Orange-White-Simple-Circle-Rice-Bowl-Logo-300x125.png 300w, https:\/\/dev.mvg.mruni.eu\/wp-content\/uploads\/2025\/09\/Orange-White-Simple-Circle-Rice-Bowl-Logo.png 359w\" sizes=\"auto, (max-width: 197px) 100vw, 197px\" \/><\/div>\n<p>&nbsp;<\/p>\n","protected":false},"excerpt":{"rendered":"<p>Kvie\u010diame \u012f socialini\u0173 paslaug\u0173 centr\u0173 vadovams ir pavaduotojams skirtas grup\u0117s supervizijas, organizuojamas Mykolo Romerio universiteto! Supervizijas veda: doc. dr. Justinas Sadauskas ir prof. dr. Odeta Merfeldait\u0117. Trukm\u0117: 16 akad. val. APIE MOKYMUS \ud83d\udfe0\u00a0 Planuojame organizuoti dvi grupes \u2013 vien\u0105 skirt\u0105 vadovam, o kit\u0105 pavaduotojams. Supervizijos vykt\u0173 tuo pa\u010diu metu. Supervizjoje kartu su kolegomis gal\u0117site dalintis [&hellip;]<\/p>\n","protected":false},"featured_media":880,"comment_status":"open","ping_status":"closed","template":"","meta":[],"product_brand":[],"product_cat":[35,27],"product_tag":[],"class_list":{"0":"post-569","1":"product","2":"type-product","3":"status-publish","4":"has-post-thumbnail","6":"product_cat-socialines-ir-humanitarines-sritys","7":"product_cat-socialinio-darbo-mokymai","9":"first","10":"instock","11":"taxable","12":"shipping-taxable","13":"product-type-simple"},"_links":{"self":[{"href":"https:\/\/dev.mvg.mruni.eu\/index.php?rest_route=\/wp\/v2\/product\/569","targetHints":{"allow":["GET"]}}],"collection":[{"href":"https:\/\/dev.mvg.mruni.eu\/index.php?rest_route=\/wp\/v2\/product"}],"about":[{"href":"https:\/\/dev.mvg.mruni.eu\/index.php?rest_route=\/wp\/v2\/types\/product"}],"replies":[{"embeddable":true,"href":"https:\/\/dev.mvg.mruni.eu\/index.php?rest_route=%2Fwp%2Fv2%2Fcomments&post=569"}],"wp:featuredmedia":[{"embeddable":true,"href":"https:\/\/dev.mvg.mruni.eu\/index.php?rest_route=\/wp\/v2\/media\/880"}],"wp:attachment":[{"href":"https:\/\/dev.mvg.mruni.eu\/index.php?rest_route=%2Fwp%2Fv2%2Fmedia&parent=569"}],"wp:term":[{"taxonomy":"product_brand","embeddable":true,"href":"https:\/\/dev.mvg.mruni.eu\/index.php?rest_route=%2Fwp%2Fv2%2Fproduct_brand&post=569"},{"taxonomy":"product_cat","embeddable":true,"href":"https:\/\/dev.mvg.mruni.eu\/index.php?rest_route=%2Fwp%2Fv2%2Fproduct_cat&post=569"},{"taxonomy":"product_tag","embeddable":true,"href":"https:\/\/dev.mvg.mruni.eu\/index.php?rest_route=%2Fwp%2Fv2%2Fproduct_tag&post=569"}],"curies":[{"name":"wp","href":"https:\/\/api.w.org\/{rel}","templated":true}]}}