{"id":553,"date":"2025-09-17T13:20:21","date_gmt":"2025-09-17T10:20:21","guid":{"rendered":"https:\/\/dev.mvg.mruni.eu\/?post_type=product&#038;p=553"},"modified":"2026-01-23T11:29:49","modified_gmt":"2026-01-23T09:29:49","slug":"bendravimo-su-konfliktiskomis-asmenybemis-ypatumai-8-ak-val","status":"publish","type":"product","link":"https:\/\/dev.mvg.mruni.eu\/?product=bendravimo-su-konfliktiskomis-asmenybemis-ypatumai-8-ak-val","title":{"rendered":"BENDRAVIMO SU KONFLIKTI\u0160KOMIS ASMENYB\u0116MIS PSICHOLOGINIAI YPATUMAI (8 akad. val.) Lekt. Roberta Petkevi\u010di\u016bt\u0117"},"content":{"rendered":"<p><strong>,,Bendravimo su konflikti\u0161komis asmenyb\u0117mis psichologiniai ypatumai\u201c<\/strong><\/p>\n<p><strong>Trukm\u0117:<\/strong> 8 akad. val.<\/p>\n<p><strong>APIE LEKTOR\u0118<\/strong><\/p>\n<p>Roberta Petkevi\u010di\u016bt\u0117 &#8211; Lietuvos policijos departamento prie LR VRM psicholog\u0117, anks\u010diau \u0117jusi Lietuvos probacijos tarnybos mediator\u0117s pareigas, teis\u0117s psicholog\u0117, MRU lektor\u0117, Lietuvos mediatori\u0173 r\u016bm\u0173 nar\u0117. Teikia mediacijos paslaugas baud\u017eiamosios teis\u0117s srityje, neteismin\u0117je mediacijoje, \u0161eimos gin\u010duose, konsultuoja organizacijas psichologin\u0117mis temomis. Turi 7 met\u0173 patirt\u012f mediacijos veikloje. Mediacij\u0105 taik\u0117 daugiau nei 900 gin\u010d\u0173. Nuolat kelia kompetencij\u0105 mediacijos ir psichologijos srityse.<\/p>\n<p><strong>APIE MOKYMUS<\/strong><\/p>\n<p>Bendraujant su klientais kartais pasitaiko sud\u0117ting\u0173 situacij\u0173. \u0160ios situacijos da\u017enai susidaro d\u0117l konflikt\u0161k\u0173 asmenybi\u0173, tod\u0117l \u0161iuolaikinis psichologijos mokslas prisideda prie edukacijos, kuri padeda susikalb\u0117ti ir atrasti tam tikras galimybes, ribas bendraujant ir teikiant paslaugas \u0161ioms konflikti\u0161koms asmenybi\u0173 grup\u0117ms.<\/p>\n<p><strong>Mokym\u0173 tikslas<\/strong> &#8211; suvokti konflikti\u0161k\u0173 asmenybi\u0173 tipus ir kaip su skirtingomis grup\u0117mis bendrauti.<\/p>\n<p><strong>U\u017edaviniai:<\/strong><\/p>\n<p>\ud83d\udfe0 I\u0161siai\u0161kinti konflikti\u0161k\u0173 \u017emoni\u0173 tipus.<\/p>\n<p>\ud83d\udfe0 Supa\u017eindinti su skirtingomis technikomis, bendraujant su konflikti\u0161kais asmenimis.<\/p>\n<p>\ud83d\udfe0 Prakti\u0161kai i\u0161bandyti bendravimo strategijas.<\/p>\n<p><strong>Tem\u0173 ir turinio apra\u0161ymas:<\/strong><\/p>\n<p>\ud83d\udfe0 Konflikto svarba \u2013 konflikto teigiamos pus\u0117s, konflikto i\u0161sprendimo svarba. Neigiam\u0173 nuostat\u0173 i\u0161siai\u0161kinimas.<\/p>\n<p>\ud83d\udfe0 Konflikti\u0161k\u0173 asmenybi\u0173 tipai \u2013 \u017emoni\u0173 tipai, su kuriais sunkiausia bendrauti.<\/p>\n<p>\ud83d\udfe0 Bendravimo technikos &#8211; technikos, kurios padeda bendraujant su konflikti\u0161komis asmenyb\u0117mis.<\/p>\n<p>&nbsp;<\/p>\n<p><strong>PRAKTIN\u0116 INFORMACIJA<\/strong><\/p>\n<p><strong>Renginio vieta:<\/strong> visi miestai (kontaktiniai arba nuotoliniai mokymai)<br \/>\n<strong>Pastaba:<\/strong> dalyviams pageidaujant mokymus galima i\u0161klausyti nuotoliniu b\u016bdu.<\/p>\n<p><strong>Dalyviams i\u0161duodami kvalifikacijos pa\u017eym\u0117jimai.<\/strong><\/p>\n<p>Su pirkimo, dalyvavimo ir pinig\u0173 gr\u0105\u017einimo taisykl\u0117mis galite susipa\u017einti \u010dia &#8211;\u00a0<a href=\"https:\/\/dev.mvg.mruni.eu\/wp-content\/uploads\/2025\/07\/3.-Mokymu-el_parduotuveje-taisykles-Apraso-priedas-3.pdf\">Mokym\u0173 el. parduotuv\u0117je taisykl\u0117s<\/a><\/p>\n<p>&nbsp;<\/p>\n<div>\n<div>\n<p><strong>D\u0116L MOKYM\u0172 TEIRAUTIS<\/strong><\/p>\n<div class=\"location-map block\"><strong>El. pa\u0161tu:<\/strong> ugne.balt@mruni.eu<\/div>\n<div class=\"location-map block\"><strong>mob. tel.<\/strong> +3706 253 9429<\/div>\n<\/div>\n<\/div>\n<div><\/div>\n<div><img loading=\"lazy\" decoding=\"async\" class=\"alignnone wp-image-552\" src=\"https:\/\/dev.mvg.mruni.eu\/wp-content\/uploads\/2025\/09\/Orange-White-Simple-Circle-Rice-Bowl-Logo-300x125.png\" alt=\"\" width=\"228\" height=\"95\" srcset=\"https:\/\/dev.mvg.mruni.eu\/wp-content\/uploads\/2025\/09\/Orange-White-Simple-Circle-Rice-Bowl-Logo-300x125.png 300w, https:\/\/dev.mvg.mruni.eu\/wp-content\/uploads\/2025\/09\/Orange-White-Simple-Circle-Rice-Bowl-Logo.png 359w\" sizes=\"auto, (max-width: 228px) 100vw, 228px\" \/><\/div>\n","protected":false},"excerpt":{"rendered":"<p>,,Bendravimo su konflikti\u0161komis asmenyb\u0117mis psichologiniai ypatumai\u201c Trukm\u0117: 8 akad. val. APIE LEKTOR\u0118 Roberta Petkevi\u010di\u016bt\u0117 &#8211; Lietuvos policijos departamento prie LR VRM psicholog\u0117, anks\u010diau \u0117jusi Lietuvos probacijos tarnybos mediator\u0117s pareigas, teis\u0117s psicholog\u0117, MRU lektor\u0117, Lietuvos mediatori\u0173 r\u016bm\u0173 nar\u0117. Teikia mediacijos paslaugas baud\u017eiamosios teis\u0117s srityje, neteismin\u0117je mediacijoje, \u0161eimos gin\u010duose, konsultuoja organizacijas psichologin\u0117mis temomis. Turi 7 met\u0173 patirt\u012f [&hellip;]<\/p>\n","protected":false},"featured_media":554,"comment_status":"open","ping_status":"closed","template":"","meta":[],"product_brand":[],"product_cat":[27],"product_tag":[],"class_list":{"0":"post-553","1":"product","2":"type-product","3":"status-publish","4":"has-post-thumbnail","6":"product_cat-socialinio-darbo-mokymai","8":"first","9":"instock","10":"taxable","11":"shipping-taxable","12":"product-type-simple"},"_links":{"self":[{"href":"https:\/\/dev.mvg.mruni.eu\/index.php?rest_route=\/wp\/v2\/product\/553","targetHints":{"allow":["GET"]}}],"collection":[{"href":"https:\/\/dev.mvg.mruni.eu\/index.php?rest_route=\/wp\/v2\/product"}],"about":[{"href":"https:\/\/dev.mvg.mruni.eu\/index.php?rest_route=\/wp\/v2\/types\/product"}],"replies":[{"embeddable":true,"href":"https:\/\/dev.mvg.mruni.eu\/index.php?rest_route=%2Fwp%2Fv2%2Fcomments&post=553"}],"wp:featuredmedia":[{"embeddable":true,"href":"https:\/\/dev.mvg.mruni.eu\/index.php?rest_route=\/wp\/v2\/media\/554"}],"wp:attachment":[{"href":"https:\/\/dev.mvg.mruni.eu\/index.php?rest_route=%2Fwp%2Fv2%2Fmedia&parent=553"}],"wp:term":[{"taxonomy":"product_brand","embeddable":true,"href":"https:\/\/dev.mvg.mruni.eu\/index.php?rest_route=%2Fwp%2Fv2%2Fproduct_brand&post=553"},{"taxonomy":"product_cat","embeddable":true,"href":"https:\/\/dev.mvg.mruni.eu\/index.php?rest_route=%2Fwp%2Fv2%2Fproduct_cat&post=553"},{"taxonomy":"product_tag","embeddable":true,"href":"https:\/\/dev.mvg.mruni.eu\/index.php?rest_route=%2Fwp%2Fv2%2Fproduct_tag&post=553"}],"curies":[{"name":"wp","href":"https:\/\/api.w.org\/{rel}","templated":true}]}}