{"id":550,"date":"2025-09-17T10:18:47","date_gmt":"2025-09-17T07:18:47","guid":{"rendered":"https:\/\/dev.mvg.mruni.eu\/?post_type=product&#038;p=550"},"modified":"2026-01-23T11:30:30","modified_gmt":"2026-01-23T09:30:30","slug":"stresas-ir-jo-iveikos-budai-kadieniniame-darbe-8-ak-val","status":"publish","type":"product","link":"https:\/\/dev.mvg.mruni.eu\/?product=stresas-ir-jo-iveikos-budai-kadieniniame-darbe-8-ak-val","title":{"rendered":"STRESAS IR JO \u012eVEIKOS B\u016aDAI KASDIENINIAME DARBE (8 akad. val.) Lekt. Roberta Petkevi\u010di\u016bt\u0117"},"content":{"rendered":"<p><strong>,,Stresas ir jo \u012fveikos b\u016bdai kasdieniame darbe\u201c\u00a0<\/strong><\/p>\n<p><strong>Trukm\u0117: <\/strong>8 akad. val.<\/p>\n<p><strong>APIE LEKTORI\u0172<\/strong><\/p>\n<p>Lektor\u0117 Roberta Petkevi\u010di\u016bt\u0117 Lietuvos policijos departamento prie LR VRM psicholog\u0117, anks\u010diau \u0117jusi Lietuvos probacijos tarnybos mediator\u0117s pareigas, teis\u0117s psicholog\u0117, MRU lektor\u0117, Lietuvos mediatori\u0173 r\u016bm\u0173 nar\u0117, MRU d\u0117stytoja. Teikia mediacijos paslaugas baud\u017eiamosios teis\u0117s srityje, organizacin\u0119 mediacij\u0105, konsultuoja organizacijas psichologin\u0117mis temomis. Turi 7 met\u0173 patirt\u012f mediacijos veikloje. Mediacij\u0105 taik\u0117 daugiau nei 900 gin\u010d\u0173. Nuolat kelia kompetencij\u0105 mediacijos ir psichologijos srityse.<\/p>\n<p><strong>APIE MOKYMUS<\/strong><\/p>\n<p>Mokymai skirti susipa\u017einti su streso \u0161altiniais, mok\u0117ti \u012fsivertinti savo patiriam\u0105 stres\u0105 ir i\u0161mokti jo \u012fveikos b\u016bd\u0173.<\/p>\n<p><strong>Mokym\u0173 tikslas &#8211;<\/strong> supa\u017eindinti mokym\u0173 klausytojus su streso \u0161altiniais bei streso \u012fveikos b\u016bdais.<\/p>\n<p><strong>U\u017edaviniai:<\/strong><\/p>\n<p>\ud83d\udfe0 I\u0161mokyti nauj\u0173, kasdienyb\u0117je pritaikom\u0173 b\u016bd\u0173, kurie pad\u0117t\u0173 streso suvaldymui.<\/p>\n<p>\ud83d\udfe0 Susipa\u017einti su streso \u0161altiniais.<\/p>\n<p>\ud83d\udfe0 \u012esivertinti patiriam\u0105 stres\u0105.<\/p>\n<p>\ud83d\udfe0 Prapl\u0117sti \u017einias apie streso poveik\u012f.<\/p>\n<p><strong>Tem\u0173 ir turinio apra\u0161ymas:<\/strong><\/p>\n<p>\ud83d\udfe0 Stresas \u0161iuolaikiniame gyvenime.<\/p>\n<p>\ud83d\udfe0 Streso \u0161altiniai.<\/p>\n<p>\ud83d\udfe0 Konstruktyv\u016bs streso \u012fveikos b\u016bdai.<\/p>\n<p>\ud83d\udfe0 Naujausias mokslinis po\u017ei\u016bris \u012f stres\u0105 ir stresorius.<\/p>\n<p>\ud83d\udfe0 M\u0105stymo klaidos.<\/p>\n<p>&nbsp;<\/p>\n<p>&nbsp;<\/p>\n<div>\n<div>\n<p><strong>PRAKTIN\u0116 INFORMACIJA<\/strong><\/p>\n<p><strong>Vieta:<\/strong> visi miestai (kontaktiniai arba nuotoliniai mokymai)<\/p>\n<p><strong>I\u0161duodami mokym\u0173 pa\u017eym\u0117jimai, tinkami socialini\u0173 darbuotoj\u0173 ir atvejo vadybinink\u0173 kvalifikacijai kelti.<\/strong><\/p>\n<p>&nbsp;<\/p>\n<p><strong>D\u0116L MOKYM\u0172 TEIRAUTIS<\/strong><\/p>\n<div class=\"location-map block\"><strong>El. pa\u0161tu:<\/strong> ugne.balt@mruni.eu<\/div>\n<div class=\"location-map block\"><strong>mob. tel.<\/strong> +3706 253 9429<\/div>\n<\/div>\n<\/div>\n<div><\/div>\n<div><img loading=\"lazy\" decoding=\"async\" class=\"alignnone wp-image-552\" src=\"https:\/\/dev.mvg.mruni.eu\/wp-content\/uploads\/2025\/09\/Orange-White-Simple-Circle-Rice-Bowl-Logo-300x125.png\" alt=\"\" width=\"208\" height=\"87\" srcset=\"https:\/\/dev.mvg.mruni.eu\/wp-content\/uploads\/2025\/09\/Orange-White-Simple-Circle-Rice-Bowl-Logo-300x125.png 300w, https:\/\/dev.mvg.mruni.eu\/wp-content\/uploads\/2025\/09\/Orange-White-Simple-Circle-Rice-Bowl-Logo.png 359w\" sizes=\"auto, (max-width: 208px) 100vw, 208px\" \/><\/div>\n","protected":false},"excerpt":{"rendered":"<p>,,Stresas ir jo \u012fveikos b\u016bdai kasdieniame darbe\u201c\u00a0 Trukm\u0117: 8 akad. val. APIE LEKTORI\u0172 Lektor\u0117 Roberta Petkevi\u010di\u016bt\u0117 Lietuvos policijos departamento prie LR VRM psicholog\u0117, anks\u010diau \u0117jusi Lietuvos probacijos tarnybos mediator\u0117s pareigas, teis\u0117s psicholog\u0117, MRU lektor\u0117, Lietuvos mediatori\u0173 r\u016bm\u0173 nar\u0117, MRU d\u0117stytoja. Teikia mediacijos paslaugas baud\u017eiamosios teis\u0117s srityje, organizacin\u0119 mediacij\u0105, konsultuoja organizacijas psichologin\u0117mis temomis. Turi 7 met\u0173 [&hellip;]<\/p>\n","protected":false},"featured_media":890,"comment_status":"open","ping_status":"closed","template":"","meta":[],"product_brand":[],"product_cat":[36,43],"product_tag":[],"class_list":{"0":"post-550","1":"product","2":"type-product","3":"status-publish","4":"has-post-thumbnail","6":"product_cat-psichologijos-mokymai","7":"product_cat-vadyba-ir-organizacine-psichologija","9":"first","10":"instock","11":"taxable","12":"shipping-taxable","13":"product-type-simple"},"_links":{"self":[{"href":"https:\/\/dev.mvg.mruni.eu\/index.php?rest_route=\/wp\/v2\/product\/550","targetHints":{"allow":["GET"]}}],"collection":[{"href":"https:\/\/dev.mvg.mruni.eu\/index.php?rest_route=\/wp\/v2\/product"}],"about":[{"href":"https:\/\/dev.mvg.mruni.eu\/index.php?rest_route=\/wp\/v2\/types\/product"}],"replies":[{"embeddable":true,"href":"https:\/\/dev.mvg.mruni.eu\/index.php?rest_route=%2Fwp%2Fv2%2Fcomments&post=550"}],"wp:featuredmedia":[{"embeddable":true,"href":"https:\/\/dev.mvg.mruni.eu\/index.php?rest_route=\/wp\/v2\/media\/890"}],"wp:attachment":[{"href":"https:\/\/dev.mvg.mruni.eu\/index.php?rest_route=%2Fwp%2Fv2%2Fmedia&parent=550"}],"wp:term":[{"taxonomy":"product_brand","embeddable":true,"href":"https:\/\/dev.mvg.mruni.eu\/index.php?rest_route=%2Fwp%2Fv2%2Fproduct_brand&post=550"},{"taxonomy":"product_cat","embeddable":true,"href":"https:\/\/dev.mvg.mruni.eu\/index.php?rest_route=%2Fwp%2Fv2%2Fproduct_cat&post=550"},{"taxonomy":"product_tag","embeddable":true,"href":"https:\/\/dev.mvg.mruni.eu\/index.php?rest_route=%2Fwp%2Fv2%2Fproduct_tag&post=550"}],"curies":[{"name":"wp","href":"https:\/\/api.w.org\/{rel}","templated":true}]}}