{"id":544,"date":"2025-09-17T10:05:03","date_gmt":"2025-09-17T07:05:03","guid":{"rendered":"https:\/\/dev.mvg.mruni.eu\/?post_type=product&#038;p=544"},"modified":"2026-02-11T10:17:24","modified_gmt":"2026-02-11T08:17:24","slug":"atsparumo-stresui-ugdymas-pritaikant-knfliktu-sprendimo-strategijas-8-ak-val","status":"publish","type":"product","link":"https:\/\/dev.mvg.mruni.eu\/?product=atsparumo-stresui-ugdymas-pritaikant-knfliktu-sprendimo-strategijas-8-ak-val","title":{"rendered":"ATSPARUMO STRESUI UGDYMAS PRITAIKANT KONFLIKT\u0172 SPRENDIMO STRATEGIJAS (8 akad. val.) Lekt. Roberta Petkevi\u010di\u016bt\u0117"},"content":{"rendered":"<p><strong>\u201eAtsparumo stresui ugdymas pritaikant konflikt\u0173 sprendimo strategijas\u201c\u00a0<\/strong><\/p>\n<p><strong>Trukm\u0117:<\/strong> 8 ak. val.<\/p>\n<p><strong>APIE LEKTOR\u0118<\/strong><\/p>\n<p>Roberta Petkevi\u010di\u016bt\u0117 Lietuvos policijos departamento prie LR VRM psicholog\u0117, anks\u010diau \u0117jusi Lietuvos probacijos tarnybos mediator\u0117s pareigas, teis\u0117s psicholog\u0117, MRU lektor\u0117, Lietuvos mediatori\u0173 r\u016bm\u0173 nar\u0117, MRU d\u0117stytoja. Teikia mediacijos paslaugas baud\u017eiamosios teis\u0117s srityje, oranizacin\u0119 mediacij\u0105, konsultuoja organizacijas psichologin\u0117mis temomis. Turi 7 met\u0173 patirt\u012f mediacijos veikloje. Mediacij\u0105 taik\u0117 daugiau nei 900 gin\u010d\u0173. Nuolat kelia kompetencij\u0105 mediacijos ir psichologijos srityse.<\/p>\n<p><strong>APIE MOKYMUS<\/strong><\/p>\n<p>Mokymai skirti susipa\u017einti su konflikto \u0161altiniais, konflikt\u0173 sprendimo strategijomis ir kaip pritaikyti streso \u012fveikimo pratimus konflikto metu.<\/p>\n<p><strong>Mokym\u0173 tikslas &#8211;<\/strong> susipa\u017einti su konflikto sprendimo strategijomis ir kaip pritaikyti streso \u012fveikimo pratimus konflikto metu.<\/p>\n<p><strong>U\u017edaviniai:<\/strong><\/p>\n<p>\ud83d\udfe0 I\u0161mokti nauj\u0173, kasdienyb\u0117je pritaikom\u0173 b\u016bd\u0173, kurie pad\u0117t\u0173 streso suvaldymui.<\/p>\n<p>\ud83d\udfe0\u00a0 Susipa\u017einti su konflikto \u0161altiniais.<\/p>\n<p>\ud83d\udfe0 \u012esivertinti save konflikto metu.<\/p>\n<p>\ud83d\udfe0 Prapl\u0117sti \u017einias apie streskonflikt\u0105 ir streso valdym\u0105.<\/p>\n<p><strong>Tem\u0173 ir turinio apra\u0161ymas:<\/strong><\/p>\n<p>\ud83d\udfe0 Konflikto strategij\u0173 suvokimas.<\/p>\n<p>\ud83d\udfe0 Streso \u0161altiniai.<\/p>\n<p>\ud83d\udfe0 Konstruktyv\u016bs streso \u012fveikos b\u016bdai padedantys konflikto metu.<\/p>\n<p>\ud83d\udfe0 Naujausias mokslinis po\u017ei\u016bris \u012f konflikto sprendim\u0105.<\/p>\n<p>\ud83d\udfe0 M\u0105stymo klaidos.<\/p>\n<p><strong>Kompetencijos, kurias \u012fgis mokym\u0173 dalyviai:<\/strong><\/p>\n<p>\ud83d\udfe0Geb\u0117s pasteb\u0117ti savo streso b\u016bsenas.<\/p>\n<p>\ud83d\udfe0 I\u0161moks s\u0105moningai suvaldyti stres\u0105.<\/p>\n<p>\ud83d\udfe0I\u0161moks streso valdymo b\u016bd\u0173 konflikto metu.<\/p>\n<p>&nbsp;<\/p>\n<p>&nbsp;<\/p>\n<div>\n<div>\n<p><strong>PRAKTIN\u0116 INFORMACIJA<\/strong><\/p>\n<p><strong>Vieta:<\/strong> visi miestai (kontaktiniai arba nuotoliniai mokymai)<\/p>\n<p><strong>I\u0161duodami mokym\u0173 pa\u017eym\u0117jimai, tinkami socialini\u0173 darbuotoj\u0173 ir atvejo vadybinink\u0173 kvalifikacijai kelti.<\/strong><\/p>\n<p>&nbsp;<\/p>\n<p><strong>D\u0116L MOKYM\u0172 TEIRAUTIS<\/strong><\/p>\n<div class=\"location-map block\"><strong>El. pa\u0161tu:<\/strong> ugne.balt@mruni.eu<\/div>\n<div class=\"location-map block\"><strong>mob. tel.<\/strong> +3706 253 9429<\/div>\n<\/div>\n<\/div>\n<div><\/div>\n<div><img loading=\"lazy\" decoding=\"async\" class=\"alignnone wp-image-552\" src=\"https:\/\/dev.mvg.mruni.eu\/wp-content\/uploads\/2025\/09\/Orange-White-Simple-Circle-Rice-Bowl-Logo-300x125.png\" alt=\"\" width=\"216\" height=\"90\" srcset=\"https:\/\/dev.mvg.mruni.eu\/wp-content\/uploads\/2025\/09\/Orange-White-Simple-Circle-Rice-Bowl-Logo-300x125.png 300w, https:\/\/dev.mvg.mruni.eu\/wp-content\/uploads\/2025\/09\/Orange-White-Simple-Circle-Rice-Bowl-Logo.png 359w\" sizes=\"auto, (max-width: 216px) 100vw, 216px\" \/><\/div>\n","protected":false},"excerpt":{"rendered":"<p>\u201eAtsparumo stresui ugdymas pritaikant konflikt\u0173 sprendimo strategijas\u201c\u00a0 Trukm\u0117: 8 ak. val. APIE LEKTOR\u0118 Roberta Petkevi\u010di\u016bt\u0117 Lietuvos policijos departamento prie LR VRM psicholog\u0117, anks\u010diau \u0117jusi Lietuvos probacijos tarnybos mediator\u0117s pareigas, teis\u0117s psicholog\u0117, MRU lektor\u0117, Lietuvos mediatori\u0173 r\u016bm\u0173 nar\u0117, MRU d\u0117stytoja. Teikia mediacijos paslaugas baud\u017eiamosios teis\u0117s srityje, oranizacin\u0119 mediacij\u0105, konsultuoja organizacijas psichologin\u0117mis temomis. Turi 7 met\u0173 patirt\u012f [&hellip;]<\/p>\n","protected":false},"featured_media":917,"comment_status":"open","ping_status":"closed","template":"","meta":[],"product_brand":[],"product_cat":[35,36],"product_tag":[],"class_list":{"0":"post-544","1":"product","2":"type-product","3":"status-publish","4":"has-post-thumbnail","6":"product_cat-socialines-ir-humanitarines-sritys","7":"product_cat-psichologijos-mokymai","9":"first","10":"instock","11":"taxable","12":"shipping-taxable","13":"product-type-simple"},"_links":{"self":[{"href":"https:\/\/dev.mvg.mruni.eu\/index.php?rest_route=\/wp\/v2\/product\/544","targetHints":{"allow":["GET"]}}],"collection":[{"href":"https:\/\/dev.mvg.mruni.eu\/index.php?rest_route=\/wp\/v2\/product"}],"about":[{"href":"https:\/\/dev.mvg.mruni.eu\/index.php?rest_route=\/wp\/v2\/types\/product"}],"replies":[{"embeddable":true,"href":"https:\/\/dev.mvg.mruni.eu\/index.php?rest_route=%2Fwp%2Fv2%2Fcomments&post=544"}],"wp:featuredmedia":[{"embeddable":true,"href":"https:\/\/dev.mvg.mruni.eu\/index.php?rest_route=\/wp\/v2\/media\/917"}],"wp:attachment":[{"href":"https:\/\/dev.mvg.mruni.eu\/index.php?rest_route=%2Fwp%2Fv2%2Fmedia&parent=544"}],"wp:term":[{"taxonomy":"product_brand","embeddable":true,"href":"https:\/\/dev.mvg.mruni.eu\/index.php?rest_route=%2Fwp%2Fv2%2Fproduct_brand&post=544"},{"taxonomy":"product_cat","embeddable":true,"href":"https:\/\/dev.mvg.mruni.eu\/index.php?rest_route=%2Fwp%2Fv2%2Fproduct_cat&post=544"},{"taxonomy":"product_tag","embeddable":true,"href":"https:\/\/dev.mvg.mruni.eu\/index.php?rest_route=%2Fwp%2Fv2%2Fproduct_tag&post=544"}],"curies":[{"name":"wp","href":"https:\/\/api.w.org\/{rel}","templated":true}]}}