{"id":541,"date":"2025-09-17T09:42:15","date_gmt":"2025-09-17T06:42:15","guid":{"rendered":"https:\/\/dev.mvg.mruni.eu\/?post_type=product&#038;p=541"},"modified":"2026-01-23T11:32:47","modified_gmt":"2026-01-23T09:32:47","slug":"intervizijos-atvejo-vadybininkams-ir-socialiniams-darbuotojams-8-akad-val","status":"publish","type":"product","link":"https:\/\/dev.mvg.mruni.eu\/?product=intervizijos-atvejo-vadybininkams-ir-socialiniams-darbuotojams-8-akad-val","title":{"rendered":"INTERVIZIJOS ATVEJO VADYBININKAMS IR SOCIALINIAMS DARBUOTOJAMS (8 akad. val.) Prof. dr. B. Kairien\u0117\u00a0"},"content":{"rendered":"<p><strong>\u201e<\/strong><strong>Intervizijos atvejo vadybininkams ir socialiniams darbuotojams<\/strong><strong>\u00a0\u201c\u00a0<\/strong><\/p>\n<p><strong>Trukm\u0117: <\/strong>8 akad. val.<\/p>\n<p><strong>APIE LEKTOR\u0118<\/strong><\/p>\n<p><strong>Prof. dr. B. Kairien\u0117<\/strong>\u00a0&#8211; Mykolo Romerio universiteto, \u017dmogaus ir visuomen\u0117s studij\u0173 fakulteto, Edukologijos ir socialinio darbo instituto profesor\u0117.<\/p>\n<p><strong>APIE MOKYMUS<\/strong><\/p>\n<p>\ud83d\udfe0\u00a0 Intervizijos vykdomos taikant intervizijos, kaip profesin\u0117s pagalbos, metod\u0105, skirt\u0105 pagalb\u0105 teikian\u010di\u0173 profesij\u0173 praktikams, siekiant asmeninio, profesinio tobul\u0117jimo ir veikl\u0173 rezultatyvumo. Praktik\u0173 profesionalumui ugdytis b\u016btinas nuolatinis profesin\u0117s veiklos perm\u0105stymas, reflektavimas, savo ir kit\u0173 koleg\u0173 patyrim\u0173 aptarimas ie\u0161kant veiksmingesni\u0173 situacij\u0173 sprendim\u0173, nauj\u0173 veikimo modeli\u0173, b\u016bd\u0173, strategij\u0173.<\/p>\n<p>\ud83d\udfe0 Intervizijos skirtos atvejo vadybininkams ir socialiniams darbuotojams, organizuojantiems ir teikiantiems pagalb\u0105 vaikui ir (ar) \u0161eimai. Intervizij\u0173 metu nagrin\u0117jami sud\u0117tingi atvejai, situacijos, remiantis dalyvi\u0173 pristatomais atvejais bei atliktais pagalbos vaikui ir (ar) \u0161eimai poreikio vertinimais ir sudarytais pagalbos planais. Intervizija paremta profesiniu dialogu, skirtingais dalyvi\u0173 po\u017ei\u016briais, patirtimis, tod\u0117l analizuojant atvejus, skatinamas aktyvus dalyvi\u0173 \u012fsitraukimas, reflektavimas, konsultavimasis, problemini\u0173 klausim\u0173 k\u0117limas, siekiant kartu atrasti veiksmingiausius pagalbos vaikui ir (ar) \u0161eimai b\u016bdus.<\/p>\n<div>\n<div>\n<p data-start=\"50\" data-end=\"110\"><strong>U\u017esakant intervizijos mokymus grupei, dalyvi\u0173 bus pra\u0161oma:<\/strong><\/p>\n<p data-start=\"113\" data-end=\"274\">\ud83d\udfe0 Ne v\u0117liau kaip prie\u0161 4 dienas iki mokym\u0173 prad\u017eios profesorei pateikti 5 nuasmenintus atvejus (poreiki\u0173 vertinimas ir pagalbos planas, pateikti \u201eWord\u201c formatu).<\/p>\n<p data-start=\"277\" data-end=\"407\">\ud83d\udfe0 Mokym\u0173 metu atvej\u0173 vadybininkai arba socialiniai darbuotojai tur\u0117s pristatyti savo parengt\u0105 atvej\u012f, vertinim\u0105 ir pagalbos plan\u0105.<\/p>\n<p data-start=\"410\" data-end=\"478\">\ud83d\udfe0 Pristatyti atvejai bus i\u0161samiai analizuojami ir aptariami grup\u0117je.<\/p>\n<\/div>\n<\/div>\n<div>\n<div>\n<p>&nbsp;<\/p>\n<p>&nbsp;<\/p>\n<p><strong>PRAKTIN\u0116 INFORMACIJA<\/strong><\/p>\n<p><strong>Vieta:<\/strong> visi miestai (kontaktiniai arba nuotoliniai mokymai)<\/p>\n<p><strong>Dalyviams i\u0161duodami kvalifikacijos pa\u017eym\u0117jimai.<\/strong><\/p>\n<p>&nbsp;<\/p>\n<p><strong>D\u0116L MOKYM\u0172 TEIRAUTIS<\/strong><\/p>\n<div class=\"location-map block\"><strong>El. pa\u0161tu:<\/strong> ugne.balt@mruni.eu<\/div>\n<div class=\"location-map block\"><strong>mob. tel.<\/strong> +3706 253 9429<\/div>\n<\/div>\n<\/div>\n<div><\/div>\n<div><img loading=\"lazy\" decoding=\"async\" class=\"alignnone wp-image-552\" src=\"https:\/\/dev.mvg.mruni.eu\/wp-content\/uploads\/2025\/09\/Orange-White-Simple-Circle-Rice-Bowl-Logo-300x125.png\" alt=\"\" width=\"204\" height=\"85\" srcset=\"https:\/\/dev.mvg.mruni.eu\/wp-content\/uploads\/2025\/09\/Orange-White-Simple-Circle-Rice-Bowl-Logo-300x125.png 300w, https:\/\/dev.mvg.mruni.eu\/wp-content\/uploads\/2025\/09\/Orange-White-Simple-Circle-Rice-Bowl-Logo.png 359w\" sizes=\"auto, (max-width: 204px) 100vw, 204px\" \/><\/div>\n","protected":false},"excerpt":{"rendered":"<p>\u201eIntervizijos atvejo vadybininkams ir socialiniams darbuotojams\u00a0\u201c\u00a0 Trukm\u0117: 8 akad. val. APIE LEKTOR\u0118 Prof. dr. B. Kairien\u0117\u00a0&#8211; Mykolo Romerio universiteto, \u017dmogaus ir visuomen\u0117s studij\u0173 fakulteto, Edukologijos ir socialinio darbo instituto profesor\u0117. APIE MOKYMUS \ud83d\udfe0\u00a0 Intervizijos vykdomos taikant intervizijos, kaip profesin\u0117s pagalbos, metod\u0105, skirt\u0105 pagalb\u0105 teikian\u010di\u0173 profesij\u0173 praktikams, siekiant asmeninio, profesinio tobul\u0117jimo ir veikl\u0173 rezultatyvumo. Praktik\u0173 profesionalumui [&hellip;]<\/p>\n","protected":false},"featured_media":543,"comment_status":"open","ping_status":"closed","template":"","meta":[],"product_brand":[],"product_cat":[27],"product_tag":[],"class_list":{"0":"post-541","1":"product","2":"type-product","3":"status-publish","4":"has-post-thumbnail","6":"product_cat-socialinio-darbo-mokymai","8":"first","9":"instock","10":"taxable","11":"shipping-taxable","12":"product-type-simple"},"_links":{"self":[{"href":"https:\/\/dev.mvg.mruni.eu\/index.php?rest_route=\/wp\/v2\/product\/541","targetHints":{"allow":["GET"]}}],"collection":[{"href":"https:\/\/dev.mvg.mruni.eu\/index.php?rest_route=\/wp\/v2\/product"}],"about":[{"href":"https:\/\/dev.mvg.mruni.eu\/index.php?rest_route=\/wp\/v2\/types\/product"}],"replies":[{"embeddable":true,"href":"https:\/\/dev.mvg.mruni.eu\/index.php?rest_route=%2Fwp%2Fv2%2Fcomments&post=541"}],"wp:featuredmedia":[{"embeddable":true,"href":"https:\/\/dev.mvg.mruni.eu\/index.php?rest_route=\/wp\/v2\/media\/543"}],"wp:attachment":[{"href":"https:\/\/dev.mvg.mruni.eu\/index.php?rest_route=%2Fwp%2Fv2%2Fmedia&parent=541"}],"wp:term":[{"taxonomy":"product_brand","embeddable":true,"href":"https:\/\/dev.mvg.mruni.eu\/index.php?rest_route=%2Fwp%2Fv2%2Fproduct_brand&post=541"},{"taxonomy":"product_cat","embeddable":true,"href":"https:\/\/dev.mvg.mruni.eu\/index.php?rest_route=%2Fwp%2Fv2%2Fproduct_cat&post=541"},{"taxonomy":"product_tag","embeddable":true,"href":"https:\/\/dev.mvg.mruni.eu\/index.php?rest_route=%2Fwp%2Fv2%2Fproduct_tag&post=541"}],"curies":[{"name":"wp","href":"https:\/\/api.w.org\/{rel}","templated":true}]}}