{"id":488,"date":"2025-09-16T09:58:28","date_gmt":"2025-09-16T06:58:28","guid":{"rendered":"https:\/\/dev.mvg.mruni.eu\/?post_type=product&#038;p=488"},"modified":"2026-01-23T11:39:28","modified_gmt":"2026-01-23T09:39:28","slug":"modernus-valdymo-metodai-siuolaikinems-organizacijoms-8-akad-val","status":"publish","type":"product","link":"https:\/\/dev.mvg.mruni.eu\/?product=modernus-valdymo-metodai-siuolaikinems-organizacijoms-8-akad-val","title":{"rendered":"MODERN\u016aS VALDYMO METODAI \u0160IUOLAIKIN\u0116MS ORGANIZACIJOMS (8 akad. val.) Dr. Jolita Ge\u010dien\u0117"},"content":{"rendered":"<p><strong>\u201eModern\u016bs valdymo metodai \u0161iuolaikin\u0117ms organizacijoms\u201c<\/strong><\/p>\n<p>Trukm\u0117: 8 akad. val.<\/p>\n<p><strong>APIE LEKTOR\u0118<\/strong><\/p>\n<p><strong>Dr. Jolita Ge\u010dien\u0117<\/strong>, Mykolo Romerio universiteto lektor\u0117, Savivaldybi\u0173 socialin\u0117s globos \u012fstaig\u0173 vadov\u0173 asociacijos pirminink\u0117, Anyk\u0161\u010di\u0173 socialin\u0117s globos nam\u0173 direktor\u0117. Nuo 2006 m. Suomijoje (Helsinkyje) \u012fgijusi Lyderyst\u0117s (mentoringo) kvalifikacij\u0105. 2019 m. suteiktas streso valdymo programos \u201eMindfulness Based Stress Reduction\u201c ambasadoriaus statusas. Vadovavimo patirtis Socialini\u0173 paslaug\u0173 sektoriuje \u2013 14 m. Andragogo \u2013 lektoriaus\u00a0 patirtis \u2013 17 m. Lektor\u0117 yra mokslini\u0173 publikacij\u0173 apie socialini\u0173 paslaug\u0173 organizacij\u0173 atsparum\u0105, socialini\u0173 paslaug\u0173 kokyb\u0119, socialini\u0173 paslaug\u0173 organizacij\u0173 vadyb\u0105, lyderyst\u0119, region\u0173 socialin\u012f tvarum\u0105 ir kt. autor\u0117.<\/p>\n<p><strong>APIE MOKYMUS<\/strong><\/p>\n<p>Mokymuose analizuojama moderni\u0173 valdymo metod\u0173 savyb\u0117s, klasifikavimo elementai, pagrindiniai stiliai bei svarbiausi valdymo metod\u0173 taikymo veiksniai, aktual\u016bs \u0161iuolaikin\u0117ms organizacijoms. Atskleid\u017eiama moderni\u0173 valdymo metod\u0173 samprata, apib\u016bdinama kou\u010dingo filosofija, metodai ir taikymo sritys, privalumai organizacijoje bei moderni\u0173 valdymo metod\u0173 pasirinkimo kriterijai.<\/p>\n<p><strong>Mokym\u0173 tikslas\u00a0 &#8211; <\/strong>ugdyti geb\u0117jim\u0105 taikyti modernius valdymo metodus \u0161iuolaikin\u0117je organizacijoje, organizuojant veiklos procesus pagal naujuosius vadybos principus.<\/p>\n<p><strong>MOKYM\u0172 METODAI:<\/strong><\/p>\n<p>\ud83d\udfe0 \u012etraukusis paskaitos metodas.<\/p>\n<p>\ud83d\udfe0 Vaizdinis temos pristatymas.<\/p>\n<p>\ud83d\udfe0\u00a0 Praktini\u0173 \u012fg\u016bd\u017ei\u0173 ugdymas dirbant grup\u0117se bei individualiai.<\/p>\n<p>\ud83d\udfe0 Atvej\u0173 analiz\u0117, savianaliz\u0117s test\u0173 atlikimas.<\/p>\n<p>\ud83d\udfe0 Praktikumai, diskusijos, refleksija ir kt.<\/p>\n<p><strong>\u00a0REZULTATAI<\/strong><\/p>\n<p>Susipa\u017ein\u0119 su moderni\u0173 valdymo metod\u0173 taikymo galimyb\u0117mis organizacijose, mokym\u0173 dalyviai \u017einos \u0161iuolaikini\u0173 valdymo metod\u0173 privalumus, geb\u0117s pasirinkti tinkamiausius valdymo stilius ir juos pritaikyti savo praktin\u0117je veikloje, valdant \u017emogi\u0161kuosius i\u0161teklius \u0161iuolaikin\u0117s organizacijos valdymo procese.<\/p>\n<p>&nbsp;<\/p>\n<p>&nbsp;<\/p>\n<p><strong>PRAKTIN\u0116 INFORMACIJA<\/strong><\/p>\n<p><strong>Vieta:<\/strong> visi miestai (kontaktiniai arba nuotoliniai mokymai)<\/p>\n<p><strong>Dalyviams i\u0161duodami kvalifikacijos pa\u017eym\u0117jimai.<\/strong><\/p>\n<p>&nbsp;<\/p>\n<p><strong>D\u0116L MOKYM\u0172 TEIRAUTIS<\/strong><\/p>\n<div class=\"location-map block\"><strong>El. pa\u0161tu:<\/strong> ugne.balt@mruni.eu<\/div>\n<div class=\"location-map block\"><strong>mob. tel.<\/strong> +3706 253 9429<\/div>\n<div><\/div>\n<div class=\"location-map block\"><img loading=\"lazy\" decoding=\"async\" class=\"alignnone wp-image-552\" src=\"https:\/\/dev.mvg.mruni.eu\/wp-content\/uploads\/2025\/09\/Orange-White-Simple-Circle-Rice-Bowl-Logo-300x125.png\" alt=\"\" width=\"223\" height=\"93\" srcset=\"https:\/\/dev.mvg.mruni.eu\/wp-content\/uploads\/2025\/09\/Orange-White-Simple-Circle-Rice-Bowl-Logo-300x125.png 300w, https:\/\/dev.mvg.mruni.eu\/wp-content\/uploads\/2025\/09\/Orange-White-Simple-Circle-Rice-Bowl-Logo.png 359w\" sizes=\"auto, (max-width: 223px) 100vw, 223px\" \/><\/div>\n","protected":false},"excerpt":{"rendered":"<p>\u201eModern\u016bs valdymo metodai \u0161iuolaikin\u0117ms organizacijoms\u201c Trukm\u0117: 8 akad. val. APIE LEKTOR\u0118 Dr. Jolita Ge\u010dien\u0117, Mykolo Romerio universiteto lektor\u0117, Savivaldybi\u0173 socialin\u0117s globos \u012fstaig\u0173 vadov\u0173 asociacijos pirminink\u0117, Anyk\u0161\u010di\u0173 socialin\u0117s globos nam\u0173 direktor\u0117. Nuo 2006 m. Suomijoje (Helsinkyje) \u012fgijusi Lyderyst\u0117s (mentoringo) kvalifikacij\u0105. 2019 m. suteiktas streso valdymo programos \u201eMindfulness Based Stress Reduction\u201c ambasadoriaus statusas. Vadovavimo patirtis Socialini\u0173 paslaug\u0173 [&hellip;]<\/p>\n","protected":false},"featured_media":915,"comment_status":"open","ping_status":"closed","template":"","meta":[],"product_brand":[],"product_cat":[43],"product_tag":[],"class_list":{"0":"post-488","1":"product","2":"type-product","3":"status-publish","4":"has-post-thumbnail","6":"product_cat-vadyba-ir-organizacine-psichologija","8":"first","9":"instock","10":"taxable","11":"shipping-taxable","12":"product-type-simple"},"_links":{"self":[{"href":"https:\/\/dev.mvg.mruni.eu\/index.php?rest_route=\/wp\/v2\/product\/488","targetHints":{"allow":["GET"]}}],"collection":[{"href":"https:\/\/dev.mvg.mruni.eu\/index.php?rest_route=\/wp\/v2\/product"}],"about":[{"href":"https:\/\/dev.mvg.mruni.eu\/index.php?rest_route=\/wp\/v2\/types\/product"}],"replies":[{"embeddable":true,"href":"https:\/\/dev.mvg.mruni.eu\/index.php?rest_route=%2Fwp%2Fv2%2Fcomments&post=488"}],"wp:featuredmedia":[{"embeddable":true,"href":"https:\/\/dev.mvg.mruni.eu\/index.php?rest_route=\/wp\/v2\/media\/915"}],"wp:attachment":[{"href":"https:\/\/dev.mvg.mruni.eu\/index.php?rest_route=%2Fwp%2Fv2%2Fmedia&parent=488"}],"wp:term":[{"taxonomy":"product_brand","embeddable":true,"href":"https:\/\/dev.mvg.mruni.eu\/index.php?rest_route=%2Fwp%2Fv2%2Fproduct_brand&post=488"},{"taxonomy":"product_cat","embeddable":true,"href":"https:\/\/dev.mvg.mruni.eu\/index.php?rest_route=%2Fwp%2Fv2%2Fproduct_cat&post=488"},{"taxonomy":"product_tag","embeddable":true,"href":"https:\/\/dev.mvg.mruni.eu\/index.php?rest_route=%2Fwp%2Fv2%2Fproduct_tag&post=488"}],"curies":[{"name":"wp","href":"https:\/\/api.w.org\/{rel}","templated":true}]}}