{"id":484,"date":"2025-09-16T09:51:22","date_gmt":"2025-09-16T06:51:22","guid":{"rendered":"https:\/\/dev.mvg.mruni.eu\/?post_type=product&#038;p=484"},"modified":"2026-01-23T11:39:48","modified_gmt":"2026-01-23T09:39:48","slug":"organizaciju-atsparumo-uztikrinimas-socialiniu-paslaugu-sektoriuje-8-ak-val","status":"publish","type":"product","link":"https:\/\/dev.mvg.mruni.eu\/?product=organizaciju-atsparumo-uztikrinimas-socialiniu-paslaugu-sektoriuje-8-ak-val","title":{"rendered":"ORGANIZACIJ\u0172 ATSPARUMO U\u017dTIKRINIMAS SOCIALINI\u0172 PASLAUG\u0172 SEKTORIUJE (8 akad. val.) Dr. Jolita Ge\u010dien\u0117"},"content":{"rendered":"<p><strong>,,Organizacij\u0173 atsparumo u\u017etikrinimas socialini\u0173 paslaug\u0173 sektoriuje\u201c<\/strong><\/p>\n<p><strong>Trukm\u0117:<\/strong> 8 akad. val.<\/p>\n<p><strong>APIE LEKTOR\u0118<\/strong><\/p>\n<p><strong>Dr. Jolita Ge\u010dien\u0117<\/strong>, Mykolo Romerio universiteto lektor\u0117, Savivaldybi\u0173 socialin\u0117s globos \u012fstaig\u0173 vadov\u0173 asociacijos pirminink\u0117, Anyk\u0161\u010di\u0173 socialin\u0117s globos nam\u0173 direktor\u0117. 2017 m. \u012fgijusi socialinio darbo magistro laipsn\u012f. 2023 m. \u2013 vadybos moksl\u0173 daktaro laipsn\u012f Nuo 2006 m. Suomijoje (Helsinkyje) \u012fgijusi Lyderyst\u0117s (mentoringo) kvalifikacij\u0105. 2019 m. suteiktas streso valdymo programos \u201eMindfulness Based Stress Reduction\u201c ambasadoriaus statusas.\u00a02022-03-04 suteikta auk\u0161\u010diausioji (eksperto) socialini\u0173 paslaug\u0173 \u012fstaig\u0173 vadov\u0173 kategorija. Vadovavimo patirtis Socialini\u0173 paslaug\u0173 sektoriuje \u2013 14 m. Andragogo \u2013 lektoriaus patirtis \u2013 17 m. Lektor\u0117 yra mokslini\u0173 publikacij\u0173 apie socialini\u0173 paslaug\u0173 organizacij\u0173 atsparum\u0105, socialini\u0173 paslaug\u0173 kokyb\u0119, socialini\u0173 paslaug\u0173 organizacij\u0173 vadyb\u0105, lyderyst\u0119, region\u0173 socialin\u012f tvarum\u0105 ir kt. autor\u0117.<\/p>\n<p><strong>APIE MOKYMUS<\/strong><\/p>\n<p>Mokymuose analizuojamas organizacij\u0173 atsparumo nenumatytiems atvejams fenomenas. Formuojamas \u012fg\u016bdis \u012f\u017evelgti galimas rizikas, \u012fsivardinti organizacijos patiriamus sunkumus, numatant \u017eingsnius, sprendimus ir priemones j\u0173 \u012fveikai.<\/p>\n<p><strong>Mokym\u0173 tikslas<\/strong> \u2013 stiprinti profesines kompetencijas, skirtas organizacijos atsparumo didinimui ir efektyviam reagavimui \u012f nenumatytus i\u0161\u0161\u016bkius, siekiant u\u017etikrinti kokybi\u0161k\u0105 paslaug\u0173 teikim\u0105.<\/p>\n<p><strong>MOKYM\u0172 METODAI:<\/strong><\/p>\n<p>\ud83d\udfe0 \u012etraukusis paskaitos metodas.<\/p>\n<p>\ud83d\udfe0 Vaizdinis temos pristatymas.<\/p>\n<p>\ud83d\udfe0 Praktini\u0173 \u012fg\u016bd\u017ei\u0173 ugdymas dirbant grup\u0117se bei individualiai.<\/p>\n<p>\ud83d\udfe0 Atvej\u0173 analiz\u0117, savianaliz\u0117s test\u0173 atlikimas.<\/p>\n<p>\ud83d\udfe0 Praktikumai, diskusijos, refleksija ir kt.<\/p>\n<p><strong>\u00a0REZULTATAI<\/strong><\/p>\n<p>\u0160ie mokymai unikali galimyb\u0117 sustiprinti geb\u0117jim\u0105 valdyti rizikas bei pasirengti nenumatytoms situacijoms, taip prisidedant prie organizacijos atsparumo stiprinimo ir paslaug\u0173 kokyb\u0117s u\u017etikrinimo. Mokym\u0173 metu dalyviai \u012fgis teorini\u0173 \u017eini\u0173 ir praktini\u0173 \u012fg\u016bd\u017ei\u0173, kaip taikyti organizacij\u0173 atsparumo stiprinimo veiksnius ir priemones, siekiant \u012fveikti sunkumus ir u\u017etikrinti organizacijos atsparum\u0105.<\/p>\n<p>&nbsp;<\/p>\n<p>&nbsp;<\/p>\n<p><strong>PRAKTIN\u0116 INFORMACIJA<\/strong><\/p>\n<p><strong>Vieta:<\/strong> visi miestai (kontaktiniai arba nuotoliniai mokymai)<\/p>\n<p><strong>Dalyviams i\u0161duodami kvalifikacijos pa\u017eym\u0117jimai.<\/strong><\/p>\n<p>&nbsp;<\/p>\n<p><strong>D\u0116L MOKYM\u0172 TEIRAUTIS<\/strong><\/p>\n<div class=\"location-map block\"><strong>El. pa\u0161tu:<\/strong> ugne.balt@mruni.eu<\/div>\n<div class=\"location-map block\"><strong>mob. tel.<\/strong> +3706 253 9429<\/div>\n<div><\/div>\n<div><img loading=\"lazy\" decoding=\"async\" class=\"alignnone wp-image-552\" src=\"https:\/\/dev.mvg.mruni.eu\/wp-content\/uploads\/2025\/09\/Orange-White-Simple-Circle-Rice-Bowl-Logo-300x125.png\" alt=\"\" width=\"197\" height=\"82\" srcset=\"https:\/\/dev.mvg.mruni.eu\/wp-content\/uploads\/2025\/09\/Orange-White-Simple-Circle-Rice-Bowl-Logo-300x125.png 300w, https:\/\/dev.mvg.mruni.eu\/wp-content\/uploads\/2025\/09\/Orange-White-Simple-Circle-Rice-Bowl-Logo.png 359w\" sizes=\"auto, (max-width: 197px) 100vw, 197px\" \/><\/div>\n","protected":false},"excerpt":{"rendered":"<p>,,Organizacij\u0173 atsparumo u\u017etikrinimas socialini\u0173 paslaug\u0173 sektoriuje\u201c Trukm\u0117: 8 akad. val. APIE LEKTOR\u0118 Dr. Jolita Ge\u010dien\u0117, Mykolo Romerio universiteto lektor\u0117, Savivaldybi\u0173 socialin\u0117s globos \u012fstaig\u0173 vadov\u0173 asociacijos pirminink\u0117, Anyk\u0161\u010di\u0173 socialin\u0117s globos nam\u0173 direktor\u0117. 2017 m. \u012fgijusi socialinio darbo magistro laipsn\u012f. 2023 m. \u2013 vadybos moksl\u0173 daktaro laipsn\u012f Nuo 2006 m. Suomijoje (Helsinkyje) \u012fgijusi Lyderyst\u0117s (mentoringo) kvalifikacij\u0105. 2019 [&hellip;]<\/p>\n","protected":false},"featured_media":487,"comment_status":"open","ping_status":"closed","template":"","meta":[],"product_brand":[],"product_cat":[38,43,44],"product_tag":[],"class_list":{"0":"post-484","1":"product","2":"type-product","3":"status-publish","4":"has-post-thumbnail","6":"product_cat-viesojo-administravimo-mokymai","7":"product_cat-vadyba-ir-organizacine-psichologija","8":"product_cat-vadybos-ir-verslo-mokymai","10":"first","11":"instock","12":"taxable","13":"shipping-taxable","14":"product-type-simple"},"_links":{"self":[{"href":"https:\/\/dev.mvg.mruni.eu\/index.php?rest_route=\/wp\/v2\/product\/484","targetHints":{"allow":["GET"]}}],"collection":[{"href":"https:\/\/dev.mvg.mruni.eu\/index.php?rest_route=\/wp\/v2\/product"}],"about":[{"href":"https:\/\/dev.mvg.mruni.eu\/index.php?rest_route=\/wp\/v2\/types\/product"}],"replies":[{"embeddable":true,"href":"https:\/\/dev.mvg.mruni.eu\/index.php?rest_route=%2Fwp%2Fv2%2Fcomments&post=484"}],"wp:featuredmedia":[{"embeddable":true,"href":"https:\/\/dev.mvg.mruni.eu\/index.php?rest_route=\/wp\/v2\/media\/487"}],"wp:attachment":[{"href":"https:\/\/dev.mvg.mruni.eu\/index.php?rest_route=%2Fwp%2Fv2%2Fmedia&parent=484"}],"wp:term":[{"taxonomy":"product_brand","embeddable":true,"href":"https:\/\/dev.mvg.mruni.eu\/index.php?rest_route=%2Fwp%2Fv2%2Fproduct_brand&post=484"},{"taxonomy":"product_cat","embeddable":true,"href":"https:\/\/dev.mvg.mruni.eu\/index.php?rest_route=%2Fwp%2Fv2%2Fproduct_cat&post=484"},{"taxonomy":"product_tag","embeddable":true,"href":"https:\/\/dev.mvg.mruni.eu\/index.php?rest_route=%2Fwp%2Fv2%2Fproduct_tag&post=484"}],"curies":[{"name":"wp","href":"https:\/\/api.w.org\/{rel}","templated":true}]}}