{"id":241,"date":"2025-07-04T09:44:04","date_gmt":"2025-07-04T06:44:04","guid":{"rendered":"http:\/\/localhost\/mokymulab\/?post_type=product&#038;p=241"},"modified":"2026-01-23T11:45:44","modified_gmt":"2026-01-23T09:45:44","slug":"mediacijos-mokymai-pradedantiems-6-temos-48-akad-val","status":"publish","type":"product","link":"https:\/\/dev.mvg.mruni.eu\/?product=mediacijos-mokymai-pradedantiems-6-temos-48-akad-val","title":{"rendered":"MEDIACIJOS MOKYMAI PRADEDANTIEMS (6 temos &#8211; 48 akad. val.) Lektori\u0173 grup\u0117"},"content":{"rendered":"<div class=\"description\">\n<p>Kvie\u010diame registruotis \u012f <strong>,,MEDIACIJOS MOKYM\u0172 PRADEDANTIEMS\u201c<\/strong>\u00a0cikl\u0105.<\/p>\n<p><strong>Trukm\u0117: <\/strong>48 ak. val. Mokymai vyks<strong>\u00a0kontaktiniu b\u016bdu \u0161e\u0161tadieniais.<\/strong><\/p>\n<p>Vien\u0173 mediacijos mokym\u0173 ciklo trukm\u0117 &#8211; <strong>6 dienos\/i\u0161 viso 48 akademin\u0117s valandos. <\/strong><\/p>\n<p><strong>APIE MOKYMUS<\/strong><\/p>\n<p>\ud83d\udfe0\u00a0Mokym\u0173 programa parengta pagal <strong>2024 m. bir\u017eelio 13 d.<\/strong> priimt\u0105 Lietuvos Respublikos Mediacijos \u012fstatymo Nr. X-1702 3, 4, 5, 6, 7, 8, 9, 10, 11, 15, 17, 20, 21, 22, 23, 26, 28, 29 straipsni\u0173 pakeitimo ir \u012fstatymo papildymo 31 straipsniu \u012fstatym\u0105, <strong>kuriuo didinamas minimalus i\u0161klausyt\u0173 mokym\u0173 mediacijos tema valand\u0173 skai\u010dius.<\/strong> <strong>Nuo 2025 m. sausio 1 d. <\/strong>asmenys, siekiantys b\u016bti \u012fra\u0161yti \u012f Lietuvos Respublikos mediatori\u0173 s\u0105ra\u0161\u0105, tur\u0117s b\u016bti i\u0161klaus\u0119 ne trumpesnius kaip 48 akademini\u0173 valand\u0173 mokymus mediacijos tema.<\/p>\n<p>\ud83d\udfe0 Mokymus veda patyrusios lektor\u0117s &#8211; mediacijos srities specialist\u0117s-praktik\u0117s. Dauguma lektori\u0173 yra tarptautini\u0173 organizacij\u0173 akredituotos mediator\u0117s (CEDR, MiKK).<\/p>\n<p>\ud83d\udfe0 Mokymai skirti\u00a0 teisini\u0173 profesij\u0173 atstovams \u2013 advokatams, antstoliams, notarams, teisininkams, bankroto administratoriams. Taip pat psichologams, vaiko teisi\u0173 apsaugos specialistams, socialiniams darbuotojams, pedagogams, \u012fmoni\u0173 personalo specialistams, visiems, susiduriantiems su gin\u010d\u0173 sprendimu ir konflikt\u0173 sureguliavimu ir siekiantiems taikaus ir efektyvaus gin\u010d\u0173 i\u0161sprendimo.<\/p>\n<p>\ud83d\udfe0 <strong>Baigusiems mokymus i\u0161duodamas mokym\u0173 baigimo pa\u017eym\u0117jimas, atitinkantis i\u0161klausyt\u0173 valand\u0173 skai\u010di\u0173.<\/strong><\/p>\n<p><strong>MOKYM\u0172 TEMOS:<\/strong><br \/>\n<strong>1 tema<\/strong>.Mediacijos pagrindai (8 akad. val.) Lektor\u0117 prof. dr. Agn\u0117 Tvaronavi\u010dien\u0117.<br \/>\n<strong>\u00a02 tema. <\/strong>Mediatoriaus vaidmuo ir jo veiklos ypatumai (8 akad. val.) Lektor\u0117 prof. dr. Natalija Kaminskien\u0117.<br \/>\n<strong>\u00a03 tema.<\/strong> Mediatoriaus \u012frankiai ir aklavie\u010di\u0173 \u012fveikimas mediacijoje (8 akad. val.) Lektor\u0117 Roberta Petkevi\u010di\u016bt\u0117.<br \/>\n<strong>\u00a04 tema.\u00a0<\/strong>\u0160eimos mediacijos ypatumai (8 akad. val.) Lektor\u0117 Odeta Int\u0117.<br \/>\n<strong>\u00a05 tema.<\/strong>Mediatoriaus praktini\u0173 \u012fg\u016bd\u017ei\u0173 tobulinimas (8 akad. val.) Lektor\u0117 mediator\u0117 Indr\u0117 Kasiulait\u0117.<br \/>\n<strong>\u00a06 tema.<\/strong> Mediacijos ypatumai atskir\u0173 kategorij\u0173 gin\u010duose. Teisini\u0173 \u017eini\u0173 pagrindai mediatoriams (8 akad. val.) Lektor\u0117s: prof. dr. Natalija Kaminskien\u0117 ir prof. dr. Agn\u0117 Tvaronavi\u010dien\u0117.<\/p>\n<\/div>\n<div class=\"location-map block\">\n<h3 class=\"block-name\">MOKYM\u0172 VIETA:<\/h3>\n<p>Mokymai vyksta Mykolo Romerio universiteto, Mokslo ir inovacij\u0173 centre, Didlaukio g. 55, Vilnius, 102 aud.<\/p>\n<\/div>\n<div class=\"training-program block\">\n<p><strong>PAPILDOMA INFOMACIJA:<\/strong><\/p>\n<div class=\"text\">\n<p>\ud83d\udfe0 \u012e\u00a0mokym\u0173 cikl\u0105 registruojame <strong>iki 20\u00a0dalyvi\u0173.<\/strong> Susirinkus grupei &#8211; registracija\u00a0 baigiama anks\u010diau.<\/p>\n<p>\ud83d\udfe0 \u0160iems mokymams nuolaidos netaikomos.<\/p>\n<p>\ud83d\udfe0 Su pirkimo, dalyvavimo ir pinig\u0173 gr\u0105\u017einimo taisykl\u0117mis galite susipa\u017einti \u010dia &#8211;\u00a0<a href=\"https:\/\/dev.mvg.mruni.eu\/wp-content\/uploads\/2025\/07\/3.-Mokymu-el_parduotuveje-taisykles-Apraso-priedas-3.pdf\">Mokym\u0173 el. parduotuv\u0117je taisykl\u0117s<\/a><\/p>\n<p>\ud83d\udfe0 Vieta mokymuose rezervuojama gavus j\u016bs\u0173 apmok\u0117jim\u0105. I\u0161sira\u0161ius i\u0161ankstines s\u0105skaitas &#8211; fakt\u016bras, pra\u0161ome jas <strong>apmok\u0117ti per 5 dienas.\u00a0<\/strong><\/p>\n<div class=\"location-map block\">\n<p>&nbsp;<\/p>\n<p>&nbsp;<\/p>\n<p><strong>D\u0116L MOKYM\u0172 TEIRAUTIS<\/strong><\/p>\n<p>U\u017e mediacijos mokym\u0173 organizavim\u0105 atsakinga Ekspertin\u0117s veiklos ir mokym\u0173 skyriaus vadov\u0117 dr. Indr\u0117 \u0160pokien\u0117.<\/p>\n<\/div>\n<div class=\"location-map block\">Kilus klausimams kreipkit\u0117s:<\/div>\n<div><\/div>\n<div class=\"location-map block\"><strong> el. pa\u0161tu:<\/strong> <strong>spokiene@mruni.eu<\/strong><\/div>\n<div class=\"location-map block\"><strong>mob. tel. +370 6 898 5555<\/strong><\/div>\n<div><\/div>\n<\/div>\n<\/div>\n<div><img loading=\"lazy\" decoding=\"async\" class=\"alignnone wp-image-552\" src=\"https:\/\/dev.mvg.mruni.eu\/wp-content\/uploads\/2025\/09\/Orange-White-Simple-Circle-Rice-Bowl-Logo-300x125.png\" alt=\"\" width=\"213\" height=\"89\" srcset=\"https:\/\/dev.mvg.mruni.eu\/wp-content\/uploads\/2025\/09\/Orange-White-Simple-Circle-Rice-Bowl-Logo-300x125.png 300w, https:\/\/dev.mvg.mruni.eu\/wp-content\/uploads\/2025\/09\/Orange-White-Simple-Circle-Rice-Bowl-Logo.png 359w\" sizes=\"auto, (max-width: 213px) 100vw, 213px\" \/><\/div>\n","protected":false},"excerpt":{"rendered":"<p>Kvie\u010diame registruotis \u012f ,,MEDIACIJOS MOKYM\u0172 PRADEDANTIEMS\u201c\u00a0cikl\u0105. Trukm\u0117: 48 ak. val. Mokymai vyks\u00a0kontaktiniu b\u016bdu \u0161e\u0161tadieniais. Vien\u0173 mediacijos mokym\u0173 ciklo trukm\u0117 &#8211; 6 dienos\/i\u0161 viso 48 akademin\u0117s valandos. APIE MOKYMUS \ud83d\udfe0\u00a0Mokym\u0173 programa parengta pagal 2024 m. bir\u017eelio 13 d. priimt\u0105 Lietuvos Respublikos Mediacijos \u012fstatymo Nr. X-1702 3, 4, 5, 6, 7, 8, 9, 10, 11, 15, 17, [&hellip;]<\/p>\n","protected":false},"featured_media":919,"comment_status":"open","ping_status":"closed","template":"","meta":[],"product_brand":[],"product_cat":[31],"product_tag":[],"class_list":{"0":"post-241","1":"product","2":"type-product","3":"status-publish","4":"has-post-thumbnail","6":"product_cat-mediacijos-mokymai","8":"first","9":"instock","10":"taxable","11":"shipping-taxable","12":"product-type-simple"},"_links":{"self":[{"href":"https:\/\/dev.mvg.mruni.eu\/index.php?rest_route=\/wp\/v2\/product\/241","targetHints":{"allow":["GET"]}}],"collection":[{"href":"https:\/\/dev.mvg.mruni.eu\/index.php?rest_route=\/wp\/v2\/product"}],"about":[{"href":"https:\/\/dev.mvg.mruni.eu\/index.php?rest_route=\/wp\/v2\/types\/product"}],"replies":[{"embeddable":true,"href":"https:\/\/dev.mvg.mruni.eu\/index.php?rest_route=%2Fwp%2Fv2%2Fcomments&post=241"}],"wp:featuredmedia":[{"embeddable":true,"href":"https:\/\/dev.mvg.mruni.eu\/index.php?rest_route=\/wp\/v2\/media\/919"}],"wp:attachment":[{"href":"https:\/\/dev.mvg.mruni.eu\/index.php?rest_route=%2Fwp%2Fv2%2Fmedia&parent=241"}],"wp:term":[{"taxonomy":"product_brand","embeddable":true,"href":"https:\/\/dev.mvg.mruni.eu\/index.php?rest_route=%2Fwp%2Fv2%2Fproduct_brand&post=241"},{"taxonomy":"product_cat","embeddable":true,"href":"https:\/\/dev.mvg.mruni.eu\/index.php?rest_route=%2Fwp%2Fv2%2Fproduct_cat&post=241"},{"taxonomy":"product_tag","embeddable":true,"href":"https:\/\/dev.mvg.mruni.eu\/index.php?rest_route=%2Fwp%2Fv2%2Fproduct_tag&post=241"}],"curies":[{"name":"wp","href":"https:\/\/api.w.org\/{rel}","templated":true}]}}