{"id":1525,"date":"2026-03-03T11:58:24","date_gmt":"2026-03-03T09:58:24","guid":{"rendered":"https:\/\/dev.mvg.mruni.eu\/?post_type=product&#038;p=1525"},"modified":"2026-03-03T11:59:24","modified_gmt":"2026-03-03T09:59:24","slug":"1525","status":"publish","type":"product","link":"https:\/\/dev.mvg.mruni.eu\/?product=1525","title":{"rendered":"PROFESINIS AUTENTI\u0160KUMAS IR VIDIN\u0116 MOTYVACIJA PAGALBOS PROFESIJOSE (80 akad. val.) Lekt. Jolita \u017dukelien\u0117"},"content":{"rendered":"<h4><strong><em>\u201e<\/em><\/strong><strong><em>Profesinis autenti\u0161kumas ir vidin\u0117 motyvacija pagalbos profesijose\u201c<\/em><\/strong><\/h4>\n<p>&nbsp;<\/p>\n<p><strong>TRUKM\u0116: <\/strong>80 akad. val.<\/p>\n<p><strong>APIE LEKTOR\u0118<\/strong><\/p>\n<p>Lektor\u0117 <em>Jolita \u017dukelien\u0117<\/em> \u2013 edukologijos ir socialin\u0117s antropologijos magistr\u0117, turinti ilgamet\u0119 darbo patirt\u012f \u0161vietimo, socialini\u0173 paslaug\u0173 ir nevyriausybiniame sektoriuose. \u0160iuo metu eina vadovaujan\u010dias pareigas Marijampol\u0117s savivaldyb\u0117s administracijoje, kur koordinuoja socialini\u0173 paslaug\u0173 veikl\u0105. Turinti tarpinstitucinio bendradarbiavimo koordinatoriaus patirties. Svarbiausi profesiniai pasiekiami \u2013 mokym\u0173 program\u0173 rengimas ir \u012fgyvendinimas asmens gerov\u0117s srityje, tarpdisciplininio po\u017ei\u016brio taikymas jungiant edukologijos, taikomosios etikos, socialin\u0117s antropologijos ir kou\u010dingo metodus bei praktin\u0117 patirtis stiprinant specialist\u0173 refleksij\u0105, profesin\u012f s\u0105moningum\u0105 ir tvar\u0173 \u012fsitraukim\u0105 \u012f darb\u0105.<\/p>\n<p>&nbsp;<\/p>\n<p><strong>APIE MOKYMUS<\/strong><\/p>\n<p>Mokymosi programa aktuali asmens gerov\u0117s srityje dirbantiems specialistams, kurie kasdien susiduria su dideliu emociniu kr\u016bviu, profesiniais i\u0161\u0161\u016bkiais, vertybin\u0117mis dilemomis ir perdegimo rizika. \u0160iuolaikiniame socialini\u0173 paslaug\u0173 ir \u0161vietimo pagalbos kontekste vis didesn\u0119 reik\u0161m\u0119 \u012fgyja darbuotoj\u0173 geb\u0117jimas reflektuoti savo profesin\u012f tapatum\u0105, i\u0161laikyti vidin\u0119 motyvacij\u0105 ir kurti eti\u0161k\u0105, prasme gr\u012fst\u0105 santyk\u012f su \u017emogumi.<\/p>\n<p>\u0160ios programos paskirtis yra stiprinti dalyvi\u0173 profesin\u012f autenti\u0161kum\u0105, ugdyti vidin\u0119 motyvacij\u0105 ir s\u0105moning\u0105, vertyb\u0117mis gr\u012fst\u0105 profesin\u012f veikim\u0105.<\/p>\n<p>Dalyviai baig\u0119 program\u0105\u00a0 sustiprins profesinio tapatumo ir savi refleksijos kompetencijas, geb\u0117s atpa\u017einti ir s\u0105moningai stiprinti vidin\u0119 motyvacij\u0105 profesin\u0117je veikloje. Patobulins etinio sprendim\u0173 pri\u0117mimo ir moralinio jautrumo kompetencijas. Sustiprins kult\u016brinio jautrumo ir autenti\u0161ko santykio su skirting\u0173 patir\u010di\u0173 \u017emon\u0117mis kompetencij\u0105. Didesn\u012f emocin\u012f atsparum\u0105 ir tvar\u0173 \u012fsitraukim\u0105 \u012f darb\u0105 asmens gerov\u0117s srityje.<\/p>\n<p><strong>\ud83d\udfe0 Tikslas <\/strong>\u2013 stiprinti \u017emogaus gerov\u0117s srityje dirban\u010di\u0173 specialist\u0173 profesin\u012f autenti\u0161kum\u0105 ir vidin\u0119 motyvacij\u0105, ugdant geb\u0117jim\u0105 s\u0105mojingai reflektuoti savo profesin\u012f tapatum\u0105, vertybes ir etinius sprendimus kasdien\u0117je veikloje. Programa siekiama skatinti tvar\u0173 \u012fsiraukim\u0105 \u012f profesin\u0119 veikl\u0105 bei emocin\u012f atsparum\u0105 dirbant su \u017emon\u0117mis.<\/p>\n<p><strong>\ud83d\udfe0<\/strong> <strong>U\u017edaviniai:<\/strong><\/p>\n<ul>\n<li>Pad\u0117ti dalyviams i\u0161sigryninti profesines vertybes ir stiprinti s\u0105moning\u0105, vertyb\u0117mis gr\u012fst\u0105 profesin\u012f tapatum\u0105.<\/li>\n<li>Ugdyti vidin\u0117s motyvacijos atpa\u017einimo ir stiprinimo geb\u0117jimus, taikant Flow (srauto) principus profesin\u0117je praktikoje.<\/li>\n<li>Tobulinti etinio sprendim\u0173 pri\u0117mimo, refleksijos ir kult\u016bri\u0161kai jautraus santykio su \u017emogumi kompetencijas.<\/li>\n<\/ul>\n<p><strong>\ud83d\udfe0 Dalyvi\u0173<\/strong> <strong>\u012fgytos, patobulintos kompetencijos:<\/strong><\/p>\n<ul>\n<li>Komunikacijos ir bendradarbiavimo kompetencija.<\/li>\n<li>Kritinio m\u0105stymo ir refleksijos kompetencija.<\/li>\n<li>Emocinio intelekto ir savireguliacijos kompetencija.<\/li>\n<li>Tvaraus mokymosi ir k\u016brybi\u0161kumo kompetencija.<\/li>\n<li>Profesinio tapatumo ir vertybi\u0173 integravimo kompetencija.<\/li>\n<li>Vidin\u0117s motyvacijos ir savireguliacijos kompetencija.<\/li>\n<li>Etinio sprendim\u0173 pri\u0117mimo ir kult\u016brinio jautrumo kompetencija.<\/li>\n<li>Refleksyvios praktikos ir tvaraus profesinio augimo kompetencija.<\/li>\n<\/ul>\n<p><strong>\ud83d\udfe0 Tem\u0173 ir turinio apra\u0161ymas:<\/strong><\/p>\n<ul>\n<li>1 modulis. Vertybinis profesinis tapatumas.<\/li>\n<li>2 modulis: Vidin\u0117 motyvacija ir Flow praktika.<\/li>\n<li>3 modulis: Etinis santykis su \u017emogumi.<\/li>\n<li>4 modulis: Kult\u016brinis jautrumas ir antropologinis \u017evilgsnis.<\/li>\n<\/ul>\n<p><strong>\u00a0<\/strong><\/p>\n<p><strong>\u00a0<\/strong><\/p>\n<p><strong>PRAKTIN\u0116 INFORMACIJA<\/strong><\/p>\n<p><strong>Vieta: visi miestai (kontaktiniai arba nuotoliniai mokymai)<\/strong><\/p>\n<p><strong>Dalyviams i\u0161duodami kvalifikacijos pa\u017eym\u0117jimai.<\/strong><\/p>\n<p><strong>\u00a0<\/strong><\/p>\n<p><strong>D\u0116L MOKYM\u0172 TEIRAUTIS<\/strong><\/p>\n<p><strong>El. pa\u0161tu: <\/strong><a href=\"mailto:mokymai@mruni.eu\"><strong>mokymai@mruni.eu<\/strong><\/a><\/p>\n<p><strong>mob. tel. +37068985555<\/strong><\/p>\n","protected":false},"excerpt":{"rendered":"<p>\u201eProfesinis autenti\u0161kumas ir vidin\u0117 motyvacija pagalbos profesijose\u201c &nbsp; TRUKM\u0116: 80 akad. val. APIE LEKTOR\u0118 Lektor\u0117 Jolita \u017dukelien\u0117 \u2013 edukologijos ir socialin\u0117s antropologijos magistr\u0117, turinti ilgamet\u0119 darbo patirt\u012f \u0161vietimo, socialini\u0173 paslaug\u0173 ir nevyriausybiniame sektoriuose. \u0160iuo metu eina vadovaujan\u010dias pareigas Marijampol\u0117s savivaldyb\u0117s administracijoje, kur koordinuoja socialini\u0173 paslaug\u0173 veikl\u0105. Turinti tarpinstitucinio bendradarbiavimo koordinatoriaus patirties. Svarbiausi profesiniai pasiekiami \u2013 [&hellip;]<\/p>\n","protected":false},"featured_media":1526,"comment_status":"open","ping_status":"closed","template":"","meta":[],"product_brand":[],"product_cat":[35,27],"product_tag":[],"class_list":{"0":"post-1525","1":"product","2":"type-product","3":"status-publish","4":"has-post-thumbnail","6":"product_cat-socialines-ir-humanitarines-sritys","7":"product_cat-socialinio-darbo-mokymai","9":"first","10":"instock","11":"taxable","12":"shipping-taxable","13":"product-type-simple"},"_links":{"self":[{"href":"https:\/\/dev.mvg.mruni.eu\/index.php?rest_route=\/wp\/v2\/product\/1525","targetHints":{"allow":["GET"]}}],"collection":[{"href":"https:\/\/dev.mvg.mruni.eu\/index.php?rest_route=\/wp\/v2\/product"}],"about":[{"href":"https:\/\/dev.mvg.mruni.eu\/index.php?rest_route=\/wp\/v2\/types\/product"}],"replies":[{"embeddable":true,"href":"https:\/\/dev.mvg.mruni.eu\/index.php?rest_route=%2Fwp%2Fv2%2Fcomments&post=1525"}],"wp:featuredmedia":[{"embeddable":true,"href":"https:\/\/dev.mvg.mruni.eu\/index.php?rest_route=\/wp\/v2\/media\/1526"}],"wp:attachment":[{"href":"https:\/\/dev.mvg.mruni.eu\/index.php?rest_route=%2Fwp%2Fv2%2Fmedia&parent=1525"}],"wp:term":[{"taxonomy":"product_brand","embeddable":true,"href":"https:\/\/dev.mvg.mruni.eu\/index.php?rest_route=%2Fwp%2Fv2%2Fproduct_brand&post=1525"},{"taxonomy":"product_cat","embeddable":true,"href":"https:\/\/dev.mvg.mruni.eu\/index.php?rest_route=%2Fwp%2Fv2%2Fproduct_cat&post=1525"},{"taxonomy":"product_tag","embeddable":true,"href":"https:\/\/dev.mvg.mruni.eu\/index.php?rest_route=%2Fwp%2Fv2%2Fproduct_tag&post=1525"}],"curies":[{"name":"wp","href":"https:\/\/api.w.org\/{rel}","templated":true}]}}