{"id":1521,"date":"2026-03-03T12:19:46","date_gmt":"2026-03-03T10:19:46","guid":{"rendered":"https:\/\/dev.mvg.mruni.eu\/?post_type=product&#038;p=1521"},"modified":"2026-03-05T09:14:44","modified_gmt":"2026-03-05T07:14:44","slug":"teises-pagrindai-40-akad-val-lekt-arunas-zukauskas","status":"publish","type":"product","link":"https:\/\/dev.mvg.mruni.eu\/?product=teises-pagrindai-40-akad-val-lekt-arunas-zukauskas","title":{"rendered":"TEIS\u0116S PAGRINDAI (40 akad.val.) Lekt. Ar\u016bnas \u017dukauskas"},"content":{"rendered":"<p><strong>&#8222;Teis\u0117s pagrindai&#8221;<\/strong><\/p>\n<p><strong>Trukm\u0117<\/strong>: 40 akad. val.<\/p>\n<p><strong><span style=\"color: #ff6600\">APIE LEKTORI\u0172<\/span><\/strong><\/p>\n<p>Ar\u016bnas \u017dukauskas &#8211; Marijampol\u0117s apylink\u0117s prokurat\u016bros vyriausiasis prokuroras, taip pat Mykolo Romerio universiteto\u00a0 lektorius, S\u016bduvos akademijoje Marijampol\u0117je prisidedantis prie \u201eTeis\u0117s\u201c studij\u0173 programos d\u0117stymo.<\/p>\n<p><span style=\"color: #ff6600\"><strong>APIE MOKYM\u0172 PROGRAM\u0104<\/strong><\/span><\/p>\n<p>\u0160i programa suteikia bazines teis\u0117s \u017einias ir geb\u0117jimus jas taikyti kasdien\u0117je veikloje. Mokym\u0173 dalyviai \u012fgis teorini\u0173 ir praktini\u0173 \u017eini\u0173 apie teis\u0117s esm\u0119 ir paskirt\u012f, atskir\u0173 teis\u0117s \u0161ak\u0173 principus ir j\u0173 norm\u0173 turin\u012f, \u0161i\u0173 norm\u0173 k\u016brim\u0105, ai\u0161kinim\u0105, taikym\u0105. Programa skirta pradedantiesiems, siekiantiems \u012fgyti bazines teisines \u017einias ir taikyti jas tiek profesiniame, tiek asmeniniame gyvenime.<\/p>\n<p><span style=\"color: #ff6600\"><strong>Mokym\u0173 programos tikslas <\/strong><span style=\"color: #000000\">&#8211; prapl\u0117sti teisin\u012f s\u0105moningum\u0105, suteikiant teorines ir praktines teis\u0117s pagrind\u0173 \u017einias.<\/span><\/span><\/p>\n<p><span style=\"color: #ff6600\"><strong>Mokym\u0173 u\u017edaviniai:<\/strong><\/span><\/p>\n<p><strong>\ud83d\udfe0 <\/strong>supa\u017eindinti su teis\u0117s teorijos, tarptautin\u0117s ir\u00a0 Europos S\u0105jungos teis\u0117s, kit\u0173 teis\u0117s \u0161ak\u0173 pagrindais.<br \/>\n\ud83d\udfe0 ugdyti geb\u0117jim\u0105 \u012fgytas teis\u0117s krypties \u017einias taikyti kasdien\u0117je veikloje ir sprend\u017eiant konkre\u010dias teisines problemas.<br \/>\n<strong>\ud83d\udfe0 <\/strong>ugdyti geb\u0117jim\u0105 rinkti informacij\u0105 i\u0161 \u012fvairi\u0173 \u0161altini\u0173 ir j\u0105 analizuoti, naudojantis \u0161iuolaikin\u0117mis informacin\u0117mis technologijomis bei duomen\u0173 baz\u0117mis.<br \/>\n<strong>\ud83d\udfe0 <\/strong>ugdyti geb\u0117jim\u0105 analizuoti \u012fvairius teisinius dokumentus ir \u012fvertinti j\u0173 galiojimo laik\u0105, teritorij\u0105 ir galiojim\u0105 asmenims, taip pat identifikuoti konkre\u010dias teisines taisykles, reguliuojan\u010dias asmen\u0173 veikl\u0105.<br \/>\n<strong>\ud83d\udfe0 <\/strong>ugdyti geb\u0117jim\u0105 kriti\u0161kai vertinti kit\u0173 ir savo veikl\u0105, \u017einias bei vertybes.<\/p>\n<p>Mokym\u0173 programos metu mokym\u0173 dalyviai \u012fgis \u0161ias bendr\u0105sias kompetencijas bei \u012fg\u016bd\u017eius:<\/p>\n<p><strong>\ud83d\udfe0<\/strong> Komunikacijos \u012fg\u016bd\u017eiai &#8211; geb\u0117jimas ai\u0161kiai komunikuoti baziniais teisiniais klausimais.<br \/>\n<strong>\ud83d\udfe0 <\/strong>Komandinio darbo ir bendradarbiavimo &#8211; mokym\u0173 metu atliekamos grupin\u0117s diskusijos ir atvej\u0173 analiz\u0117. Geb\u0117jimas bendradarbiauti, klausyti kit\u0173, ie\u0161koti kompromiso.<br \/>\n<strong>\ud83d\udfe0<\/strong> Kritinio m\u0105stymo ir problem\u0173 sprendimo &#8211; dalyviai i\u0161moks analizuoti teisines situacijas ir problemas.<br \/>\n<strong>\ud83d\udfe0<\/strong> K\u016brybi\u0161kumo ir inovatyvumo &#8211; geb\u0117jimas rasti k\u016brybinius ir inovatyvius sprendimus teisin\u0117ms problemoms spr\u0119sti.<br \/>\n<strong>\ud83d\udfe0 <\/strong>Lyderyst\u0117s ir atsakomyb\u0117s &#8211; suvokti asmenin\u0117s atsakomyb\u0117s ribas, geb\u0117ti priimti s\u0105moningus sprendimus.<br \/>\n<strong>\ud83d\udfe0 <\/strong>Skaitmenin\u0117s kompetencijos &#8211; geb\u0117ti naudotis elektronin\u0117mis duomen\u0173 baz\u0117mis ir \u0161altiniais, e-paslaugomis.<br \/>\n<strong>\ud83d\udfe0 <\/strong>Mok\u0117jimas mokytis &#8211; geb\u0117ti savaranki\u0161kai sekti teis\u0117s akt\u0173 kait\u0105, suprasti, kur ie\u0161koti reikalingos informacijos.<\/p>\n<p>Mokym\u0173 metu taip pat bus \u012fgyjamos profesin\u0117s kompetencijos:<\/p>\n<p><strong>\ud83d\udfe0 <\/strong>Teis\u0117s akt\u0173 taikymas &#8211; dalyviai geb\u0117s identifikuoti tinkam\u0105 teis\u0117s akt\u0105 konkre\u010diai situacijai ir j\u012f pritaikyti.<br \/>\n\ud83d\udfe0 Teisin\u0117s rizikos vertinimas &#8211; geb\u0117jimas prognozuoti galimas teisines rizikas ir numatyti prevencinius veiksmus.<br \/>\n\ud83d\udfe0 Sutar\u010di\u0173 teis\u0117s supratimas &#8211; geb\u0117jimas suprasti sutar\u010di\u0173 sudarymo proces\u0105, identifikuoti rizikos elementus, \u017einoti atsakomyb\u0117s pagrindus.<br \/>\n\ud83d\udfe0 Darbo teis\u0117s supratimas &#8211; \u017einoti pagrindines Darbo kodekso nuostatas, darbuotoj\u0173 ir darbdavi\u0173 teises bei pareigas.<br \/>\n\ud83d\udfe0 \u017dmogaus teisi\u0173 suvokimas &#8211; suprasti pagrindines \u017emogaus teises, diskriminacijos u\u017edraudim\u0105, apsaugos mechanizmus.<br \/>\n\ud83d\udfe0 Proced\u016brin\u0117s \u017einios &#8211; \u017einoti pagrindinius civilinio, administracinio ir baud\u017eiamojo proceso etapus ir terminus.<\/p>\n<p>&nbsp;<\/p>\n<p><strong>PRAKTIN\u0116 INFORMACIJA<\/strong><\/p>\n<p>Vieta: visi miestai (kontaktiniai arba nuotoliniai mokymai)<\/p>\n<p><strong>Dalyviams i\u0161duodami kvalifikacijos pa\u017eym\u0117jimai.<\/strong><\/p>\n<p>&nbsp;<\/p>\n<p><strong>D\u0116L MOKYM\u0172 TEIRAUTIS<\/strong><\/p>\n<p>El. pa\u0161tu: sonata.urbone@mruni.eu<br \/>\nmob. tel. +370 600 69018<\/p>\n<p>&nbsp;<\/p>\n","protected":false},"excerpt":{"rendered":"<p>&#8222;Teis\u0117s pagrindai&#8221; Trukm\u0117: 40 akad. val. APIE LEKTORI\u0172 Ar\u016bnas \u017dukauskas &#8211; Marijampol\u0117s apylink\u0117s prokurat\u016bros vyriausiasis prokuroras, taip pat Mykolo Romerio universiteto\u00a0 lektorius, S\u016bduvos akademijoje Marijampol\u0117je prisidedantis prie \u201eTeis\u0117s\u201c studij\u0173 programos d\u0117stymo. APIE MOKYM\u0172 PROGRAM\u0104 \u0160i programa suteikia bazines teis\u0117s \u017einias ir geb\u0117jimus jas taikyti kasdien\u0117je veikloje. Mokym\u0173 dalyviai \u012fgis teorini\u0173 ir praktini\u0173 \u017eini\u0173 apie teis\u0117s [&hellip;]<\/p>\n","protected":false},"featured_media":1527,"comment_status":"open","ping_status":"closed","template":"","meta":[],"product_brand":[],"product_cat":[28,29],"product_tag":[],"class_list":{"0":"post-1521","1":"product","2":"type-product","3":"status-publish","4":"has-post-thumbnail","6":"product_cat-teise-ir-viesasis-saugumas","7":"product_cat-teises-mokymai","9":"first","10":"instock","11":"taxable","12":"shipping-taxable","13":"product-type-simple"},"_links":{"self":[{"href":"https:\/\/dev.mvg.mruni.eu\/index.php?rest_route=\/wp\/v2\/product\/1521","targetHints":{"allow":["GET"]}}],"collection":[{"href":"https:\/\/dev.mvg.mruni.eu\/index.php?rest_route=\/wp\/v2\/product"}],"about":[{"href":"https:\/\/dev.mvg.mruni.eu\/index.php?rest_route=\/wp\/v2\/types\/product"}],"replies":[{"embeddable":true,"href":"https:\/\/dev.mvg.mruni.eu\/index.php?rest_route=%2Fwp%2Fv2%2Fcomments&post=1521"}],"wp:featuredmedia":[{"embeddable":true,"href":"https:\/\/dev.mvg.mruni.eu\/index.php?rest_route=\/wp\/v2\/media\/1527"}],"wp:attachment":[{"href":"https:\/\/dev.mvg.mruni.eu\/index.php?rest_route=%2Fwp%2Fv2%2Fmedia&parent=1521"}],"wp:term":[{"taxonomy":"product_brand","embeddable":true,"href":"https:\/\/dev.mvg.mruni.eu\/index.php?rest_route=%2Fwp%2Fv2%2Fproduct_brand&post=1521"},{"taxonomy":"product_cat","embeddable":true,"href":"https:\/\/dev.mvg.mruni.eu\/index.php?rest_route=%2Fwp%2Fv2%2Fproduct_cat&post=1521"},{"taxonomy":"product_tag","embeddable":true,"href":"https:\/\/dev.mvg.mruni.eu\/index.php?rest_route=%2Fwp%2Fv2%2Fproduct_tag&post=1521"}],"curies":[{"name":"wp","href":"https:\/\/api.w.org\/{rel}","templated":true}]}}