{"id":1509,"date":"2026-03-02T14:57:46","date_gmt":"2026-03-02T12:57:46","guid":{"rendered":"https:\/\/dev.mvg.mruni.eu\/?post_type=product&#038;p=1509"},"modified":"2026-03-03T08:23:36","modified_gmt":"2026-03-03T06:23:36","slug":"suaugusiuju-mokymas-is-andragogikos-pagrindai-18-akad-val-romute-konceviciene","status":"publish","type":"product","link":"https:\/\/dev.mvg.mruni.eu\/?product=suaugusiuju-mokymas-is-andragogikos-pagrindai-18-akad-val-romute-konceviciene","title":{"rendered":"SUAUGUSI\u0172J\u0172 MOKYMAS\/(-IS): ANDRAGOGIKOS PAGRINDAI (18 akad.val.) Romut\u0117 Koncevi\u010dien\u0117"},"content":{"rendered":"<p><strong>\u201eSuaugusi\u0173j\u0173 mokymas\/(-is): andragogikos pagrindai\u201c<\/strong><\/p>\n<p><span style=\"color: #ff6600\"><strong>Trukm\u0117:<\/strong><\/span> 18 akad. val.<\/p>\n<p><span style=\"color: #ff6600\"><strong>APIE LEKTOR\u0118<\/strong><\/span><\/p>\n<p>Lektor\u0117 Romut\u0117 Koncevi\u010dien\u0117- andragog\u0117 &#8211; konsultant\u0117, turinti 35 met\u0173 darbo patirt\u012f formaliojo ir neformaliojo suaugusi\u0173j\u0173 \u0161vietimo bei mokymo srityse.<\/p>\n<p><span style=\"color: #ff6600\"><strong>APIE MOKYMUS<\/strong><\/span><\/p>\n<p>Programa skirta ma\u017einti atotr\u016bk\u012f tarp pedagoginio (tradicinio mokyklinio) modelio ir andragogikos princip\u0173 taikymo suaugusi\u0173j\u0173 mokymosi procese. Daugel\u012f met\u0173 \u0161vietimo sistema buvo orientuota \u012f vaik\u0173 ir jaunimo ugdym\u0105, tod\u0117l dirbant su suaugusiaisiais da\u017enai taikomi jiems netinkami, demotyvuojantys metodai. Programa siekia tobulinti andragogines kompetencijas ir pad\u0117ti andragogams pereiti nuo \u017eini\u0173 perdavimo prie mokymosi proces\u0173 fasilitavimo.\u00a0Tai aktualu ir nacionaliniu mastu. Naujausi Eurostat duomenys rodo, kad suaugusi\u0173j\u0173 \u012fsitraukimas \u012f mokym\u0105si Lietuvoje (27,4 %) reik\u0161mingai atsilieka nuo Europos S\u0105jungos vidurkio (vir\u0161 39 %), tod\u0117l b\u016btinos sistemin\u0117s, b\u016btent \u012f praktik\u0105 orientuotos permainos.<\/p>\n<p><strong>Numatomi rezultatai ir \u012fgytos \/ patobulintos kompetencijos:<\/strong><\/p>\n<p>Baig\u0119 \u0161i\u0105 program\u0105, dalyviai geb\u0117s:<\/p>\n<p><strong>\ud83d\udfe0<\/strong>taikyti andragogikos principus planuodami ir \u012fgyvendindami suaugusi\u0173j\u0173 mokymo(si) proces\u0105,<br \/>\n<strong>\ud83d\udfe0<\/strong>perkonstruoti mokymo turin\u012f, metodus ir vertinim\u0105,<br \/>\n<strong>\ud83d\udfe0<\/strong>kurti saugi\u0105 ir \u012ftrauki\u0105 mokymosi aplink\u0105 bei efektyviai dirbti su skirtingomis suaugusi\u0173j\u0173 auditorijomis.<\/p>\n<p>Dalyviai sustiprins komunikacines ir fasilitavimo kompetencijas, reflektuos savo pedagogin\u0119 praktik\u0105 ir j\u0105 tobulins, o \u012fgytas \u017einias ir geb\u0117jimus taikys prisid\u0117dami prie visuomen\u0117s \u012fsitraukimo \u012f mokym\u0105si vis\u0105 gyvenim\u0105 ir nacionalini\u0173 strategini\u0173 \u0161vietimo tiksl\u0173 \u012fgyvendinimo.<\/p>\n<p><span style=\"color: #ff9900\"><span style=\"color: #ff6600\"><strong>Mokym\u0173 tikslas <\/strong><\/span><span style=\"color: #000000\">&#8211; stiprinti \u0161vietimo tiek\u0117j\u0173 andragogines, komunikacines ir organizacines kompetencijas, u\u017etikrinan\u010dias kokybi\u0161k\u0105, \u012f skirtingus poreikius orientuot\u0105 suaugusi\u0173j\u0173 mokym\u0105(si) ir mokymosi vis\u0105 gyvenim\u0105 kult\u016bros pl\u0117tr\u0105.<\/span><\/span><\/p>\n<p><span style=\"color: #ff6600\"><strong>Mokym\u0173 u\u017edaviniai:<\/strong><\/span><\/p>\n<ul>\n<li>Ap\u017evelgti pagrindines suaugusi\u0173j\u0173 \u0161vietimo tendencijas Lietuvoje.<\/li>\n<li>Atskleisti andragogikos ir pedagogikos skirtumus, apibr\u0117\u017eiant suaugusi\u0173j\u0173 \u0161viet\u0117jo\/mokytojo vaidmen\u012f ir kompetencijas.<\/li>\n<li>I\u0161ry\u0161kinti suaugusi\u0173j\u0173 mokymosi ypatumus ir mokymosi stilius.<\/li>\n<li>Tobulinti suaugusi\u0173j\u0173 mokymo(si) planavimo, organizavimo ir komunikacinius geb\u0117jimus.<\/li>\n<li>Sudaryti s\u0105lygas dalyviams prakti\u0161kai taikyti suaugusi\u0173j\u0173 mokymo(si) model\u012f, demonstruojant darbo suaugusi\u0173j\u0173 auditorijoje \u012fg\u016bd\u017eius.<\/li>\n<\/ul>\n<p>Mokym\u0173 metu dalyviai \u012fgis arba patobulins \u0161ias kompetencijas:<\/p>\n<p><strong>\ud83d\udfe0<\/strong>Andragoginio proceso projektavimo.<br \/>\n<strong>\ud83d\udfe0<\/strong>Suaugusi\u0173j\u0173 mokymosi organizavimo ir fasilitavimo.<br \/>\n<strong>\ud83d\udfe0<\/strong>Refleksijos ir gr\u012f\u017etamojo ry\u0161io valdymo.<br \/>\n<strong>\ud83d\udfe0<\/strong>Patirtinio mokymosi metod\u0173 taikymo.<br \/>\n<strong>\ud83d\udfe0<\/strong>Mokymo turinio pritaikymo suaugusiesiems.<\/p>\n<p>Baig\u0119 \u0161i\u0105 program\u0105, dalyviai geb\u0117s taikyti andragogikos principus planuodami ir \u012fgyvendindami suaugusi\u0173j\u0173 mokymo\/(-si) proces\u0105, perkonstruoti mokymo turin\u012f, metodus ir vertinim\u0105, kurti saugi\u0105 ir \u012ftrauki\u0105 mokymosi aplink\u0105 bei efektyviai dirbti su skirtingomis suaugusi\u0173j\u0173 auditorijomis. Dalyviai reflektuos savo pedagogin\u0119 praktik\u0105 ir j\u0105 tobulins, o \u012fgytas \u017einias ir geb\u0117jimus taikys prisid\u0117dami prie visuomen\u0117s \u012fsitraukimo \u012f mokym\u0105si vis\u0105 gyvenim\u0105 ir nacionalini\u0173 strategini\u0173 \u0161vietimo tiksl\u0173 \u012fgyvendinimo.<\/p>\n<p><strong>PRAKTIN\u0116 INFORMACIJA<\/strong><\/p>\n<p><strong>Vieta:<\/strong> kontaktiniai<\/p>\n<p><strong>Dalyviams i\u0161duodami kvalifikacijos pa\u017eym\u0117jimai.<\/strong><\/p>\n<p>&nbsp;<\/p>\n<p><strong>D\u0116L MOKYM\u0172 TEIRAUTIS<\/strong><\/p>\n<div class=\"location-map block\"><strong>El. pa\u0161tu:<\/strong> sonata.urbone@mruni.eu<\/div>\n<div class=\"location-map block\"><strong>mob. tel.<\/strong> +370 600 69018<\/div>\n<p>&nbsp;<\/p>\n","protected":false},"excerpt":{"rendered":"<p>\u201eSuaugusi\u0173j\u0173 mokymas\/(-is): andragogikos pagrindai\u201c Trukm\u0117: 18 akad. val. APIE LEKTOR\u0118 Lektor\u0117 Romut\u0117 Koncevi\u010dien\u0117- andragog\u0117 &#8211; konsultant\u0117, turinti 35 met\u0173 darbo patirt\u012f formaliojo ir neformaliojo suaugusi\u0173j\u0173 \u0161vietimo bei mokymo srityse. APIE MOKYMUS Programa skirta ma\u017einti atotr\u016bk\u012f tarp pedagoginio (tradicinio mokyklinio) modelio ir andragogikos princip\u0173 taikymo suaugusi\u0173j\u0173 mokymosi procese. Daugel\u012f met\u0173 \u0161vietimo sistema buvo orientuota \u012f vaik\u0173 [&hellip;]<\/p>\n","protected":false},"featured_media":1513,"comment_status":"open","ping_status":"closed","template":"","meta":[],"product_brand":[],"product_cat":[48,49],"product_tag":[],"class_list":{"0":"post-1509","1":"product","2":"type-product","3":"status-publish","4":"has-post-thumbnail","6":"product_cat-pedagogika","7":"product_cat-svietimo-mokymai-pedagogika","9":"first","10":"instock","11":"taxable","12":"shipping-taxable","13":"product-type-simple"},"_links":{"self":[{"href":"https:\/\/dev.mvg.mruni.eu\/index.php?rest_route=\/wp\/v2\/product\/1509","targetHints":{"allow":["GET"]}}],"collection":[{"href":"https:\/\/dev.mvg.mruni.eu\/index.php?rest_route=\/wp\/v2\/product"}],"about":[{"href":"https:\/\/dev.mvg.mruni.eu\/index.php?rest_route=\/wp\/v2\/types\/product"}],"replies":[{"embeddable":true,"href":"https:\/\/dev.mvg.mruni.eu\/index.php?rest_route=%2Fwp%2Fv2%2Fcomments&post=1509"}],"wp:featuredmedia":[{"embeddable":true,"href":"https:\/\/dev.mvg.mruni.eu\/index.php?rest_route=\/wp\/v2\/media\/1513"}],"wp:attachment":[{"href":"https:\/\/dev.mvg.mruni.eu\/index.php?rest_route=%2Fwp%2Fv2%2Fmedia&parent=1509"}],"wp:term":[{"taxonomy":"product_brand","embeddable":true,"href":"https:\/\/dev.mvg.mruni.eu\/index.php?rest_route=%2Fwp%2Fv2%2Fproduct_brand&post=1509"},{"taxonomy":"product_cat","embeddable":true,"href":"https:\/\/dev.mvg.mruni.eu\/index.php?rest_route=%2Fwp%2Fv2%2Fproduct_cat&post=1509"},{"taxonomy":"product_tag","embeddable":true,"href":"https:\/\/dev.mvg.mruni.eu\/index.php?rest_route=%2Fwp%2Fv2%2Fproduct_tag&post=1509"}],"curies":[{"name":"wp","href":"https:\/\/api.w.org\/{rel}","templated":true}]}}