{"id":1496,"date":"2026-02-19T11:04:53","date_gmt":"2026-02-19T09:04:53","guid":{"rendered":"https:\/\/dev.mvg.mruni.eu\/?post_type=product&#038;p=1496"},"modified":"2026-02-19T11:05:33","modified_gmt":"2026-02-19T09:05:33","slug":"prasmes-kurimas-organizacijoje-4-akad-val-lekt-egle-juozenaite","status":"publish","type":"product","link":"https:\/\/dev.mvg.mruni.eu\/?product=prasmes-kurimas-organizacijoje-4-akad-val-lekt-egle-juozenaite","title":{"rendered":"PRASM\u0116S K\u016aRIMAS ORGANIZACIJOJE (4 akad. val.) Lekt. Egl\u0117 Juoz\u0117nait\u0117"},"content":{"rendered":"<h3><strong>\u201e<\/strong><strong>Prasm\u0117s k\u016brimas organizacijoje\u201c<\/strong><\/h3>\n<p><em>\u00a0<\/em><\/p>\n<p><strong>TRUKM\u0116: <\/strong>4 akad. val.<\/p>\n<p><strong>APIE LEKTOR\u0118<\/strong><\/p>\n<p><em>Egl\u0117 Juoz\u0117nait\u0117<\/em> turi daugiau nei 13 met\u0173 patirties komunikacijos bei vie\u0161\u0173j\u0173 ry\u0161i\u0173 srityje. Lektor\u0117 yra \u012fgijusi vie\u0161\u0173j\u0173 ry\u0161i\u0173 magistro i\u0161silavinim\u0105, studijuoja vadybos doktorant\u016br\u0105 Mykolo Romerio universitete ir nuolat gilinasi \u012f prek\u0117s \u017eenklo vert\u0117s k\u016brim\u0105 bei vartotoj\u0173 pritraukim\u0105. Lektor\u0117 sukaupusi praktinio darbo patirties \u017einiasklaidos, vie\u0161\u0173j\u0173 ry\u0161i\u0173 srityje. Mokslinio darbo patirtis lektorei suteikia galimyb\u0119 visapusi\u0161kai pa\u017einti preki\u0173 \u017eenklo valdymo srit\u012f ir matyti j\u0105 i\u0161 \u012fvairi\u0173 perspektyv\u0173.<\/p>\n<p><strong>APIE MOKYMUS<\/strong><\/p>\n<p><strong>\ud83d\udfe0 Tikslas <\/strong>\u2013 \u012fgyti prasm\u0117s k\u016brimo kompetencij\u0173 organizacijos viduje bei i\u0161or\u0117je.<\/p>\n<p><strong>\ud83d\udfe0<\/strong> <strong>U\u017edaviniai:<\/strong><\/p>\n<ul>\n<li>Ap\u017evelgti prasm\u0117s k\u016brimo supratimo b\u016bdus.<\/li>\n<li>Identifikuoti prasm\u0117s k\u016brimo b\u016bdus organizacijos viduje.<\/li>\n<li>I\u0161analizuoti prasm\u0117s k\u016brim\u0105 organizacijos i\u0161or\u0117je.<\/li>\n<li>Sukurti prasm\u0117s k\u016brimo iniciatyv\u0173 galimybes savo konkre\u010diame kontekste.<\/li>\n<\/ul>\n<p><strong>\ud83d\udfe0 Dalyvi\u0173<\/strong> <strong>\u012fgytos, patobulintos kompetencijos:<\/strong><\/p>\n<ul>\n<li>Komunikacijos \u012fg\u016bd\u017eiai.<\/li>\n<li>Komandinio darbo ir bendradarbiavimo geb\u0117jimai.<\/li>\n<li>Kritinio m\u0105stymo ir problem\u0173 sprendimo.<\/li>\n<li>K\u016brybi\u0161kumo ir inovatyvumo.<\/li>\n<li>Lyderyst\u0117s ir atsakomyb\u0117s \u012fg\u016bd\u017eiai.<\/li>\n<li>Laiko planavimo ir organizaciniai \u012fg\u016bd\u017eiai.<\/li>\n<li>Skaitmenin\u0117s kompetencijos.<\/li>\n<li>Mok\u0117jimas mokytis.<\/li>\n<\/ul>\n<p><strong>\ud83d\udfe0 Tem\u0173 ir turinio apra\u0161ymas:<\/strong><\/p>\n<ul>\n<li>Prasm\u0117s k\u016brimo pagrindai.<\/li>\n<li>Prasm\u0117s k\u016brimas organizacijos viduje.<\/li>\n<li>Prasm\u0117s k\u016brimas organizacijos i\u0161or\u0117je.<\/li>\n<li>Prasm\u0117s k\u016brimo \u012frankiai ir praktikos.<\/li>\n<\/ul>\n<p><strong>\u00a0<\/strong><\/p>\n<p><strong>\u00a0<\/strong><\/p>\n<p><strong>PRAKTIN\u0116 INFORMACIJA<\/strong><\/p>\n<p><strong>Vieta: visi miestai (kontaktiniai arba nuotoliniai mokymai)<\/strong><\/p>\n<p><strong>Dalyviams i\u0161duodami kvalifikacijos pa\u017eym\u0117jimai.<\/strong><\/p>\n<p><strong>\u00a0<\/strong><\/p>\n<p><strong>D\u0116L MOKYM\u0172 TEIRAUTIS<\/strong><\/p>\n<p><strong>El. pa\u0161tu: <a href=\"mailto:emilija.mikolaite@mruni.eu\">emilija.mikolaite@mruni.eu<\/a><\/strong><\/p>\n<p><strong>mob. tel. +37060916747<\/strong><\/p>\n<p>&nbsp;<\/p>\n","protected":false},"excerpt":{"rendered":"<p>\u201ePrasm\u0117s k\u016brimas organizacijoje\u201c \u00a0 TRUKM\u0116: 4 akad. val. APIE LEKTOR\u0118 Egl\u0117 Juoz\u0117nait\u0117 turi daugiau nei 13 met\u0173 patirties komunikacijos bei vie\u0161\u0173j\u0173 ry\u0161i\u0173 srityje. Lektor\u0117 yra \u012fgijusi vie\u0161\u0173j\u0173 ry\u0161i\u0173 magistro i\u0161silavinim\u0105, studijuoja vadybos doktorant\u016br\u0105 Mykolo Romerio universitete ir nuolat gilinasi \u012f prek\u0117s \u017eenklo vert\u0117s k\u016brim\u0105 bei vartotoj\u0173 pritraukim\u0105. Lektor\u0117 sukaupusi praktinio darbo patirties \u017einiasklaidos, vie\u0161\u0173j\u0173 ry\u0161i\u0173 [&hellip;]<\/p>\n","protected":false},"featured_media":1476,"comment_status":"open","ping_status":"closed","template":"","meta":[],"product_brand":[],"product_cat":[42,44],"product_tag":[],"class_list":{"0":"post-1496","1":"product","2":"type-product","3":"status-publish","4":"has-post-thumbnail","6":"product_cat-verslui","7":"product_cat-vadybos-ir-verslo-mokymai","9":"first","10":"instock","11":"taxable","12":"shipping-taxable","13":"product-type-simple"},"_links":{"self":[{"href":"https:\/\/dev.mvg.mruni.eu\/index.php?rest_route=\/wp\/v2\/product\/1496","targetHints":{"allow":["GET"]}}],"collection":[{"href":"https:\/\/dev.mvg.mruni.eu\/index.php?rest_route=\/wp\/v2\/product"}],"about":[{"href":"https:\/\/dev.mvg.mruni.eu\/index.php?rest_route=\/wp\/v2\/types\/product"}],"replies":[{"embeddable":true,"href":"https:\/\/dev.mvg.mruni.eu\/index.php?rest_route=%2Fwp%2Fv2%2Fcomments&post=1496"}],"wp:featuredmedia":[{"embeddable":true,"href":"https:\/\/dev.mvg.mruni.eu\/index.php?rest_route=\/wp\/v2\/media\/1476"}],"wp:attachment":[{"href":"https:\/\/dev.mvg.mruni.eu\/index.php?rest_route=%2Fwp%2Fv2%2Fmedia&parent=1496"}],"wp:term":[{"taxonomy":"product_brand","embeddable":true,"href":"https:\/\/dev.mvg.mruni.eu\/index.php?rest_route=%2Fwp%2Fv2%2Fproduct_brand&post=1496"},{"taxonomy":"product_cat","embeddable":true,"href":"https:\/\/dev.mvg.mruni.eu\/index.php?rest_route=%2Fwp%2Fv2%2Fproduct_cat&post=1496"},{"taxonomy":"product_tag","embeddable":true,"href":"https:\/\/dev.mvg.mruni.eu\/index.php?rest_route=%2Fwp%2Fv2%2Fproduct_tag&post=1496"}],"curies":[{"name":"wp","href":"https:\/\/api.w.org\/{rel}","templated":true}]}}