{"id":1330,"date":"2026-01-28T09:28:24","date_gmt":"2026-01-28T07:28:24","guid":{"rendered":"https:\/\/dev.mvg.mruni.eu\/?post_type=product&#038;p=1330"},"modified":"2026-02-06T21:21:44","modified_gmt":"2026-02-06T19:21:44","slug":"netektys-ir-ju-iveikimas-8-akad-val-lekt-birute-balseviciene","status":"publish","type":"product","link":"https:\/\/dev.mvg.mruni.eu\/?product=netektys-ir-ju-iveikimas-8-akad-val-lekt-birute-balseviciene","title":{"rendered":"NETEKTYS IR J\u0172 \u012eVEIKIMAS (8 akad. val.) Lekt. Birut\u0117 Balsevi\u010dien\u0117"},"content":{"rendered":"<h4><strong>\u201e<\/strong><strong>Netektys ir j\u0173 \u012fveikimas\u201c<\/strong><\/h4>\n<p><strong>Trukm\u0117: <\/strong>8 akad. val.<\/p>\n<p><strong>APIE LEKTOR\u0118<\/strong><\/p>\n<p>Birut\u0117 Balsevi\u010dien\u0117 yra sveikatos psichologijos magistr\u0117, turi 20 met\u0173 patirties konsultuojant vaikus ir paauglius, 14 met\u0173 patirties d\u0117stant Mykolo Romerio universitete ir vedant seminarus apie elgesio ir emocij\u0173 sutrikimus. Lektor\u0117 yra Lietuvos aktyviausi\u0173 doktorant\u0173 prizo laim\u0117toja.<\/p>\n<p><strong>APIE MOKYMUS<\/strong><\/p>\n<p>Kiekvienas \u017emogus per savo gyvenim\u0105 patiria vienoki\u0105 ar kitoki\u0105 netekt\u012f. \u0160i\u0173 mokym\u0173 tikslas suteikti \u017eini\u0173 apie netektis ir j\u0173 \u012fveikim\u0105. Po programos dalyviai geb\u0117s atpa\u017einti, kas yra netektis, \u012fvardinti netekties stadijas, \u017einos, kaip skirtingos grup\u0117s asmenys \u012fveikia netektis.<\/p>\n<p><strong>\ud83d\udfe0 Tikslas <\/strong>\u2013 suteikti \u017eini\u0173 apie netektis ir j\u0173 \u012fveikim\u0105.<\/p>\n<p><strong>\ud83d\udfe0 U\u017edaviniai: <\/strong><\/p>\n<ul>\n<li>Atpa\u017einti netekties \u012fveikimo stadijas ir j\u0173 ypatumus.<\/li>\n<li>Su\u017einoti apie veiksmingus netekties \u012fveikimo b\u016bdus.<\/li>\n<\/ul>\n<p><strong>\ud83d\udfe0 Dalyvi\u0173 \u012fgytos, patobulintos kompetencijos:<\/strong><\/p>\n<ul>\n<li>Emocin\u0117 ir savireguliacijos kompetencija (geb\u0117jimas atpa\u017einti, \u012fvardyti ir reguliuoti savo bei kit\u0173 asmen\u0173 emocines reakcijas netekties, kriz\u0117s ar poky\u010di\u0173 situacijose, taikant sveikus \u012fveikos b\u016bdus).<\/li>\n<li>Psichologinio atsparumo ir streso valdymo kompetencija (geb\u0117jimas suprasti netek\u010di\u0173 poveik\u012f psichologinei savijautai, taikyti streso ma\u017einimo ir atsistatymo strategijas, stiprinan\u010dias asmenin\u012f ir profesin\u012f atsparum\u0105).<\/li>\n<\/ul>\n<p><strong>\ud83d\udfe0 Tem\u0173 ir turinio apra\u0161ymas:<\/strong><\/p>\n<ul>\n<li>Kas yra netektis?<\/li>\n<li>Netek\u010di\u0173 stadijos.<\/li>\n<li>Netek\u010di\u0173 \u012fveikimas.<\/li>\n<\/ul>\n<p>&nbsp;<\/p>\n<p>&nbsp;<\/p>\n<p><strong>PRAKTIN\u0116 INFORMACIJA<\/strong><\/p>\n<p><strong>Vieta:<\/strong> visi miestai (kontaktiniai arba nuotoliniai mokymai)<\/p>\n<p><strong>Dalyviams i\u0161duodami kvalifikacijos pa\u017eym\u0117jimai.<\/strong><\/p>\n<p>&nbsp;<\/p>\n<p><strong>D\u0116L MOKYM\u0172 TEIRAUTIS<\/strong><\/p>\n<p><strong>El. pa\u0161tu: <a href=\"mailto:mokymai@mruini.eu\">mokymai@mruni.eu<\/a><\/strong><\/p>\n<p><strong>mob. tel. +37068985555<\/strong><\/p>\n","protected":false},"excerpt":{"rendered":"<p>\u201eNetektys ir j\u0173 \u012fveikimas\u201c Trukm\u0117: 8 akad. val. APIE LEKTOR\u0118 Birut\u0117 Balsevi\u010dien\u0117 yra sveikatos psichologijos magistr\u0117, turi 20 met\u0173 patirties konsultuojant vaikus ir paauglius, 14 met\u0173 patirties d\u0117stant Mykolo Romerio universitete ir vedant seminarus apie elgesio ir emocij\u0173 sutrikimus. Lektor\u0117 yra Lietuvos aktyviausi\u0173 doktorant\u0173 prizo laim\u0117toja. APIE MOKYMUS Kiekvienas \u017emogus per savo gyvenim\u0105 patiria vienoki\u0105 [&hellip;]<\/p>\n","protected":false},"featured_media":917,"comment_status":"open","ping_status":"closed","template":"","meta":[],"product_brand":[],"product_cat":[35,36,27],"product_tag":[],"class_list":{"0":"post-1330","1":"product","2":"type-product","3":"status-publish","4":"has-post-thumbnail","6":"product_cat-socialines-ir-humanitarines-sritys","7":"product_cat-psichologijos-mokymai","8":"product_cat-socialinio-darbo-mokymai","10":"first","11":"instock","12":"taxable","13":"shipping-taxable","14":"product-type-simple"},"_links":{"self":[{"href":"https:\/\/dev.mvg.mruni.eu\/index.php?rest_route=\/wp\/v2\/product\/1330","targetHints":{"allow":["GET"]}}],"collection":[{"href":"https:\/\/dev.mvg.mruni.eu\/index.php?rest_route=\/wp\/v2\/product"}],"about":[{"href":"https:\/\/dev.mvg.mruni.eu\/index.php?rest_route=\/wp\/v2\/types\/product"}],"replies":[{"embeddable":true,"href":"https:\/\/dev.mvg.mruni.eu\/index.php?rest_route=%2Fwp%2Fv2%2Fcomments&post=1330"}],"wp:featuredmedia":[{"embeddable":true,"href":"https:\/\/dev.mvg.mruni.eu\/index.php?rest_route=\/wp\/v2\/media\/917"}],"wp:attachment":[{"href":"https:\/\/dev.mvg.mruni.eu\/index.php?rest_route=%2Fwp%2Fv2%2Fmedia&parent=1330"}],"wp:term":[{"taxonomy":"product_brand","embeddable":true,"href":"https:\/\/dev.mvg.mruni.eu\/index.php?rest_route=%2Fwp%2Fv2%2Fproduct_brand&post=1330"},{"taxonomy":"product_cat","embeddable":true,"href":"https:\/\/dev.mvg.mruni.eu\/index.php?rest_route=%2Fwp%2Fv2%2Fproduct_cat&post=1330"},{"taxonomy":"product_tag","embeddable":true,"href":"https:\/\/dev.mvg.mruni.eu\/index.php?rest_route=%2Fwp%2Fv2%2Fproduct_tag&post=1330"}],"curies":[{"name":"wp","href":"https:\/\/api.w.org\/{rel}","templated":true}]}}