{"id":1328,"date":"2026-01-27T16:22:48","date_gmt":"2026-01-27T14:22:48","guid":{"rendered":"https:\/\/dev.mvg.mruni.eu\/?post_type=product&#038;p=1328"},"modified":"2026-02-06T21:22:02","modified_gmt":"2026-02-06T19:22:02","slug":"krizes-ir-ju-iveikimas-8-akad-val-lekt-birute-balseviciene","status":"publish","type":"product","link":"https:\/\/dev.mvg.mruni.eu\/?product=krizes-ir-ju-iveikimas-8-akad-val-lekt-birute-balseviciene","title":{"rendered":"KRIZ\u0116S IR J\u0172 \u012eVEIKIMAS (8 akad. val.) Lekt. Birut\u0117 Balsevi\u010dien\u0117"},"content":{"rendered":"<h4><strong>\u201e<\/strong><strong>Kriz\u0117s ir j\u0173 \u012fveikimas\u201c<\/strong><\/h4>\n<p><strong>Trukm\u0117: <\/strong>8 akad. val.<\/p>\n<p><strong>APIE LEKTOR\u0118<\/strong><\/p>\n<p>Birut\u0117 Balsevi\u010dien\u0117 yra sveikatos psichologijos magistr\u0117, turi 20 met\u0173 patirties konsultuojant vaikus ir paauglius, 14 met\u0173 patirties d\u0117stant Mykolo Romerio universitete ir vedant seminarus apie elgesio ir emocij\u0173 sutrikimus. Lektor\u0117 yra Lietuvos aktyviausi\u0173 doktorant\u0173 prizo laim\u0117toja.<\/p>\n<p><strong>APIE MOKYMUS<\/strong><\/p>\n<p>Kiekvienas \u017emogus per savo gyvenim\u0105 patiria vienoki\u0105 ar kitoki\u0105 kriz\u0119. \u0160i\u0173 mokym\u0173 tikslas suteikti \u017eini\u0173 apie krizes ir j\u0173 \u012fveikim\u0105.<\/p>\n<p>Po programos dalyviai geb\u0117s atpa\u017einti, kas yra kriz\u0117, \u012fvardinti kriz\u0117s stadijas, \u017einos kaip skirtingos asmen\u0173 grup\u0117s \u012fveikia krizes.<\/p>\n<p><strong>\ud83d\udfe0 Tikslas <\/strong>\u2013 suteikti \u017eini\u0173 apie krizes ir j\u0173 \u012fveikim\u0105.<\/p>\n<p><strong>\ud83d\udfe0 U\u017edaviniai: <\/strong><\/p>\n<ul>\n<li>Atpa\u017einti kriz\u0117s \u012fveikimo stadijas ir j\u0173 ypatumus.<\/li>\n<li>Su\u017einoti apie veiksmingus kriz\u0117s \u012fveikimo b\u016bdus.<\/li>\n<\/ul>\n<p><strong>\ud83d\udfe0 Dalyvi\u0173 \u012fgytos, patobulintos kompetencijos:<\/strong><\/p>\n<ul>\n<li>Krizini\u0173 situacij\u0173 atpa\u017einimo ir suvokimo kompetencija (geb\u0117jimas atpa\u017einti krizi\u0173 r\u016b\u0161is, j\u0173 po\u017eymius ir poveik\u012f emocinei bei psichologinei b\u016bklei, suprasti kriz\u0117s dinamik\u0105 ir asmens reakcijas \u012f j\u0105).<\/li>\n<li>Pagalbos teikimo ir sprendim\u0173 pri\u0117mimo kompetencija kriz\u0117se (geb\u0117jimas tinkamai reaguoti krizin\u0117se situacijose, taikyti pagrindinius pagalbos ir nukreipimo principus, priimti atsakingus sprendimus bei bendradarbiauti su pagalbos sistema).<\/li>\n<\/ul>\n<p><strong>\ud83d\udfe0 Tem\u0173 ir turinio apra\u0161ymas:<\/strong><\/p>\n<ul>\n<li>Kas yra kriz\u0117?<\/li>\n<li>Kriz\u0117s stadijos<\/li>\n<li>Kriz\u0173 \u012fveikimas.<\/li>\n<\/ul>\n<p>&nbsp;<\/p>\n<p>&nbsp;<\/p>\n<p><strong>PRAKTIN\u0116 INFORMACIJA<\/strong><\/p>\n<p><strong>Vieta:<\/strong> visi miestai (kontaktiniai arba nuotoliniai mokymai)<\/p>\n<p><strong>Dalyviams i\u0161duodami kvalifikacijos pa\u017eym\u0117jimai.<\/strong><\/p>\n<p>&nbsp;<\/p>\n<p><strong>D\u0116L MOKYM\u0172 TEIRAUTIS<\/strong><\/p>\n<p><strong>El. pa\u0161tu: <a href=\"mailto:mokymai@mruini.eu\">mokymai@mruni.eu<\/a><\/strong><\/p>\n<p><strong>mob. tel. +37068985555<\/strong><\/p>\n","protected":false},"excerpt":{"rendered":"<p>\u201eKriz\u0117s ir j\u0173 \u012fveikimas\u201c Trukm\u0117: 8 akad. val. APIE LEKTOR\u0118 Birut\u0117 Balsevi\u010dien\u0117 yra sveikatos psichologijos magistr\u0117, turi 20 met\u0173 patirties konsultuojant vaikus ir paauglius, 14 met\u0173 patirties d\u0117stant Mykolo Romerio universitete ir vedant seminarus apie elgesio ir emocij\u0173 sutrikimus. Lektor\u0117 yra Lietuvos aktyviausi\u0173 doktorant\u0173 prizo laim\u0117toja. APIE MOKYMUS Kiekvienas \u017emogus per savo gyvenim\u0105 patiria vienoki\u0105 [&hellip;]<\/p>\n","protected":false},"featured_media":942,"comment_status":"open","ping_status":"closed","template":"","meta":[],"product_brand":[],"product_cat":[35,36,27],"product_tag":[],"class_list":{"0":"post-1328","1":"product","2":"type-product","3":"status-publish","4":"has-post-thumbnail","6":"product_cat-socialines-ir-humanitarines-sritys","7":"product_cat-psichologijos-mokymai","8":"product_cat-socialinio-darbo-mokymai","10":"first","11":"instock","12":"taxable","13":"shipping-taxable","14":"product-type-simple"},"_links":{"self":[{"href":"https:\/\/dev.mvg.mruni.eu\/index.php?rest_route=\/wp\/v2\/product\/1328","targetHints":{"allow":["GET"]}}],"collection":[{"href":"https:\/\/dev.mvg.mruni.eu\/index.php?rest_route=\/wp\/v2\/product"}],"about":[{"href":"https:\/\/dev.mvg.mruni.eu\/index.php?rest_route=\/wp\/v2\/types\/product"}],"replies":[{"embeddable":true,"href":"https:\/\/dev.mvg.mruni.eu\/index.php?rest_route=%2Fwp%2Fv2%2Fcomments&post=1328"}],"wp:featuredmedia":[{"embeddable":true,"href":"https:\/\/dev.mvg.mruni.eu\/index.php?rest_route=\/wp\/v2\/media\/942"}],"wp:attachment":[{"href":"https:\/\/dev.mvg.mruni.eu\/index.php?rest_route=%2Fwp%2Fv2%2Fmedia&parent=1328"}],"wp:term":[{"taxonomy":"product_brand","embeddable":true,"href":"https:\/\/dev.mvg.mruni.eu\/index.php?rest_route=%2Fwp%2Fv2%2Fproduct_brand&post=1328"},{"taxonomy":"product_cat","embeddable":true,"href":"https:\/\/dev.mvg.mruni.eu\/index.php?rest_route=%2Fwp%2Fv2%2Fproduct_cat&post=1328"},{"taxonomy":"product_tag","embeddable":true,"href":"https:\/\/dev.mvg.mruni.eu\/index.php?rest_route=%2Fwp%2Fv2%2Fproduct_tag&post=1328"}],"curies":[{"name":"wp","href":"https:\/\/api.w.org\/{rel}","templated":true}]}}