{"id":1297,"date":"2026-01-26T15:27:42","date_gmt":"2026-01-26T13:27:42","guid":{"rendered":"https:\/\/dev.mvg.mruni.eu\/?post_type=product&#038;p=1297"},"modified":"2026-02-06T21:23:34","modified_gmt":"2026-02-06T19:23:34","slug":"zmogiskuju-istekliu-vadyba-24-akad-val-prof-dr-t-sudnickas","status":"publish","type":"product","link":"https:\/\/dev.mvg.mruni.eu\/?product=zmogiskuju-istekliu-vadyba-24-akad-val-prof-dr-t-sudnickas","title":{"rendered":"\u017dMOGI\u0160K\u0172J\u0172 I\u0160TEKLI\u0172 VADYBA (24 akad. val.) Prof. dr. Tadas Sudnickas"},"content":{"rendered":"<h4><strong>\u201e\u017dmogi\u0161k\u0173j\u0173 i\u0161tekli\u0173 vadyba\u201c<\/strong><\/h4>\n<p><strong>Trukm\u0117:<\/strong> 24 akad. val.<\/p>\n<p><strong>LEKTORIUS: <\/strong><em>prof. dr. T. Sudnickas<\/em><\/p>\n<p><strong>APIE MOKYMUS<\/strong><\/p>\n<p>\u017dmogi\u0161k\u0173j\u0173 i\u0161tekli\u0173 vadybos seminaras supa\u017eindins vadovus su apibendrinta geriausiai dirban\u010di\u0173 organizacij\u0173 patirtimi ir metodais, leid\u017eian\u010diais s\u0117kmingai formuoti, ugdyti ir valdyti savo darbuotoj\u0173 kolektyv\u0105. Seminare \u012fgyti \u012fg\u016bd\u017eiai ir \u017einios \u012fgalins vadovus efektyviai veikti drauge su savo darbuotoj\u0173 kolektyvu, suformuoti geresn\u012f mikroklimat\u0105, bei pasiekti auk\u0161tesni\u0173 veiklos rezultat\u0173.<\/p>\n<p><strong>TEM\u0172 IR TURINIO APRA\u0160YMAS:<\/strong><\/p>\n<p><strong>\ud83d\udfe0 <\/strong>\u017dmogi\u0161k\u0173j\u0173 i\u0161tekli\u0173 vadybos funkcin\u0117s sritys. Pastarojo meto poky\u010di\u0173 tendencijos \u017emogi\u0161k\u0173j\u0173 i\u0161tekli\u0173 vadyboje.<\/p>\n<p><strong>\ud83d\udfe0 <\/strong>\u017dmogi\u0161k\u0173j\u0173 i\u0161tekli\u0173 vadybos proceso planavimas.<\/p>\n<p><strong>\ud83d\udfe0 <\/strong>Darbuotoj\u0173 kompetencij\u0173 valdymas.<\/p>\n<p><strong>\ud83d\udfe0 <\/strong>Organizacini\u0173 strukt\u016br\u0173 tipai, j\u0173 panaudojimas \u017emogi\u0161k\u0173j\u0173 i\u0161tekli\u0173 pl\u0117trai. Organizacin\u0117s kult\u016bros formavimas.<\/p>\n<p><strong>\ud83d\udfe0 <\/strong>\u017dmogi\u0161k\u0173j\u0173 i\u0161tekli\u0173 poreikio planavimas. Efektyvi darbuotoj\u0173 paie\u0161ka ir atranka. I\u0161oriniai ir vidiniai paie\u0161kos \u0161altiniai. Atrankos procesas. Interviu su kandidatais tipai.<\/p>\n<p><strong>\ud83d\udfe0 <\/strong>Darbuotoj\u0173 motyvavimas ir ugdymas. Karjeros planavimo ir lyderyst\u0117s ugdymo sistemos. Darbuotoj\u0173 orientavimas, mokymas. Mokym\u0173 poreikio nustatymas. Mokymo form\u0173 tipai. Mokymo rezultatyvumo vertinimas.<\/p>\n<p><strong>\ud83d\udfe0 <\/strong>Kompensavimas u\u017e darb\u0105. Darbo apmok\u0117jimo sistemos ir strategijos.<\/p>\n<p><strong>\ud83d\udfe0 <\/strong>Veiklos vertinimo sistemos kaip darbuotoj\u0173 veiklos valdymo instrumentas. Elgsena gr\u012fstas veiklos vertinimas.<\/p>\n<p><strong>\ud83d\udfe0 <\/strong>Vadov\u0173 vaidmuo tobulinant procesus diegiant kokyb\u0117s valdymo sistemas.<\/p>\n<p>&nbsp;<\/p>\n<p><strong>PRAKTIN\u0116 INFORMACIJA<\/strong><\/p>\n<p><strong>Vieta:<\/strong> visi miestai (kontaktiniai arba nuotoliniai mokymai)<\/p>\n<p><strong>Dalyviams i\u0161duodami kvalifikacijos pa\u017eym\u0117jimai.<\/strong><\/p>\n<p>&nbsp;<\/p>\n<p><strong>D\u0116L MOKYM\u0172 TEIRAUTIS<\/strong><\/p>\n<p><strong>El. pa\u0161tu: <\/strong><a href=\"mailto:mokymai@mruini.eu\"><strong>mokymai@mruni.eu<\/strong><\/a><\/p>\n<p><strong>mob. tel. +37068985555<\/strong><\/p>\n","protected":false},"excerpt":{"rendered":"<p>\u201e\u017dmogi\u0161k\u0173j\u0173 i\u0161tekli\u0173 vadyba\u201c Trukm\u0117: 24 akad. val. LEKTORIUS: prof. dr. T. Sudnickas APIE MOKYMUS \u017dmogi\u0161k\u0173j\u0173 i\u0161tekli\u0173 vadybos seminaras supa\u017eindins vadovus su apibendrinta geriausiai dirban\u010di\u0173 organizacij\u0173 patirtimi ir metodais, leid\u017eian\u010diais s\u0117kmingai formuoti, ugdyti ir valdyti savo darbuotoj\u0173 kolektyv\u0105. Seminare \u012fgyti \u012fg\u016bd\u017eiai ir \u017einios \u012fgalins vadovus efektyviai veikti drauge su savo darbuotoj\u0173 kolektyvu, suformuoti geresn\u012f mikroklimat\u0105, bei [&hellip;]<\/p>\n","protected":false},"featured_media":591,"comment_status":"open","ping_status":"closed","template":"","meta":[],"product_brand":[],"product_cat":[38,39,42,44],"product_tag":[],"class_list":{"0":"post-1297","1":"product","2":"type-product","3":"status-publish","4":"has-post-thumbnail","6":"product_cat-viesojo-administravimo-mokymai","7":"product_cat-viesasis-valdymas","8":"product_cat-verslui","9":"product_cat-vadybos-ir-verslo-mokymai","11":"first","12":"instock","13":"taxable","14":"shipping-taxable","15":"product-type-simple"},"_links":{"self":[{"href":"https:\/\/dev.mvg.mruni.eu\/index.php?rest_route=\/wp\/v2\/product\/1297","targetHints":{"allow":["GET"]}}],"collection":[{"href":"https:\/\/dev.mvg.mruni.eu\/index.php?rest_route=\/wp\/v2\/product"}],"about":[{"href":"https:\/\/dev.mvg.mruni.eu\/index.php?rest_route=\/wp\/v2\/types\/product"}],"replies":[{"embeddable":true,"href":"https:\/\/dev.mvg.mruni.eu\/index.php?rest_route=%2Fwp%2Fv2%2Fcomments&post=1297"}],"wp:featuredmedia":[{"embeddable":true,"href":"https:\/\/dev.mvg.mruni.eu\/index.php?rest_route=\/wp\/v2\/media\/591"}],"wp:attachment":[{"href":"https:\/\/dev.mvg.mruni.eu\/index.php?rest_route=%2Fwp%2Fv2%2Fmedia&parent=1297"}],"wp:term":[{"taxonomy":"product_brand","embeddable":true,"href":"https:\/\/dev.mvg.mruni.eu\/index.php?rest_route=%2Fwp%2Fv2%2Fproduct_brand&post=1297"},{"taxonomy":"product_cat","embeddable":true,"href":"https:\/\/dev.mvg.mruni.eu\/index.php?rest_route=%2Fwp%2Fv2%2Fproduct_cat&post=1297"},{"taxonomy":"product_tag","embeddable":true,"href":"https:\/\/dev.mvg.mruni.eu\/index.php?rest_route=%2Fwp%2Fv2%2Fproduct_tag&post=1297"}],"curies":[{"name":"wp","href":"https:\/\/api.w.org\/{rel}","templated":true}]}}