{"id":1002,"date":"2025-10-01T13:27:15","date_gmt":"2025-10-01T10:27:15","guid":{"rendered":"https:\/\/dev.mvg.mruni.eu\/?post_type=product&#038;p=1002"},"modified":"2026-01-23T10:37:28","modified_gmt":"2026-01-23T08:37:28","slug":"nuotoliniai-mediacijos-mokymai-pradedantiems-7-temos-56-akad-val","status":"publish","type":"product","link":"https:\/\/dev.mvg.mruni.eu\/?product=nuotoliniai-mediacijos-mokymai-pradedantiems-7-temos-56-akad-val","title":{"rendered":"NUOTOLINIAI MEDIACIJOS MOKYMAI PRADEDANTIEMS (7 temos- 56 akad. val.) Lektori\u0173 grup\u0117"},"content":{"rendered":"<p><strong>,,Nuotoliniai mediacijos mokymai pradedantiems\u201c<\/strong><\/p>\n<p>Vieno pilno mediacijos mokym\u0173 pradedantiesiems ciklo trukm\u0117 &#8211;\u00a0<strong>7 dienos\/i\u0161 viso 56 akademin\u0117s valandos. Kaina 500 eur\u0173.\u00a0<a href=\"https:\/\/www.kursuok.lt\/finansavimas\">Atitinkantiems reikalavimus asmenims &#8211; pilnas mokym\u0173 finansavimas.<\/a><\/strong><\/p>\n<p>Mokymai, susirinkus grupei per\u00a0<a href=\"https:\/\/www.kursuok.lt\/\"><strong>Kursuok.lt<\/strong>,<\/a>\u00a0vyks<strong>\u00a0nuotoliniu b\u016bdu \u0161e\u0161tadieniais.<\/strong><\/p>\n<p><strong>APIE LEKTORIUS<\/strong><\/p>\n<p>Mokymus veda patyrusios lektor\u0117s &#8211; mediacijos srities specialist\u0117s-praktik\u0117s. Dauguma lektori\u0173 yra tarptautini\u0173 organizacij\u0173 akredituotos mediator\u0117s (CEDR, MiKK).<\/p>\n<p><strong>APIE MOKYMUS<\/strong><\/p>\n<p>Mykolo Romerio universitetas\u00a0 jungiasi prie nacionalin\u0117s suaugusi\u0173j\u0173 mokymosi platformos\u00a0<a href=\"https:\/\/www.kursuok.lt\/\">Kursuok.lt.<\/a>\u00a0Per \u0161i\u0105 platform\u0105 dirbantiems asmenims suteikiama galimyb\u0117 tobul\u0117ti ir vienoje vietoje rasti pa\u010dius aktualiausius mokymus bei s\u0117kmingai augti karjeros srityje. Rinkit\u0117s vertingas ir turiningas MRU mokym\u0173 programas, \u012fgykite nauj\u0173 ar patobulinkite senus \u012fg\u016bd\u017eius ir kompetencijas. Kursuokite su MRU &#8211; J\u016bs\u0173 mokymosi vis\u0105 gyvenim\u0105 partneriu!<\/p>\n<p>Si\u016blomi mokymai \u201eMediacijos mokymai pradedantiems\u201c (56 ak. val.), vis\u0173 pirma, skirti asmenims, kurie siekia \u012fgyti mediatoriams b\u016btin\u0173 kompetencij\u0173 bei siekti mediatoriaus statuso, kuris leid\u017eia oficialiai teikti mediacijos paslaugas Lietuvoje. Ta\u010diau, mokymai bus naudingi ir tiems, kas siekia tiesiog asmeninio tobul\u0117jimo bei, nors ir neplanuoja dirbti mediatoriais, nori savo profesin\u0117je veikloje ir asmeniniame gyvenimo tur\u0117ti daugiau \u017eini\u0173 ir \u012fg\u016bd\u017ei\u0173 konflikt\u0173 sprendimo srityje. Mokymai puikia tiks personalo specialistams, komunikacijos specialistams, socialiniams darbuotojams, atvejo vadybininkams, vaiko teisi\u0173 apsaugos specialistams, \u012fvairi\u0173 grand\u017ei\u0173 vadovams, vadybininkams, \u012fvairi\u0173 projekt\u0173 koordinatoriams, socialiniams pedagogams ir kitiems mokytojams, policininkams, ikiteisminio tyrimo pareig\u016bnams, prokurorams, teis\u0117jams, advokatams ir visiems kitiems asmenims, kurie domisi konflikt\u0173 valdymu.<\/p>\n<p>Mokym\u0173 programa parengta pagal\u00a0<strong>2024 m. bir\u017eelio 13 d.<\/strong>\u00a0priimt\u0105 Lietuvos Respublikos\u00a0<a href=\"https:\/\/e-seimas.lrs.lt\/portal\/legalAct\/lt\/TAD\/bf90c0b0299711efb121d2fe3a0eff27?jfwid=rlns7k4ez\">Mediacijos \u012fstatymo<\/a>\u00a0Nr. X-1702 3, 4, 5, 6, 7, 8, 9, 10, 11, 15, 17, 20, 21, 22, 23, 26, 28, 29 straipsni\u0173 pakeitimo ir \u012fstatymo papildymo 3 straipsniu \u012fstatym\u0105, k<strong>uriuo didinamas minimalus i\u0161klausyt\u0173 mokym\u0173 mediacijos tema valand\u0173 skai\u010dius.<\/strong>\u00a0<strong>Nuo 2025 m. sausio 1 d.\u00a0<\/strong>asmenys, siekiantys b\u016bti \u012fra\u0161yti \u012f Lietuvos Respublikos mediatori\u0173 s\u0105ra\u0161\u0105, tur\u0117s b\u016bti i\u0161klaus\u0119 ne trumpesnius kaip 48 akademini\u0173 valand\u0173 mokymus mediacijos tema.<\/p>\n<p><strong>Vadovaujantis Lietuvos Respublikos mediacijos \u012fstatymo 6 str. 1 d. asmenys, siekiantys b\u016bti \u012fra\u0161yti \u012f Lietuvos Respublikos mediatori\u0173 s\u0105ra\u0161\u0105, turi atitikti \u0161iuos reikalavimus:<\/strong><\/p>\n<p><strong>\ud83d\udfe0 <\/strong>tur\u0117ti auk\u0161t\u0105j\u012f universitetin\u012f i\u0161silavinim\u0105;<br \/>\n<strong>\ud83d\udfe0 <\/strong> b\u016bti i\u0161klaus\u0119 ne trumpesnius kaip 40 akademini\u0173 valand\u0173 mokymus mediacijos tema ne anks\u010diau kaip prie\u0161 penkerius metus iki kreipimosi d\u0117l \u012fra\u0161ymo \u012f Lietuvos Respublikos mediatori\u0173 s\u0105ra\u0161\u0105 dienos;<br \/>\n<strong>\ud83d\udfe0 <\/strong> i\u0161laikyti mediatori\u0173 kvalifikacin\u012f egzamin\u0105;<br \/>\n<strong>\ud83d\udfe0 <\/strong> b\u016bti nepriekai\u0161tingos reputacijos, atsi\u017evelgiant \u012f \u0161io \u012fstatymo 7 straipsnyje nurodytus reikalavimus.<br \/>\nVadovaujantis tuo, \u0161i\u0173 mokym\u0173 i\u0161klausymas u\u017etikrins mokym\u0173 dalyviams atitikt\u012f Mediacijos \u012fstatymo 6 str. 1 d. 2 punktui, bei pad\u0117s pasirengti 3 punkte nustatytam kvalifikaciniam egzaminui laikyti.<\/p>\n<p><strong>TEMOS<\/strong><br \/>\n<strong>\ud83d\udfe0\u00a0 1 tema.<\/strong>\u00a0<strong>\u012eVADAS \u012e KONFLIKT\u0172 SPRENDIM\u0104:\u00a0<\/strong>samprata, prie\u017eastys, tipai, sprendimo stiliai, tinkami ir netinkami \u012fsitikinimai, pozicijos ir intereso s\u0105vok\u0173 atribojimas (8 akad. val.) Lektor\u0117 Odeta Int\u0117;<br \/>\n<strong>\ud83d\udfe0\u00a0 2 tema.<\/strong>\u00a0<strong>MEDIACIJOS PAGRINDAI:<\/strong>\u00a0atskyrimas nuo kit\u0173 gin\u010d\u0173 sprendimo b\u016bd\u0173, samprata, ypatumai, principai, procesas (8 akad. val.) Lektor\u0117 prof. dr. Agn\u0117 Tvaronavi\u010dien\u0117;<br \/>\n<strong>\ud83d\udfe0\u00a0 3 tema.<\/strong>\u00a0<strong>MEDIATORIAUS VEIKLA IR JOS YPATUMAI:<\/strong>\u00a0mediatoriaus vaidmuo, stiliai, ko-mediacija, mediatoriaus profesin\u0117 veikla ir etika (8 akad. val.) Lektor\u0117 prof. dr. Natalija Kaminskien\u0117;<br \/>\n<strong>\ud83d\udfe0\u00a0 4 tema.<\/strong>\u00a0<strong>MEDIATORIAUS \u012eRANKIAI:<\/strong>\u00a0ry\u0161io su konflikto \u0161alimis k\u016brimo ir \u0161ali\u0173 k\u016brybi\u0161kumo skatinimo \u012frankiai, aklavie\u010di\u0173 \u012fveikimas mediacijoje\u00a0 (8 akad. val.) Lektor\u0117 psicholog\u0117\u00a0 Roberta Petkevi\u010di\u016bt\u0117;<br \/>\n<strong>\ud83d\udfe0\u00a0 5 tema.<\/strong>\u00a0<strong>\u0160EIMOS MEDIACIJOS YPATUMAI:<\/strong>\u00a0\u0160eimos gin\u010d\u0173 specifika, etapai, dalyviai, vaiko nuomon\u0117s ir poreiki\u0173 i\u0161siai\u0161kinimas mediacijoje, smurto \u0161eimoje \u012ftaka mediacijai, tarptautini\u0173 \u0161eimos gin\u010d\u0173 mediacijos ypatumai (8 akad. val.) Lektor\u0117 Odeta Int\u0117;<br \/>\n<strong>\ud83d\udfe0\u00a0 6 tema.<\/strong>\u00a0<strong>MEDIACIJOS YPATUMAI ATSKIR\u0172 KATEGORIJ\u0172 GIN\u010cUOSE. TEISINI\u0172 \u017dINI\u0172 PAGRINDAI MEDIATORIAMS:\u00a0<\/strong>bendrieji civilin\u0117s teis\u0117s principai, sandori\u0173 samprata, forma, sudarymo tvarka, negaliojimas, fiziniai ir juridiniai asmenys, \u012fgaliojimas, ie\u0161kinio senaties samprata, santuokos nutraukimo teisini\u0173 pasekmi\u0173 sutartis, atskir\u0173 kategorij\u0173 civilini\u0173 gin\u010d\u0173 mediacijos ypatumai. (8 akad. val.) Lektor\u0117s: prof. dr. Natalija Kaminskien\u0117 ir prof. dr. Agn\u0117 Tvaronavi\u010dien\u0117;<br \/>\n<strong>\ud83d\udfe0\u00a0 7 tema.<\/strong>\u00a0<strong>MEDIACIJOS SIMULIACIJOS. TESTAS<\/strong>\u00a0(8 akad. val.) Lektor\u0117 mediator\u0117 Indr\u0117 Kasiulait\u0117.<\/p>\n<p><strong>PRAKTIN\u0116 INFORMACIJA<\/strong><\/p>\n<p><strong>Vieta:<\/strong> visi miestai (kontaktiniai arba nuotoliniai mokymai)<\/p>\n<p><strong>K\u0105 daryti?<\/strong><\/p>\n<p><strong>\ud83d\udfe0<\/strong>\u00a0\u0160iai mokym\u0173 programai galite gauti valstyb\u0117s finansavim\u0105 arba jei tuo metu finansavimo l\u0117\u0161\u0173 n\u0117ra &#8211; galite pa\u017eym\u0117ti, kad mokysit\u0117s savo l\u0117\u0161omis.<\/p>\n<p><strong>\ud83d\udfe0<\/strong>\u00a0 \u012esitikinkite, kad atitinkate nustatytus kriterijus IMP krep\u0161eliui gauti (Daugiau informacijos: <a href=\"https:\/\/www.kursuok.lt\/finansavimas\">https:\/\/www.kursuok.lt\/finansavimas<\/a>).<\/p>\n<p><strong>\ud83d\udfe0<\/strong>\u00a0 U\u017esiregistruokite kaip mokym\u0173 dalyvis per <a href=\"https:\/\/www.kursuok.lt\/\">Kursuok.lt;<\/a><\/p>\n<p><strong>\ud83d\udfe0<\/strong>\u00a0 Pasirinkite mokymo tiek\u0117j\u0105 &#8211;<strong>\u00a0<a href=\"https:\/\/www.kursuok.lt\/mokymai\/list\/provider\/view\/mykolo-romerio-universitetas\">Mykolo Romerio universitet\u0105;<\/a><\/strong><\/p>\n<p><strong>\ud83d\udfe0<\/strong>\u00a0 I\u0161sirinkite Mediacijos mokymus pradedantiesiems: <a href=\"https:\/\/www.kursuok.lt\/mokymai\/list\/view\/mediacijos-mokymai-pradedantiesiems\">https:\/\/www.kursuok.lt\/mokymai\/list\/view\/mediacijos-mokymai-pradedantiesiems<\/a><\/p>\n<p><strong>\ud83d\udfe0<\/strong> Pasira\u0161ykite sutart\u012f.<\/p>\n<p><strong>\ud83d\udfe0<\/strong> Jei registravot\u0117s kaip savaranki\u0161kai u\u017e mokymus mokantis asmuo &#8211; sumok\u0117kite 500 Eur. \u012f Mykolo Romerio atsiskaitom\u0105j\u0105 s\u0105skait\u0105 (S\u0105skaitos Nr. rasite sutartyje)<\/p>\n<p><strong>\ud83d\udfe0<\/strong> Jei u\u017e mokymus nor\u0117t\u0173 apmok\u0117ti J\u016bs\u0173 darbdavys, kreipkit\u0117s spokiene@mruni.eu ir Universiteto buhalterija i\u0161ra\u0161ys i\u0161ankstin\u0119 s\u0105skait\u0105-fakt\u016br\u0105, kuri\u0105 gal\u0117site pateikti savo darbdavio\/\u012fmon\u0117s\/\u012fstaigos buhalterijai.<\/p>\n<p><strong>Dalyviams i\u0161duodami kvalifikacijos pa\u017eym\u0117jimai.<\/strong><\/p>\n<p><strong>D\u0116L MOKYM\u0172 TEIRAUTIS<\/strong><\/p>\n<div class=\"location-map block\"><strong>El. pa\u0161tu:<\/strong> <a href=\"http:\/\/spokiene@mruni.eu\/\">spokiene@mruni.eu\u00a0<\/a><\/div>\n<div class=\"location-map block\"><strong>mob. tel.<\/strong> <a href=\"tel:+37068985555\">+370 689 85555<\/a><\/div>\n<div><\/div>\n<div><img loading=\"lazy\" decoding=\"async\" class=\"alignnone wp-image-552\" src=\"https:\/\/dev.mvg.mruni.eu\/wp-content\/uploads\/2025\/09\/Orange-White-Simple-Circle-Rice-Bowl-Logo-300x125.png\" alt=\"\" width=\"212\" height=\"88\" srcset=\"https:\/\/dev.mvg.mruni.eu\/wp-content\/uploads\/2025\/09\/Orange-White-Simple-Circle-Rice-Bowl-Logo-300x125.png 300w, https:\/\/dev.mvg.mruni.eu\/wp-content\/uploads\/2025\/09\/Orange-White-Simple-Circle-Rice-Bowl-Logo.png 359w\" sizes=\"auto, (max-width: 212px) 100vw, 212px\" \/><\/div>\n","protected":false},"excerpt":{"rendered":"<p>,,Nuotoliniai mediacijos mokymai pradedantiems\u201c Vieno pilno mediacijos mokym\u0173 pradedantiesiems ciklo trukm\u0117 &#8211;\u00a07 dienos\/i\u0161 viso 56 akademin\u0117s valandos. Kaina 500 eur\u0173.\u00a0Atitinkantiems reikalavimus asmenims &#8211; pilnas mokym\u0173 finansavimas. Mokymai, susirinkus grupei per\u00a0Kursuok.lt,\u00a0vyks\u00a0nuotoliniu b\u016bdu \u0161e\u0161tadieniais. APIE LEKTORIUS Mokymus veda patyrusios lektor\u0117s &#8211; mediacijos srities specialist\u0117s-praktik\u0117s. Dauguma lektori\u0173 yra tarptautini\u0173 organizacij\u0173 akredituotos mediator\u0117s (CEDR, MiKK). APIE MOKYMUS Mykolo Romerio [&hellip;]<\/p>\n","protected":false},"featured_media":1004,"comment_status":"open","ping_status":"closed","template":"","meta":[],"product_brand":[],"product_cat":[31],"product_tag":[],"class_list":{"0":"post-1002","1":"product","2":"type-product","3":"status-publish","4":"has-post-thumbnail","6":"product_cat-mediacijos-mokymai","8":"first","9":"outofstock","10":"taxable","11":"shipping-taxable","12":"product-type-simple"},"_links":{"self":[{"href":"https:\/\/dev.mvg.mruni.eu\/index.php?rest_route=\/wp\/v2\/product\/1002","targetHints":{"allow":["GET"]}}],"collection":[{"href":"https:\/\/dev.mvg.mruni.eu\/index.php?rest_route=\/wp\/v2\/product"}],"about":[{"href":"https:\/\/dev.mvg.mruni.eu\/index.php?rest_route=\/wp\/v2\/types\/product"}],"replies":[{"embeddable":true,"href":"https:\/\/dev.mvg.mruni.eu\/index.php?rest_route=%2Fwp%2Fv2%2Fcomments&post=1002"}],"wp:featuredmedia":[{"embeddable":true,"href":"https:\/\/dev.mvg.mruni.eu\/index.php?rest_route=\/wp\/v2\/media\/1004"}],"wp:attachment":[{"href":"https:\/\/dev.mvg.mruni.eu\/index.php?rest_route=%2Fwp%2Fv2%2Fmedia&parent=1002"}],"wp:term":[{"taxonomy":"product_brand","embeddable":true,"href":"https:\/\/dev.mvg.mruni.eu\/index.php?rest_route=%2Fwp%2Fv2%2Fproduct_brand&post=1002"},{"taxonomy":"product_cat","embeddable":true,"href":"https:\/\/dev.mvg.mruni.eu\/index.php?rest_route=%2Fwp%2Fv2%2Fproduct_cat&post=1002"},{"taxonomy":"product_tag","embeddable":true,"href":"https:\/\/dev.mvg.mruni.eu\/index.php?rest_route=%2Fwp%2Fv2%2Fproduct_tag&post=1002"}],"curies":[{"name":"wp","href":"https:\/\/api.w.org\/{rel}","templated":true}]}}