{"id":393,"date":"2025-08-19T13:49:04","date_gmt":"2025-08-19T10:49:04","guid":{"rendered":"http:\/\/localhost\/mokymulab\/?page_id=393"},"modified":"2025-08-20T08:23:47","modified_gmt":"2025-08-20T05:23:47","slug":"kaip-uzsiregistruoti-i-mokymus","status":"publish","type":"page","link":"https:\/\/dev.mvg.mruni.eu\/?page_id=393","title":{"rendered":"Kaip u\u017esiregistruoti \u012f mokymus"},"content":{"rendered":"\n<p><\/p>\n\n\n\n<ol class=\"wp-block-list\">\n<li><strong>Pasirinkite mokymus<\/strong>\n<ul class=\"wp-block-list\">\n<li>\u012ed\u0117kite mokymus \u012f krep\u0161el\u012f (skelbimo apa\u010dioje).<\/li>\n\n\n\n<li>Jei registruojate kelis dalyvius \u2013 paspauskite <strong>\u201ePrid\u0117ti dalyv\u012f\u201c<\/strong>.<\/li>\n<\/ul>\n<\/li>\n\n\n\n<li><strong>U\u017epildykite registracijos form\u0105<\/strong>\n<ul class=\"wp-block-list\">\n<li>\u012eveskite savo duomenis: vard\u0105, pavard\u0119, el. pa\u0161t\u0105, telefon\u0105, adres\u0105.<\/li>\n<\/ul>\n<\/li>\n\n\n\n<li><strong>Pasirinkite atsiskaitymo b\u016bd\u0105<\/strong>\n<ul class=\"wp-block-list\">\n<li><strong>Bankiniu pavedimu<\/strong> \u2013 jei mok\u0117jim\u0105 atliks \u012fstaiga, \u012fveskite \u012fstaigos rekvizitus.<\/li>\n\n\n\n<li><strong>El. bankininkyst\u0117<\/strong> \u2013 jei mok\u0117site patys.<\/li>\n<\/ul>\n<\/li>\n\n\n\n<li><strong>Sutikimas su taisykl\u0117mis<\/strong>\n<ul class=\"wp-block-list\">\n<li>Pa\u017eym\u0117kite varnel\u0119, kad susipa\u017einote su <strong>Taisykl\u0117mis<\/strong>.<\/li>\n<\/ul>\n<\/li>\n\n\n\n<li><strong>Apmok\u0117jimas<\/strong>\n<ul class=\"wp-block-list\">\n<li>Paspauskite <strong>\u201eApmok\u0117ti\u201c<\/strong>.<\/li>\n\n\n\n<li>Jei mokate asmeni\u0161kai \u2013 atlikite mok\u0117jim\u0105 per savo bank\u0105.<\/li>\n<\/ul>\n<\/li>\n\n\n\n<li><strong>Gaukite i\u0161ankstin\u0119 fakt\u016br\u0105<\/strong>\n<ul class=\"wp-block-list\">\n<li>\u012e nurodyt\u0105 el. pa\u0161t\u0105 gausite automati\u0161kai sugeneruot\u0105 <strong>i\u0161ankstin\u0119 fakt\u016br\u0105<\/strong>.<\/li>\n\n\n\n<li>Jei u\u017e mokymus moka \u012fstaiga \u2013 pateikite j\u0105 buhalterijai.<\/li>\n<\/ul>\n<\/li>\n\n\n\n<li><strong>PVM fakt\u016bra<\/strong>\n<ul class=\"wp-block-list\">\n<li>Mokym\u0173 prad\u017eioje visiems dalyviams <strong>automati\u0161kai i\u0161siun\u010diama PVM fakt\u016bra<\/strong>.<\/li>\n<\/ul>\n<\/li>\n<\/ol>\n\n\n\n<hr class=\"wp-block-separator has-alpha-channel-opacity\"\/>\n\n\n\n<p>\ud83d\udcde <strong>Klausim\u0173 atveju: <\/strong>skambinkite mokym\u0173 skelbime nurodytam mokym\u0173 Vadybininkui.<\/p>\n","protected":false},"excerpt":{"rendered":"<p>\ud83d\udcde Klausim\u0173 atveju: skambinkite mokym\u0173 skelbime nurodytam mokym\u0173 Vadybininkui.<\/p>\n","protected":false},"author":1,"featured_media":0,"parent":83,"menu_order":0,"comment_status":"closed","ping_status":"closed","template":"","meta":{"footnotes":""},"class_list":["post-393","page","type-page","status-publish","hentry"],"_links":{"self":[{"href":"https:\/\/dev.mvg.mruni.eu\/index.php?rest_route=\/wp\/v2\/pages\/393","targetHints":{"allow":["GET"]}}],"collection":[{"href":"https:\/\/dev.mvg.mruni.eu\/index.php?rest_route=\/wp\/v2\/pages"}],"about":[{"href":"https:\/\/dev.mvg.mruni.eu\/index.php?rest_route=\/wp\/v2\/types\/page"}],"author":[{"embeddable":true,"href":"https:\/\/dev.mvg.mruni.eu\/index.php?rest_route=\/wp\/v2\/users\/1"}],"replies":[{"embeddable":true,"href":"https:\/\/dev.mvg.mruni.eu\/index.php?rest_route=%2Fwp%2Fv2%2Fcomments&post=393"}],"version-history":[{"count":3,"href":"https:\/\/dev.mvg.mruni.eu\/index.php?rest_route=\/wp\/v2\/pages\/393\/revisions"}],"predecessor-version":[{"id":397,"href":"https:\/\/dev.mvg.mruni.eu\/index.php?rest_route=\/wp\/v2\/pages\/393\/revisions\/397"}],"up":[{"embeddable":true,"href":"https:\/\/dev.mvg.mruni.eu\/index.php?rest_route=\/wp\/v2\/pages\/83"}],"wp:attachment":[{"href":"https:\/\/dev.mvg.mruni.eu\/index.php?rest_route=%2Fwp%2Fv2%2Fmedia&parent=393"}],"curies":[{"name":"wp","href":"https:\/\/api.w.org\/{rel}","templated":true}]}}