{"id":245,"date":"2025-07-04T10:13:40","date_gmt":"2025-07-04T07:13:40","guid":{"rendered":"http:\/\/localhost\/mokymulab\/?page_id=245"},"modified":"2025-07-04T10:16:05","modified_gmt":"2025-07-04T07:16:05","slug":"kokiu-mokymu-noretumete","status":"publish","type":"page","link":"https:\/\/dev.mvg.mruni.eu\/?page_id=245","title":{"rendered":"Koki\u0173 mokym\u0173 nor\u0117tum\u0117te?"},"content":{"rendered":"\n<div class=\"wpcf7 no-js\" id=\"wpcf7-f248-o1\" lang=\"lt-LT\" dir=\"ltr\" data-wpcf7-id=\"248\">\n<div class=\"screen-reader-response\"><p role=\"status\" aria-live=\"polite\" aria-atomic=\"true\"><\/p> <ul><\/ul><\/div>\n<form action=\"\/index.php?rest_route=%2Fwp%2Fv2%2Fpages%2F245#wpcf7-f248-o1\" method=\"post\" class=\"wpcf7-form init\" aria-label=\"Kontakt\u0173 forma\" novalidate=\"novalidate\" data-status=\"init\">\n<fieldset class=\"hidden-fields-container\"><input type=\"hidden\" name=\"_wpcf7\" value=\"248\" \/><input type=\"hidden\" name=\"_wpcf7_version\" value=\"6.1.4\" \/><input type=\"hidden\" name=\"_wpcf7_locale\" value=\"lt_LT\" \/><input type=\"hidden\" name=\"_wpcf7_unit_tag\" value=\"wpcf7-f248-o1\" \/><input type=\"hidden\" name=\"_wpcf7_container_post\" value=\"0\" \/><input type=\"hidden\" name=\"_wpcf7_posted_data_hash\" value=\"\" \/>\n<\/fieldset>\n<p>Pad\u0117kite mums geriau suprasti j\u016bs\u0173 poreikius!\n<\/p>\n<p>U\u017epidykite \u0161i\u0105 form\u0105 ir pasidalinkite, koki\u0173 mokym\u0173 pageidautum\u0117te.\n<\/p>\n<hr \/>\n<p><label> Vardas, pavard\u0117<br \/>\n<span class=\"wpcf7-form-control-wrap\" data-name=\"vardas-pavarde\"><input size=\"40\" maxlength=\"400\" class=\"wpcf7-form-control wpcf7-text wpcf7-validates-as-required\" aria-required=\"true\" aria-invalid=\"false\" value=\"\" type=\"text\" name=\"vardas-pavarde\" \/><\/span> <\/label>\n<\/p>\n<p><label> \u012estaiga, \u012fmon\u0117, pareigos:<br \/>\n<span class=\"wpcf7-form-control-wrap\" data-name=\"imone-pareigos\"><input size=\"40\" maxlength=\"400\" class=\"wpcf7-form-control wpcf7-text\" aria-invalid=\"false\" value=\"\" type=\"text\" name=\"imone-pareigos\" \/><\/span> <\/label>\n<\/p>\n<p><label> J\u016bs\u0173 kontaktai (el. pa\u0161tas, tel. nr.):<br \/>\n<span class=\"wpcf7-form-control-wrap\" data-name=\"kontaktai\"><input size=\"40\" maxlength=\"400\" class=\"wpcf7-form-control wpcf7-text wpcf7-validates-as-required\" aria-required=\"true\" aria-invalid=\"false\" value=\"\" type=\"text\" name=\"kontaktai\" \/><\/span> <\/label>\n<\/p>\n<hr \/>\n<p><strong>Mokym\u0173 poreikis<\/strong>\n<\/p>\n<p><label> 1. Kokius \u012fg\u016bd\u017eius nor\u0117tum\u0117te patobulinti? (\u012fra\u0161ykite):<br \/>\n<span class=\"wpcf7-form-control-wrap\" data-name=\"igudziai\"><textarea cols=\"40\" rows=\"10\" maxlength=\"2000\" class=\"wpcf7-form-control wpcf7-textarea\" aria-invalid=\"false\" name=\"igudziai\"><\/textarea><\/span> <\/label>\n<\/p>\n<hr \/>\n<p><label> 2. Kokios temos ar \u017einios jums \u0161iuo metu aktualiausios? (Kuo detaliau):<br \/>\n<span class=\"wpcf7-form-control-wrap\" data-name=\"temos\"><textarea cols=\"40\" rows=\"10\" maxlength=\"2000\" class=\"wpcf7-form-control wpcf7-textarea\" aria-invalid=\"false\" name=\"temos\"><\/textarea><\/span> <\/label>\n<\/p>\n<hr \/>\n<p><label> 3. Pageidaujama mokym\u0173 forma: <\/label>\n<\/p>\n<p><span class=\"wpcf7-form-control-wrap\" data-name=\"mokymu-forma\"><span class=\"wpcf7-form-control wpcf7-checkbox\"><span class=\"wpcf7-list-item first\"><label><input type=\"checkbox\" name=\"mokymu-forma[]\" value=\"Kontaktiniai\" \/><span class=\"wpcf7-list-item-label\">Kontaktiniai<\/span><\/label><\/span><span class=\"wpcf7-list-item\"><label><input type=\"checkbox\" name=\"mokymu-forma[]\" value=\"Nuotoliniai (per Teams, Zoom ir pan.)\" \/><span class=\"wpcf7-list-item-label\">Nuotoliniai (per Teams, Zoom ir pan.)<\/span><\/label><\/span><span class=\"wpcf7-list-item last\"><label><input type=\"checkbox\" name=\"mokymu-forma[]\" value=\"Nesvarbu\" \/><span class=\"wpcf7-list-item-label\">Nesvarbu<\/span><\/label><\/span><\/span><\/span>\n<\/p>\n<hr \/>\n<p><label> 4. Pageidaujama mokym\u0173 trukm\u0117: <\/label>\n<\/p>\n<p><span class=\"wpcf7-form-control-wrap\" data-name=\"mokymu-trukme\"><span class=\"wpcf7-form-control wpcf7-checkbox\"><span class=\"wpcf7-list-item first\"><label><input type=\"checkbox\" name=\"mokymu-trukme[]\" value=\"Pus\u0117 dienos (4 akad. val.)\" \/><span class=\"wpcf7-list-item-label\">Pus\u0117 dienos (4 akad. val.)<\/span><\/label><\/span><span class=\"wpcf7-list-item\"><label><input type=\"checkbox\" name=\"mokymu-trukme[]\" value=\"Visa diena (8 akad. val.)\" \/><span class=\"wpcf7-list-item-label\">Visa diena (8 akad. val.)<\/span><\/label><\/span><span class=\"wpcf7-list-item\"><label><input type=\"checkbox\" name=\"mokymu-trukme[]\" value=\"Keleto dien\u0173 mokymai\" \/><span class=\"wpcf7-list-item-label\">Keleto dien\u0173 mokymai<\/span><\/label><\/span><span class=\"wpcf7-list-item last\"><label><input type=\"checkbox\" name=\"mokymu-trukme[]\" value=\"Kita (\u012fra\u0161ykite)\" \/><span class=\"wpcf7-list-item-label\">Kita (\u012fra\u0161ykite)<\/span><\/label><\/span><\/span><\/span>\n<\/p>\n<hr \/>\n<p><label> Jei pasirinkote \"Kita\", \u012fra\u0161ykite:<br \/>\n<span class=\"wpcf7-form-control-wrap\" data-name=\"kita-trukme\"><input size=\"40\" maxlength=\"400\" class=\"wpcf7-form-control wpcf7-text\" aria-invalid=\"false\" value=\"\" type=\"text\" name=\"kita-trukme\" \/><\/span> <\/label>\n<\/p>\n<hr \/>\n<p><label> 5. Kiti komentarai, pasi\u016blymai ar temos:<br \/>\n<span class=\"wpcf7-form-control-wrap\" data-name=\"komentarai\"><textarea cols=\"40\" rows=\"10\" maxlength=\"2000\" class=\"wpcf7-form-control wpcf7-textarea\" aria-invalid=\"false\" name=\"komentarai\"><\/textarea><\/span> <\/label>\n<\/p>\n<hr \/>\n<p><label> 6. Ar sutinkate su Mykolo Romerio universiteto privatumo politika - <a href=\"https:\/\/www.mruni.eu\/privatumo-politika\" target=\"_blank\">https:\/\/www.mruni.eu\/privatumo-politika<\/a> <\/label>\n<\/p>\n<p><span class=\"wpcf7-form-control-wrap\" data-name=\"privatumas\"><span class=\"wpcf7-form-control wpcf7-acceptance\"><span class=\"wpcf7-list-item\"><label><input type=\"checkbox\" name=\"privatumas\" value=\"1\" aria-invalid=\"false\" \/><span class=\"wpcf7-list-item-label\">Sutinku<\/span><\/label><\/span><\/span><\/span>\n<\/p>\n<p><input class=\"wpcf7-form-control wpcf7-submit has-spinner\" type=\"submit\" value=\"Pateikti\" \/>\n<\/p><div class=\"wpcf7-response-output\" aria-hidden=\"true\"><\/div>\n<\/form>\n<\/div>\n\n","protected":false},"excerpt":{"rendered":"","protected":false},"author":1,"featured_media":0,"parent":0,"menu_order":0,"comment_status":"closed","ping_status":"closed","template":"","meta":{"footnotes":""},"class_list":["post-245","page","type-page","status-publish","hentry"],"_links":{"self":[{"href":"https:\/\/dev.mvg.mruni.eu\/index.php?rest_route=\/wp\/v2\/pages\/245","targetHints":{"allow":["GET"]}}],"collection":[{"href":"https:\/\/dev.mvg.mruni.eu\/index.php?rest_route=\/wp\/v2\/pages"}],"about":[{"href":"https:\/\/dev.mvg.mruni.eu\/index.php?rest_route=\/wp\/v2\/types\/page"}],"author":[{"embeddable":true,"href":"https:\/\/dev.mvg.mruni.eu\/index.php?rest_route=\/wp\/v2\/users\/1"}],"replies":[{"embeddable":true,"href":"https:\/\/dev.mvg.mruni.eu\/index.php?rest_route=%2Fwp%2Fv2%2Fcomments&post=245"}],"version-history":[{"count":2,"href":"https:\/\/dev.mvg.mruni.eu\/index.php?rest_route=\/wp\/v2\/pages\/245\/revisions"}],"predecessor-version":[{"id":249,"href":"https:\/\/dev.mvg.mruni.eu\/index.php?rest_route=\/wp\/v2\/pages\/245\/revisions\/249"}],"wp:attachment":[{"href":"https:\/\/dev.mvg.mruni.eu\/index.php?rest_route=%2Fwp%2Fv2%2Fmedia&parent=245"}],"curies":[{"name":"wp","href":"https:\/\/api.w.org\/{rel}","templated":true}]}}