{"id":200,"date":"2025-06-30T08:51:48","date_gmt":"2025-06-30T05:51:48","guid":{"rendered":"http:\/\/localhost\/mokymulab\/?page_id=200"},"modified":"2025-08-19T09:03:04","modified_gmt":"2025-08-19T06:03:04","slug":"taisykles","status":"publish","type":"page","link":"https:\/\/dev.mvg.mruni.eu\/?page_id=200","title":{"rendered":"Taisykl\u0117s ir s\u0105lygos"},"content":{"rendered":"\n<p><strong>MOKYM\u0172 PIRKIMO-PARDAVIMO MYKOLO ROMERIO UNIVERSITETO ELEKTRONIN\u0116JE PARDUOTUV\u0116JE \u201eWWW.MVG.MRUNI.EU\u201c TAISYKL\u0116S<\/strong><\/p>\n\n\n\n<p><strong>I. Bendrosios nuostatos<\/strong>&nbsp;<\/p>\n\n\n\n<p>1.1 \u0160ios Mokym\u0173 pirkimo\u2013pardavimo Mykolo Romerio universiteto elektronin\u0117je parduotuv\u0117je (toliau \u2013 el. parduotuv\u0117je) \u201e<a href=\"https:\/\/www.mvg.mruni.eu\">www.mvg.mruni.eu<\/a>\u201c taisykl\u0117s (toliau \u2013 Taisykl\u0117s) nustato Universiteto kaip mokym\u0173 organizatoriaus, mokym\u0173 dalyvio (dalyvi\u0173), mokym\u0173 u\u017esakovo (u\u017esakov\u0173) tarpusavio teisinius santykius Universitetui teikiant ir organizuojant mokym\u0173 paslaugas. Taisykl\u0117s privalomos su mokym\u0173 paslaug\u0173 teikimu ir organizavimu susijusioms \u0161alims (Taisykli\u0173 1.2 punktas).<\/p>\n\n\n\n<p>1.2 Taisykl\u0117se vartojamos s\u0105vokos:<br><br>1.2.1. Mokym\u0173 dalyvis (toliau \u2013 Dalyvis) \u2013 asmuo, siekiantis \u012fgyti, tobulinti ar atnaujinti tam tikras \u017einias, geb\u0117jimus ir kompetencijas bei dalyvaujantis Universiteto organizuojamuose mokymuose.<\/p>\n\n\n\n<p>1.2.2. Mokym\u0173 organizatorius (toliau \u2013 Organizatorius) \u2013 Universitetas. U\u017e mokym\u0173 organizavim\u0105 Universitete yra atsakingas Mokymosi vis\u0105 gyvenim\u0105 centro strukt\u016brinis padalinys ir jo darbuotojai.<\/p>\n\n\n\n<p>1.2.3. Mokym\u0173 u\u017esakovas (toliau \u2013 U\u017esakovas) \u2013 mokymus grupei Universitete u\u017esak\u0119s juridinis asmuo.<\/p>\n\n\n\n<p>1.2.4. Mokym\u0173 vadybininkas (toliau \u2013 Vadybininkas) \u2013 u\u017e mokym\u0173 organizavim\u0105 atsakingas Universiteto darbuotojas.<\/p>\n\n\n\n<p>1.3. Mokymai vyksta pagal el. parduotuv\u0117je <a href=\"http:\/\/www.mvg.mruni.eu\/\">www.mvg.mruni.eu<\/a> pateikt\u0105 mokym\u0173 kalendori\u0173. Mokymai U\u017esakovo darbuotoj\u0173 grup\u0117ms vyksta pagal su U\u017esakovu suderint\u0105 individual\u0173 tvarkara\u0161t\u012f.<\/p>\n\n\n\n<p>1.4. Mokymai gali b\u016bti organizuojami \u0161iose mokym\u0173 organizavimui pritaikytose Organizatoriaus patalpose: Mykolo Romerio universiteto Mokslo ir inovacij\u0173 centre (Didlaukio g. 55, Vilnius), Universiteto centriniuose r\u016bmuose (Ateities g. 20, Vilnius), Vie\u0161ojo saugumo akademijoje (Maironio g. 27, Kaunas), S\u016bduvos akademijoje Marijampol\u0117je arba nuotoliniu b\u016bdu taikant Zoom, MS Teams taikom\u0105sias programas, jei taip nurodoma mokym\u0173 skelbime. Konkreti mokym\u0173 vieta arba b\u016bdas nurodomi mokym\u0173 skelbime arba mokym\u0173 programoje.<\/p>\n\n\n\n<p>1.5. Mokymai gali b\u016bti organizuojami ir ne Organizatoriaus patalpose. Jeigu mokymai darbuotoj\u0173 grup\u0117ms vyksta U\u017esakovo patalpose, u\u017e patalp\u0173 ir \u012frangos pritaikym\u0105 mokymams yra atsakingas U\u017esakovas.<\/p>\n\n\n\n<p>1.6. Mokymus veda kvalifikuoti, savo srities (specialyb\u0117s) specialistai \u2013 lektoriai.<\/p>\n\n\n\n<p><strong>II. Mokym\u0173 tipai, kainos, akcijos<\/strong><\/p>\n\n\n\n<p>2.1. Organizatorius, atsi\u017evelgiant \u012f registracijos galimyb\u0119, organizuoja dviej\u0173 tip\u0173 mokymus: pavieniams asmenims ir mokymus U\u017esakovo darbuotoj\u0173 grup\u0117ms.<\/p>\n\n\n\n<p>2.2. Aktualus mokym\u0173 tvarkara\u0161tis su mokym\u0173 kainomis ir kitomis j\u0173 s\u0105lygomis bei galimybe registruotis pavieniams asmenims yra skelbiamas el. parduotuv\u0117je <a href=\"http:\/\/www.mvg.mruni.eu\/\">www.mvg.mruni.eu<\/a><\/p>\n\n\n\n<p>2.3. Pavieniams asmenims si\u016blom\u0173 mokym\u0173 kainos skelbimuose nurodomos pateikiant kain\u0105 vienam asmeniui su PVM. Vadovaujantis Lietuvos Respublikos Prid\u0117tin\u0117s vert\u0117s \u012fstatymo 22 str. 1 punktu PVM tarifas mokymams n\u0117ra taikomas. Konkre\u010dius pasi\u016blymus d\u0117l mokym\u0173 ir j\u0173 kain\u0173 darbuotoj\u0173 grup\u0117ms, U\u017esakovui pateikus u\u017eklaus\u0105, pateikia Vadybininkas.<\/p>\n\n\n\n<p>2.4. \u012e skelbiam\u0105 mokym\u0173 kain\u0105 \u012fskai\u010diuota: lektoriaus paslaugos, mokym\u0173 med\u017eiagos el. formatu pateikimas (jei mokym\u0173 skelbime nurodoma, kad ji bus pateikiama), pa\u017eym\u0117jimo i\u0161davimas. Jei skelbime nenurodyta kitaip, maitinimo paslaugos (kavos pertraukos ir piet\u016bs) \u012f mokym\u0173 kain\u0105 n\u0117ra \u012fskai\u010diuotos. Atvykimu iki mokym\u0173 vietos ir nakvyne, jeigu ji reikalinga, r\u016bpinasi Dalyvis.<\/p>\n\n\n\n<p>2.6. Organizatorius savo nuo\u017ei\u016bra gali inicijuoti \u012fvairias akcijas, nuolaidas mokymams. Organizatorius turi teis\u0119 viena\u0161ali\u0161kai, be atskiro \u012fsp\u0117jimo, pakeisti akcij\u0173 s\u0105lygas, taip pat jas panaikinti. Bet koks akcij\u0173 s\u0105lyg\u0173 ir tvarkos pakeitimas ar panaikinimas \u012fsigalioja nuo paskelbimo apie pakeitimus momento ir atgal netaikomas.<\/p>\n\n\n\n<p><strong>III. Registracija \u012f mokymus<\/strong><\/p>\n\n\n\n<p>3.1. Registracija \u012f mokymus vykdoma vienu i\u0161 \u0161i\u0173 b\u016bd\u0173:<\/p>\n\n\n\n<p><a><\/a> 3.1.1. u\u017epildant registracijos form\u0105 el. parduotuv\u0117je <a href=\"http:\/\/www.mvg.mruni.eu\/\">www.mvg.mruni.eu<\/a>;<\/p>\n\n\n\n<p>3.1.2. susisiekus su Vadybininku. \u0160is b\u016bdas rekomenduojamas, jeigu registruojama didesn\u0117 Dalyvi\u0173 grup\u0117, u\u017esakomi mokymai darbuotoj\u0173 grup\u0117ms, jeigu susiduriama su technin\u0117ms kli\u016btims arba esant kitoms nepamin\u0117toms aplinkyb\u0117ms.<\/p>\n\n\n\n<p>3.2. Mokymuose norintis dalyvauti asmuo privalo u\u017esiregistruoti, pateikdamas tikslius duomenis apie save (vard\u0105, pavard\u0119, el. pa\u0161to adres\u0105, telefono numer\u012f) arba kitus registruojamus \u012f mokymus asmenis bei patvirtindamas savo susipa\u017einim\u0105 bei sutikim\u0105 su \u0161iomis Taisykl\u0117mis ir Universitete galiojan\u010dia privatumo politika.<\/p>\n\n\n\n<p>3.3. Dalyvauti mokymuose u\u017esiregistrav\u0119s (Taisykli\u0173 3.1 punktas) bei apmok\u0117jim\u0105 u\u017e dalyvavim\u0105 mokymuose atlik\u0119s asmuo laikomas Dalyviu.<\/p>\n\n\n\n<p>3.4. Jeigu asmuo su\u017eino apie mokymus pasibaigus paskelbtai registracijos datai ir nori prisijungti prie grup\u0117s, d\u0117l dalyvavimo konkre\u010diuose mokymuose ir apmok\u0117jimo s\u0105lyg\u0173 b\u016btina susisiekti su Vadybininku el. parduotuv\u0117je <a href=\"http:\/\/www.mvg.mruni.eu\/\">www.mvg.mruni.eu<\/a> nurodytais kontaktais.<\/p>\n\n\n\n<p>3.5. Apie tai, kad asmuo yra u\u017esiregistrav\u0119s dalyvauti mokymuose, Vadybininkas turi teis\u0119 Dalyviams priminti j\u0173 nurodytais el. pa\u0161to adresais ir (ar) telefono numeriais.<\/p>\n\n\n\n<p>3.6. Klausimus Dalyviai gali pateikti el. pa\u0161to adresu <a href=\"mailto:mokymai@mruni.eu\">mokymai@mruni.eu<\/a> arba kitais interneto puslapyje <a href=\"http:\/\/www.mvg.mruni.eu\/\">www.mvg.mruni.eu<\/a> nurodytais kontaktais.<\/p>\n\n\n\n<p>3.7. Atsi\u017evelgiant \u012f tai, kad dalyvaujan\u010di\u0173j\u0173 mokymuose skai\u010dius yra ribotas, nesant galimyb\u0117s dalyvauti konkre\u010diuose mokymuose, Vadybininkas stengiasi pasi\u016blyti interesantams kit\u0105 mokym\u0173 dat\u0105, siekdamas kad visi norintys gal\u0117t\u0173 dalyvauti pageidaujamuose mokymuose.<\/p>\n\n\n\n<p><strong>IV. Apmok\u0117jimo s\u0105lygos, dalyvavimo patvirtinimas, nuolaidos<\/strong><\/p>\n\n\n\n<p>4.1. Mokymus el. parduotuv\u0117je <a href=\"http:\/\/www.mvg.mruni.eu\/\">www.mvg.mruni.eu<\/a> galima \u012fsigyti dviem b\u016bdais:<\/p>\n\n\n\n<p>4.1.1. pasirenkant krep\u0161elio apmok\u0117jim\u0105 per <em>el. bankininkyst\u0119<\/em> (kai apmokama asmeni\u0161kai);<\/p>\n\n\n\n<p>4.1.2. pasirenkant apmok\u0117jim\u0105 <em>bankiniu pavedimu<\/em> (pvz. kai mokymus apmoka darbdavys, \u012fstaiga ar pan. ir Dalyviui reikia pateikti i\u0161ankstin\u0119 PVM s\u0105skait\u0105-fakt\u016br\u0105).<\/p>\n\n\n\n<p><a><\/a> 4.2. El. parduotuv\u0117je <a href=\"http:\/\/www.mvg.mruni.eu\/\">www.mvg.mruni.eu<\/a> \u012fdiegta <em>Paysera<\/em> \u012fmok\u0173 surinkimo sistema. Visi asmenys, atlik\u0119 apmok\u0117jim\u0105 per pasirinkt\u0105 bank\u0105, j\u0173 nurodytu el. pa\u0161to adresu gauna mok\u0117jimo patvirtinim\u0105. Pagal registracijos metu nurodytus duomenis yra automati\u0161kai sugeneruojama ir nurodytu el. pa\u0161tu i\u0161siun\u010diama i\u0161ankstin\u0117 PVM s\u0105skaita-fakt\u016bra. Vadovaujantis Lietuvos Respublikos Prid\u0117tin\u0117s vert\u0117s \u012fstatymo 22 str. 1 punktu PVM tarifas mokymams n\u0117ra taikomas.<\/p>\n\n\n\n<p>4.3. Pasirinkus atsiskaitym\u0105 <em>bankiniu pavedimu<\/em> pagal registracijos formoje nurodytus rekvizitus automati\u0161kai sugeneruojama <em>i\u0161ankstin\u0117 s\u0105skaita-fakt\u016bra<\/em> (i\u0161siun\u010diama el. pa\u0161tu). S\u0105skait\u0105 privaloma apmok\u0117ti per s\u0105skaitoje nurodyt\u0105 laik\u0105. Jeigu iki registracijos \u012f mokymus pabaigos yra likusios ma\u017eiau nei 5 darbo dienos, s\u0105skait\u0105 reikia apmok\u0117ti ne v\u0117liau nei paskutin\u0119 registracijos \u012f mokymus dien\u0105 (\u0161i data yra nurodama mokym\u0173 skelbime) arba kiek \u012fmanoma grei\u010diau. Pagal \u012fprast\u0105 tvark\u0105 prasid\u0117jus mokymams vietoje apmok\u0117tos i\u0161ankstin\u0117s s\u0105skaitos Organizatorius Dalyviui \u012f jo nurodyt\u0105 el. pa\u0161to adres\u0105 atsiun\u010dia sugeneruot\u0105 <em>PVM s\u0105skait\u0105-fakt\u016br\u0105. <\/em>Dalyviui papra\u0161ius<em>i\u0161imties tvarka PVM s\u0105skaita-fakt\u016bra gali b\u016bti i\u0161siun\u010diama ir i\u0161kart po jos apmok\u0117jimo arba <\/em>pasibaigus ilgesn\u0117s trukm\u0117s mokym\u0173 programai. Jei reikia PVM s\u0105skaitos fakt\u016bros pateikiamos ir per SABIS sistem\u0105.<\/p>\n\n\n\n<p>4.4. U\u017e mokymus sumok\u0117j\u0119s Dalyvis u\u017esitikrina viet\u0105 mokymuose. Laiku neapmok\u0117jus pateiktos s\u0105skaitos, Organizatorius pasilieka teis\u0119 \u012f pretendento viet\u0105 priimti kit\u0105 asmen\u012f.<\/p>\n\n\n\n<p>4.5. Mokymai \u012fvyksta susirinkus numatytai minimaliai dalyvi\u0173 grupei (ji neb\u016btinai sutampa su paskelbtu viet\u0173 skai\u010diumi). Patvirtinim\u0105 ir priminim\u0105, kad mokymai tikrai \u012fvyks, Dalyviai i\u0161 mokymus kuruojan\u010dio Vadybininko gauna el. pa\u0161tu kai tik paai\u0161k\u0117ja, kad susirinko minimali dalyvi\u0173 grup\u0117 ir mokymai tikrai \u012fvyks arba ne v\u0117liau nei kit\u0105 dien\u0105 po registracijos \u012f mokymus pabaigos.<\/p>\n\n\n\n<p>4.6. Jeigu mokym\u0173 reklamoje skelbiama, kad jiems taikoma nuolaida, asmuo \u012fsigydamas mokymus atitinkamame registracijos formos laukelyje privalo \u012fvesti vie\u0161ai skelbiam\u0105 nuolaidos kod\u0105.<\/p>\n\n\n\n<p><strong>V. Pinig\u0173 gr\u0105\u017einimo s\u0105lygos<\/strong><\/p>\n\n\n\n<p>5.1. Paai\u0161k\u0117jus, kad \u012f planuotus mokymus nesusirinko minimali dalyvi\u0173 grup\u0117, ir Vadybininkui nusprendus mokymus at\u0161aukti, \u012f mokymus u\u017esiregistrav\u0119 ir u\u017e juos sumok\u0117j\u0119 Dalyviai nedelsiant apie tai informuojami j\u0173 nurodytais el. pa\u0161to adresais arba telefonais ir jiems pasi\u016blomos kitos mokym\u0173 datos arba gr\u0105\u017einama visa u\u017e mokymus sumok\u0117ta pinig\u0173 suma. Pinig\u0173 gr\u0105\u017einimo form\u0105 u\u017epildo Vadybininkas. Organizatorius \u012fsipareigoja u\u017e mokymus sumok\u0117t\u0105 vis\u0105 sum\u0105 gr\u0105\u017einti per 14 kalendorini\u0173 dien\u0173.<\/p>\n\n\n\n<p><a><\/a> 5.2. Dalyvis, suprat\u0119s, kad nebegali atvykti \u012f mokymus, u\u017e kuriuos yra sumok\u0117j\u0119s, gali at\u0161aukti savo registracij\u0105, informuodamas mokym\u0173 Vadybinink\u0105 ra\u0161tu (nurodytu asmeniniu Vadybininko el. pa\u0161tu arba el. pa\u0161tu \u2013 <a href=\"mailto:mokymai@mruni.eu\">mokymai@mruni.eu<\/a>) ne v\u0117liau kaip prie\u0161 10 kalendorini\u0173 dien\u0173 iki mokym\u0173 prad\u017eios. Organizatorius \u012fsipareigoja u\u017e mokymus sumok\u0117t\u0105 vis\u0105 sum\u0105 gr\u0105\u017einti per 14 kalendorini\u0173 dien\u0173. Dalyvis neprivalo pateikti savo sprendimo prie\u017easties. Pinig\u0173 gr\u0105\u017einimo form\u0105, remdamasis Dalyvio pra\u0161ymu, u\u017epildo mokym\u0173 Vadybininkas.<\/p>\n\n\n\n<p>5.3. Prane\u0161us apie nedalyvavim\u0105 likus ma\u017eiau nei 10, bet daugiau nei 7 kalendorin\u0117ms dienoms iki mokym\u0173 prad\u017eios \u2013 gr\u0105\u017einama 50% sumok\u0117tos sumos.<\/p>\n\n\n\n<p>5.4. Apie nedalyvavim\u0105 \u012fsp\u0117jus likus ma\u017eiau nei 7 kalendorin\u0117ms dienoms iki mokym\u0173, u\u017e mokymus sumok\u0117ti pinigai negr\u0105\u017einami. Jeigu mokymai bus organizuojami v\u0117liau, arba yra organizuojami periodi\u0161kai &#8211; ciklais, tokiam Dalyviui pasi\u016bloma rinktis kitas mokym\u0173 datas.<br><br>5.5. Jeigu mokymai yra transliuojami internetu per Zoom, MS Teams ar kitas nuotolinio mokymo programas ir dalyvis d\u0117l savo \u012frangos technini\u0173 galimybi\u0173, nesupratimo kaip prisijungti per atsi\u0173st\u0105 nuorod\u0105, asmeninio interneto silpnumo ar trukd\u017ei\u0173 neprisijungia, prisijungia pav\u0117lav\u0119s, negirdi ar nemato mokym\u0173 transliacijos&nbsp; &#8211; pinigai u\u017e mokymus negr\u0105\u017einami.<br><br>5.7. Jeigu nuotoliniai mokymai negali \u012fvykti, nutr\u016bksta j\u0173 transliacija d\u0117l su Organizatoriumi susijusi\u0173 technini\u0173 aplinkybi\u0173 (elektros tiekimo nutr\u016bkimo, interneto trikd\u017ei\u0173, technin\u0117s \u012frangos gedimo, mokymo taikomosios programos nesklandum\u0173) &#8211; su Dalyviais nedelsiant susisiekiama, informuojama apie problemos sprendimo variantus. Mokymai i\u0161sprendus problemas t\u0119siami. Jeigu mokymus tenka perkelti \u012f kit\u0105 mokym\u0173 dat\u0105 ir dalyvis negali sudalyvauti, pinigai gr\u0105\u017einami.<\/p>\n\n\n\n<p><strong>VI. Mokym\u0173 programos ir datos keitimas<\/strong>&nbsp;<\/p>\n\n\n\n<p>6.1. Organizatorius turi teis\u0119 daryti minimalius mokym\u0173 programos ir (ar) darbotvark\u0117s pakeitimus.<\/p>\n\n\n\n<p>6.2. Tais atvejais, kai lektorius d\u0117l nenumatyt\u0173 svarbi\u0173 prie\u017eas\u010di\u0173 (pvz. ligos) negali vesti mokym\u0173 nurodyt\u0105 mokym\u0173 dat\u0105, nesusirinkus reikiamai minimaliai Dalyvi\u0173 grupei ar esant kitoms objektyvioms prie\u017eastims, Organizatorius pasilieka teis\u0119 keisti mokym\u0173 dat\u0105, i\u0161 anksto apie tai informuodamas Dalyvius el. pa\u0161tu.<\/p>\n\n\n\n<p>6.3. Organizatorius taip pat pasilieka teis\u0119 skubiai at\u0161aukti arba perkelti mokym\u0173 dat\u0105 d\u0117l prie\u017eas\u010di\u0173, nepriklausan\u010di\u0173 nuo Organizatoriaus. Kai mokymai yra skubiai at\u0161aukiami, Organizatorius Dalyviams gr\u0105\u017eina vis\u0105 u\u017e mokymus sumok\u0117t\u0105 sum\u0105.<\/p>\n\n\n\n<p>6.4. Dalyvis, nesutinkantis su mokym\u0173 datos pakeitimais, turi teis\u0119 at\u0161aukti savo registracij\u0105 \u012f mokymus ir pra\u0161yti Organizatoriaus gr\u0105\u017einti u\u017e mokymus sumok\u0117t\u0105 sum\u0105. Tokiu atveju reikia kreiptis \u012f Vadybinink\u0105.<\/p>\n\n\n\n<p>6.5. Apie visus pakeitimus Vadybininkas informuoja Dalyvius j\u0173 nurodytais el. pa\u0161t\u0173 adresais, skubiu atveju \u2013 ir telefonu.&nbsp;<\/p>\n\n\n\n<p><strong>VII. Pa\u017eym\u0117jim\u0173 i\u0161davimas, anketavimas, mokomoji med\u017eiaga<\/strong><\/p>\n\n\n\n<p>7.1. Visiems Dalyviams, dalyvavusiems mokymuose, i\u0161duodami Universiteto patvirtinti pa\u017eym\u0117jimai, atitinkantys i\u0161klausyt\u0173 valand\u0173 skai\u010di\u0173. Pa\u017eym\u0117jimai i\u0161duodami&nbsp; i\u0161 karto po mokym\u0173 arba ne v\u0117liau nei per 5 darbo dienas i\u0161siun\u010diami Dalyvio el. pa\u0161tu&nbsp; arba U\u017esakovo nurodytu el. pa\u0161tu arba (ir) buvein\u0117s adresu.<\/p>\n\n\n\n<p>7.2. Organizatorius nei\u0161duoda mokym\u0173 pa\u017eym\u0117jimo, jeigu Dalyvis sumok\u0117jo u\u017e mokymus, ta\u010diau \u012f juos neatvyko.<\/p>\n\n\n\n<p>7.3. Po mokym\u0173 Dalyvi\u0173 pra\u0161oma u\u017epildyti anonimin\u0119 mokym\u0173 kokyb\u0117s vertinimo anket\u0105.<\/p>\n\n\n\n<p>7.4. Mokym\u0173 metu Dalyviams perduota (atspausdinta arba el. pa\u0161tu i\u0161si\u0173sta) mokym\u0173 med\u017eiaga yra saugoma autori\u0173 teisi\u0173. Jos kopijavimas ir platinimas yra draud\u017eiamas.<\/p>\n\n\n\n<p><strong>VIII. Asmens duomen\u0173 apsauga ir tvarkymas<\/strong><\/p>\n\n\n\n<p>8.1. Tvarkydamas asmens duomenis Organizatorius vadovaujasi teis\u0117s aktais, reglamentuojan\u010diais asmens duomen\u0173 apsaug\u0105.<\/p>\n\n\n\n<p>8.2. Organizatorius u\u017etikrina, kad asmens duomenys b\u016bt\u0173 kaupiami, saugomi ir tvarkomi laikantis asmens duomen\u0173 apsaugos princip\u0173.<\/p>\n","protected":false},"excerpt":{"rendered":"<p>MOKYM\u0172 PIRKIMO-PARDAVIMO MYKOLO ROMERIO UNIVERSITETO ELEKTRONIN\u0116JE PARDUOTUV\u0116JE \u201eWWW.MVG.MRUNI.EU\u201c TAISYKL\u0116S I. Bendrosios nuostatos&nbsp; 1.1 \u0160ios Mokym\u0173 pirkimo\u2013pardavimo Mykolo Romerio universiteto elektronin\u0117je parduotuv\u0117je (toliau \u2013 el. parduotuv\u0117je) \u201ewww.mvg.mruni.eu\u201c taisykl\u0117s (toliau \u2013 Taisykl\u0117s) nustato Universiteto kaip mokym\u0173 organizatoriaus, mokym\u0173 dalyvio (dalyvi\u0173), mokym\u0173 u\u017esakovo (u\u017esakov\u0173) tarpusavio teisinius santykius Universitetui teikiant ir organizuojant mokym\u0173 paslaugas. Taisykl\u0117s privalomos su mokym\u0173 paslaug\u0173 [&hellip;]<\/p>\n","protected":false},"author":1,"featured_media":0,"parent":0,"menu_order":0,"comment_status":"closed","ping_status":"closed","template":"","meta":{"footnotes":""},"class_list":["post-200","page","type-page","status-publish","hentry"],"_links":{"self":[{"href":"https:\/\/dev.mvg.mruni.eu\/index.php?rest_route=\/wp\/v2\/pages\/200","targetHints":{"allow":["GET"]}}],"collection":[{"href":"https:\/\/dev.mvg.mruni.eu\/index.php?rest_route=\/wp\/v2\/pages"}],"about":[{"href":"https:\/\/dev.mvg.mruni.eu\/index.php?rest_route=\/wp\/v2\/types\/page"}],"author":[{"embeddable":true,"href":"https:\/\/dev.mvg.mruni.eu\/index.php?rest_route=\/wp\/v2\/users\/1"}],"replies":[{"embeddable":true,"href":"https:\/\/dev.mvg.mruni.eu\/index.php?rest_route=%2Fwp%2Fv2%2Fcomments&post=200"}],"version-history":[{"count":3,"href":"https:\/\/dev.mvg.mruni.eu\/index.php?rest_route=\/wp\/v2\/pages\/200\/revisions"}],"predecessor-version":[{"id":388,"href":"https:\/\/dev.mvg.mruni.eu\/index.php?rest_route=\/wp\/v2\/pages\/200\/revisions\/388"}],"wp:attachment":[{"href":"https:\/\/dev.mvg.mruni.eu\/index.php?rest_route=%2Fwp%2Fv2%2Fmedia&parent=200"}],"curies":[{"name":"wp","href":"https:\/\/api.w.org\/{rel}","templated":true}]}}